{"id":6448,"date":"2015-12-07T11:42:42","date_gmt":"2015-12-07T10:42:42","guid":{"rendered":"http:\/\/www.andreclaude.fr\/web\/index.php\/produit\/1-corbeille-de-fruits-secs\/"},"modified":"2024-12-30T10:13:03","modified_gmt":"2024-12-30T09:13:03","slug":"1-corbeille-de-fruits-secs","status":"publish","type":"product","link":"http:\/\/www.passionfruits.fr\/index.php\/produit\/1-corbeille-de-fruits-secs\/","title":{"rendered":"Corbeille de fruits secs le panier"},"content":{"rendered":"","protected":false},"excerpt":{"rendered":"<p>Composition de fruits secs extras panier de un kilo Pruneaux de France, abricots et figues de Turquie et dattes d&#8217;Alg\u00e9rie , pour le plaisir des papilles.<\/p>\n","protected":false},"featured_media":13195,"comment_status":"closed","ping_status":"closed","template":"","meta":{"spay_email":"","jetpack_publicize_message":"","jetpack_is_tweetstorm":false},"jetpack_publicize_connections":[],"jetpack_sharing_enabled":true,"jetpack-related-posts":[{"id":5356,"url":"http:\/\/www.passionfruits.fr\/index.php\/produit\/raisin-sec-blond-barq-250-g\/","url_meta":{"origin":6448,"position":0},"title":"Raisin sec blond Afrique du sud Cat 1 la barquette 300 g environ","date":"7 d\u00e9cembre 2015","format":false,"excerpt":"Fruit\u00e9 et dor\u00e9 \u00e0 souhait, le raisin blond sec met du caract\u00e8re aussi bien dans les recettes sucr\u00e9es que sal\u00e9es. Conditionn\u00e9 en barquette refermable \u00e0 volont\u00e9 pour garder toute sa saveur. Ingr\u00e9dients : agent enrobage,huile non hydrog\u00e9n\u00e9e de tournesol,conservateur anhydride sulfureux. Valeurs \u00e9nerg\u00e9tiques et nutritionnelles moyennes pour 100g : Energie\u2026","rel":"","context":"Article similaire","img":{"alt_text":"","src":"https:\/\/i2.wp.com\/www.passionfruits.fr\/wp-content\/uploads\/2015\/12\/raisin-blon-du-chili.jpg?fit=600%2C600&resize=350%2C200","width":350,"height":200},"classes":[]},{"id":5358,"url":"http:\/\/www.passionfruits.fr\/index.php\/produit\/raisin-sec-flame-barq-250-g\/","url_meta":{"origin":6448,"position":1},"title":"Raisin sec Afrique du sud Cat 1 Flame la barquette 300 g environ","date":"7 d\u00e9cembre 2015","format":false,"excerpt":"Les raisins secs sont des raisins s\u00e9ch\u00e9s. Ils peuvent \u00eatre consomm\u00e9s crus tels quels ou \u00eatre utilis\u00e9s cuits dans certaines recettes. Conditionn\u00e9 en barquette refermable \u00e0 volont\u00e9 pour garder toute sa saveur. Ingr\u00e9dients : raisin Sultanine, huile de tournesol Traces possibles d'arachides et de fruits \u00e0 coque. Valeurs \u00e9nerg\u00e9tiques et\u2026","rel":"","context":"Article similaire","img":{"alt_text":"","src":"https:\/\/i2.wp.com\/www.passionfruits.fr\/wp-content\/uploads\/2015\/12\/raisin_sec.jpg?fit=400%2C400&resize=350%2C200","width":350,"height":200},"classes":[]},{"id":5347,"url":"http:\/\/www.passionfruits.fr\/index.php\/produit\/abricot-sec-les-250-grs\/","url_meta":{"origin":6448,"position":2},"title":"Abricot moelleux Turquie Cat 1 les 250g","date":"7 d\u00e9cembre 2015","format":false,"excerpt":"Ingr\u00e9dients : abricots secs de Turquie, eau, antioxydant : anhydride sulfureux, conservateur sorbate de potassium Valeurs \u00e9nerg\u00e9tiques et nutritionnelles moyennes pour 100 g: Energie 818kj\/193kcal Graisses 0.3g dont acides gras satur\u00e9s 0.1g Glucides 42g dont sucres 32g Fibres alimentaires : 4.5g Prot\u00e9ines 2g Sel 0.07g","rel":"","context":"Article similaire","img":{"alt_text":"","src":"https:\/\/i1.wp.com\/www.passionfruits.fr\/wp-content\/uploads\/2015\/12\/abricotsec.jpg?fit=346%2C346&resize=350%2C200","width":350,"height":200},"classes":[]},{"id":8366,"url":"http:\/\/www.passionfruits.fr\/index.php\/produit\/melange-exotique-barquette-200g-environ\/","url_meta":{"origin":6448,"position":3},"title":"M\u00e9lange exotique barquette 250g environ","date":"8 mars 2016","format":false,"excerpt":"M\u00e9lange de\u00a0 fruits secs et de fruits d\u00e9shydrat\u00e9s\u00a0: Conditionn\u00e9 en barquette refermable \u00e0 volont\u00e9 pour garder toute sa saveur. Ingr\u00e9dients :Ingr\u00e9dients : raisin sec golden (raisin, huile de tournesol, conservateur : anhydride sulfureux), papaye d\u00e9shydrat\u00e9e en cubes (papaye, sucre, conservateur : anhydride sulfureux), ananas d\u00e9shydrat\u00e9 en cubes (ananas, sucre, acidifiant\u2026","rel":"","context":"Article similaire","img":{"alt_text":"","src":"https:\/\/i2.wp.com\/www.passionfruits.fr\/wp-content\/uploads\/2016\/03\/Melange-Exotique.jpg?fit=601%2C600&resize=350%2C200","width":350,"height":200},"classes":[]},{"id":5340,"url":"http:\/\/www.passionfruits.fr\/index.php\/produit\/pruneau-denoyaute-les-500grs\/","url_meta":{"origin":6448,"position":4},"title":"Pruneau d\u00e9noyaut\u00e9 France Cat 1 le sachet de 500g","date":"7 d\u00e9cembre 2015","format":false,"excerpt":"","rel":"","context":"Article similaire","img":{"alt_text":"","src":"https:\/\/i0.wp.com\/www.passionfruits.fr\/wp-content\/uploads\/2015\/12\/pruneau-sachet.jpg?fit=600%2C600&resize=350%2C200","width":350,"height":200},"classes":[]},{"id":5342,"url":"http:\/\/www.passionfruits.fr\/index.php\/produit\/pruneau-vrac-noyau-les-500-grs\/","url_meta":{"origin":6448,"position":5},"title":"Pruneau France Cat 1 avec noyau les 500g","date":"7 d\u00e9cembre 2015","format":false,"excerpt":"Ingr\u00e9dients : Pruneaux avec noyau Traces \u00e9ventuelles de Sulfite","rel":"","context":"Article similaire","img":{"alt_text":"","src":"https:\/\/i1.wp.com\/www.passionfruits.fr\/wp-content\/uploads\/2015\/12\/pruneau.jpg?fit=395%2C304&resize=350%2C200","width":350,"height":200},"classes":[]}],"_links":{"self":[{"href":"http:\/\/www.passionfruits.fr\/index.php\/wp-json\/wp\/v2\/product\/6448"}],"collection":[{"href":"http:\/\/www.passionfruits.fr\/index.php\/wp-json\/wp\/v2\/product"}],"about":[{"href":"http:\/\/www.passionfruits.fr\/index.php\/wp-json\/wp\/v2\/types\/product"}],"replies":[{"embeddable":true,"href":"http:\/\/www.passionfruits.fr\/index.php\/wp-json\/wp\/v2\/comments?post=6448"}],"wp:featuredmedia":[{"embeddable":true,"href":"http:\/\/www.passionfruits.fr\/index.php\/wp-json\/wp\/v2\/media\/13195"}],"wp:attachment":[{"href":"http:\/\/www.passionfruits.fr\/index.php\/wp-json\/wp\/v2\/media?parent=6448"}],"curies":[{"name":"wp","href":"https:\/\/api.w.org\/{rel}","templated":true}]}}