{"id":6452,"date":"2015-12-07T11:42:50","date_gmt":"2015-12-07T10:42:50","guid":{"rendered":"http:\/\/www.andreclaude.fr\/web\/index.php\/produit\/citronelle-baton-100g\/"},"modified":"2018-06-12T14:41:51","modified_gmt":"2018-06-12T13:41:51","slug":"citronelle-baton-100g","status":"publish","type":"product","link":"http:\/\/www.passionfruits.fr\/index.php\/produit\/citronelle-baton-100g\/","title":{"rendered":"Citronelle Baton Maroc Cat 1 100g"},"content":{"rendered":"","protected":false},"excerpt":{"rendered":"","protected":false},"featured_media":6453,"comment_status":"closed","ping_status":"closed","template":"","meta":{"spay_email":"","jetpack_publicize_message":"","jetpack_is_tweetstorm":false},"jetpack_publicize_connections":[],"jetpack_sharing_enabled":true,"jetpack-related-posts":[{"id":4996,"url":"http:\/\/www.passionfruits.fr\/index.php\/produit\/framboise-barq-125-grs\/","url_meta":{"origin":6452,"position":0},"title":"Framboise  Cat 1 Maroc la barquette de 125 grs","date":"7 d\u00e9cembre 2015","format":false,"excerpt":"","rel":"","context":"Article similaire","img":{"alt_text":"","src":"https:\/\/i2.wp.com\/www.passionfruits.fr\/wp-content\/uploads\/2015\/12\/framboise.jpg?fit=392%2C306&resize=350%2C200","width":350,"height":200},"classes":[]},{"id":5196,"url":"http:\/\/www.passionfruits.fr\/index.php\/produit\/fruit-de-la-passion-les-100grs\/","url_meta":{"origin":6452,"position":1},"title":"Fruit de la passion Vietnam Cat 1 les 100g","date":"7 d\u00e9cembre 2015","format":false,"excerpt":"Origine Zimbabou\u00e9","rel":"","context":"Article similaire","img":{"alt_text":"","src":"https:\/\/i0.wp.com\/www.passionfruits.fr\/wp-content\/uploads\/2015\/12\/Fotolia_37968786_XS.jpg?fit=312%2C384&resize=350%2C200","width":350,"height":200},"classes":[]},{"id":4982,"url":"http:\/\/www.passionfruits.fr\/index.php\/produit\/celeris-branche-les-500-grs\/","url_meta":{"origin":6452,"position":2},"title":"C\u00e9leris branche Italie Cat 1 la branche env. 100g","date":"7 d\u00e9cembre 2015","format":false,"excerpt":"Origine France","rel":"","context":"Article similaire","img":{"alt_text":"","src":"https:\/\/i0.wp.com\/www.passionfruits.fr\/wp-content\/uploads\/2015\/12\/celeris.jpg?fit=500%2C317&resize=350%2C200","width":350,"height":200},"classes":[]},{"id":4917,"url":"http:\/\/www.passionfruits.fr\/index.php\/produit\/citron-vert-la-piece\/","url_meta":{"origin":6452,"position":3},"title":"Citron vert Bresil Cat 1 la pi\u00e8ce env 100g soit 4,95 \u20ac le kilo","date":"7 d\u00e9cembre 2015","format":false,"excerpt":"Conservation: A temp\u00e9rature ambiante pendant une semaine, attention je risque de s\u00e9cher. Au r\u00e9frig\u00e9rateur vous pourrez me conserver 3 semaines, sans risque de d\u00e9shydratation ainsi je garde tous mon jus et mes vitamines !!!","rel":"","context":"Article similaire","img":{"alt_text":"","src":"https:\/\/i1.wp.com\/www.passionfruits.fr\/wp-content\/uploads\/2015\/12\/Fotolia_44611423_XS.jpg?fit=346%2C346&resize=350%2C200","width":350,"height":200},"classes":[]},{"id":10904,"url":"http:\/\/www.passionfruits.fr\/index.php\/produit\/quinoa-eure-et-loir-barq-env-300g\/","url_meta":{"origin":6452,"position":4},"title":"Quinoa Eure et Loir France Cat 1 le sachet 500grs","date":"2 ao\u00fbt 2017","format":false,"excerpt":"Le Quinoa est sans gluten Valeurs nutritionnelles moyennes pour 100g Energie : 399kcal Matieres grasses:6.3g Glucides: 69g Proteines:16.5g","rel":"","context":"Article similaire","img":{"alt_text":"","src":"https:\/\/i1.wp.com\/www.passionfruits.fr\/wp-content\/uploads\/2017\/08\/Quinoa.jpg?fit=600%2C600&resize=350%2C200","width":350,"height":200},"classes":[]},{"id":5344,"url":"http:\/\/www.passionfruits.fr\/index.php\/produit\/datte-branche-les-500-grs\/","url_meta":{"origin":6452,"position":5},"title":"Datte branchette Algerie Cat 1 les 250g","date":"7 d\u00e9cembre 2015","format":false,"excerpt":"Datte branchette Valeurs nutritionnelles moyennes pour 100g Energie : 1252kj\/296 kcal Mati\u00e8res grasses : 0.2g dont acides gras satur\u00e9s : 0.1g Glucides : 67.4g dont sucres : 55.9g Fibres : 7.3g Prot\u00e9ines : 2.4g Sel\u00a0 : 0g \u00a0","rel":"","context":"Article similaire","img":{"alt_text":"","src":"https:\/\/i2.wp.com\/www.passionfruits.fr\/wp-content\/uploads\/2015\/12\/datte-seche.jpg?fit=300%2C300&resize=350%2C200","width":350,"height":200},"classes":[]}],"_links":{"self":[{"href":"http:\/\/www.passionfruits.fr\/index.php\/wp-json\/wp\/v2\/product\/6452"}],"collection":[{"href":"http:\/\/www.passionfruits.fr\/index.php\/wp-json\/wp\/v2\/product"}],"about":[{"href":"http:\/\/www.passionfruits.fr\/index.php\/wp-json\/wp\/v2\/types\/product"}],"replies":[{"embeddable":true,"href":"http:\/\/www.passionfruits.fr\/index.php\/wp-json\/wp\/v2\/comments?post=6452"}],"wp:featuredmedia":[{"embeddable":true,"href":"http:\/\/www.passionfruits.fr\/index.php\/wp-json\/wp\/v2\/media\/6453"}],"wp:attachment":[{"href":"http:\/\/www.passionfruits.fr\/index.php\/wp-json\/wp\/v2\/media?parent=6452"}],"curies":[{"name":"wp","href":"https:\/\/api.w.org\/{rel}","templated":true}]}}