{"id":6484,"date":"2015-12-07T11:43:25","date_gmt":"2015-12-07T10:43:25","guid":{"rendered":"http:\/\/www.andreclaude.fr\/web\/index.php\/produit\/chevre-coeur-cendre-de-la-region-la-piece\/"},"modified":"2022-03-15T16:18:51","modified_gmt":"2022-03-15T15:18:51","slug":"chevre-coeur-cendre-de-la-region-la-piece","status":"publish","type":"product","link":"http:\/\/www.passionfruits.fr\/index.php\/produit\/chevre-coeur-cendre-de-la-region-la-piece\/","title":{"rendered":"Ch\u00e8vre coeur de la r\u00e9gion la pi\u00e8ce"},"content":{"rendered":"","protected":false},"excerpt":{"rendered":"<header class=\"entry-header\">\n<p class=\"entry-title\">Le Coeur du Perche. Fromage de ch\u00e8vre fermier au lait cru.<\/p>\n<header class=\"entry-header\">\n<p class=\"entry-title\">FROMAGES M\u00c9DAILL\u00c9S<\/p>\n<\/header>\n<p>Le 21 juin 2017, concours r\u00e9gional de fromages au ch\u00e2teau de Selles-Sur-Cher.<\/p>\n<p>7 m\u00e9dailles re\u00e7ues pour 7 fromages pr\u00e9sent\u00e9s.<\/p>\n<p>Le Tr\u00e8ffle m\u00e9daille d&#8217;argent.<\/p>\n<p>La Pyramide m\u00e9daille d&#8217;argent ex-aequo.<\/p>\n<p>Le Petit Perche au poivre m\u00e9daille de bronze.<\/p>\n<p>Le Petit Perche persillade m\u00e9daille d&#8217;or.<\/p>\n<p>Le Petit Perche long affin\u00e9s m\u00e9daille d&#8217;or.<\/p>\n<p>Le Petit Perche blanc m\u00e9daille d&#8217;or.<\/p>\n<p>Le Petit Perche long d\u00e9but d&#8217;affinage m\u00e9daille d&#8217;or.<\/p>\n<\/header>\n","protected":false},"featured_media":7378,"comment_status":"closed","ping_status":"closed","template":"","meta":{"spay_email":"","jetpack_publicize_message":"","jetpack_is_tweetstorm":false},"jetpack_publicize_connections":[],"jetpack_sharing_enabled":true,"jetpack-related-posts":[{"id":6486,"url":"http:\/\/www.passionfruits.fr\/index.php\/produit\/pave-de-chevre-cendre-de-la-region-la-piece\/","url_meta":{"origin":6484,"position":0},"title":"Ch\u00e8vre pav\u00e9 de la r\u00e9gion la pi\u00e8ce","date":"7 d\u00e9cembre 2015","format":false,"excerpt":"Le Pav\u00e9 du Perche. Fromage de ch\u00e8vre fermier au lait cru. FROMAGES M\u00c9DAILL\u00c9S Le 21 juin 2017, concours r\u00e9gional de fromages au ch\u00e2teau de Selles-Sur-Cher. 7 m\u00e9dailles re\u00e7ues pour 7 fromages pr\u00e9sent\u00e9s. Le Tr\u00e8ffle m\u00e9daille d'argent. La Pyramide m\u00e9daille d'argent ex-aequo. Le Petit Perche au poivre m\u00e9daille de bronze. Le\u2026","rel":"","context":"Article similaire","img":{"alt_text":"","src":"https:\/\/i1.wp.com\/www.passionfruits.fr\/wp-content\/uploads\/2015\/12\/fromage-pave.jpg?fit=595%2C598&resize=350%2C200","width":350,"height":200},"classes":[]},{"id":9859,"url":"http:\/\/www.passionfruits.fr\/index.php\/produit\/chevre-poivre-noir-la-piece-env-100g\/","url_meta":{"origin":6484,"position":1},"title":"Ch\u00e8vre Perche blanc Poivre de la r\u00e9gion la pi\u00e8ce","date":"11 d\u00e9cembre 2016","format":false,"excerpt":"id\u00e9al pour d\u00e9corer votre plateau de fromages. FROMAGES M\u00c9DAILL\u00c9S Le 21 juin 2017, concours r\u00e9gional de fromages au ch\u00e2teau de Selles-Sur-Cher. 7 m\u00e9dailles re\u00e7ues pour 7 fromages pr\u00e9sent\u00e9s. Le Tr\u00e8ffle m\u00e9daille d'argent. La Pyramide m\u00e9daille d'argent ex-aequo. Le Petit Perche au poivre m\u00e9daille de bronze. Le Petit Perche persillade m\u00e9daille\u2026","rel":"","context":"Article similaire","img":{"alt_text":"","src":"https:\/\/i0.wp.com\/www.passionfruits.fr\/wp-content\/uploads\/2016\/12\/chevre-aromatise.jpg?fit=591%2C600&resize=350%2C200","width":350,"height":200},"classes":[]},{"id":6478,"url":"http:\/\/www.passionfruits.fr\/index.php\/produit\/perche-long-de-la-region-la-piece\/","url_meta":{"origin":6484,"position":2},"title":"Ch\u00e8vre Perche long la pi\u00e8ce","date":"7 d\u00e9cembre 2015","format":false,"excerpt":"Le Perche long Fromage de ch\u00e8vre fermier au lait cru \u2013 EARL DU PETIT PERCHE (97% de lait frais, 2% de lactos\u00e9rum issu de l\u2019exploitation,\u00a00,8% de pr\u00e9sure et 0,2 % de sel), provenant de L\u2019EARL DU PETIT PERCHE, Moul\u00e9 \u00e0 la louche Frais, Affin\u00e9 ou Sec Sel naturel noir Mati\u00e8re\u2026","rel":"","context":"Article similaire","img":{"alt_text":"","src":"https:\/\/i2.wp.com\/www.passionfruits.fr\/wp-content\/uploads\/2015\/12\/perhe.png?fit=600%2C600&resize=350%2C200","width":350,"height":200},"classes":[]},{"id":6480,"url":"http:\/\/www.passionfruits.fr\/index.php\/produit\/petit-perche-fume-la-piece\/","url_meta":{"origin":6484,"position":3},"title":"Ch\u00e8vre fum\u00e9 de la r\u00e9gion la pi\u00e8ce","date":"7 d\u00e9cembre 2015","format":false,"excerpt":"Le Petit Perche fum\u00e9 Fromage de ch\u00e8vre fermier au lait cru \u2013 EARL DU PETIT PERCHE (97% de lait frais, 2 % de lactos\u00e9rum issu de l\u2019exploitation, \u00a00,8% de pr\u00e9sure et 0,2 % de sel), provenant de L\u2019EARL DU PETIT PERCHE, Moul\u00e9 \u00e0 la louche Affin\u00e9 Fum\u00e9 au bois de\u2026","rel":"","context":"Article similaire","img":{"alt_text":"","src":"https:\/\/i0.wp.com\/www.passionfruits.fr\/wp-content\/uploads\/2015\/12\/Perche-fume.jpg?fit=300%2C300&resize=350%2C200","width":350,"height":200},"classes":[]},{"id":9857,"url":"http:\/\/www.passionfruits.fr\/index.php\/produit\/chevre-fruits-rouge-la-piece-env-100g\/","url_meta":{"origin":6484,"position":4},"title":"Ch\u00e8vre Perche blanc piment de la r\u00e9gion la pi\u00e8ce","date":"11 d\u00e9cembre 2016","format":false,"excerpt":"Le Petit Perche Piment d\u2019Espelette Fromage de ch\u00e8vre fermier au lait cru \u2013 EARL DU PETIT PERCHE (97% de lait frais, 2 % de lactos\u00e9rum issu de l\u2019exploitation, 0,8% de pr\u00e9sure, 0,1 % de sel et 0,1 % de piment), provenant de L\u2019EARL DU PETIT PERCHE, Moul\u00e9 \u00e0 la louche\u2026","rel":"","context":"Article similaire","img":{"alt_text":"","src":"https:\/\/i0.wp.com\/www.passionfruits.fr\/wp-content\/uploads\/2016\/12\/chevre-aromatise.jpg?fit=591%2C600&resize=350%2C200","width":350,"height":200},"classes":[]},{"id":11522,"url":"http:\/\/www.passionfruits.fr\/index.php\/produit\/chevre-perche-cendre-de-la-region-la-piece\/","url_meta":{"origin":6484,"position":5},"title":"Ch\u00e8vre Perche cendr\u00e9 de la r\u00e9gion la pi\u00e8ce","date":"10 janvier 2018","format":false,"excerpt":"Petit Perche cendr\u00e9 Fromage de ch\u00e8vre fermier au lait cru \u2013 EARL DU PETIT PERCHE (97% de lait frais, 2% de lactos\u00e9rum issu de l\u2019exploitation,\u00a00,8% de pr\u00e9sure et 0,2 % de sel), provenant de L\u2019EARL DU PETIT PERCHE, Moul\u00e9 \u00e0 la louche Frais, Affin\u00e9 ou Sec Sel naturel noir Mati\u00e8re\u2026","rel":"","context":"Article similaire","img":{"alt_text":"","src":"https:\/\/i0.wp.com\/www.passionfruits.fr\/wp-content\/uploads\/2018\/01\/chevre-rond-cendre.jpg?fit=600%2C600&resize=350%2C200","width":350,"height":200},"classes":[]}],"_links":{"self":[{"href":"http:\/\/www.passionfruits.fr\/index.php\/wp-json\/wp\/v2\/product\/6484"}],"collection":[{"href":"http:\/\/www.passionfruits.fr\/index.php\/wp-json\/wp\/v2\/product"}],"about":[{"href":"http:\/\/www.passionfruits.fr\/index.php\/wp-json\/wp\/v2\/types\/product"}],"replies":[{"embeddable":true,"href":"http:\/\/www.passionfruits.fr\/index.php\/wp-json\/wp\/v2\/comments?post=6484"}],"wp:featuredmedia":[{"embeddable":true,"href":"http:\/\/www.passionfruits.fr\/index.php\/wp-json\/wp\/v2\/media\/7378"}],"wp:attachment":[{"href":"http:\/\/www.passionfruits.fr\/index.php\/wp-json\/wp\/v2\/media?parent=6484"}],"curies":[{"name":"wp","href":"https:\/\/api.w.org\/{rel}","templated":true}]}}