{"id":6497,"date":"2015-12-07T11:43:25","date_gmt":"2015-12-07T10:43:25","guid":{"rendered":"http:\/\/www.andreclaude.fr\/web\/index.php\/produit\/blanc-de-poireau-barq-400grs\/"},"modified":"2025-10-29T16:33:50","modified_gmt":"2025-10-29T15:33:50","slug":"blanc-de-poireau-barq-400grs","status":"publish","type":"product","link":"http:\/\/www.passionfruits.fr\/index.php\/produit\/blanc-de-poireau-barq-400grs\/","title":{"rendered":"Blanc de poireau France Cat 1 la Barq. 400g"},"content":{"rendered":"","protected":false},"excerpt":{"rendered":"<p>L\u00e9gumes \u00e9pluch\u00e9s et coup\u00e9s, pr\u00eats \u00e0 consommer. Conditionn\u00e9 en barquette refermable \u00e0 volont\u00e9 pour garder toute sa saveur.<\/p>\n<p>100% Frais, 100% Pr\u00eat, sans conservateur.<\/p>\n","protected":false},"featured_media":6602,"comment_status":"closed","ping_status":"closed","template":"","meta":{"spay_email":"","jetpack_publicize_message":"","jetpack_is_tweetstorm":false},"jetpack_publicize_connections":[],"jetpack_sharing_enabled":true,"jetpack-related-posts":[{"id":6499,"url":"http:\/\/www.passionfruits.fr\/index.php\/produit\/courgette-lamelle-barq-450grs\/","url_meta":{"origin":6497,"position":0},"title":"Courgette lamelle France  Cat 1 la barq 450 grs","date":"7 d\u00e9cembre 2015","format":false,"excerpt":"L\u00e9gumes \u00e9pluch\u00e9s et coup\u00e9s, pr\u00eats \u00e0 consommer. Conditionn\u00e9 en barquette refermable \u00e0 volont\u00e9 pour garder toute sa saveur. 100% Frais, 100% Pr\u00eat, sans conservateur.","rel":"","context":"Article similaire","img":{"alt_text":"","src":"https:\/\/i1.wp.com\/www.passionfruits.fr\/wp-content\/uploads\/2015\/12\/Courgettes-Rondelle.jpg?fit=600%2C600&resize=350%2C200","width":350,"height":200},"classes":[]},{"id":6508,"url":"http:\/\/www.passionfruits.fr\/index.php\/produit\/carotte-rondelle-barq-500g\/","url_meta":{"origin":6497,"position":1},"title":"Carotte rondelle Portugal  Cat 1 la barq. 500g","date":"7 d\u00e9cembre 2015","format":false,"excerpt":"L\u00e9gumes \u00e9pluch\u00e9s et coup\u00e9s, pr\u00eats \u00e0 consommer. Conditionn\u00e9 en barquette refermable \u00e0 volont\u00e9 pour garder toute sa saveur. 100% Frais, 100% Pr\u00eat, sans conservateur.","rel":"","context":"Article similaire","img":{"alt_text":"","src":"https:\/\/i1.wp.com\/www.passionfruits.fr\/wp-content\/uploads\/2015\/12\/carotte-rondelle.jpg?fit=600%2C600&resize=350%2C200","width":350,"height":200},"classes":[]},{"id":6300,"url":"http:\/\/www.passionfruits.fr\/index.php\/produit\/rapee-chou-blanc-rape-barq-150g\/","url_meta":{"origin":6497,"position":2},"title":"Chou blanc rap\u00e9 France Cat 1 la barq.150g","date":"7 d\u00e9cembre 2015","format":false,"excerpt":"L\u00e9gumes \u00e9pluch\u00e9s et coup\u00e9s, pr\u00eats \u00e0 consommer. Conditionn\u00e9 en barquette refermable \u00e0 volont\u00e9 pour garder toute sa saveur. 100% Frais, 100% Pr\u00eat, sans conservateur.","rel":"","context":"Article similaire","img":{"alt_text":"","src":"https:\/\/i0.wp.com\/www.passionfruits.fr\/wp-content\/uploads\/2015\/12\/chou-blanc1.jpg?fit=600%2C599&resize=350%2C200","width":350,"height":200},"classes":[]},{"id":6302,"url":"http:\/\/www.passionfruits.fr\/index.php\/produit\/rapee-chou-rouge-rape-barq-150g\/","url_meta":{"origin":6497,"position":3},"title":"Chou rouge rap\u00e9 France Cat 1 la barq.150g","date":"7 d\u00e9cembre 2015","format":false,"excerpt":"L\u00e9gumes \u00e9pluch\u00e9s et coup\u00e9s, pr\u00eats \u00e0 consommer. Conditionn\u00e9 en barquette refermable \u00e0 volont\u00e9 pour garder toute sa saveur. 100% Frais, 100% Pr\u00eat, sans conservateur.","rel":"","context":"Article similaire","img":{"alt_text":"","src":"https:\/\/i1.wp.com\/www.passionfruits.fr\/wp-content\/uploads\/2015\/12\/chou-rouge1.jpg?fit=599%2C599&resize=350%2C200","width":350,"height":200},"classes":[]},{"id":6386,"url":"http:\/\/www.passionfruits.fr\/index.php\/produit\/rapee-concombre-lamelle-barq-200g\/","url_meta":{"origin":6497,"position":4},"title":"Concombre lamelle France  Cat 1 la barq.200g","date":"7 d\u00e9cembre 2015","format":false,"excerpt":"L\u00e9gumes \u00e9pluch\u00e9s et coup\u00e9s, pr\u00eats \u00e0 consommer. Conditionn\u00e9 en barquette refermable \u00e0 volont\u00e9 pour garder toute sa saveur. 100% Frais, 100% Pr\u00eat, sans conservateur.","rel":"","context":"Article similaire","img":{"alt_text":"","src":"https:\/\/i2.wp.com\/www.passionfruits.fr\/wp-content\/uploads\/2015\/12\/concombre2.jpg?fit=598%2C598&resize=350%2C200","width":350,"height":200},"classes":[]},{"id":6304,"url":"http:\/\/www.passionfruits.fr\/index.php\/produit\/rapee-carotte-rapee-barq-200g\/","url_meta":{"origin":6497,"position":5},"title":"Carotte rap\u00e9e Portugal Cat 1 la barq.200g","date":"7 d\u00e9cembre 2015","format":false,"excerpt":"L\u00e9gumes \u00e9pluch\u00e9s et coup\u00e9s, pr\u00eats \u00e0 consommer. Conditionn\u00e9 en barquette refermable \u00e0 volont\u00e9 pour garder toute sa saveur. 100% Frais, 100% Pr\u00eat, sans conservateur.","rel":"","context":"Article similaire","img":{"alt_text":"","src":"https:\/\/i2.wp.com\/www.passionfruits.fr\/wp-content\/uploads\/2015\/12\/carotte-1.jpg?fit=597%2C563&resize=350%2C200","width":350,"height":200},"classes":[]}],"_links":{"self":[{"href":"http:\/\/www.passionfruits.fr\/index.php\/wp-json\/wp\/v2\/product\/6497"}],"collection":[{"href":"http:\/\/www.passionfruits.fr\/index.php\/wp-json\/wp\/v2\/product"}],"about":[{"href":"http:\/\/www.passionfruits.fr\/index.php\/wp-json\/wp\/v2\/types\/product"}],"replies":[{"embeddable":true,"href":"http:\/\/www.passionfruits.fr\/index.php\/wp-json\/wp\/v2\/comments?post=6497"}],"wp:featuredmedia":[{"embeddable":true,"href":"http:\/\/www.passionfruits.fr\/index.php\/wp-json\/wp\/v2\/media\/6602"}],"wp:attachment":[{"href":"http:\/\/www.passionfruits.fr\/index.php\/wp-json\/wp\/v2\/media?parent=6497"}],"curies":[{"name":"wp","href":"https:\/\/api.w.org\/{rel}","templated":true}]}}