{"id":6503,"date":"2015-12-07T12:14:01","date_gmt":"2015-12-07T11:14:01","guid":{"rendered":"http:\/\/www.andreclaude.fr\/web\/index.php\/produit\/nounours-guimaume-noir-barq-200-grs-env\/"},"modified":"2024-11-15T15:42:56","modified_gmt":"2024-11-15T14:42:56","slug":"nounours-guimaume-noir-barq-200-grs-env","status":"publish","type":"product","link":"http:\/\/www.passionfruits.fr\/index.php\/produit\/nounours-guimaume-noir-barq-200-grs-env\/","title":{"rendered":"Oursons chocolat noir barq. 200g env."},"content":{"rendered":"<p>Distribu\u00e9 par<\/p>\n<p>AGIDRA<\/p>\n<p>BP 156<\/p>\n<p>69801 SAINT PRIEST<\/p>\n","protected":false},"excerpt":{"rendered":"<p>Parmi tous les bonbons et toutes les confiseries au monde, la guimauve est certainement la friandise la plus douce et la plus r\u00e9confortante.<\/p>\n<p>Ingr\u00e9dients : sirop de glucose-fructose, chocolat noir 30% (sucre, p\u00e2te de cacao, beurre de cacao, \u00e9mulsifiant : <strong>lecithine de soja<\/strong>, ar\u00f4me vanille), sucre, eau, g\u00e9latine, ar\u00f4me, <strong>lait<\/strong>.<\/p>\n<p>Mati\u00e8res grasses :10.8 g<br \/>\ndont AG satur\u00e9s : 6,6 g<br \/>\nProt\u00e9ines :3.3 g<br \/>\nGlucides: 72.7 g<br \/>\n&#8211; dont sucres : 55,2 g<br \/>\nFibres : 1,9 g<br \/>\nSel : 0,02 g<\/p>\n","protected":false},"featured_media":7348,"comment_status":"closed","ping_status":"closed","template":"","meta":{"spay_email":"","jetpack_publicize_message":"","jetpack_is_tweetstorm":false},"jetpack_publicize_connections":[],"jetpack_sharing_enabled":true,"jetpack-related-posts":[{"id":6203,"url":"http:\/\/www.passionfruits.fr\/index.php\/produit\/nounours-guimauve-au-lait-barq-200-grs-env\/","url_meta":{"origin":6503,"position":0},"title":"Oursons chocolat au lait barq. 200g env.","date":"7 d\u00e9cembre 2015","format":false,"excerpt":"Parmi tous les bonbons et toutes les confiseries au monde, la guimauve est certainement la friandise la plus douce et la plus r\u00e9confortante. Ingr\u00e9dients : sirop de glucose-fructose, chocolat au lait 30% (sucre, beurre de cacao, p\u00e2te de cacao, lait entier en poudre, \u00e9mulsifiant : lecithine de soja, ar\u00f4me naturel\u2026","rel":"","context":"Article similaire","img":{"alt_text":"","src":"https:\/\/i1.wp.com\/www.passionfruits.fr\/wp-content\/uploads\/2015\/12\/oursons-guimauve.jpg?fit=290%2C290&resize=350%2C200","width":350,"height":200},"classes":[]},{"id":6279,"url":"http:\/\/www.passionfruits.fr\/index.php\/produit\/nounours-guimaume-blanc-barq-200-grs-env\/","url_meta":{"origin":6503,"position":1},"title":"Oursons chocolat blanc barq. 200g env.","date":"7 d\u00e9cembre 2015","format":false,"excerpt":"Parmi tous les bonbons et toutes les confiseries au monde, la guimauve est certainement la friandise la plus douce et la plus r\u00e9confortante Ingr\u00e9dients : sirop de glucose-fructose, chocolat blanc 30% (sucre, beurre de cacao, lait entier en poudre, \u00e9mulsifiant : lecithine de soja, ar\u00f4me), sucre, eau, g\u00e9latine, ar\u00f4me. Mati\u00e8res\u2026","rel":"","context":"Article similaire","img":{"alt_text":"","src":"https:\/\/i1.wp.com\/www.passionfruits.fr\/wp-content\/uploads\/2015\/12\/oursons-guimauve.jpg?fit=290%2C290&resize=350%2C200","width":350,"height":200},"classes":[]},{"id":5936,"url":"http:\/\/www.passionfruits.fr\/index.php\/produit\/rocher-coco-nature-le-paquet\/","url_meta":{"origin":6503,"position":2},"title":"Rocher noix de coco le paquet 200g","date":"7 d\u00e9cembre 2015","format":false,"excerpt":"Contenance : 0 cl Poids net : 200 g Poids net \u00e9goutt\u00e9 : 0 g CARACTERISTIQUES PRODUIT Ingr\u00e9dients : coco r\u00e2p\u00e9 PH\/ID, sucre, sirop de glucose , chocolat noir [p\u00e2te de cacao, sucre, beurre de cacao, mati\u00e8re grasse laiti\u00e8re anhydre, \u00e9mulsifiant (l\u00e9cithine de soja E322), blanc d'oeuf, farine de froment,\u2026","rel":"","context":"Article similaire","img":{"alt_text":"","src":"https:\/\/i2.wp.com\/www.passionfruits.fr\/wp-content\/uploads\/2015\/12\/maxi-rocher-coco.jpg?fit=600%2C600&resize=350%2C200","width":350,"height":200},"classes":[]},{"id":17758,"url":"http:\/\/www.passionfruits.fr\/index.php\/produit\/flan-cacao-le-sachet-de-45g\/","url_meta":{"origin":6503,"position":3},"title":"Flan  Cacao le sachet de 45g","date":"19 mars 2021","format":false,"excerpt":"Les s\u0153urs fabriquent des pr\u00e9parations pour cr\u00e8mes desserts, \u00e0 partir d\u2019ingr\u00e9dients naturels , sans gluten et sans colorants ni conservateurs. Leur go\u00fbt est fin et d\u00e9licat.Sachet 45g. Ingr\u00e9dients : sucre, cacao, amidon de ma\u00efs, g\u00e9lifiant : carragh\u00e9nanes. Peut contenir de traces de\u00a0gluten\u00a0et de\u00a0fruits \u00e0 coque. Informations nutritionelles moyennes Pour 100\u2026","rel":"","context":"Article similaire","img":{"alt_text":"","src":"https:\/\/i2.wp.com\/www.passionfruits.fr\/wp-content\/uploads\/2015\/12\/flans.jpg?fit=600%2C600&resize=350%2C200","width":350,"height":200},"classes":[]},{"id":6172,"url":"http:\/\/www.passionfruits.fr\/index.php\/produit\/flan-noisette-le-sachet\/","url_meta":{"origin":6503,"position":4},"title":"Flan pralin\u00e9 noisette le sachet de 45g","date":"7 d\u00e9cembre 2015","format":false,"excerpt":"Abbaye de la Coudre. Les s\u0153urs fabriquent des pr\u00e9parations pour cr\u00e8mes desserts, \u00e0 partir d\u2019ingr\u00e9dients naturels , sans gluten et sans colorants ni conservateurs. Leur go\u00fbt est fin et d\u00e9licat.Sachet 45g. Ingr\u00e9dients : sucre, amidon de ma\u00efs, g\u00e9lifiant : carragh\u00e9nanes, ar\u00f4mes naturels (amande, noisette), cacao Peut contenir de traces de\u2026","rel":"","context":"Article similaire","img":{"alt_text":"","src":"https:\/\/i2.wp.com\/www.passionfruits.fr\/wp-content\/uploads\/2015\/12\/flans.jpg?fit=600%2C600&resize=350%2C200","width":350,"height":200},"classes":[]},{"id":6213,"url":"http:\/\/www.passionfruits.fr\/index.php\/produit\/gaufrette-chocolat\/","url_meta":{"origin":6503,"position":5},"title":"Gaufrette au chocolat le paquet 175g","date":"7 d\u00e9cembre 2015","format":false,"excerpt":"C'est une tradition qui remonte \u00e0 1894 ! Aujourd'hui, m\u00eame si la recette est toujours rigoureusement la m\u00eame, \u00e0 l'ar\u00f4me Vanille s'ajoutent celui du Chocolat, de la Framboise ... Et avant de d\u00e9guster votre gaufrette, n'oubliez pas de lire la petite phrase qui vous fera sourire!! Contenance : 0 cl\u2026","rel":"","context":"Article similaire","img":{"alt_text":"","src":"https:\/\/i2.wp.com\/www.passionfruits.fr\/wp-content\/uploads\/2015\/12\/gaufrette.jpg?fit=600%2C600&resize=350%2C200","width":350,"height":200},"classes":[]}],"_links":{"self":[{"href":"http:\/\/www.passionfruits.fr\/index.php\/wp-json\/wp\/v2\/product\/6503"}],"collection":[{"href":"http:\/\/www.passionfruits.fr\/index.php\/wp-json\/wp\/v2\/product"}],"about":[{"href":"http:\/\/www.passionfruits.fr\/index.php\/wp-json\/wp\/v2\/types\/product"}],"replies":[{"embeddable":true,"href":"http:\/\/www.passionfruits.fr\/index.php\/wp-json\/wp\/v2\/comments?post=6503"}],"wp:featuredmedia":[{"embeddable":true,"href":"http:\/\/www.passionfruits.fr\/index.php\/wp-json\/wp\/v2\/media\/7348"}],"wp:attachment":[{"href":"http:\/\/www.passionfruits.fr\/index.php\/wp-json\/wp\/v2\/media?parent=6503"}],"curies":[{"name":"wp","href":"https:\/\/api.w.org\/{rel}","templated":true}]}}