{"id":6511,"date":"2015-12-07T12:14:08","date_gmt":"2015-12-07T11:14:08","guid":{"rendered":"http:\/\/www.andreclaude.fr\/web\/index.php\/produit\/olive-marocaine-barq-env-350-grs\/"},"modified":"2025-02-11T09:15:08","modified_gmt":"2025-02-11T08:15:08","slug":"olive-marocaine-barq-env-350-grs","status":"publish","type":"product","link":"http:\/\/www.passionfruits.fr\/index.php\/produit\/olive-marocaine-barq-env-350-grs\/","title":{"rendered":"Olive Marocaine Barq. env. 350 grs"},"content":{"rendered":"<p>SAISOF<\/p>\n<p>29\/31 Rue des investisseurs<\/p>\n<p>91560 CROSNES<\/p>\n","protected":false},"excerpt":{"rendered":"<p>Poivron,piment doux,cumin.<\/p>\n<p>Conditionn\u00e9 en barquette refermable \u00e0 volont\u00e9 pour garder toute sa saveur.<\/p>\n","protected":false},"featured_media":6588,"comment_status":"closed","ping_status":"closed","template":"","meta":{"spay_email":"","jetpack_publicize_message":"","jetpack_is_tweetstorm":false},"jetpack_publicize_connections":[],"jetpack_sharing_enabled":true,"jetpack-related-posts":[],"_links":{"self":[{"href":"http:\/\/www.passionfruits.fr\/index.php\/wp-json\/wp\/v2\/product\/6511"}],"collection":[{"href":"http:\/\/www.passionfruits.fr\/index.php\/wp-json\/wp\/v2\/product"}],"about":[{"href":"http:\/\/www.passionfruits.fr\/index.php\/wp-json\/wp\/v2\/types\/product"}],"replies":[{"embeddable":true,"href":"http:\/\/www.passionfruits.fr\/index.php\/wp-json\/wp\/v2\/comments?post=6511"}],"wp:featuredmedia":[{"embeddable":true,"href":"http:\/\/www.passionfruits.fr\/index.php\/wp-json\/wp\/v2\/media\/6588"}],"wp:attachment":[{"href":"http:\/\/www.passionfruits.fr\/index.php\/wp-json\/wp\/v2\/media?parent=6511"}],"curies":[{"name":"wp","href":"https:\/\/api.w.org\/{rel}","templated":true}]}}