{"id":7897,"date":"2016-01-29T20:56:27","date_gmt":"2016-01-29T19:56:27","guid":{"rendered":"http:\/\/www.andreclaude.fr\/web\/?post_type=product&#038;p=7897"},"modified":"2023-08-22T09:01:50","modified_gmt":"2023-08-22T08:01:50","slug":"recharge-sel-rose-d-himalaya-600g","status":"publish","type":"product","link":"http:\/\/www.passionfruits.fr\/index.php\/produit\/recharge-sel-rose-d-himalaya-600g\/","title":{"rendered":"Recharge sel rose d&#8217; Himalaya 600g"},"content":{"rendered":"<p>Distribu\u00e9 par<\/p>\n<p>SDP<\/p>\n<p><span class=\"LrzXr\">8 Rue des Oliviers, <\/span><\/p>\n<p><span class=\"LrzXr\">94310 Orly<\/span><\/p>\n","protected":false},"excerpt":{"rendered":"<p>Cette recharge de sel rose de l&#8217;Himalaya met son grain de fantaisie dans vos assiettes pour convier tous les fins gourmets \u00e0 un voyage culinaire entre sel et terre.<\/p>\n<p>Ingr\u00e9dients : Diamant de sel<\/p>\n","protected":false},"featured_media":7898,"comment_status":"closed","ping_status":"closed","template":"","meta":{"spay_email":"","jetpack_publicize_message":"","jetpack_is_tweetstorm":false},"jetpack_publicize_connections":[],"jetpack_sharing_enabled":true,"jetpack-related-posts":[{"id":7889,"url":"http:\/\/www.passionfruits.fr\/index.php\/produit\/moulin-au-sel-rose-d-himalaya\/","url_meta":{"origin":7897,"position":0},"title":"Moulin au diamant de sel rose d' Himalaya 450g","date":"29 janvier 2016","format":false,"excerpt":"Le sel rose de l'Himalaya est un concentr\u00e9 de bienfaits. Sa puret\u00e9 et sa richesse en min\u00e9raux en font un alli\u00e9 indispensable dans votre cuisine. Son go\u00fbt est plus raffin\u00e9 que le sel classique, qu'il remplacera avantageusement. Il est parfait dans vos plats crus ou cuits, et dans les m\u00e9langes\u2026","rel":"","context":"Article similaire","img":{"alt_text":"","src":"https:\/\/i0.wp.com\/www.passionfruits.fr\/wp-content\/uploads\/2016\/01\/moulin-sel.jpg?fit=600%2C600&resize=350%2C200","width":350,"height":200},"classes":[]},{"id":17726,"url":"http:\/\/www.passionfruits.fr\/index.php\/produit\/moulin-au-diamant-de-sel-rose-d-himalaya-110g\/","url_meta":{"origin":7897,"position":1},"title":"Moulin au diamant de sel rose d' Himalaya 110g","date":"19 mars 2021","format":false,"excerpt":"Le sel rose de l'Himalaya est un concentr\u00e9 de bienfaits. Sa puret\u00e9 et sa richesse en min\u00e9raux en font un alli\u00e9 indispensable dans votre cuisine. Son go\u00fbt est plus raffin\u00e9 que le sel classique, qu'il remplacera avantageusement. Il est parfait dans vos plats crus ou cuits, et dans les m\u00e9langes\u2026","rel":"","context":"Article similaire","img":{"alt_text":"","src":"https:\/\/i0.wp.com\/www.passionfruits.fr\/wp-content\/uploads\/2021\/03\/sel110g.jpg?fit=598%2C600&resize=350%2C200","width":350,"height":200},"classes":[]},{"id":8205,"url":"http:\/\/www.passionfruits.fr\/index.php\/produit\/composition-2-moulins\/","url_meta":{"origin":7897,"position":2},"title":"Composition moulin poivre et moulin sel","date":"24 f\u00e9vrier 2016","format":false,"excerpt":"Composition 2 moulins Moulin aux 3 poivres noir blanc et vert 125 g Moulin au diamant de sel rose d\u2019 Himalaya 450 g Pour les gourmands et les amateurs de Gastronomie, vous pouvez composez vous-m\u00eame vos paniers gourmands et m\u00eame les faire livrer directement \u00e0 vos proches.","rel":"","context":"Article similaire","img":{"alt_text":"","src":"https:\/\/i2.wp.com\/www.passionfruits.fr\/wp-content\/uploads\/2016\/02\/coffret-moulin.jpg?fit=600%2C600&resize=350%2C200","width":350,"height":200},"classes":[]},{"id":7899,"url":"http:\/\/www.passionfruits.fr\/index.php\/produit\/recharge-poivres-melange-4-baies-120g\/","url_meta":{"origin":7897,"position":3},"title":"Recharge 4 poivres m\u00e9lange et baies 120g","date":"29 janvier 2016","format":false,"excerpt":"Composition : poivre noir, poivre blanc, poivre vert, baies roses\u00a0 Procure un go\u00fbt chaleureux, aromatique et piquant.\u00a0Son utilisation est incontournable pour relever le go\u00fbt des aliments. \u00a0","rel":"","context":"Article similaire","img":{"alt_text":"","src":"https:\/\/i0.wp.com\/www.passionfruits.fr\/wp-content\/uploads\/2016\/01\/recharge-poivre.jpg?fit=600%2C600&resize=350%2C200","width":350,"height":200},"classes":[]},{"id":5753,"url":"http:\/\/www.passionfruits.fr\/index.php\/produit\/selles-sur-cher\/","url_meta":{"origin":7897,"position":4},"title":"Ch\u00e8vre Selles sur Cher la pi\u00e8ce","date":"7 d\u00e9cembre 2015","format":false,"excerpt":"41 130 Selles-sur-Cher. Le Selles-sur-Cher, au lait de ch\u00e8vre entier, se reconna\u00eet \u00e0 sa p\u00e2te molle de couleur blanche et \u00e0 sa cro\u00fbte cendr\u00e9e. Sa texture est fondante. Ingr\u00e9dients : lait de ch\u00e8vre , ferments, colorant : charbon v\u00e9g\u00e9tal, pr\u00e9sure. Valeurs nutritionnelles moyennes pour 100g Energie : 1231kj\/297kcal Mati\u00e8res grasses\u2026","rel":"","context":"Article similaire","img":{"alt_text":"","src":"https:\/\/i0.wp.com\/www.passionfruits.fr\/wp-content\/uploads\/2015\/12\/sellesurcher1.jpg?fit=598%2C596&resize=350%2C200","width":350,"height":200},"classes":[]},{"id":17492,"url":"http:\/\/www.passionfruits.fr\/index.php\/produit\/sel-de-deneigement-sac-de-10-kilo\/","url_meta":{"origin":7897,"position":5},"title":"AA  Sel de deneigement promo Sac de 10 kilo","date":"11 f\u00e9vrier 2021","format":false,"excerpt":"","rel":"","context":"Article similaire","img":{"alt_text":"","src":"https:\/\/i0.wp.com\/www.passionfruits.fr\/wp-content\/uploads\/2021\/02\/sel-de-deneigement-en-vrac.jpg?fit=500%2C500&resize=350%2C200","width":350,"height":200},"classes":[]}],"_links":{"self":[{"href":"http:\/\/www.passionfruits.fr\/index.php\/wp-json\/wp\/v2\/product\/7897"}],"collection":[{"href":"http:\/\/www.passionfruits.fr\/index.php\/wp-json\/wp\/v2\/product"}],"about":[{"href":"http:\/\/www.passionfruits.fr\/index.php\/wp-json\/wp\/v2\/types\/product"}],"replies":[{"embeddable":true,"href":"http:\/\/www.passionfruits.fr\/index.php\/wp-json\/wp\/v2\/comments?post=7897"}],"wp:featuredmedia":[{"embeddable":true,"href":"http:\/\/www.passionfruits.fr\/index.php\/wp-json\/wp\/v2\/media\/7898"}],"wp:attachment":[{"href":"http:\/\/www.passionfruits.fr\/index.php\/wp-json\/wp\/v2\/media?parent=7897"}],"curies":[{"name":"wp","href":"https:\/\/api.w.org\/{rel}","templated":true}]}}