{"id":8151,"date":"2016-02-23T18:38:34","date_gmt":"2016-02-23T17:38:34","guid":{"rendered":"http:\/\/www.andreclaude.fr\/web\/?post_type=product&#038;p=8151"},"modified":"2024-12-27T17:57:37","modified_gmt":"2024-12-27T16:57:37","slug":"cote-du-rhone-75-cl-2012","status":"publish","type":"product","link":"http:\/\/www.passionfruits.fr\/index.php\/produit\/cote-du-rhone-75-cl-2012\/","title":{"rendered":"C\u00f4tes du Rh\u00f4ne les grands Devers 75 cl 2022"},"content":{"rendered":"","protected":false},"excerpt":{"rendered":"<p>47.70 \u20ac le carton de 6 bouteilles soit 7.95 \u20ac la bouteille<\/p>\n<p>&nbsp;<\/p>\n<p>C\u00f4te du Rh\u00f4ne &#8211; Domaine des grands Devers.<\/p>\n<p>Vin \u00e0 la robe rouge profond. La bouche offre un beau fruit, croquant et \u00e9quilibr\u00e9 avec des tanins fins et \u00e9l\u00e9gants.<\/p>\n<p class=\" text-justify\">Alcool 13 % Contient des sulfites.<\/p>\n<p class=\" text-justify\">La consommation de boissons alcoolis\u00e9es pendant la grossesse, m\u00eame en faible quantit\u00e9, peut avoir des cons\u00e9quences graves sur la sant\u00e9 de l\u2019enfant.<\/p>\n<p class=\" text-justify\">L ABUS D ALCOOL EST DANGEREUX POUR LA SANTE. A CONSOMMER AVEC MODERATION.<\/p>\n<p class=\" text-justify\">LA VENTE D ALCOOL EST INTERDITE AUX MINEURS.<\/p>\n<p>SCEA\u00a0 Les Ren\u00e9 84600 Valr\u00e9as<\/p>\n<p>&nbsp;<\/p>\n","protected":false},"featured_media":8153,"comment_status":"closed","ping_status":"closed","template":"","meta":{"spay_email":"","jetpack_publicize_message":"","jetpack_is_tweetstorm":false},"jetpack_publicize_connections":[],"jetpack_sharing_enabled":true,"jetpack-related-posts":[{"id":19596,"url":"http:\/\/www.passionfruits.fr\/index.php\/produit\/rhum-laromoncello-la-bouteille-de-70-cl\/","url_meta":{"origin":8151,"position":0},"title":"Rhum L\u2019arom\u2019Oncello la bouteille de 70 cl","date":"22 septembre 2023","format":false,"excerpt":"Avec son parfum de citron fra\u00eechement cueilli, nous vous invitons \u00e0 une \u00e9vasion au pays du grand soleil sur la c\u00f4te Amalfitaine. \u00c0 d\u00e9guster frapp\u00e9 Alcool 28.5 % La consommation de boissons alcoolis\u00e9es pendant la grossesse, m\u00eame en faible quantit\u00e9, peut avoir des cons\u00e9quences graves sur la sant\u00e9 de l\u2019enfant.\u2026","rel":"","context":"Article similaire","img":{"alt_text":"","src":"https:\/\/i2.wp.com\/www.passionfruits.fr\/wp-content\/uploads\/2023\/09\/84114.jpg?fit=600%2C600&resize=350%2C200","width":350,"height":200},"classes":[]},{"id":9564,"url":"http:\/\/www.passionfruits.fr\/index.php\/produit\/rhum-ananas-mangue-bouteille-70-cl\/","url_meta":{"origin":8151,"position":1},"title":"Rhum Ananas - Mangue la bouteille 70 cl","date":"25 octobre 2016","format":false,"excerpt":"L\u2019ananas Victoria ou \u00ab Queen Victoria \u00bb a un go\u00fbt incomparable \u00e0 la fois sucr\u00e9 et parfum\u00e9. La mangue\u00a0avec son parfum puissant et son c\u00f4t\u00e9 poivr\u00e9, forme une excellente alliance avec l\u2019ananas. Alcool 28,5 % La consommation de boissons alcoolis\u00e9es pendant la grossesse, m\u00eame en faible quantit\u00e9, peut avoir des\u2026","rel":"","context":"Article similaire","img":{"alt_text":"","src":"https:\/\/i1.wp.com\/www.passionfruits.fr\/wp-content\/uploads\/2016\/10\/rhum-ananas-mangue.jpg?fit=390%2C564&resize=350%2C200","width":350,"height":200},"classes":[]},{"id":5564,"url":"http:\/\/www.passionfruits.fr\/index.php\/produit\/domaine-pellehaut-rouge-2024\/","url_meta":{"origin":8151,"position":2},"title":"Domaine Pellehaut Harmonie rouge 75 cl 2024","date":"7 d\u00e9cembre 2015","format":false,"excerpt":"36 \u20ac le carton de 6 bouteilles soit 6 \u20ac la bouteille C\u00f4tes de Gascogne. Accompagnement de viandes rouges et blanches grill\u00e9es ou en sauce, ainsi que sur les fromages. Alcool 12.5 % Contient des sulfites. La consommation de boissons alcoolis\u00e9es pendant la grossesse, m\u00eame en faible quantit\u00e9, peut avoir\u2026","rel":"","context":"Article similaire","img":{"alt_text":"","src":"https:\/\/i2.wp.com\/www.passionfruits.fr\/wp-content\/uploads\/2015\/12\/Domaine-Pellehaut-rouge-1.jpg?fit=600%2C600&resize=350%2C200","width":350,"height":200},"classes":[]},{"id":20298,"url":"http:\/\/www.passionfruits.fr\/index.php\/produit\/chateau-gabelot-la-bouteille-75-cl-2020\/","url_meta":{"origin":8151,"position":3},"title":"Ch\u00e2teau Gabelot la bouteille 75 cl 2020","date":"14 janvier 2025","format":false,"excerpt":"6 \u20ac la bouteille au carton de 6 bouteilles Alcool 13.5 % Contient des sulfites. La consommation de boissons alcoolis\u00e9es pendant la grossesse, m\u00eame en faible quantit\u00e9, peut avoir des cons\u00e9quences graves sur la sant\u00e9 de l\u2019enfant. L ABUS D ALCOOL EST DANGEREUX POUR LA SANTE. A CONSOMMER AVEC MODERATION.\u2026","rel":"","context":"Article similaire","img":{"alt_text":"","src":"https:\/\/i0.wp.com\/www.passionfruits.fr\/wp-content\/uploads\/2025\/01\/876.jpg?fit=600%2C600&resize=350%2C200","width":350,"height":200},"classes":[]},{"id":12184,"url":"http:\/\/www.passionfruits.fr\/index.php\/produit\/rhum-vanille-coco-la-bouteille-de-70-cl\/","url_meta":{"origin":8151,"position":4},"title":"Rhum Noix de Coco la bouteille de 70 cl","date":"15 mai 2018","format":false,"excerpt":"Un arrang\u00e9 aux saveurs des \u00eeles\u2026. \u00c0 consommer bien frais Alcool 28,5 % La consommation de boissons alcoolis\u00e9es pendant la grossesse, m\u00eame en faible quantit\u00e9, peut avoir des cons\u00e9quences graves sur la sant\u00e9 de l\u2019enfant. L ABUS D ALCOOL EST DANGEREUX POUR LA SANTE. A CONSOMMER AVEC MODERATION. LA VENTE\u2026","rel":"","context":"Article similaire","img":{"alt_text":"","src":"https:\/\/i2.wp.com\/www.passionfruits.fr\/wp-content\/uploads\/2018\/05\/vanille-coco1.jpg?fit=600%2C600&resize=350%2C200","width":350,"height":200},"classes":[]},{"id":20274,"url":"http:\/\/www.passionfruits.fr\/index.php\/produit\/chateau-touzignan-blaye-la-bouteille-75-cl-2023\/","url_meta":{"origin":8151,"position":5},"title":"Ch\u00e2teau Touzignan Blaye la bouteille 75 cl 2023","date":"10 janvier 2025","format":false,"excerpt":"6 \u20ac la bouteille au cartons de 6 bouteilles Alcool 14 % Contient des sulfites. La consommation de boissons alcoolis\u00e9es pendant la grossesse, m\u00eame en faible quantit\u00e9, peut avoir des cons\u00e9quences graves sur la sant\u00e9 de l\u2019enfant. L ABUS D ALCOOL EST DANGEREUX POUR LA SANTE. A CONSOMMER AVEC MODERATION.\u2026","rel":"","context":"Article similaire","img":{"alt_text":"","src":"https:\/\/i0.wp.com\/www.passionfruits.fr\/wp-content\/uploads\/2025\/01\/809.jpg?fit=600%2C600&resize=350%2C200","width":350,"height":200},"classes":[]}],"_links":{"self":[{"href":"http:\/\/www.passionfruits.fr\/index.php\/wp-json\/wp\/v2\/product\/8151"}],"collection":[{"href":"http:\/\/www.passionfruits.fr\/index.php\/wp-json\/wp\/v2\/product"}],"about":[{"href":"http:\/\/www.passionfruits.fr\/index.php\/wp-json\/wp\/v2\/types\/product"}],"replies":[{"embeddable":true,"href":"http:\/\/www.passionfruits.fr\/index.php\/wp-json\/wp\/v2\/comments?post=8151"}],"wp:featuredmedia":[{"embeddable":true,"href":"http:\/\/www.passionfruits.fr\/index.php\/wp-json\/wp\/v2\/media\/8153"}],"wp:attachment":[{"href":"http:\/\/www.passionfruits.fr\/index.php\/wp-json\/wp\/v2\/media?parent=8151"}],"curies":[{"name":"wp","href":"https:\/\/api.w.org\/{rel}","templated":true}]}}