{"id":8256,"date":"2016-03-01T18:21:11","date_gmt":"2016-03-01T17:21:11","guid":{"rendered":"http:\/\/www.andreclaude.fr\/web\/?post_type=product&#038;p=8256"},"modified":"2018-10-16T16:09:11","modified_gmt":"2018-10-16T15:09:11","slug":"composition-3-tapenades","status":"publish","type":"product","link":"http:\/\/www.passionfruits.fr\/index.php\/produit\/composition-3-tapenades\/","title":{"rendered":"Composition 3 tapenades selon vos choix"},"content":{"rendered":"<p>Tapenade :<\/p>\n<p>Distribu\u00e9 par<\/p>\n<p>DISTRAZUR<\/p>\n<p><span class=\"LrzXr\">ZI des plaines,<\/span><\/p>\n<p><span class=\"LrzXr\"> 80 chemins des buis,<\/span><\/p>\n<p><span class=\"LrzXr\"> 26780 Malataverne<\/span><\/p>\n","protected":false},"excerpt":{"rendered":"<div>\n<p>Composition 3 tapenades selon vos choix.<\/p>\n<p class=\"page-title\">9 vari\u00e9t\u00e9s de tapenades voir la page : Epicerie|Tout pour l&#8217;ap\u00e9ritif<\/p>\n<p>Pour les gourmands et les amateurs de Gastronomie, vous pouvez composez vous-m\u00eame vos paniers gourmands et m\u00eame les faire livrer directement \u00e0 vos proches.<\/p>\n<p>Ingr\u00e9dients et valeurs nutritionnelles des tapenades : voir fiche produit de chaque tapenade choisie<\/p>\n<\/div>\n","protected":false},"featured_media":8257,"comment_status":"closed","ping_status":"closed","template":"","meta":{"spay_email":"","jetpack_publicize_message":"","jetpack_is_tweetstorm":false},"jetpack_publicize_connections":[],"jetpack_sharing_enabled":true,"jetpack-related-posts":[{"id":8272,"url":"http:\/\/www.passionfruits.fr\/index.php\/produit\/composition-tapenades-et-gressin\/","url_meta":{"origin":8256,"position":0},"title":"Composition tapenades et gressins","date":"2 mars 2016","format":false,"excerpt":"Composition tapenades et gressins Gressins nature le sachet de 200g : Ingr\u00e9dients : Farine de froment 76%, s\u00e9same 14%, huile de palme 5%,\u00a0 sel 2%,\u00a0 levure de bi\u00e8re 2%, farine de bl\u00e9 au malt 1% Valeurs nutritionnelles moyennes pour 100 g Energie :2044kj - 487kcal Mati\u00e8res grasses : 18.4g dont\u2026","rel":"","context":"Article similaire","img":{"alt_text":"","src":"https:\/\/i1.wp.com\/www.passionfruits.fr\/wp-content\/uploads\/2016\/03\/IMG_0496.jpg?fit=600%2C600&resize=350%2C200","width":350,"height":200},"classes":[]},{"id":6159,"url":"http:\/\/www.passionfruits.fr\/index.php\/produit\/tapenade-tapenade-noire-le-pot\/","url_meta":{"origin":8256,"position":1},"title":"Tapenade - Tapenade noire verrine 90g","date":"7 d\u00e9cembre 2015","format":false,"excerpt":"La recette traditionnelle de la Tapenade noire, elle est le produit incontournable sur vos toasts, ou en cuisine ! Ingr\u00e9dients : olives noires 82%, c\u00e2pres 6%, huile d'olive, p\u00e2te d'anchois (anchois sal\u00e9s 82%, huile d'olive, vinaigre de vin, sel, poivre, girofle), vinaigre de vin, ail, poivre Sans conservateur, sans OGM\u2026","rel":"","context":"Article similaire","img":{"alt_text":"","src":"https:\/\/i2.wp.com\/www.passionfruits.fr\/wp-content\/uploads\/2015\/12\/tapenade-noire-aux-olives-de-pays.jpg?fit=458%2C458&resize=350%2C200","width":350,"height":200},"classes":[]},{"id":6161,"url":"http:\/\/www.passionfruits.fr\/index.php\/produit\/tapenade-tapenade-verte-le-pot\/","url_meta":{"origin":8256,"position":2},"title":"Tapenade - Tapenade verte verrine 90g","date":"7 d\u00e9cembre 2015","format":false,"excerpt":"La recette traditionnelle de la Tapenade verte, elle est le produit incontournable sur vos toasts ap\u00e9ritif, ou en cuisine. Ingr\u00e9dients : olives vertes 82%, c\u00e2pres 6%, huile d'olive, p\u00e2te d'anchois (anchois sal\u00e9s 82%, huile d'olive, vinaigre de vin, sel, poivre, girofle), vinaigre de vin, ail, poivre Sans conservateur, sans OGM\u2026","rel":"","context":"Article similaire","img":{"alt_text":"","src":"https:\/\/i2.wp.com\/www.passionfruits.fr\/wp-content\/uploads\/2015\/12\/tapenade-verte.jpg?fit=458%2C458&resize=350%2C200","width":350,"height":200},"classes":[]},{"id":6163,"url":"http:\/\/www.passionfruits.fr\/index.php\/produit\/tapenade-caviar-daubergines-le-pot\/","url_meta":{"origin":8256,"position":3},"title":"Tapenade - Caviar d'aubergines verrine 90g","date":"7 d\u00e9cembre 2015","format":false,"excerpt":"\u00a0 Ingr\u00e9dients : aubergines grill\u00e9es 61%, huile de tournesol, olives noires, huile d'olive, ail, sel, jus de citron concentr\u00e9, poivre. Sans conservateur, sans OGM Valeurs nutritionnelles moyennes pour 100 g Energie : 1191kj\/289kcal Mati\u00e8res grasses : 30 g dont acides gras satur\u00e9s : 3.6g Glucides : 3.6g dont sucres 2.3g\u2026","rel":"","context":"Article similaire","img":{"alt_text":"","src":"https:\/\/i0.wp.com\/www.passionfruits.fr\/wp-content\/uploads\/2015\/12\/caviar-d-aubergines.jpg?fit=458%2C458&resize=350%2C200","width":350,"height":200},"classes":[]},{"id":6162,"url":"http:\/\/www.passionfruits.fr\/index.php\/produit\/tapenade-tomates-sechees-le-pot\/","url_meta":{"origin":8256,"position":4},"title":"Tapenade - Tomates s\u00e9ch\u00e9es verrine 90g","date":"7 d\u00e9cembre 2015","format":false,"excerpt":"Le D\u00e9lice de tomates s\u00e9ch\u00e9es est caract\u00e9ris\u00e9\u00a0par une robe sombre et un moelleux flatteur en bouche. Ingr\u00e9dients : tomates s\u00e9ch\u00e9es 45%, huile de tournesol, tomates pel\u00e9es, huile d'olive, eau, ail, mozzarella, poivre. Sans conservateur, sans OGM Valeurs nutritionnelles moyennes pour 100 g Energie : 2015kj\/487kcal Mati\u00e8res grasses : 43.2 g\u2026","rel":"","context":"Article similaire","img":{"alt_text":"","src":"https:\/\/i1.wp.com\/www.passionfruits.fr\/wp-content\/uploads\/2015\/12\/delice-de-tomates-sechees.jpg?fit=458%2C458&resize=350%2C200","width":350,"height":200},"classes":[]},{"id":6440,"url":"http:\/\/www.passionfruits.fr\/index.php\/produit\/tapenade-chevre-et-tomate-le-pot\/","url_meta":{"origin":8256,"position":5},"title":"Tapenade - Ch\u00e8vre et tomate verrine 90g","date":"7 d\u00e9cembre 2015","format":false,"excerpt":"Une alliance d\u00e9licate entre l'onctuosit\u00e9 cr\u00e9meuse du ch\u00e8vre et la saveur raffin\u00e9e de la tomate s\u00e9ch\u00e9e. Comblera le plus avis\u00e9 des gastronomes. Ingr\u00e9dients : fromage blanc, fromage de ch\u00e8vre 22% tomates s\u00e9ch\u00e9es 16%, tomates pel\u00e9es concass\u00e9es, ail, sel, origan, amidon transform\u00e9, poivre blanc. Sans conservateur, sans OGM Valeurs nutritionnelles moyennes\u2026","rel":"","context":"Article similaire","img":{"alt_text":"","src":"https:\/\/i2.wp.com\/www.passionfruits.fr\/wp-content\/uploads\/2015\/12\/delice-de-chevre.jpg?fit=458%2C458&resize=350%2C200","width":350,"height":200},"classes":[]}],"_links":{"self":[{"href":"http:\/\/www.passionfruits.fr\/index.php\/wp-json\/wp\/v2\/product\/8256"}],"collection":[{"href":"http:\/\/www.passionfruits.fr\/index.php\/wp-json\/wp\/v2\/product"}],"about":[{"href":"http:\/\/www.passionfruits.fr\/index.php\/wp-json\/wp\/v2\/types\/product"}],"replies":[{"embeddable":true,"href":"http:\/\/www.passionfruits.fr\/index.php\/wp-json\/wp\/v2\/comments?post=8256"}],"wp:featuredmedia":[{"embeddable":true,"href":"http:\/\/www.passionfruits.fr\/index.php\/wp-json\/wp\/v2\/media\/8257"}],"wp:attachment":[{"href":"http:\/\/www.passionfruits.fr\/index.php\/wp-json\/wp\/v2\/media?parent=8256"}],"curies":[{"name":"wp","href":"https:\/\/api.w.org\/{rel}","templated":true}]}}