{"id":8272,"date":"2016-03-02T06:20:34","date_gmt":"2016-03-02T05:20:34","guid":{"rendered":"http:\/\/www.andreclaude.fr\/web\/?post_type=product&#038;p=8272"},"modified":"2018-10-16T16:27:34","modified_gmt":"2018-10-16T15:27:34","slug":"composition-tapenades-et-gressin","status":"publish","type":"product","link":"http:\/\/www.passionfruits.fr\/index.php\/produit\/composition-tapenades-et-gressin\/","title":{"rendered":"Composition tapenades et gressins"},"content":{"rendered":"<p>&nbsp;<\/p>\n<p>Tapenade\u00a0 et gressins :<\/p>\n<p>Distribu\u00e9 par<\/p>\n<p>DISTRAZUR ZI des plaines 80 chemin des buis 26780 Malataverne<\/p>\n<p>&nbsp;<\/p>\n","protected":false},"excerpt":{"rendered":"<div>\n<p class=\"product_title entry-title\">Composition tapenades et gressins<\/p>\n<ul>\n<li class=\"product_title entry-title\">\n<p class=\"product_title entry-title\">Gressins nature le sachet de 200g :<\/p>\n<p>Ingr\u00e9dients :<\/p>\n<p>Farine de <strong>froment<\/strong> 76%, s\u00e9same 14%, huile de palme 5%,\u00a0 sel 2%,\u00a0 levure de bi\u00e8re 2%, farine de <strong>bl\u00e9<\/strong> au malt 1%<\/p>\n<p>Valeurs nutritionnelles moyennes pour 100 g<\/p>\n<p>Energie :2044kj &#8211; 487kcal<\/p>\n<p>Mati\u00e8res grasses : 18.4g dont acides gras satur\u00e9s 4.5g<\/p>\n<p>Glucides : 64.7g dont sucres 2.2g<\/p>\n<p>Prot\u00e9ines : 13.5g<\/p>\n<p>Fibres alimentaires : 4.2g<\/p>\n<p>Sel 2g<\/li>\n<\/ul>\n<ul>\n<li class=\"product_title entry-title\">3 tapenades 90g : Ingr\u00e9dients et valeurs nutritionnelles des tapenades : voir fiche produit de chaque tapenade choisie<\/li>\n<\/ul>\n<p>Pour les gourmands et les amateurs de Gastronomie, vous pouvez composez vous-m\u00eame vos paniers gourmands et m\u00eame les faire livrer directement \u00e0 vos proches.<\/p>\n<\/div>\n","protected":false},"featured_media":8274,"comment_status":"closed","ping_status":"closed","template":"","meta":{"spay_email":"","jetpack_publicize_message":"","jetpack_is_tweetstorm":false},"jetpack_publicize_connections":[],"jetpack_sharing_enabled":true,"jetpack-related-posts":[{"id":8256,"url":"http:\/\/www.passionfruits.fr\/index.php\/produit\/composition-3-tapenades\/","url_meta":{"origin":8272,"position":0},"title":"Composition 3 tapenades selon vos choix","date":"1 mars 2016","format":false,"excerpt":"Composition 3 tapenades selon vos choix. 9 vari\u00e9t\u00e9s de tapenades voir la page : Epicerie|Tout pour l'ap\u00e9ritif Pour les gourmands et les amateurs de Gastronomie, vous pouvez composez vous-m\u00eame vos paniers gourmands et m\u00eame les faire livrer directement \u00e0 vos proches. Ingr\u00e9dients et valeurs nutritionnelles des tapenades : voir fiche\u2026","rel":"","context":"Article similaire","img":{"alt_text":"","src":"https:\/\/i2.wp.com\/www.passionfruits.fr\/wp-content\/uploads\/2016\/03\/coffret-tapenade.jpg?fit=600%2C600&resize=350%2C200","width":350,"height":200},"classes":[]},{"id":6159,"url":"http:\/\/www.passionfruits.fr\/index.php\/produit\/tapenade-tapenade-noire-le-pot\/","url_meta":{"origin":8272,"position":1},"title":"Tapenade - Tapenade noire verrine 90g","date":"7 d\u00e9cembre 2015","format":false,"excerpt":"La recette traditionnelle de la Tapenade noire, elle est le produit incontournable sur vos toasts, ou en cuisine ! Ingr\u00e9dients : olives noires 82%, c\u00e2pres 6%, huile d'olive, p\u00e2te d'anchois (anchois sal\u00e9s 82%, huile d'olive, vinaigre de vin, sel, poivre, girofle), vinaigre de vin, ail, poivre Sans conservateur, sans OGM\u2026","rel":"","context":"Article similaire","img":{"alt_text":"","src":"https:\/\/i2.wp.com\/www.passionfruits.fr\/wp-content\/uploads\/2015\/12\/tapenade-noire-aux-olives-de-pays.jpg?fit=458%2C458&resize=350%2C200","width":350,"height":200},"classes":[]},{"id":6161,"url":"http:\/\/www.passionfruits.fr\/index.php\/produit\/tapenade-tapenade-verte-le-pot\/","url_meta":{"origin":8272,"position":2},"title":"Tapenade - Tapenade verte verrine 90g","date":"7 d\u00e9cembre 2015","format":false,"excerpt":"La recette traditionnelle de la Tapenade verte, elle est le produit incontournable sur vos toasts ap\u00e9ritif, ou en cuisine. Ingr\u00e9dients : olives vertes 82%, c\u00e2pres 6%, huile d'olive, p\u00e2te d'anchois (anchois sal\u00e9s 82%, huile d'olive, vinaigre de vin, sel, poivre, girofle), vinaigre de vin, ail, poivre Sans conservateur, sans OGM\u2026","rel":"","context":"Article similaire","img":{"alt_text":"","src":"https:\/\/i2.wp.com\/www.passionfruits.fr\/wp-content\/uploads\/2015\/12\/tapenade-verte.jpg?fit=458%2C458&resize=350%2C200","width":350,"height":200},"classes":[]},{"id":6157,"url":"http:\/\/www.passionfruits.fr\/index.php\/produit\/tapenade-sardinade-le-pot\/","url_meta":{"origin":8272,"position":3},"title":"Tapenade - Sardinade verrine 90g","date":"7 d\u00e9cembre 2015","format":false,"excerpt":"Souvenir d'enfance, la Sardinade et ses saveurs...Sur une bonne tartine de pain , le tout saupoudr\u00e9 de piment d'Espelette. Pr\u00eate \u00e0 \u00eatre d\u00e9gust\u00e9e ! Ingr\u00e9dients : sardines 31%, olives vertes,poivrons rouges, huile de tournesol, tomates s\u00e9ch\u00e9es 9%, c\u00e2pres, tomates pel\u00e9es, persil, ail, huile d'olive, jus de citron, concentr\u00e9, sel amidon\u2026","rel":"","context":"Article similaire","img":{"alt_text":"","src":"https:\/\/i2.wp.com\/www.passionfruits.fr\/wp-content\/uploads\/2015\/12\/sardinade.jpg?fit=458%2C458&resize=350%2C200","width":350,"height":200},"classes":[]},{"id":6158,"url":"http:\/\/www.passionfruits.fr\/index.php\/produit\/tapenade-thoionade-le-pot\/","url_meta":{"origin":8272,"position":4},"title":"Tapenade - Tho\u00efonade verrine 90g","date":"7 d\u00e9cembre 2015","format":false,"excerpt":"Subtile recette au thon associ\u00e9 au piment d'Espelette et aux tomates s\u00e9ch\u00e9es. Une recette simple et authentique. Ingr\u00e9dients : thon 28%, olives vertes,poivrons rouges, huile de tournesol, tomates s\u00e9ch\u00e9es 8%, cornichons, tomates pel\u00e9es, persil, ail, huile d'olive, jus de citron, concentr\u00e9, sel\u00a0 \u00e9paississants :amidon transform\u00e9, farine de guar ,et xanthane,\u2026","rel":"","context":"Article similaire","img":{"alt_text":"","src":"https:\/\/i2.wp.com\/www.passionfruits.fr\/wp-content\/uploads\/2015\/12\/thoionade.jpg?fit=458%2C458&resize=350%2C200","width":350,"height":200},"classes":[]},{"id":6163,"url":"http:\/\/www.passionfruits.fr\/index.php\/produit\/tapenade-caviar-daubergines-le-pot\/","url_meta":{"origin":8272,"position":5},"title":"Tapenade - Caviar d'aubergines verrine 90g","date":"7 d\u00e9cembre 2015","format":false,"excerpt":"\u00a0 Ingr\u00e9dients : aubergines grill\u00e9es 61%, huile de tournesol, olives noires, huile d'olive, ail, sel, jus de citron concentr\u00e9, poivre. Sans conservateur, sans OGM Valeurs nutritionnelles moyennes pour 100 g Energie : 1191kj\/289kcal Mati\u00e8res grasses : 30 g dont acides gras satur\u00e9s : 3.6g Glucides : 3.6g dont sucres 2.3g\u2026","rel":"","context":"Article similaire","img":{"alt_text":"","src":"https:\/\/i0.wp.com\/www.passionfruits.fr\/wp-content\/uploads\/2015\/12\/caviar-d-aubergines.jpg?fit=458%2C458&resize=350%2C200","width":350,"height":200},"classes":[]}],"_links":{"self":[{"href":"http:\/\/www.passionfruits.fr\/index.php\/wp-json\/wp\/v2\/product\/8272"}],"collection":[{"href":"http:\/\/www.passionfruits.fr\/index.php\/wp-json\/wp\/v2\/product"}],"about":[{"href":"http:\/\/www.passionfruits.fr\/index.php\/wp-json\/wp\/v2\/types\/product"}],"replies":[{"embeddable":true,"href":"http:\/\/www.passionfruits.fr\/index.php\/wp-json\/wp\/v2\/comments?post=8272"}],"wp:featuredmedia":[{"embeddable":true,"href":"http:\/\/www.passionfruits.fr\/index.php\/wp-json\/wp\/v2\/media\/8274"}],"wp:attachment":[{"href":"http:\/\/www.passionfruits.fr\/index.php\/wp-json\/wp\/v2\/media?parent=8272"}],"curies":[{"name":"wp","href":"https:\/\/api.w.org\/{rel}","templated":true}]}}