{"id":8280,"date":"2016-03-02T11:09:16","date_gmt":"2016-03-02T10:09:16","guid":{"rendered":"http:\/\/www.andreclaude.fr\/web\/?post_type=product&#038;p=8280"},"modified":"2018-10-16T16:14:43","modified_gmt":"2018-10-16T15:14:43","slug":"composition-produits-d-eure-et-loir","status":"publish","type":"product","link":"http:\/\/www.passionfruits.fr\/index.php\/produit\/composition-produits-d-eure-et-loir\/","title":{"rendered":"Composition produits de la r\u00e9gion"},"content":{"rendered":"<p>Jus de pomme :<\/p>\n<p>EARL BIGOT Arboriculteur Les vergers des tertres 8 rue des \u00e9coles 61110 Coulonges les Sablons<\/p>\n<p>Limonade :<\/p>\n<p class=\"m-b5\">Maison Savour\u00e9 11 avenue Justin Clichy 28310 Janville<\/p>\n<p class=\"m-b5\">Miel :<\/p>\n<p>Rucher Billard 16 rue de Patay 28360 Dammarie<\/p>\n<p>&nbsp;<\/p>\n","protected":false},"excerpt":{"rendered":"<div>\n<div>\n<p class=\"product_title entry-title\">Composition produits de la r\u00e9gion<\/p>\n<ul>\n<li class=\"product_title entry-title\">\n<p class=\"product_title entry-title\">Jus de pomme bouteille 1 litre : Aucun conservateur, ni additif, sans ajout de sucre, conform\u00e9ment \u00e0 la l\u00e9gislation.<\/p>\n<\/li>\n<li class=\"product_title entry-title\">\n<p class=\"product_title entry-title\">Limonade bouteille 1 litre :<\/p>\n<p>Ingr\u00e9dients : Eau gaz\u00e9ifi\u00e9e, sucre de betterave, ar\u00f4mes naturels d&#8217;agrumes, acide citrique.<\/p>\n<p>D\u00e9claration nutritionnelle pour 100ml :<\/p>\n<p>Energie : 131kj \/ 31kcal<\/p>\n<p>Mati\u00e8res grasses : 0g dont acides gras satur\u00e9s : 0g<\/p>\n<p>Glucides : 7.6g dont sucres : 7.6g<\/p>\n<p>Prot\u00e9ines : 0g<\/p>\n<p>Sel : 0g<\/li>\n<\/ul>\n<ul>\n<li class=\"product_title entry-title\">Miel de Chartres pot de 500g :100% issus du travail de l&#8217;abeille\n<p>0% de sucre ajout\u00e9<\/p>\n<p>Transhumance des ruches pour la diversit\u00e9 des miels<\/p>\n<p>Pas de go\u00fbt parasite des les miels.<\/p>\n<p>Le miel de Chartres, r\u00e9alis\u00e9 au printemps, est doux et clair, et celui r\u00e9colt\u00e9 en \u00e9t\u00e9 est ambr\u00e9.<\/li>\n<\/ul>\n<p>Pour les gourmands et les amateurs de Gastronomie, vous pouvez composez vous-m\u00eame vos paniers gourmands et m\u00eame les faire livrer directement \u00e0 vos proches.<\/p>\n<\/div>\n<\/div>\n","protected":false},"featured_media":8281,"comment_status":"closed","ping_status":"closed","template":"","meta":{"spay_email":"","jetpack_publicize_message":"","jetpack_is_tweetstorm":false},"jetpack_publicize_connections":[],"jetpack_sharing_enabled":true,"jetpack-related-posts":[{"id":8282,"url":"http:\/\/www.passionfruits.fr\/index.php\/produit\/composition-limonade-et-pain-depices\/","url_meta":{"origin":8280,"position":0},"title":"Composition limonade et pain d'\u00e9pices","date":"2 mars 2016","format":false,"excerpt":"Composition limonade et pain d'\u00e9pices Limonade bouteille 1 litre Pain d\u2019\u00e9pices au miel le paquet 500g Pour les gourmands et les amateurs de Gastronomie, vous pouvez composez vous-m\u00eame vos paniers gourmands et m\u00eame les faire livrer directement \u00e0 vos proches. Limonade: Ingr\u00e9dients : Eau gaz\u00e9ifi\u00e9e, sucre de betterave, ar\u00f4mes naturels\u2026","rel":"","context":"Article similaire","img":{"alt_text":"","src":"https:\/\/i0.wp.com\/www.passionfruits.fr\/wp-content\/uploads\/2016\/03\/limonade-pain-depice.jpg?fit=600%2C600&resize=350%2C200","width":350,"height":200},"classes":[]},{"id":6144,"url":"http:\/\/www.passionfruits.fr\/index.php\/produit\/limonade-la-bouteille\/","url_meta":{"origin":8280,"position":1},"title":"Limonade la Beauceronne bouteille 1 litre","date":"7 d\u00e9cembre 2015","format":false,"excerpt":"Sans colorant,Sans ar\u00f4me artificiel,Sans conservateur. Elle est con\u00e7ue avec des produits de notre terroir :Eau des nappes de Beauce,Sucre de betterave,Ar\u00f4me naturel d\u2019agrumes. Ingr\u00e9dients : Eau gaz\u00e9ifi\u00e9e, sucre de betterave, ar\u00f4mes naturels d'agrumes, acide citrique. D\u00e9claration nutritionnelle pour 100ml : Energie : 131kj \/ 31kcal Mati\u00e8res grasses : 0g dont\u2026","rel":"","context":"Article similaire","img":{"alt_text":"","src":"https:\/\/i0.wp.com\/www.passionfruits.fr\/wp-content\/uploads\/2015\/12\/limonade-la-beauceronne.jpg?fit=600%2C600&resize=350%2C200","width":350,"height":200},"classes":[]},{"id":19513,"url":"http:\/\/www.passionfruits.fr\/index.php\/produit\/limonade-la-beauceronne-bouteille-33-cl\/","url_meta":{"origin":8280,"position":2},"title":"Limonade la Beauceronne bouteille 33 cl","date":"4 ao\u00fbt 2023","format":false,"excerpt":"6 \u20ac les 3 bouteilles Sans colorant,Sans ar\u00f4me artificiel,Sans conservateur. Elle est con\u00e7ue avec des produits de notre terroir :Eau des nappes de Beauce,Sucre de betterave,Ar\u00f4me naturel d\u2019agrumes. Ingr\u00e9dients : Eau gaz\u00e9ifi\u00e9e, sucre de betterave, ar\u00f4mes naturels d'agrumes, acide citrique. D\u00e9claration nutritionnelle pour 100ml : Energie : 131kj \/ 31kcal\u2026","rel":"","context":"Article similaire","img":{"alt_text":"","src":"https:\/\/i0.wp.com\/www.passionfruits.fr\/wp-content\/uploads\/2015\/12\/limonade-la-beauceronne.jpg?fit=600%2C600&resize=350%2C200","width":350,"height":200},"classes":[]},{"id":11709,"url":"http:\/\/www.passionfruits.fr\/index.php\/produit\/vinaigrette-au-balsamique-de-pommes-la-bouteille-de-500-ml\/","url_meta":{"origin":8280,"position":3},"title":"Vinaigrette au balsamique de pommes la bouteille de 500 ml","date":"14 f\u00e9vrier 2018","format":false,"excerpt":"Sauce vinaigrette au balsamique de pommes Jean d\u2019Audignac. Excellente vinaigrette pour assaisonner les salades et crudit\u00e9s. Ingr\u00e9dients : huile de tournesol 50%, vinaigre de cidre*, bouquet de pommes*11% (jus de pommes concentr\u00e9, vinaigre de cidre*), moutarde de Dijon* (graine de moutarde, vinaigre d'alcool, eau, sel), eau, sel. *contient des sulfites.\u2026","rel":"","context":"Article similaire","img":{"alt_text":"","src":"https:\/\/i2.wp.com\/www.passionfruits.fr\/wp-content\/uploads\/2018\/02\/Vinaigrette-pomme.jpg?fit=600%2C600&resize=350%2C200","width":350,"height":200},"classes":[]},{"id":19527,"url":"http:\/\/www.passionfruits.fr\/index.php\/produit\/limonade-la-beauceronne-cassis-bouteille-33-cl\/","url_meta":{"origin":8280,"position":4},"title":"Limonade la Beauceronne Cassis bouteille 33 cl","date":"4 ao\u00fbt 2023","format":false,"excerpt":"6 \u20ac les 3 bouteilles La limonade nature, cr\u00e9e en 1888, se diversifie en 2013 en se colorant et en s'aromatisant de plusieurs parfums. La citron glac\u00e9 n'est pas sans rappeler une fameuse glace au citron de notre enfance. A boire bien frais! Composition Eau gaz\u00e9ifi\u00e9e, sucre de betterave, dioxyde\u2026","rel":"","context":"Article similaire","img":{"alt_text":"","src":"https:\/\/i1.wp.com\/www.passionfruits.fr\/wp-content\/uploads\/2023\/08\/69526.jpg?fit=600%2C600&resize=350%2C200","width":350,"height":200},"classes":[]},{"id":7886,"url":"http:\/\/www.passionfruits.fr\/index.php\/produit\/vinaigrette-au-piment-despelette-la-bouteille-de-500ml\/","url_meta":{"origin":8280,"position":5},"title":"Vinaigrette au piment d'espelette bouteille 500ml","date":"29 janvier 2016","format":false,"excerpt":"Sauce vinaigrette Jean d\u2019Audignac. Excellente vinaigrette pour assaisonner les salades et crudit\u00e9s. Ingr\u00e9dients : huile de tournesol 50%, vinaigre de vin de Bordeaux* 32.5% (dont conservateur E228* et stabilisant E414) eau, moutarde de Dijon (graines de moutarde, vinaigre d'alcool eau, sel), sel, piment d'Espelette 0.75%. * Contient des sulfites. Valeurs\u2026","rel":"","context":"Article similaire","img":{"alt_text":"","src":"https:\/\/i0.wp.com\/www.passionfruits.fr\/wp-content\/uploads\/2016\/01\/Vinaigrette-espelette.jpg?fit=598%2C600&resize=350%2C200","width":350,"height":200},"classes":[]}],"_links":{"self":[{"href":"http:\/\/www.passionfruits.fr\/index.php\/wp-json\/wp\/v2\/product\/8280"}],"collection":[{"href":"http:\/\/www.passionfruits.fr\/index.php\/wp-json\/wp\/v2\/product"}],"about":[{"href":"http:\/\/www.passionfruits.fr\/index.php\/wp-json\/wp\/v2\/types\/product"}],"replies":[{"embeddable":true,"href":"http:\/\/www.passionfruits.fr\/index.php\/wp-json\/wp\/v2\/comments?post=8280"}],"wp:featuredmedia":[{"embeddable":true,"href":"http:\/\/www.passionfruits.fr\/index.php\/wp-json\/wp\/v2\/media\/8281"}],"wp:attachment":[{"href":"http:\/\/www.passionfruits.fr\/index.php\/wp-json\/wp\/v2\/media?parent=8280"}],"curies":[{"name":"wp","href":"https:\/\/api.w.org\/{rel}","templated":true}]}}