{"id":8343,"date":"2016-03-04T20:18:12","date_gmt":"2016-03-04T19:18:12","guid":{"rendered":"http:\/\/www.andreclaude.fr\/web\/?post_type=product&#038;p=8343"},"modified":"2025-11-22T09:29:24","modified_gmt":"2025-11-22T08:29:24","slug":"ananas-entier-epluche-en-barquette","status":"publish","type":"product","link":"http:\/\/www.passionfruits.fr\/index.php\/produit\/ananas-entier-epluche-en-barquette\/","title":{"rendered":"Ananas entier Cote d &#8216;ivoire Cat 1 \u00e9pluch\u00e9"},"content":{"rendered":"","protected":false},"excerpt":{"rendered":"<p>Ananas frais pr\u00eats \u00e0 \u00eatre d\u00e9gust\u00e9 ! sans additifs, d\u00e9j\u00e0 \u00e9pluch\u00e9s et coup\u00e9s, pour un plaisir imm\u00e9diat.<br \/>\nSuccombez alors \u00e0 la gourmandise en toute simplicit\u00e9 !<\/p>\n<p>Conditionn\u00e9 par nos soins en barquette refermable \u00e0 volont\u00e9 pour garder toute sa saveur.<\/p>\n<p>100% Frais, 100% Pr\u00eat, sans conservateur.<\/p>\n","protected":false},"featured_media":17600,"comment_status":"closed","ping_status":"closed","template":"","meta":{"spay_email":"","jetpack_publicize_message":"","jetpack_is_tweetstorm":false},"jetpack_publicize_connections":[],"jetpack_sharing_enabled":true,"jetpack-related-posts":[{"id":9275,"url":"http:\/\/www.passionfruits.fr\/index.php\/produit\/ananas-demi-epluche-en-cube-la-barq\/","url_meta":{"origin":8343,"position":0},"title":"Ananas demi \u00e9pluch\u00e9 en cube la barq","date":"27 ao\u00fbt 2016","format":false,"excerpt":"","rel":"","context":"Article similaire","img":{"alt_text":"","src":"https:\/\/i2.wp.com\/www.passionfruits.fr\/wp-content\/uploads\/2016\/08\/ananas-cube.jpg?fit=602%2C600&resize=350%2C200","width":350,"height":200},"classes":[]},{"id":6497,"url":"http:\/\/www.passionfruits.fr\/index.php\/produit\/blanc-de-poireau-barq-400grs\/","url_meta":{"origin":8343,"position":1},"title":"Blanc de poireau Portugal Cat 1 la Barq. 400g","date":"7 d\u00e9cembre 2015","format":false,"excerpt":"L\u00e9gumes \u00e9pluch\u00e9s et coup\u00e9s, pr\u00eats \u00e0 consommer. Conditionn\u00e9 en barquette refermable \u00e0 volont\u00e9 pour garder toute sa saveur. 100% Frais, 100% Pr\u00eat, sans conservateur.","rel":"","context":"Article similaire","img":{"alt_text":"","src":"https:\/\/i0.wp.com\/www.passionfruits.fr\/wp-content\/uploads\/2015\/12\/blanc-de-poireau-450x300.jpg?fit=450%2C300&resize=350%2C200","width":350,"height":200},"classes":[]},{"id":6499,"url":"http:\/\/www.passionfruits.fr\/index.php\/produit\/courgette-lamelle-barq-450grs\/","url_meta":{"origin":8343,"position":2},"title":"Courgette lamelle France  Cat 1 la barq 450 grs","date":"7 d\u00e9cembre 2015","format":false,"excerpt":"L\u00e9gumes \u00e9pluch\u00e9s et coup\u00e9s, pr\u00eats \u00e0 consommer. Conditionn\u00e9 en barquette refermable \u00e0 volont\u00e9 pour garder toute sa saveur. 100% Frais, 100% Pr\u00eat, sans conservateur.","rel":"","context":"Article similaire","img":{"alt_text":"","src":"https:\/\/i1.wp.com\/www.passionfruits.fr\/wp-content\/uploads\/2015\/12\/Courgettes-Rondelle.jpg?fit=600%2C600&resize=350%2C200","width":350,"height":200},"classes":[]},{"id":6508,"url":"http:\/\/www.passionfruits.fr\/index.php\/produit\/carotte-rondelle-barq-500g\/","url_meta":{"origin":8343,"position":3},"title":"Carotte rondelle Portugal  Cat 1 la barq. 500g","date":"7 d\u00e9cembre 2015","format":false,"excerpt":"L\u00e9gumes \u00e9pluch\u00e9s et coup\u00e9s, pr\u00eats \u00e0 consommer. Conditionn\u00e9 en barquette refermable \u00e0 volont\u00e9 pour garder toute sa saveur. 100% Frais, 100% Pr\u00eat, sans conservateur.","rel":"","context":"Article similaire","img":{"alt_text":"","src":"https:\/\/i1.wp.com\/www.passionfruits.fr\/wp-content\/uploads\/2015\/12\/carotte-rondelle.jpg?fit=600%2C600&resize=350%2C200","width":350,"height":200},"classes":[]},{"id":6300,"url":"http:\/\/www.passionfruits.fr\/index.php\/produit\/rapee-chou-blanc-rape-barq-150g\/","url_meta":{"origin":8343,"position":4},"title":"Chou blanc rap\u00e9 France Cat 1 la barq.150g","date":"7 d\u00e9cembre 2015","format":false,"excerpt":"L\u00e9gumes \u00e9pluch\u00e9s et coup\u00e9s, pr\u00eats \u00e0 consommer. Conditionn\u00e9 en barquette refermable \u00e0 volont\u00e9 pour garder toute sa saveur. 100% Frais, 100% Pr\u00eat, sans conservateur.","rel":"","context":"Article similaire","img":{"alt_text":"","src":"https:\/\/i0.wp.com\/www.passionfruits.fr\/wp-content\/uploads\/2015\/12\/chou-blanc1.jpg?fit=600%2C599&resize=350%2C200","width":350,"height":200},"classes":[]},{"id":6302,"url":"http:\/\/www.passionfruits.fr\/index.php\/produit\/rapee-chou-rouge-rape-barq-150g\/","url_meta":{"origin":8343,"position":5},"title":"Chou rouge rap\u00e9 France Cat 1 la barq.150g","date":"7 d\u00e9cembre 2015","format":false,"excerpt":"L\u00e9gumes \u00e9pluch\u00e9s et coup\u00e9s, pr\u00eats \u00e0 consommer. Conditionn\u00e9 en barquette refermable \u00e0 volont\u00e9 pour garder toute sa saveur. 100% Frais, 100% Pr\u00eat, sans conservateur.","rel":"","context":"Article similaire","img":{"alt_text":"","src":"https:\/\/i1.wp.com\/www.passionfruits.fr\/wp-content\/uploads\/2015\/12\/chou-rouge1.jpg?fit=599%2C599&resize=350%2C200","width":350,"height":200},"classes":[]}],"_links":{"self":[{"href":"http:\/\/www.passionfruits.fr\/index.php\/wp-json\/wp\/v2\/product\/8343"}],"collection":[{"href":"http:\/\/www.passionfruits.fr\/index.php\/wp-json\/wp\/v2\/product"}],"about":[{"href":"http:\/\/www.passionfruits.fr\/index.php\/wp-json\/wp\/v2\/types\/product"}],"replies":[{"embeddable":true,"href":"http:\/\/www.passionfruits.fr\/index.php\/wp-json\/wp\/v2\/comments?post=8343"}],"wp:featuredmedia":[{"embeddable":true,"href":"http:\/\/www.passionfruits.fr\/index.php\/wp-json\/wp\/v2\/media\/17600"}],"wp:attachment":[{"href":"http:\/\/www.passionfruits.fr\/index.php\/wp-json\/wp\/v2\/media?parent=8343"}],"curies":[{"name":"wp","href":"https:\/\/api.w.org\/{rel}","templated":true}]}}