{"id":9242,"date":"2016-08-20T10:54:59","date_gmt":"2016-08-20T09:54:59","guid":{"rendered":"http:\/\/www.andreclaude.fr\/web\/?post_type=product&#038;p=9242"},"modified":"2022-12-03T15:16:30","modified_gmt":"2022-12-03T14:16:30","slug":"melange-sambahia-barquette-150-g-environ","status":"publish","type":"product","link":"http:\/\/www.passionfruits.fr\/index.php\/produit\/melange-sambahia-barquette-150-g-environ\/","title":{"rendered":"M\u00e9lange sambahia barquette 150 g environ"},"content":{"rendered":"<p>Distribu\u00e9 par<\/p>\n<p>Agidra<\/p>\n<p>BP 156<\/p>\n<p>69801 SAINT PRIEST<\/p>\n","protected":false},"excerpt":{"rendered":"<p>M\u00e9lange d&#8217;arachides enrob\u00e9es et de biscuits souffl\u00e9s au riz.<\/p>\n<p>Conditionn\u00e9 en barquette refermable \u00e0 volont\u00e9 pour garder toute sa saveur.<\/p>\n<p>Ingr\u00e9dients: Riz 33%, arachides 17%, farine de bl\u00e9,sucre, huile vegetales (palm, tournesol), amidon modifi\u00e9 de ma\u00efs et de tapioca, sauce soja (eau,soja,bl\u00e9,sel), sel, assaisonnement aromtis\u00e9 (maltodextrine, sel, oignon, ail, sucre, extrait de levure, exhauteurs de go\u00fbt: E627-E631-E635,antiagglom\u00e9rant:E551, ar\u00f4me (contient du s\u00e9same), piment en poudre basilic, gingembre,cumin, acidifiants: E260-E262-E296-E330, huile de tournesol),maltodextrine, amidon detapioca, herbes aromatique (origan,thym,marjolaine, romarin, persil), poudre a lever:E503, colorant:E100-E120-E141-E150a-E160c, ar\u00f4mes, extrait, de levure,antioxydant: E306,sirop de glucose.<\/p>\n<p>Valeurs \u00e9nerg\u00e9tiques et nutritionnelles moyennes pour 100g :<\/p>\n<p>Energie 1950kJ \/ 465kcal<br \/>\nGraisses 18.0g dont acides gras satur\u00e9s 6.6g<br \/>\nGlucides 65.9g dont sucres 12.7g<br \/>\nPrto\u00e9ines 8.0g<br \/>\nSel 1.3g<\/p>\n","protected":false},"featured_media":9243,"comment_status":"closed","ping_status":"closed","template":"","meta":{"spay_email":"","jetpack_publicize_message":"","jetpack_is_tweetstorm":false},"jetpack_publicize_connections":[],"jetpack_sharing_enabled":true,"jetpack-related-posts":[{"id":6285,"url":"http:\/\/www.passionfruits.fr\/index.php\/produit\/melange-mexicain-barq-160-g\/","url_meta":{"origin":9242,"position":0},"title":"M\u00e9lange Mexicain barquette 220 g environ","date":"7 d\u00e9cembre 2015","format":false,"excerpt":"Conditionn\u00e9 en barquette refermable \u00e0 volont\u00e9 pour garder toute sa saveur. Ingr\u00e9dients: Arachides 53%, ma\u00efs, amidon de pomme de terre, amidon de bl\u00e9, sel, \u00e9pices, sucre, l\u00e9gumes s\u00e9ch\u00e9es, oeuf, extrait de levure, fromage en poudre, amidon modifi\u00e9 de ma\u00efs, acidifiants E262, E330, E270. Valeurs nutritionnelles et \u00e9nerg\u00e9tiques pour 100g :\u2026","rel":"","context":"Article similaire","img":{"alt_text":"","src":"https:\/\/i1.wp.com\/www.passionfruits.fr\/wp-content\/uploads\/2015\/12\/melange-mexicain01.jpg?fit=600%2C600&resize=350%2C200","width":350,"height":200},"classes":[]},{"id":10332,"url":"http:\/\/www.passionfruits.fr\/index.php\/produit\/arachides-3-chocolats-de-paques-sachet-428g\/","url_meta":{"origin":9242,"position":1},"title":"Arachides 3 chocolats sachet 420 grs","date":"21 mars 2017","format":false,"excerpt":"De d\u00e9licieuses cacahu\u00e8tes enrob\u00e9es aux trois chocolats: chocolat noir, chocolat au lait et chocolat blanc. Ingr\u00e9dients : arachide 49%, chocolat noir (p\u00e2te de cacao, sucre, beurre de cacao, mati\u00e8re grasse laiti\u00e8re, \u00e9mulsifiant : l\u00e9cithine de soja, ar\u00f4me naturel vanille), chocolat au lait (sucre, beurre de cacao, lait entier en poudre,\u2026","rel":"","context":"Article similaire","img":{"alt_text":"","src":"https:\/\/i2.wp.com\/www.passionfruits.fr\/wp-content\/uploads\/2017\/03\/oeufs-de-paques.jpg?fit=500%2C500&resize=350%2C200","width":350,"height":200},"classes":[]},{"id":5833,"url":"http:\/\/www.passionfruits.fr\/index.php\/produit\/melange-japonais-barq-150g\/","url_meta":{"origin":9242,"position":2},"title":"M\u00e9lange Japonais barquette 150 g environ","date":"7 d\u00e9cembre 2015","format":false,"excerpt":"C\u2019est un joyeux m\u00e9lange de saveurs qui vont du sal\u00e9 au l\u00e9g\u00e8rement sucr\u00e9. Les petites boules renferment en g\u00e9n\u00e9ral une cacahu\u00e8te dans leur coque color\u00e9e et douce. Les petits biscuits sont d\u00e9licatement \u00e9pic\u00e9s et sal\u00e9s. Ce m\u00e9lange ne pique pas. Conditionn\u00e9 en barquette refermable \u00e0 volont\u00e9 pour garder toute sa\u2026","rel":"","context":"Article similaire","img":{"alt_text":"","src":"https:\/\/i1.wp.com\/www.passionfruits.fr\/wp-content\/uploads\/2015\/12\/melange-japonais.jpg?fit=600%2C600&resize=350%2C200","width":350,"height":200},"classes":[]},{"id":5951,"url":"http:\/\/www.passionfruits.fr\/index.php\/produit\/cigarette-chocolat\/","url_meta":{"origin":9242,"position":3},"title":"Cigarette au chocolat la boite 400g","date":"7 d\u00e9cembre 2015","format":false,"excerpt":"Cigarettes Fourr\u00e9es au Chocolat et aux Noisettes. Marque : Bolero. Conditionnement : Boite 400g. Ingr\u00e9dients : sucre, farine de bl\u00e9, huile de palme, poudre de lactos\u00e9rum, amidon de ma\u00efs, poudre de cacao d\u00e9graiss\u00e9(3.7%), lait \u00e9cr\u00e9m\u00e9 en poudre, noisettes (1.2%), \u00e9mulsifiant : l\u00e9cithine de soja, colorant : couleur caramel, sirop de\u2026","rel":"","context":"Article similaire","img":{"alt_text":"","src":"https:\/\/i2.wp.com\/www.passionfruits.fr\/wp-content\/uploads\/2015\/12\/Cigarette-chocolat.jpg?fit=600%2C600&resize=350%2C200","width":350,"height":200},"classes":[]},{"id":5835,"url":"http:\/\/www.passionfruits.fr\/index.php\/produit\/wasabi-barq-150-g\/","url_meta":{"origin":9242,"position":4},"title":"Wasabi barquette 200 g environ soit 9.95\u20ac le Kg","date":"7 d\u00e9cembre 2015","format":false,"excerpt":"Une arachide enrob\u00e9 d'une p\u00e2te croustillante et de wasabi, un produit relev\u00e9 et croustillant. Conditionn\u00e9 en barquette refermable \u00e0 volont\u00e9 pour garder toute sa saveur. Ingr\u00e9dients : Arachide 37%, amidon de ma\u00efs, farine de bl\u00e9, sucre, huile de palme, sel, poudre de wasabi 0.3% (contient moutarde), colorant: E140. Traces possibles\u2026","rel":"","context":"Article similaire","img":{"alt_text":"","src":"https:\/\/i0.wp.com\/www.passionfruits.fr\/wp-content\/uploads\/2015\/12\/wasabi1.jpg?fit=600%2C600&resize=350%2C200","width":350,"height":200},"classes":[]},{"id":7782,"url":"http:\/\/www.passionfruits.fr\/index.php\/produit\/pain-a-la-tomate-sachet-150g\/","url_meta":{"origin":9242,"position":5},"title":"Pain grill\u00e9 \u00e0 la tomate sachet 150g","date":"21 janvier 2016","format":false,"excerpt":"Id\u00e9al pour tartiner vos tapenades \u00e0 l' ap\u00e9ritif. Ingr\u00e9dients : farine de bl\u00e9, huile de tournesol raffin\u00e9e (29%), tomate d\u00e9shydrat\u00e9e en poudre (8%)\u00a0 levure, sel, origan (0.4%), am\u00e9liorant de panification (farine de bl\u00e9, antiagglom\u00e9rant E170i, \u00e9mulsifiant E472e, antioxydant E300 et enzymes) et sucre. Contient du gluten. Contient des traces de\u2026","rel":"","context":"Article similaire","img":{"alt_text":"","src":"https:\/\/i1.wp.com\/www.passionfruits.fr\/wp-content\/uploads\/2016\/01\/pain-tomatep.jpg?fit=460%2C460&resize=350%2C200","width":350,"height":200},"classes":[]}],"_links":{"self":[{"href":"http:\/\/www.passionfruits.fr\/index.php\/wp-json\/wp\/v2\/product\/9242"}],"collection":[{"href":"http:\/\/www.passionfruits.fr\/index.php\/wp-json\/wp\/v2\/product"}],"about":[{"href":"http:\/\/www.passionfruits.fr\/index.php\/wp-json\/wp\/v2\/types\/product"}],"replies":[{"embeddable":true,"href":"http:\/\/www.passionfruits.fr\/index.php\/wp-json\/wp\/v2\/comments?post=9242"}],"wp:featuredmedia":[{"embeddable":true,"href":"http:\/\/www.passionfruits.fr\/index.php\/wp-json\/wp\/v2\/media\/9243"}],"wp:attachment":[{"href":"http:\/\/www.passionfruits.fr\/index.php\/wp-json\/wp\/v2\/media?parent=9242"}],"curies":[{"name":"wp","href":"https:\/\/api.w.org\/{rel}","templated":true}]}}