{"id":9581,"date":"2016-10-27T07:13:03","date_gmt":"2016-10-27T06:13:03","guid":{"rendered":"http:\/\/www.andreclaude.fr\/web\/?post_type=product&#038;p=9581"},"modified":"2019-11-07T11:35:19","modified_gmt":"2019-11-07T10:35:19","slug":"pate-de-fruits-sachet-1-kilo","status":"publish","type":"product","link":"http:\/\/www.passionfruits.fr\/index.php\/produit\/pate-de-fruits-sachet-1-kilo\/","title":{"rendered":"P\u00e2te de fruits sachet de 1 kilo"},"content":{"rendered":"<p>Distribu\u00e9 par<\/p>\n<p>AGIDRA<\/p>\n<p>BP 156<\/p>\n<p>69801 SAINT PRIEST<\/p>\n","protected":false},"excerpt":{"rendered":"<p>Succulentes douceurs aux formes de fruits, fabriqu\u00e9es \u00e0 base d&#8217;ar\u00f4mes naturels. Tendres et fondantes \u00e0 souhait !<\/p>\n<p>Gommes de pectine sucr\u00e9es au go\u00fbt de fruits : sucre, sirop de glucose, eau, g\u00e9lifiant (pectine), fibres d&#8217;<strong>avoine, <\/strong>acidifiant (acide citrique), ar\u00f4mes naturels, colorants (E100, E120,E141,E163), concentr\u00e9 d&#8217;ananas (0.1%), ar\u00f4me naturel d&#8217;orange.<\/p>\n<p>Valeurs nutritionnelles pour 100 g<\/p>\n<p>Energie : 1322kj\/311kcal<\/p>\n<p>Lipides : 0.1g dont acides gras satur\u00e9s 0.1g<\/p>\n<p>Glucides : 77g dont sucres 60g<\/p>\n<p>Prot\u00e9ines\u00a0 : 0.1g<\/p>\n<p>Sel 0.3g<\/p>\n<p>A conserver au sec, \u00e0 l&#8217;abri de la lumi\u00e8re et \u00e0 temp\u00e9rature ambiante.<\/p>\n","protected":false},"featured_media":7739,"comment_status":"closed","ping_status":"closed","template":"","meta":{"spay_email":"","jetpack_publicize_message":"","jetpack_is_tweetstorm":false},"jetpack_publicize_connections":[],"jetpack_sharing_enabled":true,"jetpack-related-posts":[{"id":6281,"url":"http:\/\/www.passionfruits.fr\/index.php\/produit\/pate-de-fruits-barquette-280-grs-env\/","url_meta":{"origin":9581,"position":0},"title":"P\u00e2te de fruits barquette 250g env.","date":"7 d\u00e9cembre 2015","format":false,"excerpt":"Succulentes douceurs aux formes de fruits, fabriqu\u00e9es \u00e0 base d'ar\u00f4mes naturels. Tendres et fondantes \u00e0 souhait ! Gommes de pectine sucr\u00e9es au go\u00fbt de fruits : sucre, sirop de glucose, eau, g\u00e9lifiant (pectine), fibres d'avoine, acidifiant (acide citrique), ar\u00f4mes naturels, colorants (E100, E120,E141,E163), concentr\u00e9 d'ananas (0.1%), ar\u00f4me naturel d'orange. Valeurs\u2026","rel":"","context":"Article similaire","img":{"alt_text":"","src":"https:\/\/i2.wp.com\/www.passionfruits.fr\/wp-content\/uploads\/2015\/12\/pates-fruits.jpg?fit=554%2C604&resize=350%2C200","width":350,"height":200},"classes":[]},{"id":10332,"url":"http:\/\/www.passionfruits.fr\/index.php\/produit\/arachides-3-chocolats-de-paques-sachet-428g\/","url_meta":{"origin":9581,"position":1},"title":"Arachides 3 chocolats sachet 420 grs","date":"21 mars 2017","format":false,"excerpt":"De d\u00e9licieuses cacahu\u00e8tes enrob\u00e9es aux trois chocolats: chocolat noir, chocolat au lait et chocolat blanc. Ingr\u00e9dients : arachide 49%, chocolat noir (p\u00e2te de cacao, sucre, beurre de cacao, mati\u00e8re grasse laiti\u00e8re, \u00e9mulsifiant : l\u00e9cithine de soja, ar\u00f4me naturel vanille), chocolat au lait (sucre, beurre de cacao, lait entier en poudre,\u2026","rel":"","context":"Article similaire","img":{"alt_text":"","src":"https:\/\/i2.wp.com\/www.passionfruits.fr\/wp-content\/uploads\/2017\/03\/oeufs-de-paques.jpg?fit=500%2C500&resize=350%2C200","width":350,"height":200},"classes":[]},{"id":11338,"url":"http:\/\/www.passionfruits.fr\/index.php\/produit\/cake-aux-fruits-en-tranche-le-paquet-de-250-grs\/","url_meta":{"origin":9581,"position":2},"title":"Cake aux fruits en tranche le paquet de 250 grs","date":"25 novembre 2017","format":false,"excerpt":"Ingr\u00e9dients : Fruits 38.2% (raisins secs (14.2%), bigarreaux confits (13%), bigarreaux (6.6%), sirop de glucose-fructose, colorant ; anthocyanes, correcteur d'acidit\u00e9 : acide citrique, conservateur : anhydride sulfureux), \u00e9corces d'orange confites (5.5%) (\u00e9corces d'orange (2.9%), sirop de glucose fructose, sacharrose, correcteur d'acidit\u00e9 : acide citrique, conservateur : anhydride sulfureux, cubes de\u2026","rel":"","context":"Article similaire","img":{"alt_text":"","src":"https:\/\/i0.wp.com\/www.passionfruits.fr\/wp-content\/uploads\/2017\/11\/cake-fruits.jpg?fit=600%2C600&resize=350%2C200","width":350,"height":200},"classes":[]},{"id":5344,"url":"http:\/\/www.passionfruits.fr\/index.php\/produit\/datte-branche-les-500-grs\/","url_meta":{"origin":9581,"position":3},"title":"Datte branchette Algerie Cat 1 les 250g","date":"7 d\u00e9cembre 2015","format":false,"excerpt":"Datte branchette Valeurs nutritionnelles moyennes pour 100g Energie : 1252kj\/296 kcal Mati\u00e8res grasses : 0.2g dont acides gras satur\u00e9s : 0.1g Glucides : 67.4g dont sucres : 55.9g Fibres : 7.3g Prot\u00e9ines : 2.4g Sel\u00a0 : 0g \u00a0","rel":"","context":"Article similaire","img":{"alt_text":"","src":"https:\/\/i2.wp.com\/www.passionfruits.fr\/wp-content\/uploads\/2015\/12\/datte-seche.jpg?fit=300%2C300&resize=350%2C200","width":350,"height":200},"classes":[]},{"id":6144,"url":"http:\/\/www.passionfruits.fr\/index.php\/produit\/limonade-la-bouteille\/","url_meta":{"origin":9581,"position":4},"title":"Limonade la Beauceronne bouteille 1 litre","date":"7 d\u00e9cembre 2015","format":false,"excerpt":"Sans colorant,Sans ar\u00f4me artificiel,Sans conservateur. Elle est con\u00e7ue avec des produits de notre terroir :Eau des nappes de Beauce,Sucre de betterave,Ar\u00f4me naturel d\u2019agrumes. Ingr\u00e9dients : Eau gaz\u00e9ifi\u00e9e, sucre de betterave, ar\u00f4mes naturels d'agrumes, acide citrique. D\u00e9claration nutritionnelle pour 100ml : Energie : 131kj \/ 31kcal Mati\u00e8res grasses : 0g dont\u2026","rel":"","context":"Article similaire","img":{"alt_text":"","src":"https:\/\/i0.wp.com\/www.passionfruits.fr\/wp-content\/uploads\/2015\/12\/limonade-la-beauceronne.jpg?fit=600%2C600&resize=350%2C200","width":350,"height":200},"classes":[]},{"id":5347,"url":"http:\/\/www.passionfruits.fr\/index.php\/produit\/abricot-sec-les-250-grs\/","url_meta":{"origin":9581,"position":5},"title":"Abricot moelleux Turquie Cat 1 les 250g","date":"7 d\u00e9cembre 2015","format":false,"excerpt":"Ingr\u00e9dients : abricots secs de Turquie, eau, antioxydant : anhydride sulfureux, conservateur sorbate de potassium Valeurs \u00e9nerg\u00e9tiques et nutritionnelles moyennes pour 100 g: Energie 818kj\/193kcal Graisses 0.3g dont acides gras satur\u00e9s 0.1g Glucides 42g dont sucres 32g Fibres alimentaires : 4.5g Prot\u00e9ines 2g Sel 0.07g","rel":"","context":"Article similaire","img":{"alt_text":"","src":"https:\/\/i1.wp.com\/www.passionfruits.fr\/wp-content\/uploads\/2015\/12\/abricotsec.jpg?fit=346%2C346&resize=350%2C200","width":350,"height":200},"classes":[]}],"_links":{"self":[{"href":"http:\/\/www.passionfruits.fr\/index.php\/wp-json\/wp\/v2\/product\/9581"}],"collection":[{"href":"http:\/\/www.passionfruits.fr\/index.php\/wp-json\/wp\/v2\/product"}],"about":[{"href":"http:\/\/www.passionfruits.fr\/index.php\/wp-json\/wp\/v2\/types\/product"}],"replies":[{"embeddable":true,"href":"http:\/\/www.passionfruits.fr\/index.php\/wp-json\/wp\/v2\/comments?post=9581"}],"wp:featuredmedia":[{"embeddable":true,"href":"http:\/\/www.passionfruits.fr\/index.php\/wp-json\/wp\/v2\/media\/7739"}],"wp:attachment":[{"href":"http:\/\/www.passionfruits.fr\/index.php\/wp-json\/wp\/v2\/media?parent=9581"}],"curies":[{"name":"wp","href":"https:\/\/api.w.org\/{rel}","templated":true}]}}