{"id":10554,"date":"2017-05-09T13:29:05","date_gmt":"2017-05-09T12:29:05","guid":{"rendered":"http:\/\/www.andreclaude.fr\/web\/?page_id=10554"},"modified":"2021-02-22T15:55:20","modified_gmt":"2021-02-22T14:55:20","slug":"horaires","status":"publish","type":"page","link":"https:\/\/www.passionfruits.fr\/index.php\/horaires\/","title":{"rendered":"Horaires"},"content":{"rendered":"<p><strong>Passion fruits Chartres\u00a0 &#8211; Jours et horaires D&#8217;ouverture<\/strong><br \/>\nMardi :\u00a0\u00a0\u00a0\u00a0\u00a0 9h \u00e0 12h30 &#8211; 15h \u00e0 19h<br \/>\nMercredi : 9h \u00e0 12h30 &#8211; 15h \u00e0 19h<br \/>\nJeudi : \u00a0 \u00a0 \u00a0\u00a0 9h \u00e0 12h30 &#8211; 15h \u00e0 19h<br \/>\nVendredi :\u00a0 8h30 \u00e0 19h<br \/>\nSamedi :\u00a0\u00a0\u00a0\u00a0 8h30 \u00e0 18h<\/p>\n<p><strong>\u00a0<\/strong><\/p>\n","protected":false},"excerpt":{"rendered":"<p>Passion fruits Chartres\u00a0 &#8211; Jours et horaires D&#8217;ouverture Mardi :\u00a0\u00a0\u00a0\u00a0\u00a0 9h \u00e0 12h30 &#8211; 15h \u00e0 19h Mercredi : 9h \u00e0 12h30 &#8211; 15h \u00e0 19h Jeudi : \u00a0 \u00a0 \u00a0\u00a0 9h \u00e0 12h30 &#8211; 15h \u00e0 19h Vendredi :\u00a0 8h30 \u00e0 19h Samedi :\u00a0\u00a0\u00a0\u00a0 8h30 \u00e0 18h \u00a0<\/p>\n","protected":false},"author":1,"featured_media":0,"parent":0,"menu_order":0,"comment_status":"closed","ping_status":"closed","template":"","meta":{"spay_email":""},"jetpack_sharing_enabled":true,"jetpack_shortlink":"https:\/\/wp.me\/PcPACh-2Ke","jetpack-related-posts":[{"id":6885,"url":"https:\/\/www.passionfruits.fr\/index.php\/conditions-generales\/","url_meta":{"origin":10554,"position":0},"title":"Conditions G\u00e9n\u00e9rales","date":"10 d\u00e9cembre 2015","format":false,"excerpt":"Nos trois crit\u00e8res essentiels sont : LA FRAICHEUR, LE GOUT, LE PRIX Une question, un besoin de conseils, des remarques ou suggestions. Nous sommes \u00e0 votre disposition pour vous r\u00e9pondre. Beaucoup de nos produits proviennent directement du march\u00e9 de Rungis, (le plus grand march\u00e9 du Monde de produits frais) mais\u2026","rel":"","context":"Article similaire","img":{"alt_text":"","src":"","width":0,"height":0},"classes":[]},{"id":2,"url":"https:\/\/www.passionfruits.fr\/index.php\/page-d-exemple\/","url_meta":{"origin":10554,"position":1},"title":"Page d&rsquo;exemple","date":"2 d\u00e9cembre 2015","format":false,"excerpt":"Voici un exemple de page. Elle est diff\u00e9rente d'un article de blog, en cela qu'elle restera \u00e0 la m\u00eame place, et s'affichera dans le menu de navigation de votre site (en fonction de votre th\u00e8me). La plupart des gens commencent par \u00e9crire une page \u00ab \u00c0 Propos \u00bb qui les\u2026","rel":"","context":"Article similaire","img":{"alt_text":"","src":"","width":0,"height":0},"classes":[]},{"id":1860,"url":"https:\/\/www.passionfruits.fr\/index.php\/home-shop-1\/","url_meta":{"origin":10554,"position":2},"title":"Home Shop 1","date":"1 d\u00e9cembre 2014","format":false,"excerpt":"","rel":"","context":"Article similaire","img":{"alt_text":"","src":"","width":0,"height":0},"classes":[]},{"id":7911,"url":"https:\/\/www.passionfruits.fr\/index.php\/historique-des-entreprises\/","url_meta":{"origin":10554,"position":3},"title":"Historique des entreprises","date":"1 f\u00e9vrier 2016","format":false,"excerpt":"La SARL ANDRE Claude a \u00e9t\u00e9 cr\u00e9\u00e9e en 1985 par Monsieur ANDRE Claude, sp\u00e9cialiste du produit frais depuis 1960. D\u00e9m\u00e9nagement de la soci\u00e9t\u00e9 en 2005 au 40 rue du Mar\u00e9chal Leclerc \u00e0 Luc\u00e9. Reprise par St\u00e9phane ANDRE en 2006. C\u2019est une affaire familiale, toujours en pleine \u00e9volution, qui vous propose\u2026","rel":"","context":"Article similaire","img":{"alt_text":"","src":"","width":0,"height":0},"classes":[]},{"id":2919,"url":"https:\/\/www.passionfruits.fr\/index.php\/product-category\/","url_meta":{"origin":10554,"position":4},"title":"Product category","date":"23 mars 2015","format":false,"excerpt":"","rel":"","context":"Article similaire","img":{"alt_text":"","src":"","width":0,"height":0},"classes":[]},{"id":267,"url":"https:\/\/www.passionfruits.fr\/index.php\/contact\/","url_meta":{"origin":10554,"position":5},"title":"Contact","date":"28 ao\u00fbt 2014","format":false,"excerpt":"","rel":"","context":"Article similaire","img":{"alt_text":"","src":"","width":0,"height":0},"classes":[]}],"_links":{"self":[{"href":"https:\/\/www.passionfruits.fr\/index.php\/wp-json\/wp\/v2\/pages\/10554"}],"collection":[{"href":"https:\/\/www.passionfruits.fr\/index.php\/wp-json\/wp\/v2\/pages"}],"about":[{"href":"https:\/\/www.passionfruits.fr\/index.php\/wp-json\/wp\/v2\/types\/page"}],"author":[{"embeddable":true,"href":"https:\/\/www.passionfruits.fr\/index.php\/wp-json\/wp\/v2\/users\/1"}],"replies":[{"embeddable":true,"href":"https:\/\/www.passionfruits.fr\/index.php\/wp-json\/wp\/v2\/comments?post=10554"}],"version-history":[{"count":4,"href":"https:\/\/www.passionfruits.fr\/index.php\/wp-json\/wp\/v2\/pages\/10554\/revisions"}],"predecessor-version":[{"id":17583,"href":"https:\/\/www.passionfruits.fr\/index.php\/wp-json\/wp\/v2\/pages\/10554\/revisions\/17583"}],"wp:attachment":[{"href":"https:\/\/www.passionfruits.fr\/index.php\/wp-json\/wp\/v2\/media?parent=10554"}],"curies":[{"name":"wp","href":"https:\/\/api.w.org\/{rel}","templated":true}]}}