{"id":10167,"date":"2017-02-10T10:41:03","date_gmt":"2017-02-10T09:41:03","guid":{"rendered":"http:\/\/www.andreclaude.fr\/web\/?post_type=product&#038;p=10167"},"modified":"2021-12-14T10:09:22","modified_gmt":"2021-12-14T09:09:22","slug":"miel-de-fleurs-dete-du-berry-le-pot-de-500-grs","status":"publish","type":"product","link":"https:\/\/www.passionfruits.fr\/index.php\/produit\/miel-de-fleurs-dete-du-berry-le-pot-de-500-grs\/","title":{"rendered":"Miel de Fleurs d&#8217;\u00e9t\u00e9 du Berry le pot de 500 grs"},"content":{"rendered":"","protected":false},"excerpt":{"rendered":"","protected":false},"featured_media":11239,"comment_status":"closed","ping_status":"closed","template":"","meta":{"spay_email":"","jetpack_publicize_message":"","jetpack_is_tweetstorm":false},"jetpack_publicize_connections":[],"jetpack_sharing_enabled":true,"jetpack-related-posts":[{"id":6006,"url":"https:\/\/www.passionfruits.fr\/index.php\/produit\/fromage-blanc-battu-artisanale-pot-de-500-grs\/","url_meta":{"origin":10167,"position":0},"title":"Fromage Blanc battu Artisanal - pot 500 grs","date":"7 d\u00e9cembre 2015","format":false,"excerpt":"\u00a0Le fromage blanc battu est obtenu apr\u00e8s lissage du caill\u00e9 \u00e9goutt\u00e9 en moule. Ce proc\u00e9d\u00e9 lui conf\u00e8re une parfaite onctuosit\u00e9. Ingr\u00e9dients : lait de vache pasteuris\u00e9 Valeurs nutritionnelles moyennes pour 100g Energie : 422kj\/101kcal Mati\u00e8res grasses : 7g dont acides gras satur\u00e9s : 5.3g Glucides : 4.1g dont sucres 1.6g\u2026","rel":"","context":"Article similaire","img":{"alt_text":"","src":"https:\/\/i2.wp.com\/www.passionfruits.fr\/wp-content\/uploads\/2015\/12\/verse-room.jpg?fit=611%2C305&ssl=1&resize=350%2C200","width":350,"height":200},"classes":[]},{"id":5977,"url":"https:\/\/www.passionfruits.fr\/index.php\/produit\/creme-fraiche-artisanale-pot-de-500-grs\/","url_meta":{"origin":10167,"position":1},"title":"Cr\u00e8me fra\u00eeche Artisanale - pot 500 grs","date":"7 d\u00e9cembre 2015","format":false,"excerpt":"Le Petit Tr\u00f4o . La cr\u00e8me est obtenue \u00e0 partir de l\u2019\u00e9cr\u00e9mage du lait frais, puis pasteuris\u00e9e. La maturation avec l\u2019apport de ferments lactiques lui procure son go\u00fbt g\u00e9n\u00e9reux et sa consistance \u00e9paisse. Fondante en bouche, avec sa belle robe ivoire, elle accompagne d\u00e9licieusement les pr\u00e9parations culinaires. Ingr\u00e9dients : cr\u00e8me\u2026","rel":"","context":"Article similaire","img":{"alt_text":"","src":"https:\/\/i1.wp.com\/www.passionfruits.fr\/wp-content\/uploads\/2015\/12\/creme-fraiche.png?fit=600%2C600&ssl=1&resize=350%2C200","width":350,"height":200},"classes":[]},{"id":5132,"url":"https:\/\/www.passionfruits.fr\/index.php\/produit\/navet-les-500-grs\/","url_meta":{"origin":10167,"position":2},"title":"Navet France Cat 1 la pi\u00e8ce env. 200 grs","date":"7 d\u00e9cembre 2015","format":false,"excerpt":"Le navet, malgr\u00e9 la mauvaise r\u00e9putation dont l'affublent les expressions n\u00e9gatives comme avoir un sang de navet (\u00eatre apathique) ou sa signification de mauvais film, est un l\u00e9gume qui agr\u00e9mente avantageusement plats et sauces. On le trouve notamment dans le navarin et le pot au feu, il parfume les soupes....","rel":"","context":"Article similaire","img":{"alt_text":"","src":"https:\/\/i2.wp.com\/www.passionfruits.fr\/wp-content\/uploads\/2015\/12\/navets.jpg?fit=600%2C599&ssl=1&resize=350%2C200","width":350,"height":200},"classes":[]},{"id":5980,"url":"https:\/\/www.passionfruits.fr\/index.php\/produit\/fromage-blanc-faisselle-artisanale-pot-de-400-grs\/","url_meta":{"origin":10167,"position":3},"title":"Faisselle Artisanale - pot 500 grs","date":"7 d\u00e9cembre 2015","format":false,"excerpt":"Le Petit Tr\u00f4o . Faisselle est une appellation g\u00e9n\u00e9rique fran\u00e7aise d\u00e9signant du fromage frais de lait cru qui prend son nom du moule \u00e0 fromage dans lequel il s'\u00e9goutte\u00a0: la faisselle. Ingr\u00e9dients : lait de vache pasteuris\u00e9 Valeurs nutritionnelles moyennes pour 100g Energie : 422kj\/202kcal Mati\u00e8res grasses : 7g dont\u2026","rel":"","context":"Article similaire","img":{"alt_text":"","src":"https:\/\/i0.wp.com\/www.passionfruits.fr\/wp-content\/uploads\/2015\/12\/faisselle.png?fit=600%2C600&ssl=1&resize=350%2C200","width":350,"height":200},"classes":[]},{"id":5953,"url":"https:\/\/www.passionfruits.fr\/index.php\/produit\/pain-depices-le-paquet\/","url_meta":{"origin":10167,"position":4},"title":"Pain d'\u00e9pices au miel le paquet 500g","date":"7 d\u00e9cembre 2015","format":false,"excerpt":"Pain d\u2019\u00e9pices au miel avec perle de sucre paquet de 500 grs. Go\u00fbtez ce pain d\u2019\u00e9pices et vous retrouverez les saveurs de votre enfance. Ingr\u00e9dients : sirop de glucose-fructose, farine de seigle, miel (15%), sucre perl\u00e9 11%, poudres \u00e0 lever (carbonate acide de sodium, disphosphate disodique), \u00e9pices et ar\u00f4mes. Peut\u2026","rel":"","context":"Article similaire","img":{"alt_text":"","src":"https:\/\/i1.wp.com\/www.passionfruits.fr\/wp-content\/uploads\/2015\/12\/Pain_Epices.jpg?fit=600%2C600&ssl=1&resize=350%2C200","width":350,"height":200},"classes":[]},{"id":17781,"url":"https:\/\/www.passionfruits.fr\/index.php\/produit\/moutarde-au-miel-le-pot-de-200g\/","url_meta":{"origin":10167,"position":5},"title":"Moutarde au miel le pot de 200g","date":"21 mars 2021","format":false,"excerpt":"Ingr\u00e9dients : Graine de\u00a0moutarde, eau, vinaigre, sel, sucre,\u00a0miel\u00a010% conservateur :\u00a0sulfite, acide de sodium Valeurs nutritionnelles moyennes pour 100g Energie :\u00a0843kj\/202kcal Mati\u00e8res grasses\u00a012.1g dont acides gras satur\u00e9s\u00a00.9g Glucides\u00a013.7g dont sucres\u00a012.8g Fibres alimentaires\u00a04.1g Prot\u00e9ines\u00a07.6g Sel\u00a04.4g Distrazur 26780 Malataverne","rel":"","context":"Article similaire","img":{"alt_text":"","src":"https:\/\/i2.wp.com\/www.passionfruits.fr\/wp-content\/uploads\/2021\/03\/Moutarde563.jpg?fit=640%2C480&ssl=1&resize=350%2C200","width":350,"height":200},"classes":[]}],"_links":{"self":[{"href":"https:\/\/www.passionfruits.fr\/index.php\/wp-json\/wp\/v2\/product\/10167"}],"collection":[{"href":"https:\/\/www.passionfruits.fr\/index.php\/wp-json\/wp\/v2\/product"}],"about":[{"href":"https:\/\/www.passionfruits.fr\/index.php\/wp-json\/wp\/v2\/types\/product"}],"replies":[{"embeddable":true,"href":"https:\/\/www.passionfruits.fr\/index.php\/wp-json\/wp\/v2\/comments?post=10167"}],"wp:featuredmedia":[{"embeddable":true,"href":"https:\/\/www.passionfruits.fr\/index.php\/wp-json\/wp\/v2\/media\/11239"}],"wp:attachment":[{"href":"https:\/\/www.passionfruits.fr\/index.php\/wp-json\/wp\/v2\/media?parent=10167"}],"curies":[{"name":"wp","href":"https:\/\/api.w.org\/{rel}","templated":true}]}}