{"id":10538,"date":"2017-05-08T08:59:55","date_gmt":"2017-05-08T07:59:55","guid":{"rendered":"http:\/\/www.andreclaude.fr\/web\/?post_type=product&#038;p=10538"},"modified":"2022-07-19T15:51:10","modified_gmt":"2022-07-19T14:51:10","slug":"neuchatel-la-piece","status":"publish","type":"product","link":"https:\/\/www.passionfruits.fr\/index.php\/produit\/neuchatel-la-piece\/","title":{"rendered":"Neuchatel la pi\u00e8ce environ 190g"},"content":{"rendered":"<p>LES CATELIERS<\/p>\n<p>Fabriqu\u00e9 en France par FPB<\/p>\n<p>76270 Neufchatel en Braye<\/p>\n<p>&nbsp;<\/p>\n","protected":false},"excerpt":{"rendered":"<p><span class=\"PBLongTxt\">Au <strong>lait<\/strong> cru de vache, ce petit fromage en forme de c\u0153ur\u00a0vous apportera une saveur douce, sal\u00e9e et acidul\u00e9e\u00a0accompagn\u00e9 d\u2019une l\u00e9g\u00e8re odeur de lait. D\u2019une cro\u00fbte blanche\u00a0et fleurie et d\u2019une p\u00e2te blanche ou ivoire, le Neufch\u00e2tel vous offrira un go\u00fbt de champignons et de lait qui s\u2019accentuera en s\u2019affinant.<\/span><\/p>\n<p><span class=\"PBLongTxt\">Originaire de la Haute Normandie.<\/span> <span class=\"PBLongTxt\">Le Neufch\u00e2tel est sans doute le fromage normand le plus ancien. <\/span><\/p>\n<p>Ingr\u00e9dients :<strong> lait<\/strong> cru, sel, ferments <strong>lactiques et d&#8217;affinage (lait)<\/strong>, pr\u00e9sure.<\/p>\n<p>24% MG<\/p>\n<p>Valeurs nutritionnelles moyennes pour 100g<\/p>\n<p>Energie : 1229kj\/297kcal<\/p>\n<p>Mati\u00e8res grasses : 25.45g dont acides gars satur\u00e9s : 18g<\/p>\n<p>Glucides : 0.4g dont sucres : 0.4g<\/p>\n<p>Prot\u00e9ines : 16.6g<\/p>\n<p>Sel : 1.8g<\/p>\n<p>&nbsp;<\/p>\n","protected":false},"featured_media":10529,"comment_status":"closed","ping_status":"closed","template":"","meta":{"spay_email":"","jetpack_publicize_message":"","jetpack_is_tweetstorm":false},"jetpack_publicize_connections":[],"jetpack_sharing_enabled":true,"jetpack-related-posts":[{"id":10674,"url":"https:\/\/www.passionfruits.fr\/index.php\/produit\/camembert-gaslonde-la-piece\/","url_meta":{"origin":10538,"position":0},"title":"Camembert Isigny lait cru la pi\u00e8ce","date":"6 juin 2017","format":false,"excerpt":"Affinage\u00a0:\u00a02 \u00e0 4 semaines Au Lait CRU de vaches Normandes moulage manuel \u00e0 la louche. Bouquet puissant et saveur de terroir, LE CAMEMBERT\u00a0! LE VRAI\u00a0! Ingr\u00e9dients : lait cru de vache (Origine France Normandie) ferments, pr\u00e9sure, sel. Valeurs nutritionnelles pour 100g Energie : 1177kj\/284 kcal Mati\u00e8res grasses : 21.9g dont\u2026","rel":"","context":"Article similaire","img":{"alt_text":"","src":"https:\/\/i2.wp.com\/www.passionfruits.fr\/wp-content\/uploads\/2017\/06\/camembert-isigny.jpg?fit=600%2C598&ssl=1&resize=350%2C200","width":350,"height":200},"classes":[]},{"id":5758,"url":"https:\/\/www.passionfruits.fr\/index.php\/produit\/morbier-au-lait-cru-petite-part-env-150-grs\/","url_meta":{"origin":10538,"position":1},"title":"Morbier au lait cru part env. 200g","date":"7 d\u00e9cembre 2015","format":false,"excerpt":"Fromage au lait cru de vache, fabriqu\u00e9 dans le massif du Jura. Ni douce ni forte, sa saveur de cr\u00e8me est d\u00e9licate. Sa p\u00e2te jaune clair est fondante et souple. Excellent aussi pour les amateurs de raclette !!! Ingr\u00e9dients : lait de vache cru, sel, ferments lactiques, pr\u00e9sure, colorant :\u2026","rel":"","context":"Article similaire","img":{"alt_text":"","src":"https:\/\/i1.wp.com\/www.passionfruits.fr\/wp-content\/uploads\/2015\/12\/morbier.jpg?fit=832%2C577&ssl=1&resize=350%2C200","width":350,"height":200},"classes":[]},{"id":5768,"url":"https:\/\/www.passionfruits.fr\/index.php\/produit\/roquefort-papillon-noir-petite-part-env-150-grs\/","url_meta":{"origin":10538,"position":2},"title":"Roquefort Papillon part env. 200g","date":"7 d\u00e9cembre 2015","format":false,"excerpt":"Fromage au lait de brebis. Ce Roquefort PAPILLON d\u2019exception se distingue d\u2019abord par sa p\u00e2te blanche et ce bleu intense qui veine g\u00e9n\u00e9reusement ses larges et nombreuses cavit\u00e9s. \u2028En bouche, sa texture onctueuse et souple, d\u00e9veloppe un fondant d\u00e9licieux qui s\u2019accompagne d\u2019un go\u00fbt typ\u00e9, \u00e9quilibr\u00e9 et long en bouche. Ingr\u00e9dients\u2026","rel":"","context":"Article similaire","img":{"alt_text":"","src":"https:\/\/i1.wp.com\/www.passionfruits.fr\/wp-content\/uploads\/2015\/12\/rocquefort.jpg?fit=346%2C346&ssl=1&resize=350%2C200","width":350,"height":200},"classes":[]},{"id":5772,"url":"https:\/\/www.passionfruits.fr\/index.php\/produit\/brie-de-meaux-lait-cru-renard-gilard-petite-part-env-150-grs\/","url_meta":{"origin":10538,"position":3},"title":"Brie de Meaux part environ 200g","date":"7 d\u00e9cembre 2015","format":false,"excerpt":"Fromage \u00e0 p\u00e2te molle au lait cru Ingr\u00e9dients : lait cru, sel, pr\u00e9sure, ferments. Valeurs nutritionnelles moyennes pour 100g Energie : 1188kj\/286kcal Mati\u00e8res grasses : 22g dont acides gras satur\u00e9s : 15g Glucides : <0.5g dont sucres <0.5g Prot\u00e9ines : 22g Sel : 1.8g Fromagerie\u00a0 Renard Gillard 55290 BIENCOURT SUR\u2026","rel":"","context":"Article similaire","img":{"alt_text":"","src":"https:\/\/i0.wp.com\/www.passionfruits.fr\/wp-content\/uploads\/2015\/12\/brie.jpg?fit=600%2C600&ssl=1&resize=350%2C200","width":350,"height":200},"classes":[]},{"id":5643,"url":"https:\/\/www.passionfruits.fr\/index.php\/produit\/beaufort-petite-part-env-150-grs\/","url_meta":{"origin":10538,"position":4},"title":"Beaufort de Savoie part env. 200g","date":"7 d\u00e9cembre 2015","format":false,"excerpt":"Le Beaufort s\u2019appr\u00e9cie tr\u00e8s bien en fin de repas, mais aussi en ap\u00e9ritif, coup\u00e9 en petits cubes. Il sert \u00e0 confectionner la fondue savoyarde et entre dans la composition de tartes, de gratins... Fromage \u00e0 p\u00e2te press\u00e9e cuite au Lait cru Ingr\u00e9dients : lait cru entier sel ferments lactiques (lait)\u2026","rel":"","context":"Article similaire","img":{"alt_text":"","src":"https:\/\/i2.wp.com\/www.passionfruits.fr\/wp-content\/uploads\/2015\/12\/beaufort.jpg?fit=849%2C566&ssl=1&resize=350%2C200","width":350,"height":200},"classes":[]},{"id":5778,"url":"https:\/\/www.passionfruits.fr\/index.php\/produit\/comte-petite-part-env-150-grs\/","url_meta":{"origin":10538,"position":5},"title":"Comt\u00e9  jeune part environ 200g","date":"7 d\u00e9cembre 2015","format":false,"excerpt":"Fromage \u00e0 p\u00e2te press\u00e9e cuite, le comt\u00e9 est fabriqu\u00e9 de mani\u00e8re artisanale, \u00e0 partir de lait cru. Ingr\u00e9dients : lait cru de vache, ferments lactiques (lait), sel, pr\u00e9sure Sans lactose, les ingr\u00e9dients utilis\u00e9s sont exempts d'OGM Valeurs nutritionnelles moyennes pour 100g Energie : 418kcal\/ 1735kj Mati\u00e8res grasses: 34.6g dont acides\u2026","rel":"","context":"Article similaire","img":{"alt_text":"","src":"https:\/\/i1.wp.com\/www.passionfruits.fr\/wp-content\/uploads\/2015\/12\/comte.jpg?fit=849%2C566&ssl=1&resize=350%2C200","width":350,"height":200},"classes":[]}],"_links":{"self":[{"href":"https:\/\/www.passionfruits.fr\/index.php\/wp-json\/wp\/v2\/product\/10538"}],"collection":[{"href":"https:\/\/www.passionfruits.fr\/index.php\/wp-json\/wp\/v2\/product"}],"about":[{"href":"https:\/\/www.passionfruits.fr\/index.php\/wp-json\/wp\/v2\/types\/product"}],"replies":[{"embeddable":true,"href":"https:\/\/www.passionfruits.fr\/index.php\/wp-json\/wp\/v2\/comments?post=10538"}],"wp:featuredmedia":[{"embeddable":true,"href":"https:\/\/www.passionfruits.fr\/index.php\/wp-json\/wp\/v2\/media\/10529"}],"wp:attachment":[{"href":"https:\/\/www.passionfruits.fr\/index.php\/wp-json\/wp\/v2\/media?parent=10538"}],"curies":[{"name":"wp","href":"https:\/\/api.w.org\/{rel}","templated":true}]}}