{"id":10579,"date":"2017-05-12T07:44:51","date_gmt":"2017-05-12T06:44:51","guid":{"rendered":"http:\/\/www.andreclaude.fr\/web\/?post_type=product&#038;p=10579"},"modified":"2022-09-07T08:29:06","modified_gmt":"2022-09-07T07:29:06","slug":"fromage-de-brebis-des-pyrenees-les-100g","status":"publish","type":"product","link":"https:\/\/www.passionfruits.fr\/index.php\/produit\/fromage-de-brebis-des-pyrenees-les-100g\/","title":{"rendered":"Fromage de brebis des Pyr\u00e9n\u00e9es part env. 200g"},"content":{"rendered":"<p>ROY BERGER CHISTERA<\/p>\n<p>Chez le fromager,<\/p>\n<p>Rue de la Tendelle<\/p>\n<p>48000 Mende France<\/p>\n","protected":false},"excerpt":{"rendered":"<p>C&#8217;est le fromage qui repr\u00e9sente le mieux le pays Basque. C&#8217;est une tomme avec une cro\u00fbte un peu \u00e9paisse de couleur gris\u00e2tre \u00e0 jaune orang\u00e9. Sa p\u00e2te est blanche de consistance ferme .<b><br \/>\n<\/b><\/p>\n<p>Ingr\u00e9dients : <strong>lait<\/strong> pasteuris\u00e9 de brebis (origine UE) sel, pr\u00e9sure, ferments lactiques, colorants de cro\u00fbte :E153, E160b, E150c, conservateurs de cro\u00fbte : E202 E235<\/p>\n<p>Fabriqu\u00e9 et conditionn\u00e9 dans un atelier utilisant du <strong>lait<\/strong> de vache, de ch\u00e8vre et de brebis.<\/p>\n<p>Valeurs nutritionnelles moyennes pour 100g<\/p>\n<p>Energie : 1658kj\/400kcal<\/p>\n<p>Mati\u00e8res grasses : 34g dont acides gras satur\u00e9s 25g<\/p>\n<p>Glucides : 1.5g dont sucres 0.5g<\/p>\n<p>Prot\u00e9ines : 22g<\/p>\n<p>Sel : 1.6g<\/p>\n","protected":false},"featured_media":17616,"comment_status":"closed","ping_status":"closed","template":"","meta":{"spay_email":"","jetpack_publicize_message":"","jetpack_is_tweetstorm":false},"jetpack_publicize_connections":[],"jetpack_sharing_enabled":true,"jetpack-related-posts":[{"id":17682,"url":"https:\/\/www.passionfruits.fr\/index.php\/produit\/tomme-de-chevre-la-part-env-200g\/","url_meta":{"origin":10579,"position":0},"title":"Tomme de ch\u00e8vre la part env. 200g","date":"12 mars 2021","format":false,"excerpt":"La Fromagerie de Maul\u00e9on Dans les Pyr\u00e9n\u00e9es-Atlantiques, au c\u0153ur de la Soule, la Fromagerie de Maul\u00e9on sublime le lait de ch\u00e8vre. C\u2019est en transposant leur savoir-faire ancien et reconnu dans les p\u00e2tes press\u00e9es de brebis, embl\u00e9matiques des montagnes du Pays Basque et du B\u00e9arn, que les ma\u00eetres-fromagers de Maul\u00e9on cr\u00e9ent\u2026","rel":"","context":"Article similaire","img":{"alt_text":"","src":"https:\/\/i2.wp.com\/www.passionfruits.fr\/wp-content\/uploads\/2021\/03\/Tomme-chevre.jpg?fit=600%2C600&ssl=1&resize=350%2C200","width":350,"height":200},"classes":[]},{"id":5685,"url":"https:\/\/www.passionfruits.fr\/index.php\/produit\/petit-basque-env-650-grs\/","url_meta":{"origin":10579,"position":1},"title":"Petit basque entier environ 650g","date":"7 d\u00e9cembre 2015","format":false,"excerpt":"Sa p\u00e2te est fondante et son go\u00fbt subtilement fruit\u00e9. Il se marie tr\u00e8s bien avec de la confiture de cerise noire. Ingr\u00e9dients : lait de brebis pasteuris\u00e9 (origine UE), sel, coagulant, chlorure de calcium, ferments lactiques (lait), colorants de la cro\u00fbte E150c E160b, conservateur E235 Valeurs nutritionnelles moyennes pour 100g\u2026","rel":"","context":"Article similaire","img":{"alt_text":"","src":"https:\/\/i2.wp.com\/www.passionfruits.fr\/wp-content\/uploads\/2015\/12\/petitbasque.jpg?fit=300%2C299&ssl=1&resize=350%2C200","width":350,"height":200},"classes":[]},{"id":5991,"url":"https:\/\/www.passionfruits.fr\/index.php\/produit\/12-petit-basque-env-350-grs\/","url_meta":{"origin":10579,"position":2},"title":"Petit Basque demi environ 325 grs","date":"7 d\u00e9cembre 2015","format":false,"excerpt":"Sa p\u00e2te est fondante et son go\u00fbt subtilement fruit\u00e9. Il se marie tr\u00e8s bien avec de la confiture de cerise noire. Ingr\u00e9dients : lait de brebis pasteuris\u00e9 (origine UE), sel, coagulant, chlorure de calcium, ferments lactiques (lait), colorants de la cro\u00fbte E150c E160b, conservateur E235 Valeurs nutritionnelles moyennes pour 100g\u2026","rel":"","context":"Article similaire","img":{"alt_text":"","src":"https:\/\/i2.wp.com\/www.passionfruits.fr\/wp-content\/uploads\/2015\/12\/petit-basque-decoupe.jpg?fit=600%2C599&ssl=1&resize=350%2C200","width":350,"height":200},"classes":[]},{"id":10577,"url":"https:\/\/www.passionfruits.fr\/index.php\/produit\/fleurs-des-champs-les-100g\/","url_meta":{"origin":10579,"position":3},"title":"Fleurs des champs part env. 200g","date":"12 mai 2017","format":false,"excerpt":"C\u2019est un fromage suisse dont la cro\u00fbte est entour\u00e9e d\u2019herbe, de foin qu\u2019on trouve dans les champs P\u00e2te press\u00e9e MG\/ Extrait sec <45% Ingr\u00e9dients : Lait de vache thermis\u00e9, sel, ferments, pr\u00e9sure animale. Ingr\u00e9dients croute : fleurs des champs Valeurs nutritionnelles pour 100 g Energie : 1545kj\/369 kcal Mati\u00e8res grasses\u2026","rel":"","context":"Article similaire","img":{"alt_text":"","src":"https:\/\/i2.wp.com\/www.passionfruits.fr\/wp-content\/uploads\/2017\/05\/fleurs-des-champs.jpg?fit=600%2C533&ssl=1&resize=350%2C200","width":350,"height":200},"classes":[]},{"id":5654,"url":"https:\/\/www.passionfruits.fr\/index.php\/produit\/tomme-corse-part-env-200-grs\/","url_meta":{"origin":10579,"position":4},"title":"Tomme Corse part environ 200g","date":"7 d\u00e9cembre 2015","format":false,"excerpt":"Cette tomme de brebis est fabriqu\u00e9e de mani\u00e8re traditionnelle en Corse. Sa p\u00e2te a de doux parfums de noisette ainsi qu\u2019un subtil go\u00fbt de lait brebis.Elle s\u2019accompagne \u00e0 merveille de confiture de figues ou de cerises noires. Ingr\u00e9dients :\u00a0lait de brebis pasteuris\u00e9, sel, pr\u00e9sure et ferments. \u00a0 Valeurs nutritionnelles moyennes\u2026","rel":"","context":"Article similaire","img":{"alt_text":"","src":"https:\/\/i0.wp.com\/www.passionfruits.fr\/wp-content\/uploads\/2015\/12\/tomme-corse.jpg?fit=600%2C598&ssl=1&resize=350%2C200","width":350,"height":200},"classes":[]},{"id":5667,"url":"https:\/\/www.passionfruits.fr\/index.php\/produit\/altesse-part-env-200-grs\/","url_meta":{"origin":10579,"position":5},"title":"Altesse \u00e0 la coupe  part environ 200 grs","date":"7 d\u00e9cembre 2015","format":false,"excerpt":"Fromage alsacien des vignerons des Vosges \u00e0 cro\u00fbte lav\u00e9e, caract\u00e9ris\u00e9 par une p\u00e2te molle et souple, un go\u00fbt \u00e9pic\u00e9, relev\u00e9 et cr\u00e9meux. Il est fabriqu\u00e9 de la m\u00eame mani\u00e8re que le munster. 27% MG Ingr\u00e9dients : Lait pasteuris\u00e9, sel, ferments, enzyme coagulante, colorant (cro\u00fbte): rocou. Lait origine France Valeurs nutritionnelles\u2026","rel":"","context":"Article similaire","img":{"alt_text":"","src":"https:\/\/i2.wp.com\/www.passionfruits.fr\/wp-content\/uploads\/2015\/12\/Altesse-e1452715476738.jpg?fit=640%2C533&ssl=1&resize=350%2C200","width":350,"height":200},"classes":[]}],"_links":{"self":[{"href":"https:\/\/www.passionfruits.fr\/index.php\/wp-json\/wp\/v2\/product\/10579"}],"collection":[{"href":"https:\/\/www.passionfruits.fr\/index.php\/wp-json\/wp\/v2\/product"}],"about":[{"href":"https:\/\/www.passionfruits.fr\/index.php\/wp-json\/wp\/v2\/types\/product"}],"replies":[{"embeddable":true,"href":"https:\/\/www.passionfruits.fr\/index.php\/wp-json\/wp\/v2\/comments?post=10579"}],"wp:featuredmedia":[{"embeddable":true,"href":"https:\/\/www.passionfruits.fr\/index.php\/wp-json\/wp\/v2\/media\/17616"}],"wp:attachment":[{"href":"https:\/\/www.passionfruits.fr\/index.php\/wp-json\/wp\/v2\/media?parent=10579"}],"curies":[{"name":"wp","href":"https:\/\/api.w.org\/{rel}","templated":true}]}}