{"id":10674,"date":"2017-06-06T15:30:36","date_gmt":"2017-06-06T14:30:36","guid":{"rendered":"http:\/\/www.andreclaude.fr\/web\/?post_type=product&#038;p=10674"},"modified":"2023-04-15T07:33:30","modified_gmt":"2023-04-15T06:33:30","slug":"camembert-gaslonde-la-piece","status":"publish","type":"product","link":"https:\/\/www.passionfruits.fr\/index.php\/produit\/camembert-gaslonde-la-piece\/","title":{"rendered":"Camembert Isigny lait cru la pi\u00e8ce"},"content":{"rendered":"<p>Fromagerie du val d&#8217;Ay<\/p>\n<p>50430 LESSAY<\/p>\n","protected":false},"excerpt":{"rendered":"<p>Affinage\u00a0:\u00a02 \u00e0 4 semaines Au <strong>Lait<\/strong> CRU de vaches Normandes moulage manuel \u00e0 la louche.<\/p>\n<p>Bouquet puissant et saveur de terroir, LE CAMEMBERT\u00a0! LE VRAI\u00a0!<\/p>\n<p>Ingr\u00e9dients : <strong>lait<\/strong> cru de vache (Origine France Normandie) ferments, pr\u00e9sure, sel.<\/p>\n<p>Valeurs nutritionnelles pour 100g<\/p>\n<p>Energie : 1177kj\/284 kcal<\/p>\n<p>Mati\u00e8res grasses : 21.9g dont acides gras satur\u00e9s 13.7g<\/p>\n<p>Glucides : 1.22g dont sucres 0.1g<\/p>\n<p>Prot\u00e9ines : 20.4g<\/p>\n<p>Sel : 1.6g<\/p>\n<p>&nbsp;<\/p>\n","protected":false},"featured_media":19353,"comment_status":"closed","ping_status":"closed","template":"","meta":{"spay_email":"","jetpack_publicize_message":"","jetpack_is_tweetstorm":false},"jetpack_publicize_connections":[],"jetpack_sharing_enabled":true,"jetpack-related-posts":[{"id":10538,"url":"https:\/\/www.passionfruits.fr\/index.php\/produit\/neuchatel-la-piece\/","url_meta":{"origin":10674,"position":0},"title":"Neuchatel la pi\u00e8ce environ 190g","date":"8 mai 2017","format":false,"excerpt":"Au lait cru de vache, ce petit fromage en forme de c\u0153ur\u00a0vous apportera une saveur douce, sal\u00e9e et acidul\u00e9e\u00a0accompagn\u00e9 d\u2019une l\u00e9g\u00e8re odeur de lait. D\u2019une cro\u00fbte blanche\u00a0et fleurie et d\u2019une p\u00e2te blanche ou ivoire, le Neufch\u00e2tel vous offrira un go\u00fbt de champignons et de lait qui s\u2019accentuera en s\u2019affinant. Originaire\u2026","rel":"","context":"Article similaire","img":{"alt_text":"","src":"https:\/\/i2.wp.com\/www.passionfruits.fr\/wp-content\/uploads\/2017\/05\/neufchatel.jpg?fit=600%2C600&ssl=1&resize=350%2C200","width":350,"height":200},"classes":[]},{"id":19350,"url":"https:\/\/www.passionfruits.fr\/index.php\/produit\/camembert-gerbe-d-or-au-lait-cru-la-piece-240-grs\/","url_meta":{"origin":10674,"position":1},"title":"Camembert Gerbe d' or au lait cru la pi\u00e8ce 240 grs","date":"15 avril 2023","format":false,"excerpt":"\u00a0 \u00a0","rel":"","context":"Article similaire","img":{"alt_text":"","src":"https:\/\/i0.wp.com\/www.passionfruits.fr\/wp-content\/uploads\/2023\/04\/gerbe.jpg?fit=600%2C600&ssl=1&resize=350%2C200","width":350,"height":200},"classes":[]},{"id":5758,"url":"https:\/\/www.passionfruits.fr\/index.php\/produit\/morbier-au-lait-cru-petite-part-env-150-grs\/","url_meta":{"origin":10674,"position":2},"title":"Morbier au lait cru part env. 200g","date":"7 d\u00e9cembre 2015","format":false,"excerpt":"Fromage au lait cru de vache, fabriqu\u00e9 dans le massif du Jura. Ni douce ni forte, sa saveur de cr\u00e8me est d\u00e9licate. Sa p\u00e2te jaune clair est fondante et souple. Excellent aussi pour les amateurs de raclette !!! Ingr\u00e9dients : lait de vache cru, sel, ferments lactiques, pr\u00e9sure, colorant :\u2026","rel":"","context":"Article similaire","img":{"alt_text":"","src":"https:\/\/i1.wp.com\/www.passionfruits.fr\/wp-content\/uploads\/2015\/12\/morbier.jpg?fit=832%2C577&ssl=1&resize=350%2C200","width":350,"height":200},"classes":[]},{"id":5778,"url":"https:\/\/www.passionfruits.fr\/index.php\/produit\/comte-petite-part-env-150-grs\/","url_meta":{"origin":10674,"position":3},"title":"Comt\u00e9  jeune part environ 200g","date":"7 d\u00e9cembre 2015","format":false,"excerpt":"Fromage \u00e0 p\u00e2te press\u00e9e cuite, le comt\u00e9 est fabriqu\u00e9 de mani\u00e8re artisanale, \u00e0 partir de lait cru. Ingr\u00e9dients : lait cru de vache, ferments lactiques (lait), sel, pr\u00e9sure Sans lactose, les ingr\u00e9dients utilis\u00e9s sont exempts d'OGM Valeurs nutritionnelles moyennes pour 100g Energie : 418kcal\/ 1735kj Mati\u00e8res grasses: 34.6g dont acides\u2026","rel":"","context":"Article similaire","img":{"alt_text":"","src":"https:\/\/i1.wp.com\/www.passionfruits.fr\/wp-content\/uploads\/2015\/12\/comte.jpg?fit=849%2C566&ssl=1&resize=350%2C200","width":350,"height":200},"classes":[]},{"id":6034,"url":"https:\/\/www.passionfruits.fr\/index.php\/produit\/fromage-du-cure-affine-au-muscadet-specialite-nantaise-part-env-250-grs\/","url_meta":{"origin":10674,"position":4},"title":"Fromage du cur\u00e9 part env. 200g","date":"7 d\u00e9cembre 2015","format":false,"excerpt":"Fromage du cur\u00e9 au lait cru entier de vache affin\u00e9 au muscadet sp\u00e9cialit\u00e9 de la r\u00e9gion Nantaise de fabrication artisanale est un assez surprenant ! avec une texture tr\u00e8s souple et onctueuse, fondante en bouche mais ne coulant pas . Le fait de la frotter au Muscadet lui donne un\u2026","rel":"","context":"Article similaire","img":{"alt_text":"","src":"https:\/\/i0.wp.com\/www.passionfruits.fr\/wp-content\/uploads\/2015\/12\/cure-nantais.jpg?fit=600%2C600&ssl=1&resize=350%2C200","width":350,"height":200},"classes":[]},{"id":5690,"url":"https:\/\/www.passionfruits.fr\/index.php\/produit\/tome-de-savoie-petite-part-env-150-grs\/","url_meta":{"origin":10674,"position":5},"title":"Tomme de Savoie part env. 200g","date":"7 d\u00e9cembre 2015","format":false,"excerpt":"Le lait provient quasi-exclusivement de vaches de races locales : Tarine, Abondance et Montb\u00e9liarde. La transformation du lait et l\u2019affinage du fromage sont ensuite r\u00e9alis\u00e9s strictement en Savoie et en Haute-Savoie. S\u00fbrement l'un des plus vieux fromages savoyards. La Tomme de Savoie a une cro\u00fbte gris\u00e2tre. Sa p\u00e2te est souple,\u2026","rel":"","context":"Article similaire","img":{"alt_text":"","src":"https:\/\/i1.wp.com\/www.passionfruits.fr\/wp-content\/uploads\/2015\/12\/tomme1.jpg?fit=346%2C346&ssl=1&resize=350%2C200","width":350,"height":200},"classes":[]}],"_links":{"self":[{"href":"https:\/\/www.passionfruits.fr\/index.php\/wp-json\/wp\/v2\/product\/10674"}],"collection":[{"href":"https:\/\/www.passionfruits.fr\/index.php\/wp-json\/wp\/v2\/product"}],"about":[{"href":"https:\/\/www.passionfruits.fr\/index.php\/wp-json\/wp\/v2\/types\/product"}],"replies":[{"embeddable":true,"href":"https:\/\/www.passionfruits.fr\/index.php\/wp-json\/wp\/v2\/comments?post=10674"}],"wp:featuredmedia":[{"embeddable":true,"href":"https:\/\/www.passionfruits.fr\/index.php\/wp-json\/wp\/v2\/media\/19353"}],"wp:attachment":[{"href":"https:\/\/www.passionfruits.fr\/index.php\/wp-json\/wp\/v2\/media?parent=10674"}],"curies":[{"name":"wp","href":"https:\/\/api.w.org\/{rel}","templated":true}]}}