{"id":10682,"date":"2017-06-06T15:39:57","date_gmt":"2017-06-06T14:39:57","guid":{"rendered":"http:\/\/www.andreclaude.fr\/web\/?post_type=product&#038;p=10682"},"modified":"2025-02-15T08:24:45","modified_gmt":"2025-02-15T07:24:45","slug":"neuville-au-poivre-la-piece-240-g","status":"publish","type":"product","link":"https:\/\/www.passionfruits.fr\/index.php\/produit\/neuville-au-poivre-la-piece-240-g\/","title":{"rendered":"Neuville au poivre  la pi\u00e8ce 240 g"},"content":{"rendered":"","protected":false},"excerpt":{"rendered":"<p><span style=\"font-family: Arial,Helvetica,sans-serif;\">Le Neuville est un fromage \u00e0 p\u00e2te molle, au lait de vache pasteuris\u00e9. Sa mati\u00e8re grasse sur extrait sec est de 40 %, son poids de 240 g,<br \/>\nAu cours de son affinage en cave, il d\u00e9veloppe une p\u00e2te homog\u00e8ne, cr\u00e9meuse \u00e0 souhait. <\/span><\/p>\n","protected":false},"featured_media":10678,"comment_status":"closed","ping_status":"closed","template":"","meta":{"spay_email":"","jetpack_publicize_message":"","jetpack_is_tweetstorm":false},"jetpack_publicize_connections":[],"jetpack_sharing_enabled":true,"jetpack-related-posts":[{"id":10681,"url":"https:\/\/www.passionfruits.fr\/index.php\/produit\/neuville-aux-herbes-la-piece-240-g\/","url_meta":{"origin":10682,"position":0},"title":"Neuville aux herbes la pi\u00e8ce 240 g","date":"6 juin 2017","format":false,"excerpt":"Le Neuville est un fromage \u00e0 p\u00e2te molle, au lait de vache pasteuris\u00e9. Sa mati\u00e8re grasse sur extrait sec est de 22%, son poids de 240 g, Au cours de son affinage en cave, il d\u00e9veloppe une p\u00e2te homog\u00e8ne, cr\u00e9meuse \u00e0 souhait. Ingr\u00e9dients : fromage, persil ciboulette Lait origine France\u2026","rel":"","context":"Article similaire","img":{"alt_text":"","src":"https:\/\/i1.wp.com\/www.passionfruits.fr\/wp-content\/uploads\/2017\/06\/Neuvilleherbes.jpg?fit=597%2C590&ssl=1&resize=350%2C200","width":350,"height":200},"classes":[]},{"id":10680,"url":"https:\/\/www.passionfruits.fr\/index.php\/produit\/neuville-cendre-la-piece-240-g\/","url_meta":{"origin":10682,"position":1},"title":"Neuville Cendr\u00e9 la pi\u00e8ce 240 grs","date":"6 juin 2017","format":false,"excerpt":"Le Neuville est un fromage \u00e0 p\u00e2te molle, au lait de vache pasteuris\u00e9.Lait origine France Son poids est\u00a0 de 240 g. Au cours de son affinage en cave, il d\u00e9veloppe une p\u00e2te homog\u00e8ne, cr\u00e9meuse \u00e0 souhait. Ingr\u00e9dients : fromage, colorant, charbon v\u00e9g\u00e9tal Valeurs nutritionnelles moyennes pour 100g Energie : 1068kj\/257kcal\u2026","rel":"","context":"Article similaire","img":{"alt_text":"","src":"https:\/\/i0.wp.com\/www.passionfruits.fr\/wp-content\/uploads\/2017\/06\/Neuvillecendre.jpg?fit=593%2C587&ssl=1&resize=350%2C200","width":350,"height":200},"classes":[]},{"id":6136,"url":"https:\/\/www.passionfruits.fr\/index.php\/produit\/pate-alsacienne-coquillette-le-paquet-250g\/","url_meta":{"origin":10682,"position":2},"title":"P\u00e2te Alsacienne coquillette le paquet 250g","date":"7 d\u00e9cembre 2015","format":false,"excerpt":"La petite p\u00e2te qui pla\u00eet \u00e0 tout le monde ! CARACTERISTIQUES PRODUIT Ingr\u00e9dients : - PATES D'ALSACE 7 OEUFS FRAIS AU KILO DE SEMOULE DE BLE DUR - - - - - - - - - - - - - - - - - - - INGREDIENTS : Semoule de\u2026","rel":"","context":"Article similaire","img":{"alt_text":"","src":"https:\/\/i1.wp.com\/www.passionfruits.fr\/wp-content\/uploads\/2015\/12\/coquillette.jpg?fit=597%2C600&ssl=1&resize=350%2C200","width":350,"height":200},"classes":[]},{"id":6137,"url":"https:\/\/www.passionfruits.fr\/index.php\/produit\/pate-alsacienne-torsade-le-paquet-250g\/","url_meta":{"origin":10682,"position":3},"title":"P\u00e2te Alsacienne - torsade le paquet 250g","date":"7 d\u00e9cembre 2015","format":false,"excerpt":"CARACTERISTIQUES PRODUIT Ingr\u00e9dients : - PATES D'ALSACE 7 OEUFS FRAIS AU KILO DE SEMOULE DE BLE DUR - - - - - - - - - - - - - - - - - - - INGREDIENTS : Semoule de bl\u00e9 dur de qualit\u00e9 sup\u00e9rieure, oeufs frais (30 %). Allerg\u00e8nes\u2026","rel":"","context":"Article similaire","img":{"alt_text":"","src":"https:\/\/i2.wp.com\/www.passionfruits.fr\/wp-content\/uploads\/2015\/12\/torsade.jpg?fit=594%2C600&ssl=1&resize=350%2C200","width":350,"height":200},"classes":[]},{"id":6139,"url":"https:\/\/www.passionfruits.fr\/index.php\/produit\/pate-alsacienne-nids-le-paquet-250g\/","url_meta":{"origin":10682,"position":4},"title":"P\u00e2te Alsacienne - nids le paquet 250g","date":"7 d\u00e9cembre 2015","format":false,"excerpt":"Le plus \"standard\" des nids CARACTERISTIQUES PRODUIT Ingr\u00e9dients : - PATES D'ALSACE 7 OEUFS FRAIS AU KILO DE SEMOULE DE BLE DUR - - - - - - - - - - - - - - - - - - - INGREDIENTS : Semoule de bl\u00e9 dur de qualit\u00e9 sup\u00e9rieure,\u2026","rel":"","context":"Article similaire","img":{"alt_text":"","src":"https:\/\/i1.wp.com\/www.passionfruits.fr\/wp-content\/uploads\/2015\/12\/nid.jpg?fit=598%2C600&ssl=1&resize=350%2C200","width":350,"height":200},"classes":[]},{"id":6190,"url":"https:\/\/www.passionfruits.fr\/index.php\/produit\/pate-alsacienne-pennes-le-paquet-250g\/","url_meta":{"origin":10682,"position":5},"title":"P\u00e2te Alsacienne - pennes le paquet 250g","date":"7 d\u00e9cembre 2015","format":false,"excerpt":"CARACTERISTIQUES PRODUIT Ingr\u00e9dients : - PATES D'ALSACE 7 OEUFS FRAIS AU KILO DE SEMOULE DE BLE DUR - - - - - - - - - - - - - - - - - - - INGREDIENTS : Semoule de bl\u00e9 dur de qualit\u00e9 sup\u00e9rieure, oeufs frais (30 %). Allerg\u00e8nes\u2026","rel":"","context":"Article similaire","img":{"alt_text":"","src":"https:\/\/i0.wp.com\/www.passionfruits.fr\/wp-content\/uploads\/2015\/12\/penne.jpg?fit=598%2C600&ssl=1&resize=350%2C200","width":350,"height":200},"classes":[]}],"_links":{"self":[{"href":"https:\/\/www.passionfruits.fr\/index.php\/wp-json\/wp\/v2\/product\/10682"}],"collection":[{"href":"https:\/\/www.passionfruits.fr\/index.php\/wp-json\/wp\/v2\/product"}],"about":[{"href":"https:\/\/www.passionfruits.fr\/index.php\/wp-json\/wp\/v2\/types\/product"}],"replies":[{"embeddable":true,"href":"https:\/\/www.passionfruits.fr\/index.php\/wp-json\/wp\/v2\/comments?post=10682"}],"wp:featuredmedia":[{"embeddable":true,"href":"https:\/\/www.passionfruits.fr\/index.php\/wp-json\/wp\/v2\/media\/10678"}],"wp:attachment":[{"href":"https:\/\/www.passionfruits.fr\/index.php\/wp-json\/wp\/v2\/media?parent=10682"}],"curies":[{"name":"wp","href":"https:\/\/api.w.org\/{rel}","templated":true}]}}