{"id":11060,"date":"2017-09-13T17:24:32","date_gmt":"2017-09-13T16:24:32","guid":{"rendered":"http:\/\/www.andreclaude.fr\/web\/?post_type=product&#038;p=11060"},"modified":"2025-10-29T16:31:32","modified_gmt":"2025-10-29T15:31:32","slug":"raclette-fumee-200g-pour-1-personne","status":"publish","type":"product","link":"https:\/\/www.passionfruits.fr\/index.php\/produit\/raclette-fumee-200g-pour-1-personne\/","title":{"rendered":"Raclette fum\u00e9e 200g pour 1 personne"},"content":{"rendered":"<p>Fabriqu\u00e9e et affin\u00e9e en France Comt\u00e9<\/p>\n<p>SA Perrin Vermot 25 330 CLERON<\/p>\n<p>&nbsp;<\/p>\n","protected":false},"excerpt":{"rendered":"<p>28% de mati\u00e8res grasses (produit fini)<\/p>\n<p>Ingr\u00e9dients : <strong>lait<\/strong> de vache pasteuris\u00e9, sel, enzyme coagulante,<strong> ferments lactiques.<\/strong><\/p>\n","protected":false},"featured_media":13434,"comment_status":"closed","ping_status":"closed","template":"","meta":{"spay_email":"","jetpack_publicize_message":"","jetpack_is_tweetstorm":false},"jetpack_publicize_connections":[],"jetpack_sharing_enabled":true,"jetpack-related-posts":[],"_links":{"self":[{"href":"https:\/\/www.passionfruits.fr\/index.php\/wp-json\/wp\/v2\/product\/11060"}],"collection":[{"href":"https:\/\/www.passionfruits.fr\/index.php\/wp-json\/wp\/v2\/product"}],"about":[{"href":"https:\/\/www.passionfruits.fr\/index.php\/wp-json\/wp\/v2\/types\/product"}],"replies":[{"embeddable":true,"href":"https:\/\/www.passionfruits.fr\/index.php\/wp-json\/wp\/v2\/comments?post=11060"}],"wp:featuredmedia":[{"embeddable":true,"href":"https:\/\/www.passionfruits.fr\/index.php\/wp-json\/wp\/v2\/media\/13434"}],"wp:attachment":[{"href":"https:\/\/www.passionfruits.fr\/index.php\/wp-json\/wp\/v2\/media?parent=11060"}],"curies":[{"name":"wp","href":"https:\/\/api.w.org\/{rel}","templated":true}]}}