{"id":11145,"date":"2017-10-01T04:13:05","date_gmt":"2017-10-01T03:13:05","guid":{"rendered":"http:\/\/www.andreclaude.fr\/web\/?post_type=product&#038;p=11145"},"modified":"2024-03-15T16:51:19","modified_gmt":"2024-03-15T15:51:19","slug":"gaufrette-au-noisette-le-paquet-175g","status":"publish","type":"product","link":"https:\/\/www.passionfruits.fr\/index.php\/produit\/gaufrette-au-noisette-le-paquet-175g\/","title":{"rendered":"Gaufrette au noisette le paquet 175g"},"content":{"rendered":"<p>Biscuiterie Eug\u00e8ne BLOND<\/p>\n<p>159 Rue de Verlinghem<\/p>\n<p>59130 Lambersart France<\/p>\n","protected":false},"excerpt":{"rendered":"<p>C&#8217;est une tradition qui remonte \u00e0 1894 ! Aujourd&#8217;hui, m\u00eame si la recette est toujours rigoureusement la m\u00eame, \u00e0 l&#8217;ar\u00f4me Vanille s&#8217;ajoutent celui du Chocolat, de la Framboise &#8230; Et avant de d\u00e9guster votre gaufrette, n&#8217;oubliez pas de lire la petite phrase qui vous fera sourire!!<\/p>\n<p>Contenance : 0 cl<br \/>\nPoids net : 175 g<br \/>\nPoids net \u00e9goutt\u00e9 : 0 g<\/p>\n<p>CARACTERISTIQUES PRODUIT<br \/>\nIngr\u00e9dients : Sucre, farine de bl\u00e9, mati\u00e8res grasses v\u00e9g\u00e9tales non hydrog\u00e9n\u00e9es, ar\u00f4mes, colorant: b\u00e9t\u00e0-carot\u00e8ne et caramel, sel, \u00e9mulsifiant : l\u00e9cithine de soja (sans O.G.M), poudre \u00e0 lever : carbonate de magn\u00e9sie<\/p>\n<p>Allerg\u00e8nes : Gluten<br \/>\nTraces d&#8217;allerg\u00e8nes possibles :<br \/>\nAllerg\u00e8nes pr\u00e9sents dans l&#8217;atelier :<\/p>\n<p>Valeurs nutritionnelles pour 100 g de produit \u00e9goutt\u00e9<\/p>\n<p>Energie 2237 kJ \/ 535 kcal<br \/>\nMati\u00e8res grasses 27,7 g<br \/>\ndont acides gras satur\u00e9s 13,5 g<br \/>\nGlucides 67,5 g<br \/>\nDont Sucres 41,1 g<br \/>\nFibres alimentaires 0 g<br \/>\nProt\u00e9ines 3,2 g<br \/>\nSel 0,24 g<\/p>\n<p>Mode d&#8217;emploi :<br \/>\nRecommandations :<br \/>\nContre indications :<br \/>\nStockage avant emploi : Sachet ferm\u00e9, au sec et \u00e0 temp\u00e9rature<\/p>\n<p>Stockage apr\u00e8s ouverture : Sachet ferm\u00e9, au sec et \u00e0\u00a0 temp\u00e9rature<\/p>\n<p>DLUO \u00e0 fabrication :<br \/>\nDLUO garantie : 0 jour(s)<\/p>\n<p>Origine : FRANCE<br \/>\nLieu de fabrication : 59130 LAMBERSART<\/p>\n","protected":false},"featured_media":7233,"comment_status":"closed","ping_status":"closed","template":"","meta":{"spay_email":"","jetpack_publicize_message":"","jetpack_is_tweetstorm":false},"jetpack_publicize_connections":[],"jetpack_sharing_enabled":true,"jetpack-related-posts":[{"id":6216,"url":"https:\/\/www.passionfruits.fr\/index.php\/produit\/gaufrette-vanille\/","url_meta":{"origin":11145,"position":0},"title":"Gaufrette \u00e0 la vanille le paquet 175g","date":"7 d\u00e9cembre 2015","format":false,"excerpt":"Contenance : 0 cl Poids net : 175 g Poids net \u00e9goutt\u00e9 : 0 g CARACTERISTIQUES PRODUIT Ingr\u00e9dients : Sucre, farine de bl\u00e9, mati\u00e8res grasses v\u00e9g\u00e9tales non hydrog\u00e9n\u00e9es, ar\u00f4mes, colorant : b\u00e9t\u00e0carot\u00e8ne, sel, \u00e9mulsifiant : l\u00e9cithine de soja (sans O.G.M), poudre \u00e0 lever : carbonate de magn\u00e9sie Allerg\u00e8nes : Traces\u2026","rel":"","context":"Article similaire","img":{"alt_text":"","src":"https:\/\/i2.wp.com\/www.passionfruits.fr\/wp-content\/uploads\/2015\/12\/gaufrette.jpg?fit=600%2C600&ssl=1&resize=350%2C200","width":350,"height":200},"classes":[]},{"id":6213,"url":"https:\/\/www.passionfruits.fr\/index.php\/produit\/gaufrette-chocolat\/","url_meta":{"origin":11145,"position":1},"title":"Gaufrette au chocolat le paquet 175g","date":"7 d\u00e9cembre 2015","format":false,"excerpt":"C'est une tradition qui remonte \u00e0 1894 ! Aujourd'hui, m\u00eame si la recette est toujours rigoureusement la m\u00eame, \u00e0 l'ar\u00f4me Vanille s'ajoutent celui du Chocolat, de la Framboise ... Et avant de d\u00e9guster votre gaufrette, n'oubliez pas de lire la petite phrase qui vous fera sourire!! Contenance : 0 cl\u2026","rel":"","context":"Article similaire","img":{"alt_text":"","src":"https:\/\/i2.wp.com\/www.passionfruits.fr\/wp-content\/uploads\/2015\/12\/gaufrette.jpg?fit=600%2C600&ssl=1&resize=350%2C200","width":350,"height":200},"classes":[]},{"id":5939,"url":"https:\/\/www.passionfruits.fr\/index.php\/produit\/meringues-le-paquet\/","url_meta":{"origin":11145,"position":2},"title":"Meringues tradition le sachet 140g","date":"7 d\u00e9cembre 2015","format":false,"excerpt":"Contenance : 0 cl Poids net : 140 g Poids net \u00e9goutt\u00e9 : 0 g CARACTERISTIQUES PRODUIT Ingr\u00e9dients : Sucre, blancs d'oeufs, ar\u00f4me, Sel. Allerg\u00e8nes : Oeufs Traces d'allerg\u00e8nes possibles : Allerg\u00e8nes pr\u00e9sents dans l'atelier : Valeurs nutritionnelles pour 100 g de produit \u00e9goutt\u00e9 Energie 1683 kJ \/ 396 kcal\u2026","rel":"","context":"Article similaire","img":{"alt_text":"","src":"https:\/\/i1.wp.com\/www.passionfruits.fr\/wp-content\/uploads\/2015\/12\/meringues.jpg?fit=600%2C600&ssl=1&resize=350%2C200","width":350,"height":200},"classes":[]},{"id":6032,"url":"https:\/\/www.passionfruits.fr\/index.php\/produit\/vinaigrette-a-lechalote-la-bouteille\/","url_meta":{"origin":11145,"position":3},"title":"Vinaigrette \u00e0 l'\u00e9chalote la bouteille de 500 ml","date":"7 d\u00e9cembre 2015","format":false,"excerpt":"Contenance : 50 cl Poids net : 500 g Poids net \u00e9goutt\u00e9 : 0 g CARACTERISTIQUES PRODUIT Ingr\u00e9dients : Huile de tournesol (50%), vinaigre de vin de Bordeaux* 27%, (dont conservateur E228* et stabilisant E414), eau, \u00e9chalotes 7.6% moutarde de Dijon* (graines de moutarde, vinaigre d'alcool, eau, sel, ar\u00f4me \u00e9chalote).\u2026","rel":"","context":"Article similaire","img":{"alt_text":"","src":"https:\/\/i0.wp.com\/www.passionfruits.fr\/wp-content\/uploads\/2015\/12\/vinaigrette-echalote.jpg?fit=598%2C600&ssl=1&resize=350%2C200","width":350,"height":200},"classes":[]},{"id":5936,"url":"https:\/\/www.passionfruits.fr\/index.php\/produit\/rocher-coco-nature-le-paquet\/","url_meta":{"origin":11145,"position":4},"title":"Rocher noix de coco le paquet 200g","date":"7 d\u00e9cembre 2015","format":false,"excerpt":"Contenance : 0 cl Poids net : 200 g Poids net \u00e9goutt\u00e9 : 0 g CARACTERISTIQUES PRODUIT Ingr\u00e9dients : coco r\u00e2p\u00e9 PH\/ID, sucre, sirop de glucose , chocolat noir [p\u00e2te de cacao, sucre, beurre de cacao, mati\u00e8re grasse laiti\u00e8re anhydre, \u00e9mulsifiant (l\u00e9cithine de soja E322), blanc d'oeuf, farine de froment,\u2026","rel":"","context":"Article similaire","img":{"alt_text":"","src":"https:\/\/i2.wp.com\/www.passionfruits.fr\/wp-content\/uploads\/2015\/12\/maxi-rocher-coco.jpg?fit=600%2C600&ssl=1&resize=350%2C200","width":350,"height":200},"classes":[]},{"id":6125,"url":"https:\/\/www.passionfruits.fr\/index.php\/produit\/bocaux-haricots-blancs\/","url_meta":{"origin":11145,"position":5},"title":"Bocaux haricots blancs le bocal de 660g","date":"7 d\u00e9cembre 2015","format":false,"excerpt":"Contenance : 72 cl Poids net : 660 g Poids net \u00e9goutt\u00e9 : 395 g CARACTERISTIQUES PRODUIT Ingr\u00e9dients : Eau, haricots blancs secs tremp\u00e9s, sel, ar\u00f4mes naturels. Allerg\u00e8nes : Traces d'allerg\u00e8nes possibles : Allerg\u00e8nes pr\u00e9sents dans l'atelier : Valeurs nutritionnelles pour 100 g de produit \u00e9goutt\u00e9 Energie 413 kJ \/\u2026","rel":"","context":"Article similaire","img":{"alt_text":"","src":"https:\/\/i2.wp.com\/www.passionfruits.fr\/wp-content\/uploads\/2015\/12\/flalgeolet.jpg?fit=598%2C600&ssl=1&resize=350%2C200","width":350,"height":200},"classes":[]}],"_links":{"self":[{"href":"https:\/\/www.passionfruits.fr\/index.php\/wp-json\/wp\/v2\/product\/11145"}],"collection":[{"href":"https:\/\/www.passionfruits.fr\/index.php\/wp-json\/wp\/v2\/product"}],"about":[{"href":"https:\/\/www.passionfruits.fr\/index.php\/wp-json\/wp\/v2\/types\/product"}],"replies":[{"embeddable":true,"href":"https:\/\/www.passionfruits.fr\/index.php\/wp-json\/wp\/v2\/comments?post=11145"}],"wp:featuredmedia":[{"embeddable":true,"href":"https:\/\/www.passionfruits.fr\/index.php\/wp-json\/wp\/v2\/media\/7233"}],"wp:attachment":[{"href":"https:\/\/www.passionfruits.fr\/index.php\/wp-json\/wp\/v2\/media?parent=11145"}],"curies":[{"name":"wp","href":"https:\/\/api.w.org\/{rel}","templated":true}]}}