{"id":11264,"date":"2017-11-05T07:35:21","date_gmt":"2017-11-05T06:35:21","guid":{"rendered":"http:\/\/www.andreclaude.fr\/web\/?post_type=product&#038;p=11264"},"modified":"2026-02-06T12:05:38","modified_gmt":"2026-02-06T11:05:38","slug":"lait-de-coco-la-boite-de-400-ml-guadeloupe","status":"publish","type":"product","link":"https:\/\/www.passionfruits.fr\/index.php\/produit\/lait-de-coco-la-boite-de-400-ml-guadeloupe\/","title":{"rendered":"Lait de coco  bio la boite de 400 ml"},"content":{"rendered":"","protected":false},"excerpt":{"rendered":"<p>Le lait de coco est employ\u00e9 en Afrique, dans les Cara\u00efbes, en Asie pour apporter de la saveur aux plats sal\u00e9s et sucr\u00e9s. Facile \u00e0 utiliser, il entre dans la pr\u00e9paration de nombreuses recettes africaines.<\/p>\n","protected":false},"featured_media":11265,"comment_status":"closed","ping_status":"closed","template":"","meta":{"spay_email":"","jetpack_publicize_message":"","jetpack_is_tweetstorm":false},"jetpack_publicize_connections":[],"jetpack_sharing_enabled":true,"jetpack-related-posts":[{"id":5936,"url":"https:\/\/www.passionfruits.fr\/index.php\/produit\/rocher-coco-nature-le-paquet\/","url_meta":{"origin":11264,"position":0},"title":"Rocher noix de coco le paquet 200g","date":"7 d\u00e9cembre 2015","format":false,"excerpt":"Contenance : 0 cl Poids net : 200 g Poids net \u00e9goutt\u00e9 : 0 g CARACTERISTIQUES PRODUIT Ingr\u00e9dients : coco r\u00e2p\u00e9 PH\/ID, sucre, sirop de glucose , chocolat noir [p\u00e2te de cacao, sucre, beurre de cacao, mati\u00e8re grasse laiti\u00e8re anhydre, \u00e9mulsifiant (l\u00e9cithine de soja E322), blanc d'oeuf, farine de froment,\u2026","rel":"","context":"Article similaire","img":{"alt_text":"","src":"https:\/\/i2.wp.com\/www.passionfruits.fr\/wp-content\/uploads\/2015\/12\/maxi-rocher-coco.jpg?fit=600%2C600&ssl=1&resize=350%2C200","width":350,"height":200},"classes":[]},{"id":17742,"url":"https:\/\/www.passionfruits.fr\/index.php\/produit\/rochers-coco-au-chocolat-200-g\/","url_meta":{"origin":11264,"position":1},"title":"Rochers coco au chocolat 200 g","date":"19 mars 2021","format":false,"excerpt":"","rel":"","context":"Article similaire","img":{"alt_text":"","src":"https:\/\/i0.wp.com\/www.passionfruits.fr\/wp-content\/uploads\/2021\/03\/Rocher-choco.jpg?fit=600%2C599&ssl=1&resize=350%2C200","width":350,"height":200},"classes":[]},{"id":10332,"url":"https:\/\/www.passionfruits.fr\/index.php\/produit\/arachides-3-chocolats-de-paques-sachet-428g\/","url_meta":{"origin":11264,"position":2},"title":"Arachides 3 chocolats sachet 420 grs","date":"21 mars 2017","format":false,"excerpt":"De d\u00e9licieuses cacahu\u00e8tes enrob\u00e9es aux trois chocolats: chocolat noir, chocolat au lait et chocolat blanc. Ingr\u00e9dients : arachide 49%, chocolat noir (p\u00e2te de cacao, sucre, beurre de cacao, mati\u00e8re grasse laiti\u00e8re, \u00e9mulsifiant : l\u00e9cithine de soja, ar\u00f4me naturel vanille), chocolat au lait (sucre, beurre de cacao, lait entier en poudre,\u2026","rel":"","context":"Article similaire","img":{"alt_text":"","src":"https:\/\/i2.wp.com\/www.passionfruits.fr\/wp-content\/uploads\/2017\/03\/oeufs-de-paques.jpg?fit=500%2C500&ssl=1&resize=350%2C200","width":350,"height":200},"classes":[]},{"id":6287,"url":"https:\/\/www.passionfruits.fr\/index.php\/produit\/riz-melange-sauvage-les-500-grs\/","url_meta":{"origin":11264,"position":3},"title":"Riz m\u00e9lang\u00e9 sauvage Import barq env 400g","date":"7 d\u00e9cembre 2015","format":false,"excerpt":"Le \"M\u00e9lange sauvage\" est un m\u00e9lange de riz sauvage et de riz, pour son go\u00fbt d\u00e9licat et ses valeurs nutritionnelles.","rel":"","context":"Article similaire","img":{"alt_text":"","src":"https:\/\/i0.wp.com\/www.passionfruits.fr\/wp-content\/uploads\/2015\/12\/riz-melange-sauvage.jpg?fit=300%2C300&ssl=1&resize=350%2C200","width":350,"height":200},"classes":[]},{"id":12184,"url":"https:\/\/www.passionfruits.fr\/index.php\/produit\/rhum-vanille-coco-la-bouteille-de-70-cl\/","url_meta":{"origin":11264,"position":4},"title":"Rhum Noix de Coco la bouteille de 70 cl","date":"15 mai 2018","format":false,"excerpt":"Un arrang\u00e9 aux saveurs des \u00eeles\u2026. \u00c0 consommer bien frais Alcool 28,5 % La consommation de boissons alcoolis\u00e9es pendant la grossesse, m\u00eame en faible quantit\u00e9, peut avoir des cons\u00e9quences graves sur la sant\u00e9 de l\u2019enfant. L ABUS D ALCOOL EST DANGEREUX POUR LA SANTE. A CONSOMMER AVEC MODERATION. LA VENTE\u2026","rel":"","context":"Article similaire","img":{"alt_text":"","src":"https:\/\/i2.wp.com\/www.passionfruits.fr\/wp-content\/uploads\/2018\/05\/vanille-coco1.jpg?fit=600%2C600&ssl=1&resize=350%2C200","width":350,"height":200},"classes":[]},{"id":5373,"url":"https:\/\/www.passionfruits.fr\/index.php\/produit\/haricot-coco-blanc-sec-les-500-grs\/","url_meta":{"origin":11264,"position":5},"title":"Haricot Coco Blanc Eure et Loir sachet 500g","date":"7 d\u00e9cembre 2015","format":false,"excerpt":"Ils sont la base de l\u2019un des plats fran\u00e7ais les plus connus : le fameux cassoulet ! Une saveur tr\u00e8s douce. Le haricot coco blanc est relativement peu farineux. ils peuvent \u00eatre pr\u00e9par\u00e9s de nombreuses mani\u00e8res : en salade, avec des herbes aromatiques et une bonne vinaigrette, ou m\u00eame en\u2026","rel":"","context":"Article similaire","img":{"alt_text":"","src":"https:\/\/i1.wp.com\/www.passionfruits.fr\/wp-content\/uploads\/2015\/12\/coco-blanc.jpg?fit=600%2C600&ssl=1&resize=350%2C200","width":350,"height":200},"classes":[]}],"_links":{"self":[{"href":"https:\/\/www.passionfruits.fr\/index.php\/wp-json\/wp\/v2\/product\/11264"}],"collection":[{"href":"https:\/\/www.passionfruits.fr\/index.php\/wp-json\/wp\/v2\/product"}],"about":[{"href":"https:\/\/www.passionfruits.fr\/index.php\/wp-json\/wp\/v2\/types\/product"}],"replies":[{"embeddable":true,"href":"https:\/\/www.passionfruits.fr\/index.php\/wp-json\/wp\/v2\/comments?post=11264"}],"wp:featuredmedia":[{"embeddable":true,"href":"https:\/\/www.passionfruits.fr\/index.php\/wp-json\/wp\/v2\/media\/11265"}],"wp:attachment":[{"href":"https:\/\/www.passionfruits.fr\/index.php\/wp-json\/wp\/v2\/media?parent=11264"}],"curies":[{"name":"wp","href":"https:\/\/api.w.org\/{rel}","templated":true}]}}