{"id":11415,"date":"2017-12-15T08:02:34","date_gmt":"2017-12-15T07:02:34","guid":{"rendered":"http:\/\/www.andreclaude.fr\/web\/?post_type=product&#038;p=11415"},"modified":"2019-12-17T18:06:15","modified_gmt":"2019-12-17T17:06:15","slug":"champagne-bouche-pere-fils-cuvee-rosee-75-cl","status":"publish","type":"product","link":"https:\/\/www.passionfruits.fr\/index.php\/produit\/champagne-bouche-pere-fils-cuvee-rosee-75-cl\/","title":{"rendered":"Champagne Bouch\u00e9 P\u00e8re &#038; Fils Cuv\u00e9e Ros\u00e9e 75 cl"},"content":{"rendered":"","protected":false},"excerpt":{"rendered":"<p>Cette cuv\u00e9e est compos\u00e9e de 50% Pinot Noir, 40% Chardonnay et 10% Pinot Meunier.<\/p>\n<p>\u2013 ros\u00e9 d\u2019assemblage<br \/>\n\u2013 trois ann\u00e9es de vieillissement en bouteille.<br \/>\n\u2013 ar\u00f4mes \u00e9l\u00e9gant et subtils de fruits rouges<\/p>\n<p>Oeil : Robe rose claire, bulles fines et d\u00e9licates.<br \/>\nNez : Tr\u00e8s fruit\u00e9, ar\u00f4mes de fruits rouges et de fraises des bois.<br \/>\nBouche : Ros\u00e9 \u00e9quilibr\u00e9 avec une belle acidit\u00e9. Bonne fra\u00eecheur, attaque franche et bonne longueur en bouche.<\/p>\n<p>Install\u00e9e \u00e0 Pierry depuis quatre g\u00e9n\u00e9rations, la famille Bouch\u00e9 exploite un vignoble de 30 hectares situ\u00e9s dans les meilleurs crus de la Champagne.Nous mettons toute notre exp\u00e9rience \u00e0 produire des champagnes \u00e9l\u00e9gants et d\u00e9licats, \u00e9labor\u00e9s dans le strict respect de la tradition champenoise.<\/p>\n<p>Alcool<strong> : <\/strong>12 % contient des sulfites.<\/p>\n<p>Champagne Bouch\u00e9 P\u00e8re et Fils 10 rue du G\u00e9n\u00e9ral de Gaulle 51530 Pierry.<\/p>\n<p>La consommation de boissons alcoolis\u00e9es pendant la grossesse, m\u00eame en faible quantit\u00e9, peut avoir des cons\u00e9quences graves sur la sant\u00e9 de l\u2019enfant.<\/p>\n<p>LA VENTE D ALCOOL EST INTERDITE AUX MINEURS.<\/p>\n<p>L ABUS D ALCOOL EST DANGEREUX POUR LA SANTE. A CONSOMMER AVEC MODERATION.<\/p>\n","protected":false},"featured_media":11420,"comment_status":"closed","ping_status":"closed","template":"","meta":{"spay_email":"","jetpack_publicize_message":"","jetpack_is_tweetstorm":false},"jetpack_publicize_connections":[],"jetpack_sharing_enabled":true,"jetpack-related-posts":[{"id":11418,"url":"https:\/\/www.passionfruits.fr\/index.php\/produit\/champagne-bouche-pere-fils-cuvee-saphir-75-cl\/","url_meta":{"origin":11415,"position":0},"title":"Champagne Bouch\u00e9 P\u00e8re & Fils Cuv\u00e9e Saphir 75 cl","date":"15 d\u00e9cembre 2017","format":false,"excerpt":"Ce champagne se compose de 75% Chardonnay 20 % pinot noir et 5% Pinot Meunier. Il est issu des vieilles vignes de la Maison. \u2013 10 ans de vieillissement \u2013 Dosage 8g\/L \u2013 liqueur vieillie sous bois Oeil : Robe jaune soutenue, bulles fines, effervescence l\u00e9g\u00e8re et agr\u00e9able. Nez :\u2026","rel":"","context":"Article similaire","img":{"alt_text":"","src":"https:\/\/i1.wp.com\/www.passionfruits.fr\/wp-content\/uploads\/2017\/12\/bouche-saphir.jpg?fit=600%2C600&ssl=1&resize=350%2C200","width":350,"height":200},"classes":[]},{"id":11413,"url":"https:\/\/www.passionfruits.fr\/index.php\/produit\/champagne-bouche-pere-et-fils-brut-300-cl\/","url_meta":{"origin":11415,"position":1},"title":"Champagne Bouch\u00e9 P\u00e8re et fils Brut 300 cl","date":"15 d\u00e9cembre 2017","format":false,"excerpt":"Une couleur or. Ses bulles sont fines. Vous retrouverez au nez de l\u00e9g\u00e8res notes de brioche. Il est fin et a beaucoup de caract\u00e8re! D\u00e9gustez-le lors de toutes vos grandes occasions. Fond\u00e9e en 1920 par Abel Bouch\u00e9, la maison familiale Bouch\u00e9 P\u00e8re & fils en est aujourd'hui \u00e0 la 4e\u2026","rel":"","context":"Article similaire","img":{"alt_text":"","src":"https:\/\/i1.wp.com\/www.passionfruits.fr\/wp-content\/uploads\/2017\/12\/Bouche.jpg?fit=300%2C300&ssl=1&resize=350%2C200","width":350,"height":200},"classes":[]},{"id":11412,"url":"https:\/\/www.passionfruits.fr\/index.php\/produit\/champagne-bouche-pere-et-fils-brut-150-cl\/","url_meta":{"origin":11415,"position":2},"title":"Champagne Bouch\u00e9 P\u00e8re et fils Brut 150 cl","date":"15 d\u00e9cembre 2017","format":false,"excerpt":"Une couleur or. Ses bulles sont fines. Vous retrouverez au nez de l\u00e9g\u00e8res notes de brioche. Il est fin et a beaucoup de caract\u00e8re! D\u00e9gustez-le lors de toutes vos grandes occasions. Fond\u00e9e en 1920 par Abel Bouch\u00e9, la maison familiale Bouch\u00e9 P\u00e8re & fils en est aujourd'hui \u00e0 la 4e\u2026","rel":"","context":"Article similaire","img":{"alt_text":"","src":"https:\/\/i1.wp.com\/www.passionfruits.fr\/wp-content\/uploads\/2017\/12\/Bouche.jpg?fit=300%2C300&ssl=1&resize=350%2C200","width":350,"height":200},"classes":[]},{"id":5618,"url":"https:\/\/www.passionfruits.fr\/index.php\/produit\/champagne-bouche-brut\/","url_meta":{"origin":11415,"position":3},"title":"Champagne Bouch\u00e9 P\u00e8re et fils Brut 75 cl","date":"7 d\u00e9cembre 2015","format":false,"excerpt":"168.00 \u20ac le carton de 6 bouteilles soit 28,00\u00a0 \u20ac la bouteille \u00a0 Une couleur or. Ses bulles sont fines. Vous retrouverez au nez de l\u00e9g\u00e8res notes de brioche. Il est fin et a beaucoup de caract\u00e8re! D\u00e9gustez-le lors de toutes vos grandes occasions. Fond\u00e9e en 1920 par Abel Bouch\u00e9,\u2026","rel":"","context":"Article similaire","img":{"alt_text":"","src":"https:\/\/i1.wp.com\/www.passionfruits.fr\/wp-content\/uploads\/2017\/12\/Bouche.jpg?fit=300%2C300&ssl=1&resize=350%2C200","width":350,"height":200},"classes":[]},{"id":5532,"url":"https:\/\/www.passionfruits.fr\/index.php\/produit\/ruinart-rose\/","url_meta":{"origin":11415,"position":4},"title":"Champagne Ruinart brut ros\u00e9 75 cl","date":"7 d\u00e9cembre 2015","format":false,"excerpt":"Un bouquet intense de fruits rouges et de p\u00e9tales de rose rivalise de fra\u00eecheur avec une bouche vive et soyeuse. L'un des plus grands champagnes ros\u00e9s, capable de r\u00e9unir finesse et puissance. Ce ros\u00e9, habill\u00e9 sans timidit\u00e9, offre un bouquet vanill\u00e9 qui souligne sa nuance pinot, un pinot riche et\u2026","rel":"","context":"Article similaire","img":{"alt_text":"","src":"https:\/\/i1.wp.com\/www.passionfruits.fr\/wp-content\/uploads\/2015\/12\/ruinart-rose.jpg?fit=600%2C600&ssl=1&resize=350%2C200","width":350,"height":200},"classes":[]},{"id":5526,"url":"https:\/\/www.passionfruits.fr\/index.php\/produit\/champagne-r-de-ruinart\/","url_meta":{"origin":11415,"position":5},"title":"Champagne R de Ruinart brut 75 cl","date":"7 d\u00e9cembre 2015","format":false,"excerpt":"Une cuv\u00e9e franche, vive, fruit\u00e9e et brioch\u00e9e. Ruinart est la maison la plus ancienne de champagne. Le chardonnay occupe une place importante au sein de l\u2019assemblage des cuv\u00e9es de la maison, qui se distinguent pas leur \u00e9l\u00e9gance et leur finesse. le \"R\" de Ruinart est l'expression premi\u00e8re du go\u00fbt Ruinart.\u2026","rel":"","context":"Article similaire","img":{"alt_text":"","src":"https:\/\/i0.wp.com\/www.passionfruits.fr\/wp-content\/uploads\/2015\/12\/champagne_ruinart.jpg?fit=450%2C450&ssl=1&resize=350%2C200","width":350,"height":200},"classes":[]}],"_links":{"self":[{"href":"https:\/\/www.passionfruits.fr\/index.php\/wp-json\/wp\/v2\/product\/11415"}],"collection":[{"href":"https:\/\/www.passionfruits.fr\/index.php\/wp-json\/wp\/v2\/product"}],"about":[{"href":"https:\/\/www.passionfruits.fr\/index.php\/wp-json\/wp\/v2\/types\/product"}],"replies":[{"embeddable":true,"href":"https:\/\/www.passionfruits.fr\/index.php\/wp-json\/wp\/v2\/comments?post=11415"}],"wp:featuredmedia":[{"embeddable":true,"href":"https:\/\/www.passionfruits.fr\/index.php\/wp-json\/wp\/v2\/media\/11420"}],"wp:attachment":[{"href":"https:\/\/www.passionfruits.fr\/index.php\/wp-json\/wp\/v2\/media?parent=11415"}],"curies":[{"name":"wp","href":"https:\/\/api.w.org\/{rel}","templated":true}]}}