{"id":11712,"date":"2018-02-14T10:51:58","date_gmt":"2018-02-14T09:51:58","guid":{"rendered":"http:\/\/www.andreclaude.fr\/web\/?post_type=product&#038;p=11712"},"modified":"2023-02-17T10:00:27","modified_gmt":"2023-02-17T09:00:27","slug":"cornichon-extra-fins-le-pot-de-350-grs","status":"publish","type":"product","link":"https:\/\/www.passionfruits.fr\/index.php\/produit\/cornichon-extra-fins-le-pot-de-350-grs\/","title":{"rendered":"Cornichon Extra fins le pot de 350 grs"},"content":{"rendered":"<p>Distribu\u00e9 par<\/p>\n<p>DISTRAZUR<\/p>\n<p><span class=\"LrzXr\">ZI des plaines, <\/span><\/p>\n<p><span class=\"LrzXr\">80 chemins des buis, <\/span><\/p>\n<p><span class=\"LrzXr\">26780 Malataverne<\/span><\/p>\n","protected":false},"excerpt":{"rendered":"<p>Ingr\u00e9dients :<\/p>\n<p>Cornichons origine Inde 97%, vinaigre d&#8217;alcool d&#8217;origine agricole, sel, aromates (oignons, graines de <strong>moutarde<\/strong>, coriandre, estragon) contient des sulfites.<\/p>\n<p>Sans OGM, sans ingr\u00e9dients ionis\u00e9s. Produit pasteuris\u00e9.<\/p>\n<p>Valeurs nutritionnelles moyennes pour 100g<\/p>\n<p>Energie : 71kj\/17kcal<\/p>\n<p>Mati\u00e8res grasses : 0.2g dont acides gras satur\u00e9s &lt;0.1g<\/p>\n<p>Glucides 2.8g dont sucres 0.6g<\/p>\n<p>Prot\u00e9ines 0.9g<\/p>\n<p>Sel 1.82g<\/p>\n<p>&nbsp;<\/p>\n","protected":false},"featured_media":11961,"comment_status":"closed","ping_status":"closed","template":"","meta":{"spay_email":"","jetpack_publicize_message":"","jetpack_is_tweetstorm":false},"jetpack_publicize_connections":[],"jetpack_sharing_enabled":true,"jetpack-related-posts":[{"id":6158,"url":"https:\/\/www.passionfruits.fr\/index.php\/produit\/tapenade-thoionade-le-pot\/","url_meta":{"origin":11712,"position":0},"title":"Tapenade - Tho\u00efonade verrine 90g","date":"7 d\u00e9cembre 2015","format":false,"excerpt":"Subtile recette au thon associ\u00e9 au piment d'Espelette et aux tomates s\u00e9ch\u00e9es. Une recette simple et authentique. Ingr\u00e9dients : thon 28%, olives vertes,poivrons rouges, huile de tournesol, tomates s\u00e9ch\u00e9es 8%, cornichons, tomates pel\u00e9es, persil, ail, huile d'olive, jus de citron, concentr\u00e9, sel\u00a0 \u00e9paississants :amidon transform\u00e9, farine de guar ,et xanthane,\u2026","rel":"","context":"Article similaire","img":{"alt_text":"","src":"https:\/\/i2.wp.com\/www.passionfruits.fr\/wp-content\/uploads\/2015\/12\/thoionade.jpg?fit=458%2C458&ssl=1&resize=350%2C200","width":350,"height":200},"classes":[]},{"id":11969,"url":"https:\/\/www.passionfruits.fr\/index.php\/produit\/le-montagnard-des-vosges-le-demi\/","url_meta":{"origin":11712,"position":1},"title":"Le Montagnard des Vosges le demi","date":"27 mars 2018","format":false,"excerpt":"Fabriqu\u00e9 au coeur des Vosges avec du bon lait de montagne, le Montagnard est issu du savoir-faire des ma\u00eetres-fromagers de la fromagerie G\u00e9rard. Ingr\u00e9dients : lait de montagne pasteuris\u00e9 (origine France), cr\u00e8me (origine France), ferments, sel, pr\u00e9sure, colorant de cro\u00fbte: E160b Valeurs nutritionnelles moyennes pour 100g Energie : 1392kj\/337kcal Mati\u00e8res\u2026","rel":"","context":"Article similaire","img":{"alt_text":"","src":"https:\/\/i2.wp.com\/www.passionfruits.fr\/wp-content\/uploads\/2015\/12\/le-montagnard-des-vosges.jpg?fit=600%2C600&ssl=1&resize=350%2C200","width":350,"height":200},"classes":[]},{"id":5741,"url":"https:\/\/www.passionfruits.fr\/index.php\/produit\/chevre-cloche\/","url_meta":{"origin":11712,"position":2},"title":"Le Montagnard des Vosges la pi\u00e8ce 500g","date":"7 d\u00e9cembre 2015","format":false,"excerpt":"Fabriqu\u00e9 au coeur des Vosges avec du bon lait de montagne, le Montagnard est issu du savoir-faire des ma\u00eetres-fromagers de la fromagerie G\u00e9rard. Ingr\u00e9dients : lait de montagne pasteuris\u00e9 (origine France), cr\u00e8me (origine France), ferments, sel, pr\u00e9sure, colorant de cro\u00fbte: E160b Valeurs nutritionnelles moyennes pour 100g Energie : 1392kj\/337kcal Mati\u00e8res\u2026","rel":"","context":"Article similaire","img":{"alt_text":"","src":"https:\/\/i2.wp.com\/www.passionfruits.fr\/wp-content\/uploads\/2015\/12\/le-montagnard-des-vosges.jpg?fit=600%2C600&ssl=1&resize=350%2C200","width":350,"height":200},"classes":[]},{"id":17826,"url":"https:\/\/www.passionfruits.fr\/index.php\/produit\/gorgonzola-a-la-louche-cat-1-les-250-grs\/","url_meta":{"origin":11712,"position":3},"title":"Gorgonzola \u00e0 la louche les 250 grs","date":"25 mars 2021","format":false,"excerpt":"Ingr\u00e9dients: Lait de vache pasteuris\u00e9, sel, pr\u00e9sure. Mati\u00e8re grasse 27% environ. Cro\u00fbte non comestible. Origine: Italie Energie: 1334 kJ 319 kcal Mati\u00e8re grasse :27 g Dont acides satur\u00e9s :19 g Glucides : 0,1g Dont sucres : 0,1g Prot\u00e9ines : 19 g Sel : 1,3 g","rel":"","context":"Article similaire","img":{"alt_text":"","src":"https:\/\/i1.wp.com\/www.passionfruits.fr\/wp-content\/uploads\/2021\/03\/gorgonzola-louche.jpg?fit=546%2C600&ssl=1&resize=350%2C200","width":350,"height":200},"classes":[]},{"id":10674,"url":"https:\/\/www.passionfruits.fr\/index.php\/produit\/camembert-gaslonde-la-piece\/","url_meta":{"origin":11712,"position":4},"title":"Camembert Isigny lait cru la pi\u00e8ce","date":"6 juin 2017","format":false,"excerpt":"Affinage\u00a0:\u00a02 \u00e0 4 semaines Au Lait CRU de vaches Normandes moulage manuel \u00e0 la louche. Bouquet puissant et saveur de terroir, LE CAMEMBERT\u00a0! LE VRAI\u00a0! Ingr\u00e9dients : lait cru de vache (Origine France Normandie) ferments, pr\u00e9sure, sel. Valeurs nutritionnelles pour 100g Energie : 1177kj\/284 kcal Mati\u00e8res grasses : 21.9g dont\u2026","rel":"","context":"Article similaire","img":{"alt_text":"","src":"https:\/\/i2.wp.com\/www.passionfruits.fr\/wp-content\/uploads\/2017\/06\/camembert-isigny.jpg?fit=600%2C598&ssl=1&resize=350%2C200","width":350,"height":200},"classes":[]},{"id":6450,"url":"https:\/\/www.passionfruits.fr\/index.php\/produit\/figue-seche-les-250-grs\/","url_meta":{"origin":11712,"position":5},"title":"Figue s\u00e8che Turquie Cat 1 les 250g","date":"7 d\u00e9cembre 2015","format":false,"excerpt":"Ingr\u00e9dients : Figue s\u00e9ch\u00e9e Valeurs \u00e9nerg\u00e9tiques et nutritionnelles moyennes pour 100 g: Energie 1148kj\/271kcal Graisses 2.8g dont acides gras satur\u00e9s 0.4g Glucides 58g dont sucres 49g Fibres alimentaires : 13.5g Prot\u00e9ines 3.6g Sel 0.15g","rel":"","context":"Article similaire","img":{"alt_text":"","src":"https:\/\/i1.wp.com\/www.passionfruits.fr\/wp-content\/uploads\/2015\/12\/figues-seches.jpg?fit=600%2C600&ssl=1&resize=350%2C200","width":350,"height":200},"classes":[]}],"_links":{"self":[{"href":"https:\/\/www.passionfruits.fr\/index.php\/wp-json\/wp\/v2\/product\/11712"}],"collection":[{"href":"https:\/\/www.passionfruits.fr\/index.php\/wp-json\/wp\/v2\/product"}],"about":[{"href":"https:\/\/www.passionfruits.fr\/index.php\/wp-json\/wp\/v2\/types\/product"}],"replies":[{"embeddable":true,"href":"https:\/\/www.passionfruits.fr\/index.php\/wp-json\/wp\/v2\/comments?post=11712"}],"wp:featuredmedia":[{"embeddable":true,"href":"https:\/\/www.passionfruits.fr\/index.php\/wp-json\/wp\/v2\/media\/11961"}],"wp:attachment":[{"href":"https:\/\/www.passionfruits.fr\/index.php\/wp-json\/wp\/v2\/media?parent=11712"}],"curies":[{"name":"wp","href":"https:\/\/api.w.org\/{rel}","templated":true}]}}