{"id":13010,"date":"2018-11-06T11:51:29","date_gmt":"2018-11-06T10:51:29","guid":{"rendered":"http:\/\/www.andreclaude.fr\/web\/index.php\/produit\/veloute-tomate-basilic-72-cl\/"},"modified":"2022-09-26T09:31:23","modified_gmt":"2022-09-26T08:31:23","slug":"veloute-tomate-74-cl","status":"publish","type":"product","link":"https:\/\/www.passionfruits.fr\/index.php\/produit\/veloute-tomate-74-cl\/","title":{"rendered":"Velout\u00e9 de Tomate  74 cl"},"content":{"rendered":"<p>Soupe potage<\/p>\n<p>&nbsp;<\/p>\n<p>&nbsp;<\/p>\n","protected":false},"excerpt":{"rendered":"<p>Velout\u00e9 st\u00e9rilis\u00e9. Sans conservateur, ni colorant, conform\u00e9ment \u00e0 la l\u00e9gislation. Apr\u00e8s ouverture, conserver \u00e0 4 \u00b0 et \u00e0 consommer dans les 24 heures.<\/p>\n<p>Ingr\u00e9dients : eaux, tomates 35%, pommes de terre, oignons, <strong>cr\u00e8me fra\u00eeche<\/strong>, huile d&#8217;olive, amidon de ma\u00efs, basilic 1%,, sel, sucre, ail.<\/p>\n<p>Traces \u00e9ventuelles de<strong> c\u00e9leri<\/strong> et de <strong>soja<\/strong><\/p>\n<p>Valeurs nutritionnelles moyennes pour 100g<\/p>\n<p>Energie : 188.41kj\/45.22 kcal<\/p>\n<p>Mati\u00e8res grasses : 2.55g dont acides gras satur\u00e9s : 0.99g<\/p>\n<p>Glucides : 3.79g dont sucres 2.19g<\/p>\n<p>Prot\u00e9ines : 0.43g<\/p>\n<p>Sel : 0.58g<\/p>\n<p>&nbsp;<\/p>\n<p>&nbsp;<\/p>\n","protected":false},"featured_media":19012,"comment_status":"closed","ping_status":"closed","template":"","meta":{"spay_email":"","jetpack_publicize_message":"","jetpack_is_tweetstorm":false},"jetpack_publicize_connections":[],"jetpack_sharing_enabled":true,"jetpack-related-posts":[{"id":13008,"url":"https:\/\/www.passionfruits.fr\/index.php\/produit\/veloute-potiron-72-cl\/","url_meta":{"origin":13010,"position":0},"title":"Velout\u00e9 Potiron 73 cl","date":"6 novembre 2018","format":false,"excerpt":"Velout\u00e9 st\u00e9rilis\u00e9. Sans conservateur, ni colorant, conform\u00e9ment \u00e0 la l\u00e9gislation. Apr\u00e8s ouverture, conserver \u00e0 4 \u00b0 et \u00e0 consommer dans les 24 heures. Ingr\u00e9dients : eaux, potiron 35%, carotte, cr\u00e8me (lait), huile d'olive, amidon modifi\u00e9, sucre. Valeurs nutritionnelles moyennes pour 100g Energie : 152kj\/36 kcal Mati\u00e8res grasses : 2.5g dont\u2026","rel":"","context":"Article similaire","img":{"alt_text":"","src":"https:\/\/i1.wp.com\/www.passionfruits.fr\/wp-content\/uploads\/2018\/11\/Veloute-de-Potiron.jpg?fit=600%2C600&ssl=1&resize=350%2C200","width":350,"height":200},"classes":[]},{"id":13006,"url":"https:\/\/www.passionfruits.fr\/index.php\/produit\/veloute-asperge-74-cl\/","url_meta":{"origin":13010,"position":1},"title":"Velout\u00e9 Asperge 74 cl","date":"6 novembre 2018","format":false,"excerpt":"Velout\u00e9 st\u00e9rilis\u00e9. Sans conservateur, ni colorant, conform\u00e9ment \u00e0 la l\u00e9gislation. Apr\u00e8s ouverture, conserver \u00e0 4 \u00b0 et \u00e0 consommer dans les 24 heures. Ingr\u00e9dients : eaux, asperges 14%, pommes de terre,\u00a0 cr\u00e8me (lait),\u00a0 amidon modifi\u00e9,\u00a0 sel. Valeurs nutritionnelles moyennes pour 100g Energie : 132kj\/32 kcal Mati\u00e8res grasses : 1.7g dont\u2026","rel":"","context":"Article similaire","img":{"alt_text":"","src":"https:\/\/i2.wp.com\/www.passionfruits.fr\/wp-content\/uploads\/2018\/11\/61505.jpg?fit=599%2C600&ssl=1&resize=350%2C200","width":350,"height":200},"classes":[]},{"id":13002,"url":"https:\/\/www.passionfruits.fr\/index.php\/produit\/veloute-poireaux-74-cl\/","url_meta":{"origin":13010,"position":2},"title":"Velout\u00e9 Poireaux p.d.t. 74 cl","date":"6 novembre 2018","format":false,"excerpt":"Velout\u00e9 st\u00e9rilis\u00e9. Sans conservateur, ni colorant, conform\u00e9ment \u00e0 la l\u00e9gislation. Apr\u00e8s ouverture, conserver \u00e0 4 \u00b0 et \u00e0 consommer dans les 24 heures. \u00a0 Valeurs nutritionnelles moyennes pour 100g Energie : 174.29kj\/41.76 kcal Mati\u00e8res grasses : 2.37g dont acides gras satur\u00e9s : 0.36g Glucides : 4.64g dont sucres 0.92g Prot\u00e9ines\u2026","rel":"","context":"Article similaire","img":{"alt_text":"","src":"https:\/\/i1.wp.com\/www.passionfruits.fr\/wp-content\/uploads\/2018\/11\/61502.jpg?fit=600%2C600&ssl=1&resize=350%2C200","width":350,"height":200},"classes":[]},{"id":6440,"url":"https:\/\/www.passionfruits.fr\/index.php\/produit\/tapenade-chevre-et-tomate-le-pot\/","url_meta":{"origin":13010,"position":3},"title":"Tapenade - Ch\u00e8vre et tomate verrine 90g","date":"7 d\u00e9cembre 2015","format":false,"excerpt":"Une alliance d\u00e9licate entre l'onctuosit\u00e9 cr\u00e9meuse du ch\u00e8vre et la saveur raffin\u00e9e de la tomate s\u00e9ch\u00e9e. Comblera le plus avis\u00e9 des gastronomes. Ingr\u00e9dients : fromage blanc, fromage de ch\u00e8vre 22% tomates s\u00e9ch\u00e9es 16%, tomates pel\u00e9es concass\u00e9es, ail, sel, origan, amidon transform\u00e9, poivre blanc. Sans conservateur, sans OGM Valeurs nutritionnelles moyennes\u2026","rel":"","context":"Article similaire","img":{"alt_text":"","src":"https:\/\/i2.wp.com\/www.passionfruits.fr\/wp-content\/uploads\/2015\/12\/delice-de-chevre.jpg?fit=458%2C458&ssl=1&resize=350%2C200","width":350,"height":200},"classes":[]},{"id":6162,"url":"https:\/\/www.passionfruits.fr\/index.php\/produit\/tapenade-tomates-sechees-le-pot\/","url_meta":{"origin":13010,"position":4},"title":"Tapenade - Tomates s\u00e9ch\u00e9es verrine 90g","date":"7 d\u00e9cembre 2015","format":false,"excerpt":"Le D\u00e9lice de tomates s\u00e9ch\u00e9es est caract\u00e9ris\u00e9\u00a0par une robe sombre et un moelleux flatteur en bouche. Ingr\u00e9dients : tomates s\u00e9ch\u00e9es 45%, huile de tournesol, tomates pel\u00e9es, huile d'olive, eau, ail, mozzarella, poivre. Sans conservateur, sans OGM Valeurs nutritionnelles moyennes pour 100 g Energie : 2015kj\/487kcal Mati\u00e8res grasses : 43.2 g\u2026","rel":"","context":"Article similaire","img":{"alt_text":"","src":"https:\/\/i1.wp.com\/www.passionfruits.fr\/wp-content\/uploads\/2015\/12\/delice-de-tomates-sechees.jpg?fit=458%2C458&ssl=1&resize=350%2C200","width":350,"height":200},"classes":[]},{"id":5909,"url":"https:\/\/www.passionfruits.fr\/index.php\/produit\/sauce-tomate-grand-mere\/","url_meta":{"origin":13010,"position":5},"title":"Sauce Tomate Grand M\u00e8re le pot de 350g","date":"7 d\u00e9cembre 2015","format":false,"excerpt":"Id\u00e9ale pour accompagner vos plats de p\u00e2tes, de riz,poissons, ou encore pour vous assurer la r\u00e9ussite de vos sauces tomates ! \u00a0 CARACTERISTIQUES PRODUIT Ingr\u00e9dients : Tomates 90%, l\u00e9gumes en proportions variables 7% ( oignon, carotte, c\u00e9leri), huile de tournesol, sel, r\u00e9gulateur d'acidit\u00e9 : acide citrique. Allerg\u00e8nes : Traces d'allerg\u00e8nes\u2026","rel":"","context":"Article similaire","img":{"alt_text":"","src":"https:\/\/i2.wp.com\/www.passionfruits.fr\/wp-content\/uploads\/2015\/12\/sauce.jpg?fit=598%2C600&ssl=1&resize=350%2C200","width":350,"height":200},"classes":[]}],"_links":{"self":[{"href":"https:\/\/www.passionfruits.fr\/index.php\/wp-json\/wp\/v2\/product\/13010"}],"collection":[{"href":"https:\/\/www.passionfruits.fr\/index.php\/wp-json\/wp\/v2\/product"}],"about":[{"href":"https:\/\/www.passionfruits.fr\/index.php\/wp-json\/wp\/v2\/types\/product"}],"replies":[{"embeddable":true,"href":"https:\/\/www.passionfruits.fr\/index.php\/wp-json\/wp\/v2\/comments?post=13010"}],"wp:featuredmedia":[{"embeddable":true,"href":"https:\/\/www.passionfruits.fr\/index.php\/wp-json\/wp\/v2\/media\/19012"}],"wp:attachment":[{"href":"https:\/\/www.passionfruits.fr\/index.php\/wp-json\/wp\/v2\/media?parent=13010"}],"curies":[{"name":"wp","href":"https:\/\/api.w.org\/{rel}","templated":true}]}}