{"id":13454,"date":"2019-01-19T10:03:04","date_gmt":"2019-01-19T09:03:04","guid":{"rendered":"http:\/\/www.andreclaude.fr\/web\/index.php\/produit\/champagne-coffret-amour-de-deutz-rose-2009-375-cl\/"},"modified":"2021-02-24T19:26:14","modified_gmt":"2021-02-24T18:26:14","slug":"champagne-coffret-amour-de-deutz-rose-2009-375-cl","status":"publish","type":"product","link":"https:\/\/www.passionfruits.fr\/index.php\/produit\/champagne-coffret-amour-de-deutz-rose-2009-375-cl\/","title":{"rendered":"Champagne Coffret Amour de Deutz Ros\u00e9 2009 &#8211; 37,5 cl"},"content":{"rendered":"","protected":false},"excerpt":{"rendered":"<p><span class=\"product-aside--listValue\">L\u2019histoire du Champagne Deutz commence en 1838 \u00e0 A\u00ff en plein coeur de la Champagne. Fond\u00e9e par deux n\u00e9gociants dont le c\u00e9l\u00e8bre William Deutz, la maison Deutz acquiert tr\u00e8s vite une belle renomm\u00e9e internationale. Aujourd\u2019hui les champagnes Deutz sont \u00e0 la t\u00eate de l\u2019un des plus beaux patrimoines viticoles de la Champagne. La maison poss\u00e8de quelques-unes des plus belles parcelles dont plusieurs au sein de la prestigieuse C\u00f4te des Blancs. Amour de Deutz, Deutz Brut Classic ou Deutz Brut Classic forment l\u2019une des gammes les plus qualitatives de Champagne.\u00a0 Un grand nom incontournable pour les amateurs de champagne.\u00a0<\/span><\/p>\n<p><span style=\"font-size: medium;\">Robe : cristalline et limpide aux reflets &#8220;or-blanc&#8221;.<br \/>\nNez : subtil, \u00e9l\u00e9gant, sur des notes de fleurs blanches <\/span><\/p>\n<p><span style=\"font-size: medium;\">Bouche : franche, souple et ample. Finale d&#8217;une remarquable persistance.<\/span><\/p>\n<p>Alcool : 12 % contient des sulfites<\/p>\n<p>Champagne Deutz 16 rue Jeanson \u2013 BP 9 \u2013 51160 AY<\/p>\n<p>La consommation de boissons alcoolis\u00e9es pendant la grossesse, m\u00eame en faible quantit\u00e9, peut avoir des cons\u00e9quences graves sur la sant\u00e9 de l\u2019enfant.<br \/>\nLA VENTE D ALCOOL EST INTERDITE AUX MINEURS.<br \/>\nL ABUS D ALCOOL EST DANGEREUX POUR LA SANTE. A CONSOMMER AVEC MODERATION.<\/p>\n<p>&nbsp;<\/p>\n<p>&nbsp;<\/p>\n","protected":false},"featured_media":17634,"comment_status":"closed","ping_status":"closed","template":"","meta":{"spay_email":"","jetpack_publicize_message":"","jetpack_is_tweetstorm":false},"jetpack_publicize_connections":[],"jetpack_sharing_enabled":true,"jetpack-related-posts":[{"id":5488,"url":"https:\/\/www.passionfruits.fr\/index.php\/produit\/champagne-deutz-brut-classic\/","url_meta":{"origin":13454,"position":0},"title":"Champagne Deutz Brut classic 75cl","date":"7 d\u00e9cembre 2015","format":false,"excerpt":"Robe or soutenu avec de tr\u00e8s fines bulles. En bouche : ample, vive et souple qui s'arrondit sur une finale fruit\u00e9e et fra\u00eeche tr\u00e8s persistante. L\u2019histoire du Champagne Deutz commence en 1838 \u00e0 A\u00ff en plein coeur de la Champagne. Fond\u00e9e par deux n\u00e9gociants dont le c\u00e9l\u00e8bre William Deutz, la\u2026","rel":"","context":"Article similaire","img":{"alt_text":"","src":"https:\/\/i2.wp.com\/www.passionfruits.fr\/wp-content\/uploads\/2015\/12\/deutz.jpg?fit=600%2C600&ssl=1&resize=350%2C200","width":350,"height":200},"classes":[]},{"id":5496,"url":"https:\/\/www.passionfruits.fr\/index.php\/produit\/champagne-grande-reserve-brut\/","url_meta":{"origin":13454,"position":1},"title":"Champagne Devaux Grande R\u00e9serve Brut 75 cl","date":"7 d\u00e9cembre 2015","format":false,"excerpt":"Le champagne Grande R\u00e9serve Brut de la Maison DEVAUX est un superbe champagne aux ar\u00f4mes de fruits m\u00fbrs. Apr\u00e8s trois ans minimum de vieillissement en cave, finesse et puissance s'expriment en choeur dans ce champagne. Enjoleur, long en bouche, intense, noble, le champagne Grande R\u00e9serve Brut de la maison DEVAUX\u2026","rel":"","context":"Article similaire","img":{"alt_text":"","src":"https:\/\/i2.wp.com\/www.passionfruits.fr\/wp-content\/uploads\/2015\/12\/devaux2.jpg?fit=600%2C600&ssl=1&resize=350%2C200","width":350,"height":200},"classes":[]},{"id":5503,"url":"https:\/\/www.passionfruits.fr\/index.php\/produit\/champagne-devaux-grande-reserve-brut-375cl\/","url_meta":{"origin":13454,"position":2},"title":"Champagne Devaux Grande R\u00e9serve Brut 37,5 cl","date":"7 d\u00e9cembre 2015","format":false,"excerpt":"Le champagne Grande R\u00e9serve Brut de la Maison DEVAUX est un superbe champagne aux ar\u00f4mes de fruits m\u00fbrs. Apr\u00e8s trois ans minimum de vieillissement en cave, finesse et puissance s'expriment en choeur dans ce champagne. Enjoleur, long en bouche, intense, noble, le champagne Grande R\u00e9serve Brut de la maison DEVAUX\u2026","rel":"","context":"Article similaire","img":{"alt_text":"","src":"https:\/\/i2.wp.com\/www.passionfruits.fr\/wp-content\/uploads\/2015\/12\/devaux2.jpg?fit=600%2C600&ssl=1&resize=350%2C200","width":350,"height":200},"classes":[]},{"id":5526,"url":"https:\/\/www.passionfruits.fr\/index.php\/produit\/champagne-r-de-ruinart\/","url_meta":{"origin":13454,"position":3},"title":"Champagne R de Ruinart brut 75 cl","date":"7 d\u00e9cembre 2015","format":false,"excerpt":"Une cuv\u00e9e franche, vive, fruit\u00e9e et brioch\u00e9e. Ruinart est la maison la plus ancienne de champagne. Le chardonnay occupe une place importante au sein de l\u2019assemblage des cuv\u00e9es de la maison, qui se distinguent pas leur \u00e9l\u00e9gance et leur finesse. le \"R\" de Ruinart est l'expression premi\u00e8re du go\u00fbt Ruinart.\u2026","rel":"","context":"Article similaire","img":{"alt_text":"","src":"https:\/\/i0.wp.com\/www.passionfruits.fr\/wp-content\/uploads\/2015\/12\/champagne_ruinart.jpg?fit=450%2C450&ssl=1&resize=350%2C200","width":350,"height":200},"classes":[]},{"id":11413,"url":"https:\/\/www.passionfruits.fr\/index.php\/produit\/champagne-bouche-pere-et-fils-brut-300-cl\/","url_meta":{"origin":13454,"position":4},"title":"Champagne Bouch\u00e9 P\u00e8re et fils Brut 300 cl","date":"15 d\u00e9cembre 2017","format":false,"excerpt":"Une couleur or. Ses bulles sont fines. Vous retrouverez au nez de l\u00e9g\u00e8res notes de brioche. Il est fin et a beaucoup de caract\u00e8re! D\u00e9gustez-le lors de toutes vos grandes occasions. Fond\u00e9e en 1920 par Abel Bouch\u00e9, la maison familiale Bouch\u00e9 P\u00e8re & fils en est aujourd'hui \u00e0 la 4e\u2026","rel":"","context":"Article similaire","img":{"alt_text":"","src":"https:\/\/i1.wp.com\/www.passionfruits.fr\/wp-content\/uploads\/2017\/12\/Bouche.jpg?fit=300%2C300&ssl=1&resize=350%2C200","width":350,"height":200},"classes":[]},{"id":11412,"url":"https:\/\/www.passionfruits.fr\/index.php\/produit\/champagne-bouche-pere-et-fils-brut-150-cl\/","url_meta":{"origin":13454,"position":5},"title":"Champagne Bouch\u00e9 P\u00e8re et fils Brut 150 cl","date":"15 d\u00e9cembre 2017","format":false,"excerpt":"Une couleur or. Ses bulles sont fines. Vous retrouverez au nez de l\u00e9g\u00e8res notes de brioche. Il est fin et a beaucoup de caract\u00e8re! D\u00e9gustez-le lors de toutes vos grandes occasions. Fond\u00e9e en 1920 par Abel Bouch\u00e9, la maison familiale Bouch\u00e9 P\u00e8re & fils en est aujourd'hui \u00e0 la 4e\u2026","rel":"","context":"Article similaire","img":{"alt_text":"","src":"https:\/\/i1.wp.com\/www.passionfruits.fr\/wp-content\/uploads\/2017\/12\/Bouche.jpg?fit=300%2C300&ssl=1&resize=350%2C200","width":350,"height":200},"classes":[]}],"_links":{"self":[{"href":"https:\/\/www.passionfruits.fr\/index.php\/wp-json\/wp\/v2\/product\/13454"}],"collection":[{"href":"https:\/\/www.passionfruits.fr\/index.php\/wp-json\/wp\/v2\/product"}],"about":[{"href":"https:\/\/www.passionfruits.fr\/index.php\/wp-json\/wp\/v2\/types\/product"}],"replies":[{"embeddable":true,"href":"https:\/\/www.passionfruits.fr\/index.php\/wp-json\/wp\/v2\/comments?post=13454"}],"wp:featuredmedia":[{"embeddable":true,"href":"https:\/\/www.passionfruits.fr\/index.php\/wp-json\/wp\/v2\/media\/17634"}],"wp:attachment":[{"href":"https:\/\/www.passionfruits.fr\/index.php\/wp-json\/wp\/v2\/media?parent=13454"}],"curies":[{"name":"wp","href":"https:\/\/api.w.org\/{rel}","templated":true}]}}