{"id":13584,"date":"2019-02-21T18:33:52","date_gmt":"2019-02-21T17:33:52","guid":{"rendered":"http:\/\/www.andreclaude.fr\/web\/?post_type=product&#038;p=13584"},"modified":"2025-09-17T07:41:51","modified_gmt":"2025-09-17T06:41:51","slug":"amande-effilee-barq-env-200-grs","status":"publish","type":"product","link":"https:\/\/www.passionfruits.fr\/index.php\/produit\/amande-effilee-barq-env-200-grs\/","title":{"rendered":"Amande effil\u00e9e Barq. env. 200 grs"},"content":{"rendered":"","protected":false},"excerpt":{"rendered":"<p>Conditionn\u00e9 en barquette refermable \u00e0 volont\u00e9 pour garder toute sa saveur.<\/p>\n<p>Ingredi\u00e9nts : amandes \u00e9ffil\u00e9es<\/p>\n<p>Valeurs nutritionnelles moyennes pour 100 g<\/p>\n<p>Energie : 2625kj\/635kcal<\/p>\n<p>Mati\u00e8res grasses : 56g dont acides gras satures : 4,5g<\/p>\n<p>Glucides : 4,9g dont sucres 4,3g<\/p>\n<p>Prot\u00e9ines : 24g<\/p>\n<p>Sel &lt;0,1g<\/p>\n<p>Distribu\u00e9 par Agidra 69801 SAINT PRIEST<\/p>\n<p>&nbsp;<\/p>\n<p>&nbsp;<\/p>\n","protected":false},"featured_media":13589,"comment_status":"open","ping_status":"closed","template":"","meta":{"spay_email":"","jetpack_publicize_message":"","jetpack_is_tweetstorm":false},"jetpack_publicize_connections":[],"jetpack_sharing_enabled":true,"jetpack-related-posts":[{"id":5370,"url":"https:\/\/www.passionfruits.fr\/index.php\/produit\/amande-decortiquee-barq-245-g\/","url_meta":{"origin":13584,"position":0},"title":"Amande barquette 220g environ","date":"7 d\u00e9cembre 2015","format":false,"excerpt":"Pour les monder, plongez les amandes 2mn dans de l\u2019eau bouillante puis \u00e9gouttez-les et passez-les sous l\u2019eau froide. Vous pourrez ensuite tr\u00e8s facilement enlever la peau en les pin\u00e7ant entre deux doigts. Conditionn\u00e9 en barquette refermable \u00e0 volont\u00e9 pour garder toute sa saveur. Ingr\u00e9dients : amandes Origine :\u00a0 U.S.A. Traces\u2026","rel":"","context":"Article similaire","img":{"alt_text":"","src":"https:\/\/i2.wp.com\/www.passionfruits.fr\/wp-content\/uploads\/2015\/12\/113-129-large.jpg?fit=300%2C300&ssl=1&resize=350%2C200","width":350,"height":200},"classes":[]},{"id":10992,"url":"https:\/\/www.passionfruits.fr\/index.php\/produit\/nougat-tendre-aux-amandes-barre-de-100-g\/","url_meta":{"origin":13584,"position":1},"title":"Nougat tendre aux amandes barre de 50 g","date":"31 ao\u00fbt 2017","format":false,"excerpt":"Cette barre 100 g de Nougat tendre se glissera facilement dans votre poche. Vous pourrez consommer cette confiserie traditionnelle seul ou \u00e0 deux.\u00a0Vous profiterez pleinement de ce m\u00e9lange de saveurs d'amandes et de Miel. Facile \u00e0 d\u00e9guster. Ingr\u00e9dients : sucre, glucose, amandes grill\u00e9es 15%, vanilline, blancs d'oeuf, miel. Distribution confiserie\u2026","rel":"","context":"Article similaire","img":{"alt_text":"","src":"https:\/\/i1.wp.com\/www.passionfruits.fr\/wp-content\/uploads\/2017\/08\/barre-nougat.jpg?fit=598%2C598&ssl=1&resize=350%2C200","width":350,"height":200},"classes":[]},{"id":6133,"url":"https:\/\/www.passionfruits.fr\/index.php\/produit\/croquant-de-corde-le-paquet\/","url_meta":{"origin":13584,"position":2},"title":"Croquant de corde sachet 100g","date":"7 d\u00e9cembre 2015","format":false,"excerpt":"Croquant de corde sachet 100g. Biscuits souffl\u00e9s, l\u00e9gers, finement croustillants, parsem\u00e9s d'\u00e9clats d'amandes et au bon go\u00fbt de nougatine. Ingr\u00e9dients : sucre, amandes 20%, farine de bl\u00e9, blancs d'oeufs. Traces possibles de lait et de noisettes. Valeurs nutritionnelles moyennes pour 100g Energie : 1884kj\/448kcal Mati\u00e8res grasses : 13g dont acides\u2026","rel":"","context":"Article similaire","img":{"alt_text":"","src":"https:\/\/i1.wp.com\/www.passionfruits.fr\/wp-content\/uploads\/2015\/12\/croquant-corde.jpg?fit=600%2C600&ssl=1&resize=350%2C200","width":350,"height":200},"classes":[]},{"id":6444,"url":"https:\/\/www.passionfruits.fr\/index.php\/produit\/n-nougat-amandes-caramel-part-180-grs-env\/","url_meta":{"origin":13584,"position":3},"title":"Nougat amandes caramel part 180g env.","date":"7 d\u00e9cembre 2015","format":false,"excerpt":"","rel":"","context":"Article similaire","img":{"alt_text":"","src":"https:\/\/i0.wp.com\/www.passionfruits.fr\/wp-content\/uploads\/2015\/12\/nougat-caramel.jpg?fit=600%2C600&ssl=1&resize=350%2C200","width":350,"height":200},"classes":[]},{"id":6445,"url":"https:\/\/www.passionfruits.fr\/index.php\/produit\/m-nougat-amandes-creme-brulee-part-180-grs-env\/","url_meta":{"origin":13584,"position":4},"title":"Nougat amandes cr\u00e8me brul\u00e9e part 180g env.","date":"7 d\u00e9cembre 2015","format":false,"excerpt":"","rel":"","context":"Article similaire","img":{"alt_text":"","src":"https:\/\/i2.wp.com\/www.passionfruits.fr\/wp-content\/uploads\/2015\/12\/Nougat-part.jpg?fit=600%2C600&ssl=1&resize=350%2C200","width":350,"height":200},"classes":[]},{"id":6464,"url":"https:\/\/www.passionfruits.fr\/index.php\/produit\/o-nougat-amandes-fruits-confits-part-180-grs-env\/","url_meta":{"origin":13584,"position":5},"title":"Nougat amandes Fruits confits part 180 grs env.","date":"7 d\u00e9cembre 2015","format":false,"excerpt":"","rel":"","context":"Article similaire","img":{"alt_text":"","src":"https:\/\/i1.wp.com\/www.passionfruits.fr\/wp-content\/uploads\/2015\/12\/nougat-fruit-confit3.jpg?fit=600%2C600&ssl=1&resize=350%2C200","width":350,"height":200},"classes":[]}],"_links":{"self":[{"href":"https:\/\/www.passionfruits.fr\/index.php\/wp-json\/wp\/v2\/product\/13584"}],"collection":[{"href":"https:\/\/www.passionfruits.fr\/index.php\/wp-json\/wp\/v2\/product"}],"about":[{"href":"https:\/\/www.passionfruits.fr\/index.php\/wp-json\/wp\/v2\/types\/product"}],"replies":[{"embeddable":true,"href":"https:\/\/www.passionfruits.fr\/index.php\/wp-json\/wp\/v2\/comments?post=13584"}],"wp:featuredmedia":[{"embeddable":true,"href":"https:\/\/www.passionfruits.fr\/index.php\/wp-json\/wp\/v2\/media\/13589"}],"wp:attachment":[{"href":"https:\/\/www.passionfruits.fr\/index.php\/wp-json\/wp\/v2\/media?parent=13584"}],"curies":[{"name":"wp","href":"https:\/\/api.w.org\/{rel}","templated":true}]}}