{"id":13793,"date":"2019-04-16T10:25:19","date_gmt":"2019-04-16T09:25:19","guid":{"rendered":"http:\/\/www.andreclaude.fr\/web\/index.php\/produit\/pouilly-fume-eric-louis-75-cl-2018\/"},"modified":"2024-12-28T09:52:27","modified_gmt":"2024-12-28T08:52:27","slug":"pouilly-fume-eric-louis-75-cl-2018","status":"publish","type":"product","link":"https:\/\/www.passionfruits.fr\/index.php\/produit\/pouilly-fume-eric-louis-75-cl-2018\/","title":{"rendered":"Pouilly-Fum\u00e9 Eric Louis bouteille 75 cl 2023"},"content":{"rendered":"","protected":false},"excerpt":{"rendered":"<p class=\"ck_normal\"><strong><span class=\"ck_vert\">C\u00e9page :<\/span><\/strong><\/p>\n<p class=\"ck_normal\">100% Sauvignon Blanc<\/p>\n<p class=\"ck_normal\"><strong><span class=\"ck_vert\">Terroir :<\/span><\/strong><\/p>\n<p class=\"ck_normal\">Les vignes de notre Pouilly-Fum\u00e9 s&#8217;\u00e9panouissent sur des terres compos\u00e9es majoritairement de silex et de marnes kimm\u00e9ridgiennes (coquillages fossilis\u00e9s).<\/p>\n<p class=\"ck_normal\"><strong><span class=\"ck_vert\">Travail de la vigne :\u00a0<\/span><\/strong><\/p>\n<p class=\"ck_normal\">La vigne fait l\u2019objet d\u2019observations constantes : nous limitons nos rendements, d\u00e9butons les vendanges suivant la maturit\u00e9 de chaque parcelle, proc\u00e9dons au tri de la r\u00e9colte\u2026<\/p>\n<p class=\"ck_normal\"><strong><span class=\"ck_vert\">Vinification :\u00a0<\/span><\/strong><\/p>\n<p class=\"ck_normal\">Les vendanges d\u00e9marrent d\u00e8s que les raisins ont atteint le niveau optimal de maturit\u00e9. Sit\u00f4t vendang\u00e9, le raisin est achemin\u00e9 au pressoir afin d\u2019en pr\u00e9server le potentiel aromatique.<\/p>\n<p class=\"ck_normal\"><strong><span class=\"ck_vert\">D\u00e9gustation :\u00a0<\/span><\/strong><\/p>\n<p class=\"ck_normal\">Ce vin pr\u00e9sente une robe or p\u00e2le\u00a0d\u2019une belle brillance ainsi qu\u2019un joli nez frais, fruit\u00e9 et subtil. On remarque \u00e0 la fois des notes de min\u00e9ralit\u00e9 et de rondeur li\u00e9es \u00e0 la nature du sol (silex &amp; coquillages fossilis\u00e9s).<\/p>\n<p class=\"ck_normal\">\n<p class=\"ck_normal\"><strong><span class=\"ck_vert\">Accords Mets &amp; Vins :<\/span><\/strong><\/p>\n<p class=\"ck_normal\">Sa vocation est de s&#8217;associer avec des plats de poissons et les crustac\u00e9s. Il accompagne merveilleusement les fromages de ch\u00e8vre, comme le fameux crottin de Chavignol, autre sp\u00e9cialit\u00e9 de la r\u00e9gion.<\/p>\n<p>&nbsp;<\/p>\n<div class=\"page\" data-loaded=\"true\" data-page-number=\"2\">\n<p class=\" text-justify\">Alcool 12.5 % Contient des sulfites.<\/p>\n<p class=\" text-justify\">La consommation de boissons alcoolis\u00e9es pendant la grossesse, m\u00eame en faible quantit\u00e9, peut avoir des cons\u00e9quences graves sur la sant\u00e9 de l\u2019enfant.<\/p>\n<p class=\" text-justify\">L ABUS D ALCOOL EST DANGEREUX POUR LA SANTE. A CONSOMMER AVEC MODERATION.<\/p>\n<p class=\" text-justify\">LA VENTE D ALCOOL EST INTERDITE AUX MINEURS.<\/p>\n<p class=\" text-justify\">Eric Louis 18300 Thauvenay<\/p>\n<p class=\" text-justify\">\n<\/div>\n","protected":false},"featured_media":13794,"comment_status":"closed","ping_status":"closed","template":"","meta":{"spay_email":"","jetpack_publicize_message":"","jetpack_is_tweetstorm":false},"jetpack_publicize_connections":[],"jetpack_sharing_enabled":true,"jetpack-related-posts":[{"id":5555,"url":"https:\/\/www.passionfruits.fr\/index.php\/produit\/aoc-quincy-2012\/","url_meta":{"origin":13793,"position":0},"title":"Quincy Eric Louis 75 cl 2023","date":"7 d\u00e9cembre 2015","format":false,"excerpt":"C\u00e9page : 100% Sauvignon Blanc Terroir :Les vignes qui vont donner naissance aux vins de Quincy sont plant\u00e9es sur une terrasse ancienne du Cher constitu\u00e9e de sables et de graves. Travail de la vigne : La vigne est l\u2019objet d\u2019observations constantes: nous limitons nos rendements, d\u00e9butons les vendanges suivant la\u2026","rel":"","context":"Article similaire","img":{"alt_text":"","src":"https:\/\/i2.wp.com\/www.passionfruits.fr\/wp-content\/uploads\/2015\/12\/quincy-ec.jpg?fit=600%2C600&ssl=1&resize=350%2C200","width":350,"height":200},"classes":[]},{"id":5486,"url":"https:\/\/www.passionfruits.fr\/index.php\/produit\/champagne-beerens\/","url_meta":{"origin":13793,"position":1},"title":"Sancerre rouge Eric Louis 75 cl 2022","date":"7 d\u00e9cembre 2015","format":false,"excerpt":"C\u00e9page : 100 % Pinot Noir Terroir : argilo-calcaire et silex Travail de la vigne : la vigne est l\u2019objet d\u2019observations constantes: nous limitons nos rendements, d\u00e9butons les vendanges suivant la maturit\u00e9 de chaque parcelle, proc\u00e9dons au tri de la r\u00e9colte\u2026 Vinification : La vendange est tri\u00e9e et \u00e9grapp\u00e9e. Suite\u2026","rel":"","context":"Article similaire","img":{"alt_text":"","src":"https:\/\/i0.wp.com\/www.passionfruits.fr\/wp-content\/uploads\/2015\/12\/sancerre-rouge.jpg?fit=599%2C600&ssl=1&resize=350%2C200","width":350,"height":200},"classes":[]},{"id":15010,"url":"https:\/\/www.passionfruits.fr\/index.php\/produit\/buzet-rouge-sans-sulfites-75-cl-2018\/","url_meta":{"origin":13793,"position":2},"title":"Buzet rouge sans sulfites 75 cl 2019","date":"7 mars 2020","format":false,"excerpt":"\u00ab Sans \u00bb est un vin rouge sans sulfites ajout\u00e9s. Ce vin rouge atypique est n\u00e9 d\u2019une volont\u00e9 : celle de vous proposer un vin sans allerg\u00e8nes. Elabor\u00e9 un vin sans ajouter de \u00ab soufre \u00bb c\u2019est faire un vin autrement. La vendange dont est issu ce vin rouge \u00ab\u2026","rel":"","context":"Article similaire","img":{"alt_text":"","src":"https:\/\/i2.wp.com\/www.passionfruits.fr\/wp-content\/uploads\/2020\/03\/sans-sulfites-rouge.jpg?fit=600%2C600&ssl=1&resize=350%2C200","width":350,"height":200},"classes":[]},{"id":13954,"url":"https:\/\/www.passionfruits.fr\/index.php\/produit\/chateau-fleur-la-mothe-150-cl-2015\/","url_meta":{"origin":13793,"position":3},"title":"Ch\u00e2teau Fleur La Mothe 150 cl  2015","date":"17 mai 2019","format":false,"excerpt":"Le Ch\u00e2teau Fleur La Mothe M\u00e9doc Cru Bourgeois est une s\u00e9lection des meilleures parcelles. C'est un vin riche, plein de finesse et de concentration. Sa structure tannique lui offre une grande aptitude au vieillissement. Surface : 15 Hectares Age moyen des vignes : 50 ans Sol : Argilo calcaire, Graves\u2026","rel":"","context":"Article similaire","img":{"alt_text":"","src":"https:\/\/i1.wp.com\/www.passionfruits.fr\/wp-content\/uploads\/2019\/05\/fleur-la-mothe.jpg?fit=596%2C600&ssl=1&resize=350%2C200","width":350,"height":200},"classes":[]},{"id":14356,"url":"https:\/\/www.passionfruits.fr\/index.php\/produit\/chateau-fleur-la-mothe-75-cl-2019\/","url_meta":{"origin":13793,"position":4},"title":"Ch\u00e2teau Fleur La Mothe 75 cl  2019","date":"6 septembre 2019","format":false,"excerpt":"Le Ch\u00e2teau Fleur La Mothe M\u00e9doc Cru Bourgeois est une s\u00e9lection des meilleures parcelles. C'est un vin riche, plein de finesse et de concentration. Sa structure tannique lui offre une grande aptitude au vieillissement. Surface : 15 Hectares Age moyen des vignes : 50 ans Sol : Argilo calcaire, Graves\u2026","rel":"","context":"Article similaire","img":{"alt_text":"","src":"https:\/\/i1.wp.com\/www.passionfruits.fr\/wp-content\/uploads\/2019\/05\/fleur-la-mothe.jpg?fit=596%2C600&ssl=1&resize=350%2C200","width":350,"height":200},"classes":[]},{"id":5588,"url":"https:\/\/www.passionfruits.fr\/index.php\/produit\/chinon-cuvee-medievale-2012\/","url_meta":{"origin":13793,"position":5},"title":"Chinon Prends Moi 75 cl 2023","date":"7 d\u00e9cembre 2015","format":false,"excerpt":"Quand le terroir se conjugue au f\u00e9minin !!! Clothilde Pain le Chinon au F\u00e9minin Issue d\u2019une lign\u00e9e de vignerons, berc\u00e9e depuis l\u2019enfance aux rythmes des vendanges et des saisons, j\u2019ai su depuis toujours que je poursuivrais la m\u00eame route que mes a\u00efeux en cultivant ce vignoble Chinonais qui m\u2019a vu\u2026","rel":"","context":"Article similaire","img":{"alt_text":"","src":"https:\/\/i1.wp.com\/www.passionfruits.fr\/wp-content\/uploads\/2015\/12\/prends-moi.jpg?fit=600%2C600&ssl=1&resize=350%2C200","width":350,"height":200},"classes":[]}],"_links":{"self":[{"href":"https:\/\/www.passionfruits.fr\/index.php\/wp-json\/wp\/v2\/product\/13793"}],"collection":[{"href":"https:\/\/www.passionfruits.fr\/index.php\/wp-json\/wp\/v2\/product"}],"about":[{"href":"https:\/\/www.passionfruits.fr\/index.php\/wp-json\/wp\/v2\/types\/product"}],"replies":[{"embeddable":true,"href":"https:\/\/www.passionfruits.fr\/index.php\/wp-json\/wp\/v2\/comments?post=13793"}],"wp:featuredmedia":[{"embeddable":true,"href":"https:\/\/www.passionfruits.fr\/index.php\/wp-json\/wp\/v2\/media\/13794"}],"wp:attachment":[{"href":"https:\/\/www.passionfruits.fr\/index.php\/wp-json\/wp\/v2\/media?parent=13793"}],"curies":[{"name":"wp","href":"https:\/\/api.w.org\/{rel}","templated":true}]}}