{"id":14561,"date":"2019-10-25T19:39:30","date_gmt":"2019-10-25T18:39:30","guid":{"rendered":"http:\/\/www.andreclaude.fr\/web\/index.php\/produit\/lentille-noire-beluga-france-sachet-500g\/"},"modified":"2024-05-30T17:14:10","modified_gmt":"2024-05-30T16:14:10","slug":"lentille-noire-beluga-france-sachet-500g","status":"publish","type":"product","link":"https:\/\/www.passionfruits.fr\/index.php\/produit\/lentille-noire-beluga-france-sachet-500g\/","title":{"rendered":"Lentille Beluga Eure et Loir sachet 500g"},"content":{"rendered":"<p>&#8211; Ne salez jamais l&#8217;eau de cuisson, car les l\u00e9gumes secs mettront bien plus de temps \u00e0 cuire !<br \/>\n&#8211; Pr\u00e9f\u00e9rez une cuisson lente pour qu&#8217;ils ne se d\u00e9sagr\u00e8gent pas.<\/p>\n","protected":false},"excerpt":{"rendered":"<p>La lentille noire beluga est consid\u00e9r\u00e9e comme la meilleure des lentilles gr\u00e2ce \u00e0 son go\u00fbt proche de la ch\u00e2taigne et de la noisette. Sa couleur noire lui vaut le surnom de caviar v\u00e9g\u00e9tal. Elle nous vient du Canada. Comme les autres l\u00e9gumineuses, la lentille noire est un nutriment r\u00eav\u00e9 et contient beaucoup de vitamines, de prot\u00e9ines, des fibres et des min\u00e9raux.<\/p>\n","protected":false},"featured_media":14563,"comment_status":"closed","ping_status":"closed","template":"","meta":{"spay_email":"","jetpack_publicize_message":"","jetpack_is_tweetstorm":false},"jetpack_publicize_connections":[],"jetpack_sharing_enabled":true,"jetpack-related-posts":[{"id":5349,"url":"https:\/\/www.passionfruits.fr\/index.php\/produit\/lentille-verte-les-500-grs\/","url_meta":{"origin":14561,"position":0},"title":"Lentille verte  Eure et Loir barq env 400g","date":"7 d\u00e9cembre 2015","format":false,"excerpt":"Origine Eure et Loir. Produit \u00e0 l\u2019ancienne, nous utilisons des vari\u00e9t\u00e9s anciennes ayant davantage de go\u00fbt. Elle compte parmi les plus anciennes et plus appr\u00e9ci\u00e9es des l\u00e9gumineuses.\u00a0 Ces produits sont cultiv\u00e9s sur une exploitation qui respecte l\u2019environnement. EURE\u00a0 ET\u00a0 LOIR Ne salez jamais l eau de cuisson, car les l\u00e9gumes\u2026","rel":"","context":"Article similaire","img":{"alt_text":"","src":"https:\/\/i0.wp.com\/www.passionfruits.fr\/wp-content\/uploads\/2015\/12\/lentille-1.jpg?fit=600%2C600&ssl=1&resize=350%2C200","width":350,"height":200},"classes":[]},{"id":19989,"url":"https:\/\/www.passionfruits.fr\/index.php\/produit\/lentille-blonde-france-eure-et-loir-sachet-500g\/","url_meta":{"origin":14561,"position":1},"title":"Lentille Blonde Eure et Loir sachet 500g","date":"30 mai 2024","format":false,"excerpt":"Origine Eure et Loir. Produit \u00e0 l\u2019ancienne, nous utilisons des vari\u00e9t\u00e9s anciennes ayant davantage de go\u00fbt. Elle compte parmi les plus anciennes et plus appr\u00e9ci\u00e9es des l\u00e9gumineuses.\u00a0 Ces produits sont cultiv\u00e9s sur une exploitation qui respecte l\u2019environnement. EURE\u00a0 ET\u00a0 LOIR Ne salez jamais l eau de cuisson, car les l\u00e9gumes\u2026","rel":"","context":"Article similaire","img":{"alt_text":"","src":"https:\/\/i0.wp.com\/www.passionfruits.fr\/wp-content\/uploads\/2015\/12\/lentille-1.jpg?fit=600%2C600&ssl=1&resize=350%2C200","width":350,"height":200},"classes":[]},{"id":5366,"url":"https:\/\/www.passionfruits.fr\/index.php\/produit\/lentille-corail-les-500-grs\/","url_meta":{"origin":14561,"position":2},"title":"Lentille corail Eure et Loir sachet 500g","date":"7 d\u00e9cembre 2015","format":false,"excerpt":"Trempage : non. Dur\u00e9e de cuisson \u00e0 l'\u00e9bullition : 20 minutes Ingr\u00e9dients :Lentille corail, traces possibles d'arachide, fruits \u00e0 la coque, de gluten, de s\u00e9same et de sulfites. Valeurs \u00e9nerg\u00e9tiques et nutritionnelles moyennes pour 100g : \u00e9nergie: 1413kJ\/ 334kcal Mati\u00e8res grasses: 2,2g dont acides gras satur\u00e9s: <0,5g Glucides: 48g dont\u2026","rel":"","context":"Article similaire","img":{"alt_text":"","src":"https:\/\/i1.wp.com\/www.passionfruits.fr\/wp-content\/uploads\/2015\/12\/lentille-corail.jpg?fit=600%2C600&ssl=1&resize=350%2C200","width":350,"height":200},"classes":[]},{"id":6121,"url":"https:\/\/www.passionfruits.fr\/index.php\/produit\/bocaux-lentilles\/","url_meta":{"origin":14561,"position":3},"title":"Bocaux lentilles le bocal de 660g","date":"7 d\u00e9cembre 2015","format":false,"excerpt":"Contenance : 72 cl Poids net : 660 g Poids net \u00e9goutt\u00e9 : 0 g CARACTERISTIQUES PRODUIT Ingr\u00e9dients : Eau, lentilles s\u00e8ches tremp\u00e9es 47%, graisse d'oie 3%, sel, double concentr\u00e9 de tomates, ar\u00f4mes (bl\u00e9, soja,c\u00e9leri) sirop de glucose, huile de tournesol, sucre, oignon, graisse de boeuf, herbes aromatiques, \u00e9pices, acidifiant\u2026","rel":"","context":"Article similaire","img":{"alt_text":"","src":"https:\/\/i0.wp.com\/www.passionfruits.fr\/wp-content\/uploads\/2015\/12\/lentille.jpg?fit=600%2C600&ssl=1&resize=350%2C200","width":350,"height":200},"classes":[]},{"id":19990,"url":"https:\/\/www.passionfruits.fr\/index.php\/produit\/haricot-coco-noir-eure-et-loir-sachet-500g\/","url_meta":{"origin":14561,"position":4},"title":"Haricot Coco Noir Eure et Loir sachet 500g","date":"30 mai 2024","format":false,"excerpt":"Ils sont la base de l\u2019un des plats fran\u00e7ais les plus connus : le fameux cassoulet ! Une saveur tr\u00e8s douce. Le haricot coco blanc est relativement peu farineux. ils peuvent \u00eatre pr\u00e9par\u00e9s de nombreuses mani\u00e8res : en salade, avec des herbes aromatiques et une bonne vinaigrette, ou m\u00eame en\u2026","rel":"","context":"Article similaire","img":{"alt_text":"","src":"https:\/\/i1.wp.com\/www.passionfruits.fr\/wp-content\/uploads\/2024\/05\/169.jpg?fit=600%2C600&ssl=1&resize=350%2C200","width":350,"height":200},"classes":[]},{"id":5373,"url":"https:\/\/www.passionfruits.fr\/index.php\/produit\/haricot-coco-blanc-sec-les-500-grs\/","url_meta":{"origin":14561,"position":5},"title":"Haricot Coco Blanc Eure et Loir sachet 500g","date":"7 d\u00e9cembre 2015","format":false,"excerpt":"Ils sont la base de l\u2019un des plats fran\u00e7ais les plus connus : le fameux cassoulet ! Une saveur tr\u00e8s douce. Le haricot coco blanc est relativement peu farineux. ils peuvent \u00eatre pr\u00e9par\u00e9s de nombreuses mani\u00e8res : en salade, avec des herbes aromatiques et une bonne vinaigrette, ou m\u00eame en\u2026","rel":"","context":"Article similaire","img":{"alt_text":"","src":"https:\/\/i1.wp.com\/www.passionfruits.fr\/wp-content\/uploads\/2015\/12\/coco-blanc.jpg?fit=600%2C600&ssl=1&resize=350%2C200","width":350,"height":200},"classes":[]}],"_links":{"self":[{"href":"https:\/\/www.passionfruits.fr\/index.php\/wp-json\/wp\/v2\/product\/14561"}],"collection":[{"href":"https:\/\/www.passionfruits.fr\/index.php\/wp-json\/wp\/v2\/product"}],"about":[{"href":"https:\/\/www.passionfruits.fr\/index.php\/wp-json\/wp\/v2\/types\/product"}],"replies":[{"embeddable":true,"href":"https:\/\/www.passionfruits.fr\/index.php\/wp-json\/wp\/v2\/comments?post=14561"}],"wp:featuredmedia":[{"embeddable":true,"href":"https:\/\/www.passionfruits.fr\/index.php\/wp-json\/wp\/v2\/media\/14563"}],"wp:attachment":[{"href":"https:\/\/www.passionfruits.fr\/index.php\/wp-json\/wp\/v2\/media?parent=14561"}],"curies":[{"name":"wp","href":"https:\/\/api.w.org\/{rel}","templated":true}]}}