{"id":15871,"date":"2020-04-24T05:08:20","date_gmt":"2020-04-24T04:08:20","guid":{"rendered":"http:\/\/www.andreclaude.fr\/web\/?post_type=product&#038;p=15871"},"modified":"2020-04-24T05:08:20","modified_gmt":"2020-04-24T04:08:20","slug":"ratatouille-cuisinee-a-lhuile-dolive-bocal-660-g","status":"publish","type":"product","link":"https:\/\/www.passionfruits.fr\/index.php\/produit\/ratatouille-cuisinee-a-lhuile-dolive-bocal-660-g\/","title":{"rendered":"Ratatouille cuisin\u00e9e \u00e0 l&#8217;huile d&#8217;olive bocal 660 g"},"content":{"rendered":"","protected":false},"excerpt":{"rendered":"","protected":false},"featured_media":15875,"comment_status":"closed","ping_status":"closed","template":"","meta":{"spay_email":"","jetpack_publicize_message":"","jetpack_is_tweetstorm":false},"jetpack_publicize_connections":[],"jetpack_sharing_enabled":true,"jetpack-related-posts":[{"id":6121,"url":"https:\/\/www.passionfruits.fr\/index.php\/produit\/bocaux-lentilles\/","url_meta":{"origin":15871,"position":0},"title":"Bocaux lentilles le bocal de 660g","date":"7 d\u00e9cembre 2015","format":false,"excerpt":"Contenance : 72 cl Poids net : 660 g Poids net \u00e9goutt\u00e9 : 0 g CARACTERISTIQUES PRODUIT Ingr\u00e9dients : Eau, lentilles s\u00e8ches tremp\u00e9es 47%, graisse d'oie 3%, sel, double concentr\u00e9 de tomates, ar\u00f4mes (bl\u00e9, soja,c\u00e9leri) sirop de glucose, huile de tournesol, sucre, oignon, graisse de boeuf, herbes aromatiques, \u00e9pices, acidifiant\u2026","rel":"","context":"Article similaire","img":{"alt_text":"","src":"https:\/\/i0.wp.com\/www.passionfruits.fr\/wp-content\/uploads\/2015\/12\/lentille.jpg?fit=600%2C600&ssl=1&resize=350%2C200","width":350,"height":200},"classes":[]},{"id":17730,"url":"https:\/\/www.passionfruits.fr\/index.php\/produit\/salsifis-le-bocal-de-660g\/","url_meta":{"origin":15871,"position":1},"title":"Salsifis le bocal de 660g","date":"19 mars 2021","format":false,"excerpt":"Poids net : 660 g Poids net \u00e9goutt\u00e9 : 395 g CARACTERISTIQUES PRODUIT Ingr\u00e9dients :\u00a0Salsifis, eau, sel,\u00a0Acidifiant : acide citrique (ou E330), Antioxydant : acide ascorbique (ou E300). Allerg\u00e8nes : Valeurs nutritionnelles pour 100 g de produit \u00e9goutt\u00e9 : Energie\u00a0133\u00a0kJ \/\u00a032kcal Mati\u00e8res grasses 0,5 g dont satur\u00e9s 0,1 g Glucides\u00a04.3\u00a0g\u2026","rel":"","context":"Article similaire","img":{"alt_text":"","src":"https:\/\/i2.wp.com\/www.passionfruits.fr\/wp-content\/uploads\/2021\/03\/Salsifi.jpg?fit=600%2C600&ssl=1&resize=350%2C200","width":350,"height":200},"classes":[]},{"id":17732,"url":"https:\/\/www.passionfruits.fr\/index.php\/produit\/macedoine-de-legumes-le-bocal-de-660g\/","url_meta":{"origin":15871,"position":2},"title":"Mac\u00e9doine de L\u00e9gumes le bocal de 660g","date":"19 mars 2021","format":false,"excerpt":"Poids net : 660 g Poids net \u00e9goutt\u00e9 :\u00a0420g CARACTERISTIQUES PRODUIT Ingr\u00e9dients :\u00a0Carotte, navet, haricot vert, petit pois, flageolet, eau, sel. Valeurs nutritionnelles pour 100 g de produit \u00e9goutt\u00e9 : Energie\u00a0178\u00a0kJ \/ 43 kcal Mati\u00e8res grasses 0,4 g dont satur\u00e9s 0,1 g Glucides 4.9 g Dont Sucres\u00a01 g Fibres alimentaires\u00a04.3\u00a0g\u2026","rel":"","context":"Article similaire","img":{"alt_text":"","src":"https:\/\/i0.wp.com\/www.passionfruits.fr\/wp-content\/uploads\/2021\/03\/Macedoine.jpg?fit=600%2C600&ssl=1&resize=350%2C200","width":350,"height":200},"classes":[]},{"id":6123,"url":"https:\/\/www.passionfruits.fr\/index.php\/produit\/bocaux-haricots-verts\/","url_meta":{"origin":15871,"position":3},"title":"Bocaux haricots verts extra fin le bocal de 660g","date":"7 d\u00e9cembre 2015","format":false,"excerpt":"Contenance : 72 cl Poids net : 660 g Poids net \u00e9goutt\u00e9 : 345 g CARACTERISTIQUES PRODUIT Ingr\u00e9dients : Haricots verts, eau, sel. Allerg\u00e8nes : Traces d'allerg\u00e8nes possibles : Allerg\u00e8nes pr\u00e9sents dans l'atelier : Valeurs nutritionnelles pour 100 g de produit \u00e9goutt\u00e9 Energie 106 kJ \/ 25 kcal Mati\u00e8res grasses\u2026","rel":"","context":"Article similaire","img":{"alt_text":"","src":"https:\/\/i1.wp.com\/www.passionfruits.fr\/wp-content\/uploads\/2015\/12\/haricot-vert-1.jpg?fit=594%2C600&ssl=1&resize=350%2C200","width":350,"height":200},"classes":[]},{"id":6125,"url":"https:\/\/www.passionfruits.fr\/index.php\/produit\/bocaux-haricots-blancs\/","url_meta":{"origin":15871,"position":4},"title":"Bocaux haricots blancs le bocal de 660g","date":"7 d\u00e9cembre 2015","format":false,"excerpt":"Contenance : 72 cl Poids net : 660 g Poids net \u00e9goutt\u00e9 : 395 g CARACTERISTIQUES PRODUIT Ingr\u00e9dients : Eau, haricots blancs secs tremp\u00e9s, sel, ar\u00f4mes naturels. Allerg\u00e8nes : Traces d'allerg\u00e8nes possibles : Allerg\u00e8nes pr\u00e9sents dans l'atelier : Valeurs nutritionnelles pour 100 g de produit \u00e9goutt\u00e9 Energie 413 kJ \/\u2026","rel":"","context":"Article similaire","img":{"alt_text":"","src":"https:\/\/i2.wp.com\/www.passionfruits.fr\/wp-content\/uploads\/2015\/12\/flalgeolet.jpg?fit=598%2C600&ssl=1&resize=350%2C200","width":350,"height":200},"classes":[]},{"id":6127,"url":"https:\/\/www.passionfruits.fr\/index.php\/produit\/bocaux-flageolets-verts\/","url_meta":{"origin":15871,"position":5},"title":"Bocaux flageolets verts le bocal de 660g","date":"7 d\u00e9cembre 2015","format":false,"excerpt":"Contenance : 72 cl Poids net : 660 g Poids net \u00e9goutt\u00e9 : 420 g CARACTERISTIQUES PRODUIT Ingr\u00e9dients : Flageolets verts, eau, sel, ar\u00f4me naturel. Traces d'allerg\u00e8nes possibles : Allerg\u00e8nes pr\u00e9sents dans l'atelier : Valeurs nutritionnelles pour 100 g de produit \u00e9goutt\u00e9 Energie 367 kJ \/ 87 kcal Mati\u00e8res grasses\u2026","rel":"","context":"Article similaire","img":{"alt_text":"","src":"https:\/\/i0.wp.com\/www.passionfruits.fr\/wp-content\/uploads\/2015\/12\/flageolet2.jpg?fit=596%2C600&ssl=1&resize=350%2C200","width":350,"height":200},"classes":[]}],"_links":{"self":[{"href":"https:\/\/www.passionfruits.fr\/index.php\/wp-json\/wp\/v2\/product\/15871"}],"collection":[{"href":"https:\/\/www.passionfruits.fr\/index.php\/wp-json\/wp\/v2\/product"}],"about":[{"href":"https:\/\/www.passionfruits.fr\/index.php\/wp-json\/wp\/v2\/types\/product"}],"replies":[{"embeddable":true,"href":"https:\/\/www.passionfruits.fr\/index.php\/wp-json\/wp\/v2\/comments?post=15871"}],"wp:featuredmedia":[{"embeddable":true,"href":"https:\/\/www.passionfruits.fr\/index.php\/wp-json\/wp\/v2\/media\/15875"}],"wp:attachment":[{"href":"https:\/\/www.passionfruits.fr\/index.php\/wp-json\/wp\/v2\/media?parent=15871"}],"curies":[{"name":"wp","href":"https:\/\/api.w.org\/{rel}","templated":true}]}}