{"id":15954,"date":"2020-05-08T05:08:41","date_gmt":"2020-05-08T04:08:41","guid":{"rendered":"http:\/\/www.andreclaude.fr\/web\/index.php\/produit\/pilaho-blanc-domaine-pellehaut-bouteille-75-cl\/"},"modified":"2023-05-23T09:03:34","modified_gmt":"2023-05-23T08:03:34","slug":"pilaho-blanc-domaine-pellehaut-bouteille-75-cl","status":"publish","type":"product","link":"https:\/\/www.passionfruits.fr\/index.php\/produit\/pilaho-blanc-domaine-pellehaut-bouteille-75-cl\/","title":{"rendered":"Pilaho Blanc Domaine Pellehaut bouteille 75 cl"},"content":{"rendered":"","protected":false},"excerpt":{"rendered":"<p>53,70 \u20ac le carton de bouteilles soit 8.95 \u20ac la bouteille<\/p>\n<p>&nbsp;<\/p>\n<p>Une \u00e9l\u00e9gante robe blonde aux reflets verts habille un nez fin de parfums floraux. Un sillage ent\u00eatant de tilleul, d\u2019aub\u00e9pine et d\u2019abricot nous entra\u00eene \u00e0 la poursuite des fines bulles de ce p\u00e9tillant qui nous enchantent en bouche \u00e0 travers un ballet d\u2019agrume et de mangue\u2026 A d\u00e9guster frais en ap\u00e9ritif ou en dessert.<\/p>\n<p>Degr\u00e9 : 9%<\/p>\n<section id=\"recompenseTab\" class=\"page-product-box tab-pane fade active in\">\n<div class=\"rte\">\n<p>R\u00e9compenses :<\/p>\n<section id=\"recompenseTab\" class=\"page-product-box tab-pane fade active in\">\n<div class=\"rte\">\n<p>M\u00e9daille d&#8217;Argent au Concours Elle \u00e0 Table 2016<\/p>\n<p>M\u00e9daille d&#8217;Or au Concours Prix Plaisir Bettane &amp; Desseauve 2015<\/p>\n<\/div>\n<\/section>\n<\/div>\n<\/section>\n<p class=\" text-justify\">La consommation de boissons alcoolis\u00e9es pendant la grossesse, m\u00eame en faible quantit\u00e9, peut avoir des cons\u00e9quences graves sur la sant\u00e9 de l\u2019enfant.<\/p>\n<p class=\" text-justify\">L ABUS D ALCOOL EST DANGEREUX POUR LA SANTE. A CONSOMMER AVEC MODERATION.<\/p>\n<p>LA VENTE D ALCOOL EST INTERDITE AUX MINEURS.<\/p>\n<p>Famille B\u00e9raut 32250 Montr\u00e9al Du Gers<\/p>\n","protected":false},"featured_media":15956,"comment_status":"closed","ping_status":"closed","template":"","meta":{"spay_email":"","jetpack_publicize_message":"","jetpack_is_tweetstorm":false},"jetpack_publicize_connections":[],"jetpack_sharing_enabled":true,"jetpack-related-posts":[{"id":14544,"url":"https:\/\/www.passionfruits.fr\/index.php\/produit\/pilaho-rose-domaine-pellehaut-bouteille-75-cl\/","url_meta":{"origin":15954,"position":0},"title":"Pilaho Ros\u00e9 Domaine Pellehaut bouteille 75 cl","date":"22 octobre 2019","format":false,"excerpt":"53,70\u20ac le carton de bouteilles soit 8.95 \u20ac la bouteille \u00a0 Une mousse fine et abondante qui s'\u00e9vapore en laissant un parfum sucr\u00e9 de fraise et de cerise. Une couleur rouge, ros\u00e9 qui rappelle le sirop de grenadine, \u00e0 boire frais l'\u00e9t\u00e9. En bouche, la comparaison avec un coulis de\u2026","rel":"","context":"Article similaire","img":{"alt_text":"","src":"https:\/\/i0.wp.com\/www.passionfruits.fr\/wp-content\/uploads\/2019\/10\/pilaho-rose.jpg?fit=600%2C600&ssl=1&resize=350%2C200","width":350,"height":200},"classes":[]},{"id":15957,"url":"https:\/\/www.passionfruits.fr\/index.php\/produit\/domaine-pellehaut-harmonie-rose-75-cl-2024\/","url_meta":{"origin":15954,"position":1},"title":"Domaine Pellehaut Harmonie ros\u00e9 75 cl 2024","date":"8 mai 2020","format":false,"excerpt":"36 \u20ac le carton de 6 bouteilles soit 6 \u20ac a bouteille Une jolie teinte corail. Un nez avec des notes de confiture et de jasmin. Une bouche nous rappelant le coulis de fruits rouges avec une pointe de rose forme un \u00e9quilibre parfait. Un vin id\u00e9al \u00e0 l\u2019occasion de\u2026","rel":"","context":"Article similaire","img":{"alt_text":"","src":"https:\/\/i0.wp.com\/www.passionfruits.fr\/wp-content\/uploads\/2020\/05\/harmonie-rose.jpg?fit=600%2C600&ssl=1&resize=350%2C200","width":350,"height":200},"classes":[]},{"id":13846,"url":"https:\/\/www.passionfruits.fr\/index.php\/produit\/domaine-pellehaut-ete-gascond-blanc-75-cl-2018\/","url_meta":{"origin":15954,"position":2},"title":"Domaine Pellehaut Et\u00e9 Gascond Blanc 75 cl 2023","date":"26 avril 2019","format":false,"excerpt":"53,70 \u20ac le carton de 6 bouteilles soit 8,95 \u20ac la bouteille \u00a0 Une base \u00e0 80 % de Gros Manseng accompagn\u00e9e de Chardonnay et de c\u00e9pages locaux. Une robe jaune, un nez intense de fruits exotiques. Un v\u00e9ritable dessert en bouche, entre douceur, tonicit\u00e9 et fra\u00eecheur, ce vin accompagnera\u2026","rel":"","context":"Article similaire","img":{"alt_text":"","src":"https:\/\/i0.wp.com\/www.passionfruits.fr\/wp-content\/uploads\/2019\/04\/Ete-blanc.jpg?fit=600%2C600&ssl=1&resize=350%2C200","width":350,"height":200},"classes":[]},{"id":19813,"url":"https:\/\/www.passionfruits.fr\/index.php\/produit\/biere-blonde-juste-toi-et-moi-bouteille-33-cl\/","url_meta":{"origin":15954,"position":3},"title":"Bi\u00e8re blonde juste toi et moi Bouteille 33 cl","date":"21 f\u00e9vrier 2024","format":false,"excerpt":"Bi\u00e8re de Maintenon Une bi\u00e8re artisanale l\u00e9g\u00e8re et attachante. Bi\u00e8re artisanale bien p\u00e9tillante, s\u00e8che et d\u00e9salt\u00e9rante. Des notes aromatiques d\u2019herbac\u00e9e, de pain frais, de fleurs de mirabellier et de rose. \u00c0 table, la bi\u00e8re de garde pur malt \u201cJuste Toi & Moi\u201d pourra accompagner choucroutes, asperges, salades de crudit\u00e9s, fromages\u2026","rel":"","context":"Article similaire","img":{"alt_text":"","src":"https:\/\/i2.wp.com\/www.passionfruits.fr\/wp-content\/uploads\/2024\/02\/biere-juste-toi-et-moi.jpg?fit=599%2C600&ssl=1&resize=350%2C200","width":350,"height":200},"classes":[]},{"id":19807,"url":"https:\/\/www.passionfruits.fr\/index.php\/produit\/biere-cocon-bouteille-33-cl\/","url_meta":{"origin":15954,"position":4},"title":"Bi\u00e8re blanche Cocon Bouteille 33 cl Elue \u201cMeilleure bi\u00e8re du Monde\u201d en 2021","date":"21 f\u00e9vrier 2024","format":false,"excerpt":"Elue \u201cMeilleure bi\u00e8re du Monde\u201d en 2021 Bi\u00e8re de Maintenon Une bi\u00e8re artisanale onctueuse et acidul\u00e9e. Bi\u00e8re artisanale finement p\u00e9tillante, l\u00e9g\u00e8re et onctueuse. Des notes de pamplemousse et de citron vert. \u00c0 table, la bi\u00e8re de garde pur malt \u201cCocon\u201d pourra accompagner coquillages, poissons grill\u00e9s et poissons fum\u00e9s, fromages de\u2026","rel":"","context":"Article similaire","img":{"alt_text":"","src":"https:\/\/i2.wp.com\/www.passionfruits.fr\/wp-content\/uploads\/2024\/02\/biere-cocon.jpg?fit=600%2C600&ssl=1&resize=350%2C200","width":350,"height":200},"classes":[]},{"id":7182,"url":"https:\/\/www.passionfruits.fr\/index.php\/produit\/rhum-xo-70-cl\/","url_meta":{"origin":15954,"position":5},"title":"Rhum XO El Pasador 70 cl","date":"22 d\u00e9cembre 2015","format":false,"excerpt":"Rhum xo el pasador de oro 70 cl\u00a0 40\u00b0 Guatemala Le rhum XO du Guatemala se pr\u00e9sente dans une tr\u00e8s jolie carafe sous \u00e9tui. Profil : Equilibre, \u00e9l\u00e9gance, onctuosit\u00e9, rondeur et complexit\u00e9 aromatique. \u00c0 propos de EL PASADOR DE ORO. Devenue en moins de cinq ans la marque en plus\u2026","rel":"","context":"Article similaire","img":{"alt_text":"","src":"https:\/\/i2.wp.com\/www.passionfruits.fr\/wp-content\/uploads\/2015\/12\/777.jpg?fit=600%2C600&ssl=1&resize=350%2C200","width":350,"height":200},"classes":[]}],"_links":{"self":[{"href":"https:\/\/www.passionfruits.fr\/index.php\/wp-json\/wp\/v2\/product\/15954"}],"collection":[{"href":"https:\/\/www.passionfruits.fr\/index.php\/wp-json\/wp\/v2\/product"}],"about":[{"href":"https:\/\/www.passionfruits.fr\/index.php\/wp-json\/wp\/v2\/types\/product"}],"replies":[{"embeddable":true,"href":"https:\/\/www.passionfruits.fr\/index.php\/wp-json\/wp\/v2\/comments?post=15954"}],"wp:featuredmedia":[{"embeddable":true,"href":"https:\/\/www.passionfruits.fr\/index.php\/wp-json\/wp\/v2\/media\/15956"}],"wp:attachment":[{"href":"https:\/\/www.passionfruits.fr\/index.php\/wp-json\/wp\/v2\/media?parent=15954"}],"curies":[{"name":"wp","href":"https:\/\/api.w.org\/{rel}","templated":true}]}}