{"id":15957,"date":"2020-05-08T05:24:44","date_gmt":"2020-05-08T04:24:44","guid":{"rendered":"http:\/\/www.andreclaude.fr\/web\/index.php\/produit\/domaine-pellehaut-harmonie-rose-75-cl-2019\/"},"modified":"2026-02-10T16:28:24","modified_gmt":"2026-02-10T15:28:24","slug":"domaine-pellehaut-harmonie-rose-75-cl-2024","status":"publish","type":"product","link":"https:\/\/www.passionfruits.fr\/index.php\/produit\/domaine-pellehaut-harmonie-rose-75-cl-2024\/","title":{"rendered":"Domaine Pellehaut Harmonie ros\u00e9 75 cl 2024"},"content":{"rendered":"","protected":false},"excerpt":{"rendered":"<p class=\"produit\">36 \u20ac le carton de 6 bouteilles soit 6 \u20ac a bouteille<\/p>\n<h3 class=\"produit\"><\/h3>\n<p>Une jolie teinte corail. Un nez avec des notes de confiture et de jasmin. Une bouche nous rappelant le coulis de fruits rouges avec une pointe de rose forme un \u00e9quilibre parfait. Un vin id\u00e9al \u00e0 l\u2019occasion de grillades, pizza et autres soir\u00e9es entre amis.<\/p>\n<p>Un vin plaisant \u00e0 boire en toute occasion<\/p>\n<section id=\"recompenseTab\" class=\"page-product-box tab-pane fade active in\">\n<div class=\"rte\">\n<p>M\u00e9daille d&#8217;Or au Concours G\u00e9n\u00e9ral Agricole de Paris 2020<\/p>\n<p>M\u00e9daille d&#8217;Or au Concours des Vins du Sud Ouest 2019<\/p>\n<p>M\u00e9daille d&#8217;Or au Concours National des Oenologues de France Vinalies 2019<\/p>\n<p>M\u00e9daille d\u2019Argent au Concours des Vins IGP 2019<\/p>\n<p>M\u00e9daille d&#8217;Argent au Concours Mondial du Ros\u00e9 2019<\/p>\n<p>M\u00e9daille d&#8217;Argent au Concours G\u00e9n\u00e9ral Agricole de Paris 2018<\/p>\n<p>M\u00e9daille d&#8217;Argent au Concours Mondial du Ros\u00e9 2018<\/p>\n<p>Prix d&#8217;Excellence aux Vinalies Nationales 2018 (concours des \u0153nologues de France)<\/p>\n<\/div>\n<\/section>\n<p>&nbsp;<\/p>\n<ul>\n<li>\n<p class=\" text-justify\">Alcool 12 % Contient des sulfites.<\/p>\n<\/li>\n<li>\n<p class=\" text-justify\">La consommation de boissons alcoolis\u00e9es pendant la grossesse, m\u00eame en faible quantit\u00e9, peut avoir des cons\u00e9quences graves sur la sant\u00e9 de l\u2019enfant.L ABUS D ALCOOL EST DANGEREUX POUR LA SANTE. A CONSOMMER AVEC MODERATION.<\/p>\n<p class=\" text-justify\">LA VENTE D ALCOOL EST INTERDITE AUX MINEURS.<\/p>\n<p>Famille B\u00e9raut 32250 Montr\u00e9al Du Gers<\/li>\n<\/ul>\n","protected":false},"featured_media":15958,"comment_status":"closed","ping_status":"closed","template":"","meta":{"spay_email":"","jetpack_publicize_message":"","jetpack_is_tweetstorm":false},"jetpack_publicize_connections":[],"jetpack_sharing_enabled":true,"jetpack-related-posts":[{"id":13846,"url":"https:\/\/www.passionfruits.fr\/index.php\/produit\/domaine-pellehaut-ete-gascond-blanc-75-cl-2018\/","url_meta":{"origin":15957,"position":0},"title":"Domaine Pellehaut Et\u00e9 Gascond Blanc 75 cl 2023","date":"26 avril 2019","format":false,"excerpt":"53,70 \u20ac le carton de 6 bouteilles soit 8,95 \u20ac la bouteille \u00a0 Une base \u00e0 80 % de Gros Manseng accompagn\u00e9e de Chardonnay et de c\u00e9pages locaux. Une robe jaune, un nez intense de fruits exotiques. Un v\u00e9ritable dessert en bouche, entre douceur, tonicit\u00e9 et fra\u00eecheur, ce vin accompagnera\u2026","rel":"","context":"Article similaire","img":{"alt_text":"","src":"https:\/\/i0.wp.com\/www.passionfruits.fr\/wp-content\/uploads\/2019\/04\/Ete-blanc.jpg?fit=600%2C600&ssl=1&resize=350%2C200","width":350,"height":200},"classes":[]},{"id":14544,"url":"https:\/\/www.passionfruits.fr\/index.php\/produit\/pilaho-rose-domaine-pellehaut-bouteille-75-cl\/","url_meta":{"origin":15957,"position":1},"title":"Pilaho Ros\u00e9 Domaine Pellehaut bouteille 75 cl","date":"22 octobre 2019","format":false,"excerpt":"53,70\u20ac le carton de bouteilles soit 8.95 \u20ac la bouteille \u00a0 Une mousse fine et abondante qui s'\u00e9vapore en laissant un parfum sucr\u00e9 de fraise et de cerise. Une couleur rouge, ros\u00e9 qui rappelle le sirop de grenadine, \u00e0 boire frais l'\u00e9t\u00e9. En bouche, la comparaison avec un coulis de\u2026","rel":"","context":"Article similaire","img":{"alt_text":"","src":"https:\/\/i0.wp.com\/www.passionfruits.fr\/wp-content\/uploads\/2019\/10\/pilaho-rose.jpg?fit=600%2C600&ssl=1&resize=350%2C200","width":350,"height":200},"classes":[]},{"id":7182,"url":"https:\/\/www.passionfruits.fr\/index.php\/produit\/rhum-xo-70-cl\/","url_meta":{"origin":15957,"position":2},"title":"Rhum XO El Pasador 70 cl","date":"22 d\u00e9cembre 2015","format":false,"excerpt":"Rhum xo el pasador de oro 70 cl\u00a0 40\u00b0 Guatemala Le rhum XO du Guatemala se pr\u00e9sente dans une tr\u00e8s jolie carafe sous \u00e9tui. Profil : Equilibre, \u00e9l\u00e9gance, onctuosit\u00e9, rondeur et complexit\u00e9 aromatique. \u00c0 propos de EL PASADOR DE ORO. Devenue en moins de cinq ans la marque en plus\u2026","rel":"","context":"Article similaire","img":{"alt_text":"","src":"https:\/\/i2.wp.com\/www.passionfruits.fr\/wp-content\/uploads\/2015\/12\/777.jpg?fit=600%2C600&ssl=1&resize=350%2C200","width":350,"height":200},"classes":[]},{"id":19813,"url":"https:\/\/www.passionfruits.fr\/index.php\/produit\/biere-blonde-juste-toi-et-moi-bouteille-33-cl\/","url_meta":{"origin":15957,"position":3},"title":"Bi\u00e8re blonde juste toi et moi Bouteille 33 cl","date":"21 f\u00e9vrier 2024","format":false,"excerpt":"Bi\u00e8re de Maintenon Une bi\u00e8re artisanale l\u00e9g\u00e8re et attachante. Bi\u00e8re artisanale bien p\u00e9tillante, s\u00e8che et d\u00e9salt\u00e9rante. Des notes aromatiques d\u2019herbac\u00e9e, de pain frais, de fleurs de mirabellier et de rose. \u00c0 table, la bi\u00e8re de garde pur malt \u201cJuste Toi & Moi\u201d pourra accompagner choucroutes, asperges, salades de crudit\u00e9s, fromages\u2026","rel":"","context":"Article similaire","img":{"alt_text":"","src":"https:\/\/i2.wp.com\/www.passionfruits.fr\/wp-content\/uploads\/2024\/02\/biere-juste-toi-et-moi.jpg?fit=599%2C600&ssl=1&resize=350%2C200","width":350,"height":200},"classes":[]},{"id":6486,"url":"https:\/\/www.passionfruits.fr\/index.php\/produit\/pave-de-chevre-cendre-de-la-region-la-piece\/","url_meta":{"origin":15957,"position":4},"title":"Ch\u00e8vre pav\u00e9 de la r\u00e9gion la pi\u00e8ce","date":"7 d\u00e9cembre 2015","format":false,"excerpt":"Le Pav\u00e9 du Perche. Fromage de ch\u00e8vre fermier au lait cru. FROMAGES M\u00c9DAILL\u00c9S Le 21 juin 2017, concours r\u00e9gional de fromages au ch\u00e2teau de Selles-Sur-Cher. 7 m\u00e9dailles re\u00e7ues pour 7 fromages pr\u00e9sent\u00e9s. Le Tr\u00e8ffle m\u00e9daille d'argent. La Pyramide m\u00e9daille d'argent ex-aequo. Le Petit Perche au poivre m\u00e9daille de bronze. Le\u2026","rel":"","context":"Article similaire","img":{"alt_text":"","src":"https:\/\/i1.wp.com\/www.passionfruits.fr\/wp-content\/uploads\/2015\/12\/fromage-pave.jpg?fit=595%2C598&ssl=1&resize=350%2C200","width":350,"height":200},"classes":[]},{"id":9859,"url":"https:\/\/www.passionfruits.fr\/index.php\/produit\/chevre-poivre-noir-la-piece-env-100g\/","url_meta":{"origin":15957,"position":5},"title":"Ch\u00e8vre Perche blanc Poivre de la r\u00e9gion la pi\u00e8ce","date":"11 d\u00e9cembre 2016","format":false,"excerpt":"id\u00e9al pour d\u00e9corer votre plateau de fromages. FROMAGES M\u00c9DAILL\u00c9S Le 21 juin 2017, concours r\u00e9gional de fromages au ch\u00e2teau de Selles-Sur-Cher. 7 m\u00e9dailles re\u00e7ues pour 7 fromages pr\u00e9sent\u00e9s. Le Tr\u00e8ffle m\u00e9daille d'argent. La Pyramide m\u00e9daille d'argent ex-aequo. Le Petit Perche au poivre m\u00e9daille de bronze. Le Petit Perche persillade m\u00e9daille\u2026","rel":"","context":"Article similaire","img":{"alt_text":"","src":"https:\/\/i0.wp.com\/www.passionfruits.fr\/wp-content\/uploads\/2016\/12\/chevre-aromatise.jpg?fit=591%2C600&ssl=1&resize=350%2C200","width":350,"height":200},"classes":[]}],"_links":{"self":[{"href":"https:\/\/www.passionfruits.fr\/index.php\/wp-json\/wp\/v2\/product\/15957"}],"collection":[{"href":"https:\/\/www.passionfruits.fr\/index.php\/wp-json\/wp\/v2\/product"}],"about":[{"href":"https:\/\/www.passionfruits.fr\/index.php\/wp-json\/wp\/v2\/types\/product"}],"replies":[{"embeddable":true,"href":"https:\/\/www.passionfruits.fr\/index.php\/wp-json\/wp\/v2\/comments?post=15957"}],"wp:featuredmedia":[{"embeddable":true,"href":"https:\/\/www.passionfruits.fr\/index.php\/wp-json\/wp\/v2\/media\/15958"}],"wp:attachment":[{"href":"https:\/\/www.passionfruits.fr\/index.php\/wp-json\/wp\/v2\/media?parent=15957"}],"curies":[{"name":"wp","href":"https:\/\/api.w.org\/{rel}","templated":true}]}}