{"id":17049,"date":"2020-12-10T16:19:47","date_gmt":"2020-12-10T15:19:47","guid":{"rendered":"http:\/\/www.andreclaude.fr\/web\/index.php\/produit\/coffret-biere-de-chartres-une-bouteille-75cl-et-une-chope-100-cl\/"},"modified":"2020-12-10T16:20:45","modified_gmt":"2020-12-10T15:20:45","slug":"coffret-biere-de-chartres-une-bouteille-75cl-et-une-chope-100-cl","status":"publish","type":"product","link":"https:\/\/www.passionfruits.fr\/index.php\/produit\/coffret-biere-de-chartres-une-bouteille-75cl-et-une-chope-100-cl\/","title":{"rendered":"Coffret Bi\u00e8re de Chartres une bouteille 75cl et une Chope 100 cl"},"content":{"rendered":"","protected":false},"excerpt":{"rendered":"<p>Biere de Chartres<\/p>\n<p>Brass\u00e9e au bl\u00e9 de Beauce<\/p>\n<p>Fermentation haute non filtr\u00e9e, elle est brass\u00e9e naturellement.<\/p>\n<p>Contient du malt de <strong>bl\u00e9<\/strong> et du malte d&#8217; <strong>orge<\/strong> .<\/p>\n<p>Alcool 5,0 %.<\/p>\n<p>Brasserie Meteor Alsace<\/p>\n<p>La consommation de boissons alcoolis\u00e9es pendant la grossesse, m\u00eame en faible quantit\u00e9, peut avoir des cons\u00e9quences graves sur la sant\u00e9 de l\u2019enfant.<\/p>\n<p>L ABUS D ALCOOL EST DANGEREUX POUR LA SANTE. A CONSOMMER AVEC MODERATION<\/p>\n<p>LA VENTE D ALCOOL EST INTERDITE AUX MINEURS.<\/p>\n<p>&nbsp;<\/p>\n","protected":false},"featured_media":14605,"comment_status":"closed","ping_status":"closed","template":"","meta":{"spay_email":"","jetpack_publicize_message":"","jetpack_is_tweetstorm":false},"jetpack_publicize_connections":[],"jetpack_sharing_enabled":true,"jetpack-related-posts":[{"id":14595,"url":"https:\/\/www.passionfruits.fr\/index.php\/produit\/biere-de-chartres-la-bouteille-33cl\/","url_meta":{"origin":17049,"position":0},"title":"Bi\u00e8re blanche de Chartres la bouteille 33cl","date":"5 novembre 2019","format":false,"excerpt":"Biere de Chartres Brass\u00e9e au bl\u00e9 de Beauce Fermentation haute non filtr\u00e9e, elle est brass\u00e9e naturellement. Contient du malt de bl\u00e9 et du malte d' orge . Alcool 5,0 %. Brasserie Meteor Alsace La consommation de boissons alcoolis\u00e9es pendant la grossesse, m\u00eame en faible quantit\u00e9, peut avoir des cons\u00e9quences graves\u2026","rel":"","context":"Article similaire","img":{"alt_text":"","src":"https:\/\/i1.wp.com\/www.passionfruits.fr\/wp-content\/uploads\/2019\/11\/biere-de-chartres.jpg?fit=600%2C600&ssl=1&resize=350%2C200","width":350,"height":200},"classes":[]},{"id":14597,"url":"https:\/\/www.passionfruits.fr\/index.php\/produit\/biere-de-chartres-la-bouteille-75cl\/","url_meta":{"origin":17049,"position":1},"title":"Bi\u00e8re blanche de Chartres la bouteille 75cl","date":"5 novembre 2019","format":false,"excerpt":"Biere de Chartres Brass\u00e9e au bl\u00e9 de Beauce Fermentation haute non filtr\u00e9e, elle est brass\u00e9e naturellement. Contient du malt de bl\u00e9 et du malte d' orge . Alcool 5,0 %. Brasserie Meteor Alsace La consommation de boissons alcoolis\u00e9es pendant la grossesse, m\u00eame en faible quantit\u00e9, peut avoir des cons\u00e9quences graves\u2026","rel":"","context":"Article similaire","img":{"alt_text":"","src":"https:\/\/i1.wp.com\/www.passionfruits.fr\/wp-content\/uploads\/2019\/11\/biere-de-chartres.jpg?fit=600%2C600&ssl=1&resize=350%2C200","width":350,"height":200},"classes":[]},{"id":20398,"url":"https:\/\/www.passionfruits.fr\/index.php\/produit\/biere-blonde-de-chartres-la-bouteille-33cl\/","url_meta":{"origin":17049,"position":2},"title":"Bi\u00e8re blonde de Chartres la bouteille 33cl","date":"15 avril 2025","format":false,"excerpt":"Biere de Chartres blonde Brass\u00e9e au bl\u00e9 de Beauce Fermentation haute non filtr\u00e9e, elle est brass\u00e9e naturellement. Contient du malt de bl\u00e9 et du malte d' orge . Alcool 4,5 %. Brasserie Meteor Alsace La consommation de boissons alcoolis\u00e9es pendant la grossesse, m\u00eame en faible quantit\u00e9, peut avoir des cons\u00e9quences\u2026","rel":"","context":"Article similaire","img":{"alt_text":"","src":"https:\/\/i2.wp.com\/www.passionfruits.fr\/wp-content\/uploads\/2025\/04\/bcb.jpg?fit=600%2C600&ssl=1&resize=350%2C200","width":350,"height":200},"classes":[]},{"id":20401,"url":"https:\/\/www.passionfruits.fr\/index.php\/produit\/biere-ipa-de-chartres-la-bouteille-33cl\/","url_meta":{"origin":17049,"position":3},"title":"Bi\u00e8re IPA de Chartres la bouteille 33cl","date":"15 avril 2025","format":false,"excerpt":"Biere de Chartres ipa Brass\u00e9e au bl\u00e9 de Beauce Fermentation haute non filtr\u00e9e, elle est brass\u00e9e naturellement. Contient du malt de bl\u00e9 et du malte d' orge . Alcool 6,5 %. Brasserie Meteor Alsace La consommation de boissons alcoolis\u00e9es pendant la grossesse, m\u00eame en faible quantit\u00e9, peut avoir des cons\u00e9quences\u2026","rel":"","context":"Article similaire","img":{"alt_text":"","src":"https:\/\/i0.wp.com\/www.passionfruits.fr\/wp-content\/uploads\/2025\/04\/bcipa.jpg?fit=600%2C600&ssl=1&resize=350%2C200","width":350,"height":200},"classes":[]},{"id":20403,"url":"https:\/\/www.passionfruits.fr\/index.php\/produit\/biere-ipa-de-chartres-la-bouteille-75cl\/","url_meta":{"origin":17049,"position":4},"title":"Bi\u00e8re IPA de Chartres la bouteille 75cl","date":"15 avril 2025","format":false,"excerpt":"Biere de Chartres IPA Brass\u00e9e au bl\u00e9 de Beauce Fermentation haute non filtr\u00e9e, elle est brass\u00e9e naturellement. Contient du malt de bl\u00e9 et du malte d' orge . Alcool 6,5 %. Brasserie Meteor Alsace La consommation de boissons alcoolis\u00e9es pendant la grossesse, m\u00eame en faible quantit\u00e9, peut avoir des cons\u00e9quences\u2026","rel":"","context":"Article similaire","img":{"alt_text":"","src":"https:\/\/i0.wp.com\/www.passionfruits.fr\/wp-content\/uploads\/2025\/04\/bcipa.jpg?fit=600%2C600&ssl=1&resize=350%2C200","width":350,"height":200},"classes":[]},{"id":20400,"url":"https:\/\/www.passionfruits.fr\/index.php\/produit\/biere-blonde-de-chartres-la-bouteille-75cl\/","url_meta":{"origin":17049,"position":5},"title":"Bi\u00e8re blonde de Chartres la bouteille 75cl","date":"15 avril 2025","format":false,"excerpt":"Biere de Chartres blonde Brass\u00e9e au bl\u00e9 de Beauce Fermentation haute non filtr\u00e9e, elle est brass\u00e9e naturellement. Contient du malt de bl\u00e9 et du malte d' orge . Alcool 4,5 %. Brasserie Meteor Alsace La consommation de boissons alcoolis\u00e9es pendant la grossesse, m\u00eame en faible quantit\u00e9, peut avoir des cons\u00e9quences\u2026","rel":"","context":"Article similaire","img":{"alt_text":"","src":"https:\/\/i2.wp.com\/www.passionfruits.fr\/wp-content\/uploads\/2025\/04\/bcb.jpg?fit=600%2C600&ssl=1&resize=350%2C200","width":350,"height":200},"classes":[]}],"_links":{"self":[{"href":"https:\/\/www.passionfruits.fr\/index.php\/wp-json\/wp\/v2\/product\/17049"}],"collection":[{"href":"https:\/\/www.passionfruits.fr\/index.php\/wp-json\/wp\/v2\/product"}],"about":[{"href":"https:\/\/www.passionfruits.fr\/index.php\/wp-json\/wp\/v2\/types\/product"}],"replies":[{"embeddable":true,"href":"https:\/\/www.passionfruits.fr\/index.php\/wp-json\/wp\/v2\/comments?post=17049"}],"wp:featuredmedia":[{"embeddable":true,"href":"https:\/\/www.passionfruits.fr\/index.php\/wp-json\/wp\/v2\/media\/14605"}],"wp:attachment":[{"href":"https:\/\/www.passionfruits.fr\/index.php\/wp-json\/wp\/v2\/media?parent=17049"}],"curies":[{"name":"wp","href":"https:\/\/api.w.org\/{rel}","templated":true}]}}