{"id":17061,"date":"2020-12-11T07:59:31","date_gmt":"2020-12-11T06:59:31","guid":{"rendered":"http:\/\/www.andreclaude.fr\/web\/index.php\/produit\/chope-biere-de-chartres-100-cl\/"},"modified":"2020-12-11T08:02:43","modified_gmt":"2020-12-11T07:02:43","slug":"chope-biere-de-chartres-100-cl","status":"publish","type":"product","link":"https:\/\/www.passionfruits.fr\/index.php\/produit\/chope-biere-de-chartres-100-cl\/","title":{"rendered":"Chope Bi\u00e8re de Chartres 100 cl"},"content":{"rendered":"","protected":false},"excerpt":{"rendered":"<p>&nbsp;<\/p>\n<p>&nbsp;<\/p>\n","protected":false},"featured_media":14604,"comment_status":"closed","ping_status":"closed","template":"","meta":{"spay_email":"","jetpack_publicize_message":"","jetpack_is_tweetstorm":false},"jetpack_publicize_connections":[],"jetpack_sharing_enabled":true,"jetpack-related-posts":[{"id":17049,"url":"https:\/\/www.passionfruits.fr\/index.php\/produit\/coffret-biere-de-chartres-une-bouteille-75cl-et-une-chope-100-cl\/","url_meta":{"origin":17061,"position":0},"title":"Coffret Bi\u00e8re de Chartres une bouteille 75cl et une Chope 100 cl","date":"10 d\u00e9cembre 2020","format":false,"excerpt":"Biere de Chartres Brass\u00e9e au bl\u00e9 de Beauce Fermentation haute non filtr\u00e9e, elle est brass\u00e9e naturellement. Contient du malt de bl\u00e9 et du malte d' orge . Alcool 5,0 %. Brasserie Meteor Alsace La consommation de boissons alcoolis\u00e9es pendant la grossesse, m\u00eame en faible quantit\u00e9, peut avoir des cons\u00e9quences graves\u2026","rel":"","context":"Article similaire","img":{"alt_text":"","src":"https:\/\/i2.wp.com\/www.passionfruits.fr\/wp-content\/uploads\/2019\/11\/Coffret-biere.jpg?fit=655%2C845&ssl=1&resize=350%2C200","width":350,"height":200},"classes":[]},{"id":14603,"url":"https:\/\/www.passionfruits.fr\/index.php\/produit\/verre-biere-de-chartres-25cl\/","url_meta":{"origin":17061,"position":1},"title":"Verre  Bi\u00e8re de Chartres 25 cl","date":"6 novembre 2019","format":false,"excerpt":"\u00a0 \u00a0","rel":"","context":"Article similaire","img":{"alt_text":"","src":"https:\/\/i0.wp.com\/www.passionfruits.fr\/wp-content\/uploads\/2019\/11\/Chope.jpg?fit=655%2C845&ssl=1&resize=350%2C200","width":350,"height":200},"classes":[]},{"id":17048,"url":"https:\/\/www.passionfruits.fr\/index.php\/produit\/coffret-biere-de-chartres-une-bouteille-33-cl-et-verre-de-25cl\/","url_meta":{"origin":17061,"position":2},"title":"Coffret Bi\u00e8re de Chartres une bouteille 33 cl et verre de 25cl","date":"10 d\u00e9cembre 2020","format":false,"excerpt":"Biere de Chartres Brass\u00e9e au bl\u00e9 de Beauce Fermentation haute non filtr\u00e9e, elle est brass\u00e9e naturellement. Contient du malt de bl\u00e9 et du malte d' orge . Alcool 5,0 %. Brasserie Meteor Alsace La consommation de boissons alcoolis\u00e9es pendant la grossesse, m\u00eame en faible quantit\u00e9, peut avoir des cons\u00e9quences graves\u2026","rel":"","context":"Article similaire","img":{"alt_text":"","src":"https:\/\/i2.wp.com\/www.passionfruits.fr\/wp-content\/uploads\/2019\/11\/Coffret-biere.jpg?fit=655%2C845&ssl=1&resize=350%2C200","width":350,"height":200},"classes":[]},{"id":14602,"url":"https:\/\/www.passionfruits.fr\/index.php\/produit\/coffret-biere-de-chartres-une-bouteille-75cl-et-verre-de-25cl\/","url_meta":{"origin":17061,"position":3},"title":"Coffret Bi\u00e8re de Chartres une bouteille 75cl et Verre de 25 cl","date":"6 novembre 2019","format":false,"excerpt":"Biere de Chartres Brass\u00e9e au bl\u00e9 de Beauce Fermentation haute non filtr\u00e9e, elle est brass\u00e9e naturellement. Contient du malt de bl\u00e9 et du malte d' orge . Alcool 5,0 %. Brasserie Meteor Alsace La consommation de boissons alcoolis\u00e9es pendant la grossesse, m\u00eame en faible quantit\u00e9, peut avoir des cons\u00e9quences graves\u2026","rel":"","context":"Article similaire","img":{"alt_text":"","src":"https:\/\/i2.wp.com\/www.passionfruits.fr\/wp-content\/uploads\/2019\/11\/Coffret-biere.jpg?fit=655%2C845&ssl=1&resize=350%2C200","width":350,"height":200},"classes":[]},{"id":14595,"url":"https:\/\/www.passionfruits.fr\/index.php\/produit\/biere-de-chartres-la-bouteille-33cl\/","url_meta":{"origin":17061,"position":4},"title":"Bi\u00e8re blanche de Chartres la bouteille 33cl","date":"5 novembre 2019","format":false,"excerpt":"Biere de Chartres Brass\u00e9e au bl\u00e9 de Beauce Fermentation haute non filtr\u00e9e, elle est brass\u00e9e naturellement. Contient du malt de bl\u00e9 et du malte d' orge . Alcool 5,0 %. Brasserie Meteor Alsace La consommation de boissons alcoolis\u00e9es pendant la grossesse, m\u00eame en faible quantit\u00e9, peut avoir des cons\u00e9quences graves\u2026","rel":"","context":"Article similaire","img":{"alt_text":"","src":"https:\/\/i1.wp.com\/www.passionfruits.fr\/wp-content\/uploads\/2019\/11\/biere-de-chartres.jpg?fit=600%2C600&ssl=1&resize=350%2C200","width":350,"height":200},"classes":[]},{"id":14597,"url":"https:\/\/www.passionfruits.fr\/index.php\/produit\/biere-de-chartres-la-bouteille-75cl\/","url_meta":{"origin":17061,"position":5},"title":"Bi\u00e8re blanche de Chartres la bouteille 75cl","date":"5 novembre 2019","format":false,"excerpt":"Biere de Chartres Brass\u00e9e au bl\u00e9 de Beauce Fermentation haute non filtr\u00e9e, elle est brass\u00e9e naturellement. Contient du malt de bl\u00e9 et du malte d' orge . Alcool 5,0 %. Brasserie Meteor Alsace La consommation de boissons alcoolis\u00e9es pendant la grossesse, m\u00eame en faible quantit\u00e9, peut avoir des cons\u00e9quences graves\u2026","rel":"","context":"Article similaire","img":{"alt_text":"","src":"https:\/\/i1.wp.com\/www.passionfruits.fr\/wp-content\/uploads\/2019\/11\/biere-de-chartres.jpg?fit=600%2C600&ssl=1&resize=350%2C200","width":350,"height":200},"classes":[]}],"_links":{"self":[{"href":"https:\/\/www.passionfruits.fr\/index.php\/wp-json\/wp\/v2\/product\/17061"}],"collection":[{"href":"https:\/\/www.passionfruits.fr\/index.php\/wp-json\/wp\/v2\/product"}],"about":[{"href":"https:\/\/www.passionfruits.fr\/index.php\/wp-json\/wp\/v2\/types\/product"}],"replies":[{"embeddable":true,"href":"https:\/\/www.passionfruits.fr\/index.php\/wp-json\/wp\/v2\/comments?post=17061"}],"wp:featuredmedia":[{"embeddable":true,"href":"https:\/\/www.passionfruits.fr\/index.php\/wp-json\/wp\/v2\/media\/14604"}],"wp:attachment":[{"href":"https:\/\/www.passionfruits.fr\/index.php\/wp-json\/wp\/v2\/media?parent=17061"}],"curies":[{"name":"wp","href":"https:\/\/api.w.org\/{rel}","templated":true}]}}