{"id":17076,"date":"2020-12-11T11:10:40","date_gmt":"2020-12-11T10:10:40","guid":{"rendered":"http:\/\/www.passionfruits.fr\/index.php\/produit\/chips-de-beauce-au-vinaigre-le-paquet-150g\/"},"modified":"2024-12-30T09:31:02","modified_gmt":"2024-12-30T08:31:02","slug":"chips-de-beauce-au-vinaigre-le-paquet-150g","status":"publish","type":"product","link":"https:\/\/www.passionfruits.fr\/index.php\/produit\/chips-de-beauce-au-vinaigre-le-paquet-150g\/","title":{"rendered":"Chips de Beauce Au vinaigre le paquet 150g"},"content":{"rendered":"<p class=\"font_7\">\n<p class=\"font_7\">\n","protected":false},"excerpt":{"rendered":"<p>Belsia, c&#8217;est l&#8217;histoire de Cl\u00e9mence et Matthieu qui, par amour du bon et du terroir, d\u00e9cident de transformer les belles pommes de terre de l&#8217;exploitation familiale de Mathieu en chips. Ni une ni deux, la ferme de L\u00e9tourville au milieu de la plaine de Beauce (&#8220;Belsia&#8221; en latin), se voit \u00e9quip\u00e9e d&#8217;un atelier de transformation et lance ses premi\u00e8res chips en 2016. Et pas n&#8217;importe quelles chips : des chips de qualit\u00e9, gourmandes et qui refl\u00e8tent l&#8217;excellence et le savoir-faire du terroir local.<\/p>\n<p>Chips sont garanties :SANS GLUTEN SANS CONSERVATEURS SANS AR\u00d4MES ARTIFICIELS SANS HUILE DE PALME<\/p>\n<p>Pommes de terre (70%), huile de tournesol (28%), sel de l&#8217;\u00cele de R\u00e9 (1%), vinaigre de Champagne-Ardenne, maltodextrine.<\/p>\n<p>Energie 440 \/ 1842.19 kcal \/ kJ<br \/>\nMati\u00e8res grasses 28 g<br \/>\nAcides gras satur\u00e9s 2,6 g<br \/>\nGlucides 38 g<br \/>\nSucres 0,6 g<br \/>\nProt\u00e9ines 6,5 g<br \/>\nSel 1 g<br \/>\nFibres 4,3 g<\/p>\n","protected":false},"featured_media":19319,"comment_status":"closed","ping_status":"closed","template":"","meta":{"spay_email":"","jetpack_publicize_message":"","jetpack_is_tweetstorm":false},"jetpack_publicize_connections":[],"jetpack_sharing_enabled":true,"jetpack-related-posts":[{"id":13946,"url":"https:\/\/www.passionfruits.fr\/index.php\/produit\/chips-de-beauce-aux-oignons-le-paquet-150g\/","url_meta":{"origin":17076,"position":0},"title":"Chips de Beauce Aux oignons le paquet 150g","date":"16 mai 2019","format":false,"excerpt":"Belsia, c'est l'histoire de Cl\u00e9mence et Matthieu qui, par amour du bon et du terroir, d\u00e9cident de transformer les belles pommes de terre de l'exploitation familiale de Mathieu en chips. Ni une ni deux, la ferme de L\u00e9tourville au milieu de la plaine de Beauce (\"Belsia\" en latin), se voit\u2026","rel":"","context":"Article similaire","img":{"alt_text":"","src":"https:\/\/i1.wp.com\/www.passionfruits.fr\/wp-content\/uploads\/2023\/03\/Chips-Oignons.jpg?fit=600%2C600&ssl=1&resize=350%2C200","width":350,"height":200},"classes":[]},{"id":10827,"url":"https:\/\/www.passionfruits.fr\/index.php\/produit\/chips-de-beauce-au-piment-d-espelette\/","url_meta":{"origin":17076,"position":1},"title":"Chips de Beauce au piment d' Espelette paquet 150g","date":"7 juillet 2017","format":false,"excerpt":"Belsia, c'est l'histoire de Cl\u00e9mence et Matthieu qui, par amour du bon et du terroir, d\u00e9cident de transformer les belles pommes de terre de l'exploitation familiale de Mathieu en chips. Ni une ni deux, la ferme de L\u00e9tourville au milieu de la plaine de Beauce (\"Belsia\" en latin), se voit\u2026","rel":"","context":"Article similaire","img":{"alt_text":"","src":"https:\/\/i0.wp.com\/www.passionfruits.fr\/wp-content\/uploads\/2017\/07\/Chips-piment.jpg?fit=600%2C600&ssl=1&resize=350%2C200","width":350,"height":200},"classes":[]},{"id":19900,"url":"https:\/\/www.passionfruits.fr\/index.php\/produit\/chips-de-beauce-nature-ondulee-sachet-150grs\/","url_meta":{"origin":17076,"position":2},"title":"Chips de Beauce Nature ondul\u00e9e sachet 150grs","date":"27 mars 2024","format":false,"excerpt":"Belsia, c\u2019est l\u2019histoire de Cl\u00e9mence et Matthieu qui, par amour du bon et du terroir, d\u00e9cident de transformer les belles pommes de terre de l\u2019exploitation familiale de Mathieu en chips. Ni une ni deux, la ferme de L\u00e9tourville au milieu de la plaine de Beauce (\u00ab\u00a0Belsia\u00a0\u00bb en latin), se voit\u2026","rel":"","context":"Article similaire","img":{"alt_text":"","src":"https:\/\/i2.wp.com\/www.passionfruits.fr\/wp-content\/uploads\/2024\/03\/528-08.jpg?fit=600%2C600&ssl=1&resize=350%2C200","width":350,"height":200},"classes":[]},{"id":19315,"url":"https:\/\/www.passionfruits.fr\/index.php\/produit\/chips-de-beauce-ail-basilic-sachet-150grs\/","url_meta":{"origin":17076,"position":3},"title":"Chips de Beauce Ail - Basilic sachet 150grs","date":"31 mars 2023","format":false,"excerpt":"Belsia, c'est l'histoire de Cl\u00e9mence et Matthieu qui, par amour du bon et du terroir, d\u00e9cident de transformer les belles pommes de terre de l'exploitation familiale de Mathieu en chips. Ni une ni deux, la ferme de L\u00e9tourville au milieu de la plaine de Beauce (\"Belsia\" en latin), se voit\u2026","rel":"","context":"Article similaire","img":{"alt_text":"","src":"https:\/\/i2.wp.com\/www.passionfruits.fr\/wp-content\/uploads\/2023\/03\/Chips-Ail.jpg?fit=600%2C600&ssl=1&resize=350%2C200","width":350,"height":200},"classes":[]},{"id":19897,"url":"https:\/\/www.passionfruits.fr\/index.php\/produit\/chips-de-beauce-au-roquefort-sachet-150grs\/","url_meta":{"origin":17076,"position":4},"title":"Chips de Beauce Au Roquefort sachet 150grs","date":"27 mars 2024","format":false,"excerpt":"Belsia, c\u2019est l\u2019histoire de Cl\u00e9mence et Matthieu qui, par amour du bon et du terroir, d\u00e9cident de transformer les belles pommes de terre de l\u2019exploitation familiale de Mathieu en chips. Ni une ni deux, la ferme de L\u00e9tourville au milieu de la plaine de Beauce (\u00ab\u00a0Belsia\u00a0\u00bb en latin), se voit\u2026","rel":"","context":"Article similaire","img":{"alt_text":"","src":"https:\/\/i2.wp.com\/www.passionfruits.fr\/wp-content\/uploads\/2024\/03\/aa.jpg?fit=600%2C600&ssl=1&resize=350%2C200","width":350,"height":200},"classes":[]},{"id":12177,"url":"https:\/\/www.passionfruits.fr\/index.php\/produit\/chips-de-beauce-aux-herbes-le-paquet-150g\/","url_meta":{"origin":17076,"position":5},"title":"Chips de Beauce Aux herbes le paquet 150g","date":"12 mai 2018","format":false,"excerpt":"Belsia, c'est l'histoire de Cl\u00e9mence et Matthieu qui, par amour du bon et du terroir, d\u00e9cident de transformer les belles pommes de terre de l'exploitation familiale de Mathieu en chips. Ni une ni deux, la ferme de L\u00e9tourville au milieu de la plaine de Beauce (\"Belsia\" en latin), se voit\u2026","rel":"","context":"Article similaire","img":{"alt_text":"","src":"https:\/\/i2.wp.com\/www.passionfruits.fr\/wp-content\/uploads\/2018\/05\/chips-herbes.jpg?fit=599%2C600&ssl=1&resize=350%2C200","width":350,"height":200},"classes":[]}],"_links":{"self":[{"href":"https:\/\/www.passionfruits.fr\/index.php\/wp-json\/wp\/v2\/product\/17076"}],"collection":[{"href":"https:\/\/www.passionfruits.fr\/index.php\/wp-json\/wp\/v2\/product"}],"about":[{"href":"https:\/\/www.passionfruits.fr\/index.php\/wp-json\/wp\/v2\/types\/product"}],"replies":[{"embeddable":true,"href":"https:\/\/www.passionfruits.fr\/index.php\/wp-json\/wp\/v2\/comments?post=17076"}],"wp:featuredmedia":[{"embeddable":true,"href":"https:\/\/www.passionfruits.fr\/index.php\/wp-json\/wp\/v2\/media\/19319"}],"wp:attachment":[{"href":"https:\/\/www.passionfruits.fr\/index.php\/wp-json\/wp\/v2\/media?parent=17076"}],"curies":[{"name":"wp","href":"https:\/\/api.w.org\/{rel}","templated":true}]}}