{"id":17690,"date":"2021-03-14T04:40:49","date_gmt":"2021-03-14T03:40:49","guid":{"rendered":"http:\/\/www.passionfruits.fr\/?post_type=product&#038;p=17690"},"modified":"2025-03-15T08:24:40","modified_gmt":"2025-03-15T07:24:40","slug":"riz-au-lait-nature-le-pot-de-125g","status":"publish","type":"product","link":"https:\/\/www.passionfruits.fr\/index.php\/produit\/riz-au-lait-nature-le-pot-de-125g\/","title":{"rendered":"Riz au lait nature le pot de  125g"},"content":{"rendered":"<p>yaourt Promo<\/p>\n","protected":false},"excerpt":{"rendered":"<p>Fabriqu\u00e9s \u00e0 la ferme avec du lait entier<\/p>\n<p>Recette naturelle, sans additif, sans conservateur, sans OGM.<\/p>\n<p>Bourdel 37160Neuilly le Brignon<\/p>\n<p>Ingr\u00e9dients :<br \/>\nLait* entier pasteuris\u00e9<br \/>\nRiz : 13 %<br \/>\nSucre : 10%<br \/>\nLe lait est entier. Il n\u2019a subit<br \/>\naucune homog\u00e9n\u00e9isation ni<br \/>\nstandardisation<br \/>\nValeurs Nutritionnelles pour : 100 gr 125 gr<br \/>\nValeur Energ\u00e9tiques (en kJ) 522 653<br \/>\nValeur Calorique (en kcal) 124 155<br \/>\nMati\u00e8res Grasses (en gr) 3,08 3,85<br \/>\ndont Acides Gras Satur\u00e9s (en gr) 1,98 2,48<br \/>\nGlucides (en gr) 20,70 25,88<br \/>\ndont Sucres (en gr) 12,70 15,88<br \/>\nFibres Alimentaires (en gr) 0,18 0,23<br \/>\nProt\u00e9ines (en gr) 3,20 4,00<br \/>\nSel (en mg) 122 153<br \/>\nCalcium (en mg) 66 83<br \/>\nVitamine D (en \u00b5g) 0,50 0,63<\/p>\n","protected":false},"featured_media":17694,"comment_status":"closed","ping_status":"closed","template":"","meta":{"spay_email":"","jetpack_publicize_message":"","jetpack_is_tweetstorm":false},"jetpack_publicize_connections":[],"jetpack_sharing_enabled":true,"jetpack-related-posts":[{"id":20367,"url":"https:\/\/www.passionfruits.fr\/index.php\/produit\/yaourt-nature-maurice-le-pot-de-125-grs\/","url_meta":{"origin":17690,"position":0},"title":"Yaourt Nature Maurice le pot de 125 grs","date":"15 mars 2025","format":false,"excerpt":"Fabriqu\u00e9s \u00e0 la ferme avec du lait entier Recette naturelle, sans additif, sans conservateur, sans OGM. Bourdel 37160Neuilly le Brignon Ingr\u00e9dients : Lait* entier pasteuris\u00e9 Fruits 15%, sucre 6% Poudre de Lait* 2% Ferments Lactiques Le lait est pasteuris\u00e9 au bain marie \u00e0 82\u00b0C pendant 10 minutes. Le lait est\u2026","rel":"","context":"Article similaire","img":{"alt_text":"","src":"https:\/\/i0.wp.com\/www.passionfruits.fr\/wp-content\/uploads\/2021\/03\/Yaourt-Noix-de-coco.jpg?fit=1024%2C680&ssl=1&resize=350%2C200","width":350,"height":200},"classes":[]},{"id":17708,"url":"https:\/\/www.passionfruits.fr\/index.php\/produit\/yaourt-abricot-le-pot-125-grs\/","url_meta":{"origin":17690,"position":1},"title":"Yaourt Abricot le pot 125 grs","date":"14 mars 2021","format":false,"excerpt":"Ingr\u00e9dients : Lait* entier pasteuris\u00e9 Fruits 15% Sucre 6% Poudre de Lait* 2% Ferments Lactiques Le lait est pasteuris\u00e9 au bain marie \u00e0 82\u00b0C pendant 10 minutes. Le lait est entier et n\u2019a subit aucune homog\u00e9n\u00e9isation Valeurs Nutritionnelles pour : 100 gr 125 gr Valeur Energ\u00e9tiques (en kJ) 567 709\u2026","rel":"","context":"Article similaire","img":{"alt_text":"","src":"https:\/\/i0.wp.com\/www.passionfruits.fr\/wp-content\/uploads\/2021\/03\/Yaourt-Noix-de-coco.jpg?fit=1024%2C680&ssl=1&resize=350%2C200","width":350,"height":200},"classes":[]},{"id":17705,"url":"https:\/\/www.passionfruits.fr\/index.php\/produit\/yaourt-framboise-le-pot-de-125g\/","url_meta":{"origin":17690,"position":2},"title":"Yaourt framboise le pot de 125g","date":"14 mars 2021","format":false,"excerpt":"Fabriqu\u00e9s \u00e0 la ferme avec du lait entier Recette naturelle, sans additif, sans conservateur, sans OGM. Bourdel 37160Neuilly le Brignon Ingr\u00e9dients : Lait* entier pasteuris\u00e9 Fruits 15% Sucre 6% Poudre de Lait* 2% Ferments Lactiques Le lait est pasteuris\u00e9 au bain marie \u00e0 82\u00b0C pendant 10 minutes. Le lait est\u2026","rel":"","context":"Article similaire","img":{"alt_text":"","src":"https:\/\/i0.wp.com\/www.passionfruits.fr\/wp-content\/uploads\/2021\/03\/Yaourt-Noix-de-coco.jpg?fit=1024%2C680&ssl=1&resize=350%2C200","width":350,"height":200},"classes":[]},{"id":17706,"url":"https:\/\/www.passionfruits.fr\/index.php\/produit\/yaourt-citron-le-pot-de-125g\/","url_meta":{"origin":17690,"position":3},"title":"Yaourt Citron le pot  de 125g","date":"14 mars 2021","format":false,"excerpt":"Fabriqu\u00e9s \u00e0 la ferme avec du lait entier Recette naturelle, sans additif, sans conservateur, sans OGM. Bourdel 37160Neuilly le Brignon Ingr\u00e9dients : Lait* entier pasteuris\u00e9 Fruits 15% Sucre 6% Poudre de Lait* 2% Ferments Lactiques Le lait est pasteuris\u00e9 au bain marie \u00e0 82\u00b0C pendant 10 minutes. Le lait est\u2026","rel":"","context":"Article similaire","img":{"alt_text":"","src":"https:\/\/i0.wp.com\/www.passionfruits.fr\/wp-content\/uploads\/2021\/03\/Yaourt-Noix-de-coco.jpg?fit=1024%2C680&ssl=1&resize=350%2C200","width":350,"height":200},"classes":[]},{"id":17704,"url":"https:\/\/www.passionfruits.fr\/index.php\/produit\/yaourt-fraise-le-pot-de-125g\/","url_meta":{"origin":17690,"position":4},"title":"Yaourt fraise le pot de  125g","date":"14 mars 2021","format":false,"excerpt":"Fabriqu\u00e9s \u00e0 la ferme avec du lait entier Recette naturelle, sans additif, sans conservateur, sans OGM. Bourdel 37160Neuilly le Brignon Ingr\u00e9dients : Lait* entier pasteuris\u00e9 Fruits 15%, sucre 6% Poudre de Lait* 2% Ferments Lactiques Le lait est pasteuris\u00e9 au bain marie \u00e0 82\u00b0C pendant 10 minutes. Le lait est\u2026","rel":"","context":"Article similaire","img":{"alt_text":"","src":"https:\/\/i0.wp.com\/www.passionfruits.fr\/wp-content\/uploads\/2021\/03\/Yaourt-Noix-de-coco.jpg?fit=1024%2C680&ssl=1&resize=350%2C200","width":350,"height":200},"classes":[]},{"id":17707,"url":"https:\/\/www.passionfruits.fr\/index.php\/produit\/yaourt-cerise-le-pot-de-125g\/","url_meta":{"origin":17690,"position":5},"title":"Yaourt Cerise le pot de 125g","date":"14 mars 2021","format":false,"excerpt":"Fabriqu\u00e9s \u00e0 la ferme avec du lait entier Recette naturelle, sans additif, sans conservateur, sans OGM. Bourdel 37160Neuilly le Brignon Ingr\u00e9dients : Lait* entier pasteuris\u00e9 Fruits 15% Sucre 6% Poudre de Lait* 2% Ferments Lactiques Le lait est pasteuris\u00e9 au bain marie \u00e0 82\u00b0C pendant 10 minutes. Le lait est\u2026","rel":"","context":"Article similaire","img":{"alt_text":"","src":"https:\/\/i0.wp.com\/www.passionfruits.fr\/wp-content\/uploads\/2021\/03\/Yaourt-Noix-de-coco.jpg?fit=1024%2C680&ssl=1&resize=350%2C200","width":350,"height":200},"classes":[]}],"_links":{"self":[{"href":"https:\/\/www.passionfruits.fr\/index.php\/wp-json\/wp\/v2\/product\/17690"}],"collection":[{"href":"https:\/\/www.passionfruits.fr\/index.php\/wp-json\/wp\/v2\/product"}],"about":[{"href":"https:\/\/www.passionfruits.fr\/index.php\/wp-json\/wp\/v2\/types\/product"}],"replies":[{"embeddable":true,"href":"https:\/\/www.passionfruits.fr\/index.php\/wp-json\/wp\/v2\/comments?post=17690"}],"wp:featuredmedia":[{"embeddable":true,"href":"https:\/\/www.passionfruits.fr\/index.php\/wp-json\/wp\/v2\/media\/17694"}],"wp:attachment":[{"href":"https:\/\/www.passionfruits.fr\/index.php\/wp-json\/wp\/v2\/media?parent=17690"}],"curies":[{"name":"wp","href":"https:\/\/api.w.org\/{rel}","templated":true}]}}