{"id":17736,"date":"2021-03-19T07:49:59","date_gmt":"2021-03-19T06:49:59","guid":{"rendered":"http:\/\/www.passionfruits.fr\/?post_type=product&#038;p=17736"},"modified":"2025-09-17T09:07:20","modified_gmt":"2025-09-17T08:07:20","slug":"grandes-galettes-pur-beurre-280-g","status":"publish","type":"product","link":"https:\/\/www.passionfruits.fr\/index.php\/produit\/grandes-galettes-pur-beurre-280-g\/","title":{"rendered":"Grandes galettes pur beurre 280 g"},"content":{"rendered":"","protected":false},"excerpt":{"rendered":"","protected":false},"featured_media":17737,"comment_status":"open","ping_status":"closed","template":"","meta":{"spay_email":"","jetpack_publicize_message":"","jetpack_is_tweetstorm":false},"jetpack_publicize_connections":[],"jetpack_sharing_enabled":true,"jetpack-related-posts":[{"id":8337,"url":"https:\/\/www.passionfruits.fr\/index.php\/produit\/galettes-bretonnes-sachet-150g\/","url_meta":{"origin":17736,"position":0},"title":"Galettes Bretonnes sachet 150g","date":"4 mars 2016","format":false,"excerpt":"Fabrication artisanale Galettes Bretonnes pur beurre. 23 galettes soit 150g Savourez une autre institution de la gastronomie bretonne, la vraie galette de Bretagne au bon go\u00fbt de beurre ! Ingr\u00e9dients : farine de froment (bl\u00e9) beurre (lait) 22% sucre, oeufs, poudre de lait, sel de Gu\u00e9rande (IGP) poudre \u00e0 lever,\u2026","rel":"","context":"Article similaire","img":{"alt_text":"","src":"https:\/\/i0.wp.com\/www.passionfruits.fr\/wp-content\/uploads\/2016\/03\/galettes-bretonnes.jpg?fit=600%2C600&ssl=1&resize=350%2C200","width":350,"height":200},"classes":[]},{"id":17739,"url":"https:\/\/www.passionfruits.fr\/index.php\/produit\/gaufres-fines-pur-beurre-175-g\/","url_meta":{"origin":17736,"position":1},"title":"Gaufres fines pur beurre 175 g","date":"19 mars 2021","format":false,"excerpt":"","rel":"","context":"Article similaire","img":{"alt_text":"","src":"https:\/\/i0.wp.com\/www.passionfruits.fr\/wp-content\/uploads\/2021\/03\/gaufre.jpg?fit=600%2C600&ssl=1&resize=350%2C200","width":350,"height":200},"classes":[]},{"id":12595,"url":"https:\/\/www.passionfruits.fr\/index.php\/produit\/flan-a-la-caramel-au-beurre-sale-le-sachet-de-45g\/","url_meta":{"origin":17736,"position":2},"title":"Flan  Caramel au beurre sal\u00e9 le sachet de 45g","date":"29 ao\u00fbt 2018","format":false,"excerpt":"Les s\u0153urs fabriquent des pr\u00e9parations pour cr\u00e8mes desserts, \u00e0 partir d\u2019ingr\u00e9dients naturels , sans gluten et sans colorants ni conservateurs. Leur go\u00fbt est fin et d\u00e9licat.Sachet 45g. Ingr\u00e9dients : sucre, amidon de ma\u00efs, g\u00e9lifiant : carragh\u00e9nanes, ar\u00f4me naturel Peut contenir de traces de gluten et de fruits \u00e0 coque. Informations\u2026","rel":"","context":"Article similaire","img":{"alt_text":"","src":"https:\/\/i2.wp.com\/www.passionfruits.fr\/wp-content\/uploads\/2015\/12\/flans.jpg?fit=600%2C600&ssl=1&resize=350%2C200","width":350,"height":200},"classes":[]},{"id":6016,"url":"https:\/\/www.passionfruits.fr\/index.php\/produit\/tomate-sechee-le-pot\/","url_meta":{"origin":17736,"position":3},"title":"Tomate s\u00e9ch\u00e9e Italienne le pot de 280 g","date":"7 d\u00e9cembre 2015","format":false,"excerpt":"Des tomates s\u00e9ch\u00e9es dans la plus pure tradition italienne. En ap\u00e9ritif ou pour accompagner tous vos plats et surtout toutes les salades. La tomate s\u00e9ch\u00e9e pour personnaliser vos recettes (ap\u00e9ritifs d\u00eenatoires, cakes sal\u00e9s, quiches, etc...). Ingr\u00e9dients : tomates s\u00e9ch\u00e9es 64%, huile de tournesol, vinaigre de vin blanc, c\u00e2pres, sel, \u00e9pices\u2026","rel":"","context":"Article similaire","img":{"alt_text":"","src":"https:\/\/i0.wp.com\/www.passionfruits.fr\/wp-content\/uploads\/2015\/12\/tomate-sechee-1.jpg?fit=599%2C600&ssl=1&resize=350%2C200","width":350,"height":200},"classes":[]},{"id":5789,"url":"https:\/\/www.passionfruits.fr\/index.php\/produit\/bette-le-kilo\/","url_meta":{"origin":17736,"position":4},"title":"Bette le pied env. 500 g italie Cat 1","date":"7 d\u00e9cembre 2015","format":false,"excerpt":"Cuites on les consomme en gratins, en po\u00eal\u00e9es, en galettes.\u00a0On l\u2019incorpore dans les farcis, les lasagnes et les p\u00e2tes, les risottos, les soupes, les tartes et les pizzas. Elle constitue un d\u00e9licieux accompagnement. \u00a0","rel":"","context":"Article similaire","img":{"alt_text":"","src":"https:\/\/i2.wp.com\/www.passionfruits.fr\/wp-content\/uploads\/2015\/12\/bette.jpg?fit=424%2C554&ssl=1&resize=350%2C200","width":350,"height":200},"classes":[]},{"id":18327,"url":"https:\/\/www.passionfruits.fr\/index.php\/produit\/flutes-au-fromage-barquette-de-125-gr\/","url_meta":{"origin":17736,"position":5},"title":"Fl\u00fbtes au fromage barquette de 125 Gr","date":"16 septembre 2021","format":false,"excerpt":"Ingr\u00e9dients : Farine de bl\u00e9, beurre 23%, fromage 10%, levure, sel, lait \u00e9cr\u00e9m\u00e9 en poudre, farine de malt d'orge. Peut contenir des traces de s\u00e9same. Valeurs nutritionnelles moyennes pour 100 grs Energie 1992 kj-475 kcal Mati\u00e8res grasses 21.0 g Dont acides gras satur\u00e9s 15.0 g Glucides 58.0 g Dont sucres\u2026","rel":"","context":"Article similaire","img":{"alt_text":"","src":"https:\/\/i0.wp.com\/www.passionfruits.fr\/wp-content\/uploads\/2021\/09\/f_tes_au_fromage_2019_copier_copier_.jpg?fit=600%2C600&ssl=1&resize=350%2C200","width":350,"height":200},"classes":[]}],"_links":{"self":[{"href":"https:\/\/www.passionfruits.fr\/index.php\/wp-json\/wp\/v2\/product\/17736"}],"collection":[{"href":"https:\/\/www.passionfruits.fr\/index.php\/wp-json\/wp\/v2\/product"}],"about":[{"href":"https:\/\/www.passionfruits.fr\/index.php\/wp-json\/wp\/v2\/types\/product"}],"replies":[{"embeddable":true,"href":"https:\/\/www.passionfruits.fr\/index.php\/wp-json\/wp\/v2\/comments?post=17736"}],"wp:featuredmedia":[{"embeddable":true,"href":"https:\/\/www.passionfruits.fr\/index.php\/wp-json\/wp\/v2\/media\/17737"}],"wp:attachment":[{"href":"https:\/\/www.passionfruits.fr\/index.php\/wp-json\/wp\/v2\/media?parent=17736"}],"curies":[{"name":"wp","href":"https:\/\/api.w.org\/{rel}","templated":true}]}}