{"id":17759,"date":"2021-03-19T10:58:20","date_gmt":"2021-03-19T09:58:20","guid":{"rendered":"http:\/\/www.passionfruits.fr\/?post_type=product&#038;p=17759"},"modified":"2023-02-10T09:12:20","modified_gmt":"2023-02-10T08:12:20","slug":"vinaigrette-exotique-a-la-mangue-la-bouteille-de-500-ml","status":"publish","type":"product","link":"https:\/\/www.passionfruits.fr\/index.php\/produit\/vinaigrette-exotique-a-la-mangue-la-bouteille-de-500-ml\/","title":{"rendered":"Vinaigrette exotique \u00e0 la mangue la bouteille de 500 ml"},"content":{"rendered":"<p>Distribu\u00e9 par<\/p>\n<p>SDP Rungis<\/p>\n<p>6 Rue des Oliviers<\/p>\n<p>94537 Orly<\/p>\n","protected":false},"excerpt":{"rendered":"<p>Sauce vinaigrette\u00a0exotique \u00e0 la mangue Jean d\u2019Audignac. Excellente vinaigrette pour assaisonner les salades et crudit\u00e9s.<\/p>\n<p>Ingr\u00e9dients : huile de tournesol 50%, vinaigre de\u00a0vin blanc*,\u00a0pur\u00e9e de mangue10%,gingembre5%<strong>moutarde<\/strong>\u00a0de Dijon* (graine de\u00a0<strong>moutarde<\/strong>, vinaigre d&#8217;alcool, eau, sel), sucre, sel, piment rouge. *contient des\u00a0<strong>sulfites<\/strong>.<\/p>\n<p>Valeurs nutritionnelles moyennes pour 100g<\/p>\n<p>Energie : 2052 kj\/498kcal<\/p>\n<p>Mati\u00e8res grasses : 51g dont acides gras satur\u00e9s : 5.3g<\/p>\n<p>Glucides :\u00a07.3\u00a0g dont sucres\u00a06.9\u00a0g<\/p>\n<p>Prot\u00e9ines : 0.5 g<\/p>\n<p>Sel : 2.4g<\/p>\n","protected":false},"featured_media":17760,"comment_status":"closed","ping_status":"closed","template":"","meta":{"spay_email":"","jetpack_publicize_message":"","jetpack_is_tweetstorm":false},"jetpack_publicize_connections":[],"jetpack_sharing_enabled":true,"jetpack-related-posts":[{"id":6028,"url":"https:\/\/www.passionfruits.fr\/index.php\/produit\/vinaigrette-moutarde-la-bouteille\/","url_meta":{"origin":17759,"position":0},"title":"Vinaigrette \u00e0 la moutarde de Dijon la bouteille 500 ml","date":"7 d\u00e9cembre 2015","format":false,"excerpt":"Contenance : 0 cl Poids net : 500 g Poids net \u00e9goutt\u00e9 : 0 g CARACTERISTIQUES PRODUIT Ingr\u00e9dients : Huile de tournesol (50%), eau, vinaigre de vin rouge*, moutarde de Dijon* (5%) (graines de moutarde, vinaigre d\u2019alcool, eau, sel), sel, \u00e9pices. Allerg\u00e8nes : Moutarde, sulfites Traces d'allerg\u00e8nes possibles : Allerg\u00e8nes\u2026","rel":"","context":"Article similaire","img":{"alt_text":"","src":"https:\/\/i2.wp.com\/www.passionfruits.fr\/wp-content\/uploads\/2015\/12\/vinaigrette-moutarde.jpg?fit=588%2C580&ssl=1&resize=350%2C200","width":350,"height":200},"classes":[]},{"id":6032,"url":"https:\/\/www.passionfruits.fr\/index.php\/produit\/vinaigrette-a-lechalote-la-bouteille\/","url_meta":{"origin":17759,"position":1},"title":"Vinaigrette \u00e0 l'\u00e9chalote la bouteille de 500 ml","date":"7 d\u00e9cembre 2015","format":false,"excerpt":"Contenance : 50 cl Poids net : 500 g Poids net \u00e9goutt\u00e9 : 0 g CARACTERISTIQUES PRODUIT Ingr\u00e9dients : Huile de tournesol (50%), vinaigre de vin de Bordeaux* 27%, (dont conservateur E228* et stabilisant E414), eau, \u00e9chalotes 7.6% moutarde de Dijon* (graines de moutarde, vinaigre d'alcool, eau, sel, ar\u00f4me \u00e9chalote).\u2026","rel":"","context":"Article similaire","img":{"alt_text":"","src":"https:\/\/i0.wp.com\/www.passionfruits.fr\/wp-content\/uploads\/2015\/12\/vinaigrette-echalote.jpg?fit=598%2C600&ssl=1&resize=350%2C200","width":350,"height":200},"classes":[]},{"id":11703,"url":"https:\/\/www.passionfruits.fr\/index.php\/produit\/vinaigrette-au-vinaigre-de-cidre-et-moutarde-a-l-ancienne-bouteille-500-ml\/","url_meta":{"origin":17759,"position":2},"title":"Vinaigrette au vinaigre de cidre et moutarde \u00e0 l' ancienne bouteille 500 ml","date":"14 f\u00e9vrier 2018","format":false,"excerpt":"Sauce vinaigrette au vinaigre de cidre et moutarde \u00e0 l' ancienne Jean d\u2019Audignac. Excellente vinaigrette pour assaisonner les salades et crudit\u00e9s. Ingr\u00e9dients : huile de tournesol 50%, vinaigre de cidre 24%, moutarde \u00e0 l'ancienne 20% (vinaigre d'alcool, graines de moutarde, eau, sel\u00b0, sel. Contient des sulfites. Valeurs nutritionnelles moyennes pour\u2026","rel":"","context":"Article similaire","img":{"alt_text":"","src":"https:\/\/i1.wp.com\/www.passionfruits.fr\/wp-content\/uploads\/2018\/02\/Vinaigrette-cidre.jpg?fit=600%2C600&ssl=1&resize=350%2C200","width":350,"height":200},"classes":[]},{"id":6030,"url":"https:\/\/www.passionfruits.fr\/index.php\/produit\/vinaigrette-balsamique-la-bouteille\/","url_meta":{"origin":17759,"position":3},"title":"Vinaigrette balsamique & Huile d'Olives bouteille 500 ml","date":"7 d\u00e9cembre 2015","format":false,"excerpt":"Sauce vinaigrette \u00e0 l'huile d'olive(10%) et au vinaigre balsamique Jean d'Audignac. Excellente vinaigrette pour assaisonner les salades et crudit\u00e9s. Ingr\u00e9dients : huile de tournesol , vinaigre balsamique 19.5% (vianigre de vin*, mo\u00fbt de raisin, colorant : caramel E150d), eau, huile d'olive 10%, vinaigre de vin rouge*, moutarde de Dijon* (graine\u2026","rel":"","context":"Article similaire","img":{"alt_text":"","src":"https:\/\/i2.wp.com\/www.passionfruits.fr\/wp-content\/uploads\/2015\/12\/vinaigrette-balsamique.jpg?fit=584%2C600&ssl=1&resize=350%2C200","width":350,"height":200},"classes":[]},{"id":11701,"url":"https:\/\/www.passionfruits.fr\/index.php\/produit\/vinaigrette-au-vinaigre-de-xeres-ail-et-basilic-bouteille-500-ml\/","url_meta":{"origin":17759,"position":4},"title":"Vinaigrette au vinaigre de X\u00e9r\u00e8s, Ail et Basilic bouteille 500 ml","date":"14 f\u00e9vrier 2018","format":false,"excerpt":"Sauce vinaigrette au vinaigre de X\u00e9r\u00e8s Jean d\u2019 Audignac. Excellente vinaigrette pour assaisonner les salades et crudit\u00e9s. Ingr\u00e9dients : huile de colza 40%, vinaigre de X\u00e9r\u00e8s 15%, eau, huile d'olive 10%, pur\u00e9e de tomates, moutarde de Dijon (vinaigre d'alcool, graines de moutarde, eau, sel) , sel, ail 2%, basilic 1.5%,\u2026","rel":"","context":"Article similaire","img":{"alt_text":"","src":"https:\/\/i0.wp.com\/www.passionfruits.fr\/wp-content\/uploads\/2018\/02\/Vinaigrette-xeres.jpg?fit=600%2C600&ssl=1&resize=350%2C200","width":350,"height":200},"classes":[]},{"id":11709,"url":"https:\/\/www.passionfruits.fr\/index.php\/produit\/vinaigrette-au-balsamique-de-pommes-la-bouteille-de-500-ml\/","url_meta":{"origin":17759,"position":5},"title":"Vinaigrette au balsamique de pommes la bouteille de 500 ml","date":"14 f\u00e9vrier 2018","format":false,"excerpt":"Sauce vinaigrette au balsamique de pommes Jean d\u2019Audignac. Excellente vinaigrette pour assaisonner les salades et crudit\u00e9s. Ingr\u00e9dients : huile de tournesol 50%, vinaigre de cidre*, bouquet de pommes*11% (jus de pommes concentr\u00e9, vinaigre de cidre*), moutarde de Dijon* (graine de moutarde, vinaigre d'alcool, eau, sel), eau, sel. *contient des sulfites.\u2026","rel":"","context":"Article similaire","img":{"alt_text":"","src":"https:\/\/i2.wp.com\/www.passionfruits.fr\/wp-content\/uploads\/2018\/02\/Vinaigrette-pomme.jpg?fit=600%2C600&ssl=1&resize=350%2C200","width":350,"height":200},"classes":[]}],"_links":{"self":[{"href":"https:\/\/www.passionfruits.fr\/index.php\/wp-json\/wp\/v2\/product\/17759"}],"collection":[{"href":"https:\/\/www.passionfruits.fr\/index.php\/wp-json\/wp\/v2\/product"}],"about":[{"href":"https:\/\/www.passionfruits.fr\/index.php\/wp-json\/wp\/v2\/types\/product"}],"replies":[{"embeddable":true,"href":"https:\/\/www.passionfruits.fr\/index.php\/wp-json\/wp\/v2\/comments?post=17759"}],"wp:featuredmedia":[{"embeddable":true,"href":"https:\/\/www.passionfruits.fr\/index.php\/wp-json\/wp\/v2\/media\/17760"}],"wp:attachment":[{"href":"https:\/\/www.passionfruits.fr\/index.php\/wp-json\/wp\/v2\/media?parent=17759"}],"curies":[{"name":"wp","href":"https:\/\/api.w.org\/{rel}","templated":true}]}}