{"id":17807,"date":"2021-03-24T07:51:32","date_gmt":"2021-03-24T06:51:32","guid":{"rendered":"http:\/\/www.passionfruits.fr\/?post_type=product&#038;p=17807"},"modified":"2025-09-09T07:30:20","modified_gmt":"2025-09-09T06:30:20","slug":"echalote-cuisse-grosse-france-cat-1-les-250g","status":"publish","type":"product","link":"https:\/\/www.passionfruits.fr\/index.php\/produit\/echalote-cuisse-grosse-france-cat-1-les-250g\/","title":{"rendered":"Echalote cuisse grosse France Cat 1 les 250g"},"content":{"rendered":"","protected":false},"excerpt":{"rendered":"","protected":false},"featured_media":17810,"comment_status":"closed","ping_status":"closed","template":"","meta":{"spay_email":"","jetpack_publicize_message":"","jetpack_is_tweetstorm":false},"jetpack_publicize_connections":[],"jetpack_sharing_enabled":true,"jetpack-related-posts":[{"id":4988,"url":"https:\/\/www.passionfruits.fr\/index.php\/produit\/echalote-petite-les-250-grs\/","url_meta":{"origin":17807,"position":0},"title":"Echalote  France Cat 1 les 250g","date":"7 d\u00e9cembre 2015","format":false,"excerpt":"Les \u00e9chalotes sont d\u00e9licieuses cuites ou crues. Elles ont un ar\u00f4me plus fin que l'oignon.","rel":"","context":"Article similaire","img":{"alt_text":"","src":"https:\/\/i1.wp.com\/www.passionfruits.fr\/wp-content\/uploads\/2015\/12\/echalotte-1.jpg?fit=600%2C600&ssl=1&resize=350%2C200","width":350,"height":200},"classes":[]},{"id":4957,"url":"https:\/\/www.passionfruits.fr\/index.php\/produit\/betterave-ronde-cuite-les-500-grs\/","url_meta":{"origin":17807,"position":1},"title":"Betterave ronde France Cat 1 la pi\u00e8ce env. 250g","date":"7 d\u00e9cembre 2015","format":false,"excerpt":"","rel":"","context":"Article similaire","img":{"alt_text":"","src":"https:\/\/i2.wp.com\/www.passionfruits.fr\/wp-content\/uploads\/2015\/12\/betterave-ronde.jpg?fit=600%2C600&ssl=1&resize=350%2C200","width":350,"height":200},"classes":[]},{"id":5289,"url":"https:\/\/www.passionfruits.fr\/index.php\/produit\/betterave-crue-nouvelle-les-500-grs\/","url_meta":{"origin":17807,"position":2},"title":"Betterave crue France Cat 1 la pi\u00e8ce env 250g","date":"7 d\u00e9cembre 2015","format":false,"excerpt":"Compte tenu du temps de cuisson assez long, on trouve souvent la racine de betterave d\u00e9j\u00e0 cuite, vendue en vrac\u00a0 ou sous vide. On peut \u00e9galement la d\u00e9guster crue, r\u00e2p\u00e9e ou en carpaccio. Elle est, le plus souvent, consomm\u00e9e en salade.","rel":"","context":"Article similaire","img":{"alt_text":"","src":"https:\/\/i2.wp.com\/www.passionfruits.fr\/wp-content\/uploads\/2015\/12\/bettravecrue.jpg?fit=600%2C600&ssl=1&resize=350%2C200","width":350,"height":200},"classes":[]},{"id":4903,"url":"https:\/\/www.passionfruits.fr\/index.php\/produit\/champignon-creme-les-500-grs\/","url_meta":{"origin":17807,"position":3},"title":"Champignon cr\u00e8me Pologne Cat 1 les 250g","date":"7 d\u00e9cembre 2015","format":false,"excerpt":"","rel":"","context":"Article similaire","img":{"alt_text":"","src":"https:\/\/i1.wp.com\/www.passionfruits.fr\/wp-content\/uploads\/2015\/12\/champignon.jpg?fit=600%2C600&ssl=1&resize=350%2C200","width":350,"height":200},"classes":[]},{"id":5284,"url":"https:\/\/www.passionfruits.fr\/index.php\/produit\/mini-banane-le-paquet-env-250-grs\/","url_meta":{"origin":17807,"position":4},"title":"Mini Banane Colombie  Cat 1 boite  250g env.","date":"7 d\u00e9cembre 2015","format":false,"excerpt":"","rel":"","context":"Article similaire","img":{"alt_text":"","src":"https:\/\/i2.wp.com\/www.passionfruits.fr\/wp-content\/uploads\/2015\/12\/minibanane.jpg?fit=600%2C600&ssl=1&resize=350%2C200","width":350,"height":200},"classes":[]},{"id":4876,"url":"https:\/\/www.passionfruits.fr\/index.php\/produit\/poivron-vert-la-piece-env-200-grs\/","url_meta":{"origin":17807,"position":5},"title":"Poivron vert Belgique  Cat 1 la pi\u00e8ce env.250g","date":"7 d\u00e9cembre 2015","format":false,"excerpt":"Origine Espagne","rel":"","context":"Article similaire","img":{"alt_text":"","src":"https:\/\/i1.wp.com\/www.passionfruits.fr\/wp-content\/uploads\/2015\/12\/Fotolia_41182973_XS.jpg?fit=346%2C347&ssl=1&resize=350%2C200","width":350,"height":200},"classes":[]}],"_links":{"self":[{"href":"https:\/\/www.passionfruits.fr\/index.php\/wp-json\/wp\/v2\/product\/17807"}],"collection":[{"href":"https:\/\/www.passionfruits.fr\/index.php\/wp-json\/wp\/v2\/product"}],"about":[{"href":"https:\/\/www.passionfruits.fr\/index.php\/wp-json\/wp\/v2\/types\/product"}],"replies":[{"embeddable":true,"href":"https:\/\/www.passionfruits.fr\/index.php\/wp-json\/wp\/v2\/comments?post=17807"}],"wp:featuredmedia":[{"embeddable":true,"href":"https:\/\/www.passionfruits.fr\/index.php\/wp-json\/wp\/v2\/media\/17810"}],"wp:attachment":[{"href":"https:\/\/www.passionfruits.fr\/index.php\/wp-json\/wp\/v2\/media?parent=17807"}],"curies":[{"name":"wp","href":"https:\/\/api.w.org\/{rel}","templated":true}]}}