{"id":17814,"date":"2021-03-24T17:32:35","date_gmt":"2021-03-24T16:32:35","guid":{"rendered":"http:\/\/www.passionfruits.fr\/?post_type=product&#038;p=17814"},"modified":"2025-08-01T15:02:59","modified_gmt":"2025-08-01T14:02:59","slug":"babas-au-rhum-la-boite-de-3-pieces","status":"publish","type":"product","link":"https:\/\/www.passionfruits.fr\/index.php\/produit\/babas-au-rhum-la-boite-de-3-pieces\/","title":{"rendered":"Babas au Rhum la boite de 3 pi\u00e8ces"},"content":{"rendered":"","protected":false},"excerpt":{"rendered":"<p>Ingr\u00e9dients: sucre, eau, farine de <strong>bl\u00e9<\/strong>, extrait aromatique rhum orange (rhum 8,7% ,infusion d&#8217;\u00e9corces d&#8217;oranges douces),<b>\u0153ufs entiers<\/b>, raisins secs 6,6% (raisins secs, huile v\u00e9g\u00e9tale(palme),huile v\u00e9g\u00e9tale de colza), margarine (graisse v\u00e9g\u00e9tale, palme),huile v\u00e9g\u00e9tale (colza),eau, \u00e9mulsifiant: mono et diglyc\u00e9rides d&#8217;acides gras, correcteur d&#8217;acidit\u00e9 :acide citrique), sirop de glucose, \u00e9corces d&#8217;oranges confites 2,2% (\u00e9corces d&#8217;oranges, sirop de glucose-fructose, saccharose, correcteur d&#8217;acidit\u00e9 :acide citrique , conservateur : anhydride sulfureux), sel, levure de panification, gluten de <strong>bl\u00e9. <\/strong>Traces de lait et de fruits \u00e0 coque. Titre alcoolique: 4%<\/p>\n<table style=\"border-collapse: collapse; width: 101.859%; height: 385px;\">\n<tbody>\n<tr style=\"height: 24px;\">\n<td style=\"width: 18.7564%; height: 86px;\"><\/td>\n<td style=\"width: 10.8428%; height: 86px; text-align: right;\">pour 100g<\/td>\n<\/tr>\n<tr style=\"height: 10px;\">\n<td style=\"width: 18.7564%; height: 10px;\">Valeur \u00e9nerg\u00e9tique<\/td>\n<td style=\"width: 10.8428%; height: 10px; text-align: right;\">1203 KJ<\/p>\n<p>285 Kcal<\/td>\n<\/tr>\n<tr style=\"height: 24px;\">\n<td style=\"width: 18.7564%; height: 24px;\">Mati\u00e8re grasses\/<\/p>\n<p>dont acides satur\u00e9s<\/td>\n<td style=\"width: 10.8428%; height: 24px; text-align: right;\">5,1 g<\/p>\n<p>2,2<\/td>\n<\/tr>\n<tr style=\"height: 24px;\">\n<td style=\"width: 18.7564%; height: 24px;\">Glucides\/<\/p>\n<p>dont sucres<\/td>\n<td style=\"width: 10.8428%; height: 24px; text-align: right;\">51,3<\/p>\n<p>41,1<\/td>\n<\/tr>\n<tr style=\"height: 10px;\">\n<td style=\"width: 18.7564%; height: 10px;\">sel<\/td>\n<td style=\"width: 10.8428%; text-align: right; height: 10px;\">0,304<\/td>\n<\/tr>\n<\/tbody>\n<\/table>\n","protected":false},"featured_media":17815,"comment_status":"closed","ping_status":"closed","template":"","meta":{"spay_email":"","jetpack_publicize_message":"","jetpack_is_tweetstorm":false},"jetpack_publicize_connections":[],"jetpack_sharing_enabled":true,"jetpack-related-posts":[{"id":11338,"url":"https:\/\/www.passionfruits.fr\/index.php\/produit\/cake-aux-fruits-en-tranche-le-paquet-de-250-grs\/","url_meta":{"origin":17814,"position":0},"title":"Cake aux fruits en tranche le paquet de 250 grs","date":"25 novembre 2017","format":false,"excerpt":"Ingr\u00e9dients : Fruits 38.2% (raisins secs (14.2%), bigarreaux confits (13%), bigarreaux (6.6%), sirop de glucose-fructose, colorant ; anthocyanes, correcteur d'acidit\u00e9 : acide citrique, conservateur : anhydride sulfureux), \u00e9corces d'orange confites (5.5%) (\u00e9corces d'orange (2.9%), sirop de glucose fructose, sacharrose, correcteur d'acidit\u00e9 : acide citrique, conservateur : anhydride sulfureux, cubes de\u2026","rel":"","context":"Article similaire","img":{"alt_text":"","src":"https:\/\/i0.wp.com\/www.passionfruits.fr\/wp-content\/uploads\/2017\/11\/cake-fruits.jpg?fit=600%2C600&ssl=1&resize=350%2C200","width":350,"height":200},"classes":[]},{"id":9242,"url":"https:\/\/www.passionfruits.fr\/index.php\/produit\/melange-sambahia-barquette-150-g-environ\/","url_meta":{"origin":17814,"position":1},"title":"M\u00e9lange sambahia barquette 150 g environ","date":"20 ao\u00fbt 2016","format":false,"excerpt":"M\u00e9lange d'arachides enrob\u00e9es et de biscuits souffl\u00e9s au riz. Conditionn\u00e9 en barquette refermable \u00e0 volont\u00e9 pour garder toute sa saveur. Ingr\u00e9dients: Riz 33%, arachides 17%, farine de bl\u00e9,sucre, huile vegetales (palm, tournesol), amidon modifi\u00e9 de ma\u00efs et de tapioca, sauce soja (eau,soja,bl\u00e9,sel), sel, assaisonnement aromtis\u00e9 (maltodextrine, sel, oignon, ail, sucre,\u2026","rel":"","context":"Article similaire","img":{"alt_text":"","src":"https:\/\/i1.wp.com\/www.passionfruits.fr\/wp-content\/uploads\/2016\/08\/Melange-sambahia.jpg?fit=600%2C600&ssl=1&resize=350%2C200","width":350,"height":200},"classes":[]},{"id":6002,"url":"https:\/\/www.passionfruits.fr\/index.php\/produit\/speculos-le-paquet\/","url_meta":{"origin":17814,"position":2},"title":"Sp\u00e9culoos authentiques le paquet 225g","date":"7 d\u00e9cembre 2015","format":false,"excerpt":"Nos sp\u00e9culoos sont d'authentiques Sp\u00e9culoos de Belgique, ils sont pr\u00e9par\u00e9s selon une recette \u00e0 l'ancienne sans colorants et sans conservateurs chimiques. Paquet de 20 sp\u00e9culoos \u00e0 d\u00e9guster \u00e0 l'heure du th\u00e9 Ingr\u00e9dients : farine de froment, sucre candi, huiles et graisses v\u00e9g\u00e9tales (palme, colza), sucre de canne brut, farine de\u2026","rel":"","context":"Article similaire","img":{"alt_text":"","src":"https:\/\/i0.wp.com\/www.passionfruits.fr\/wp-content\/uploads\/2015\/12\/speculoos.jpg?fit=600%2C600&ssl=1&resize=350%2C200","width":350,"height":200},"classes":[]},{"id":6281,"url":"https:\/\/www.passionfruits.fr\/index.php\/produit\/pate-de-fruits-barquette-280-grs-env\/","url_meta":{"origin":17814,"position":3},"title":"P\u00e2te de fruits barquette 250g env.","date":"7 d\u00e9cembre 2015","format":false,"excerpt":"Succulentes douceurs aux formes de fruits, fabriqu\u00e9es \u00e0 base d'ar\u00f4mes naturels. Tendres et fondantes \u00e0 souhait ! Gommes de pectine sucr\u00e9es au go\u00fbt de fruits : sucre, sirop de glucose, eau, g\u00e9lifiant (pectine), fibres d'avoine, acidifiant (acide citrique), ar\u00f4mes naturels, colorants (E100, E120,E141,E163), concentr\u00e9 d'ananas (0.1%), ar\u00f4me naturel d'orange. Valeurs\u2026","rel":"","context":"Article similaire","img":{"alt_text":"","src":"https:\/\/i2.wp.com\/www.passionfruits.fr\/wp-content\/uploads\/2015\/12\/pates-fruits.jpg?fit=554%2C604&ssl=1&resize=350%2C200","width":350,"height":200},"classes":[]},{"id":9581,"url":"https:\/\/www.passionfruits.fr\/index.php\/produit\/pate-de-fruits-sachet-1-kilo\/","url_meta":{"origin":17814,"position":4},"title":"P\u00e2te de fruits sachet de 1 kilo","date":"27 octobre 2016","format":false,"excerpt":"Succulentes douceurs aux formes de fruits, fabriqu\u00e9es \u00e0 base d'ar\u00f4mes naturels. Tendres et fondantes \u00e0 souhait ! Gommes de pectine sucr\u00e9es au go\u00fbt de fruits : sucre, sirop de glucose, eau, g\u00e9lifiant (pectine), fibres d'avoine, acidifiant (acide citrique), ar\u00f4mes naturels, colorants (E100, E120,E141,E163), concentr\u00e9 d'ananas (0.1%), ar\u00f4me naturel d'orange. Valeurs\u2026","rel":"","context":"Article similaire","img":{"alt_text":"","src":"https:\/\/i2.wp.com\/www.passionfruits.fr\/wp-content\/uploads\/2015\/12\/pates-fruits.jpg?fit=554%2C604&ssl=1&resize=350%2C200","width":350,"height":200},"classes":[]},{"id":10923,"url":"https:\/\/www.passionfruits.fr\/index.php\/produit\/huile-de-colza-la-bouteille-75-cl\/","url_meta":{"origin":17814,"position":5},"title":"Huile de Colza Eure et Loir la bouteille 75 cl","date":"10 ao\u00fbt 2017","format":false,"excerpt":"Premi\u00e8re pression extraite \u00e0 froid 100 % Huile vierge Huile v\u00e9g\u00e9tale pour assaisonnement Production artisanale, graines cultiv\u00e9es, filtr\u00e9es press\u00e9es \u00e0 la ferme dans le respect de l'environnement.","rel":"","context":"Article similaire","img":{"alt_text":"","src":"https:\/\/i2.wp.com\/www.passionfruits.fr\/wp-content\/uploads\/2017\/08\/Huile-de-Colza.jpg?fit=500%2C500&ssl=1&resize=350%2C200","width":350,"height":200},"classes":[]}],"_links":{"self":[{"href":"https:\/\/www.passionfruits.fr\/index.php\/wp-json\/wp\/v2\/product\/17814"}],"collection":[{"href":"https:\/\/www.passionfruits.fr\/index.php\/wp-json\/wp\/v2\/product"}],"about":[{"href":"https:\/\/www.passionfruits.fr\/index.php\/wp-json\/wp\/v2\/types\/product"}],"replies":[{"embeddable":true,"href":"https:\/\/www.passionfruits.fr\/index.php\/wp-json\/wp\/v2\/comments?post=17814"}],"wp:featuredmedia":[{"embeddable":true,"href":"https:\/\/www.passionfruits.fr\/index.php\/wp-json\/wp\/v2\/media\/17815"}],"wp:attachment":[{"href":"https:\/\/www.passionfruits.fr\/index.php\/wp-json\/wp\/v2\/media?parent=17814"}],"curies":[{"name":"wp","href":"https:\/\/api.w.org\/{rel}","templated":true}]}}