{"id":18263,"date":"2021-09-01T16:39:36","date_gmt":"2021-09-01T15:39:36","guid":{"rendered":"http:\/\/www.passionfruits.fr\/?post_type=product&#038;p=18263"},"modified":"2026-03-21T06:59:55","modified_gmt":"2026-03-21T05:59:55","slug":"salade-melanger-sachet-300-grs-france","status":"publish","type":"product","link":"https:\/\/www.passionfruits.fr\/index.php\/produit\/salade-melanger-sachet-300-grs-france\/","title":{"rendered":"Salade m\u00e9lang\u00e9e Sachet 300 grs France"},"content":{"rendered":"","protected":false},"excerpt":{"rendered":"","protected":false},"featured_media":18264,"comment_status":"closed","ping_status":"closed","template":"","meta":{"spay_email":"","jetpack_publicize_message":"","jetpack_is_tweetstorm":false},"jetpack_publicize_connections":[],"jetpack_sharing_enabled":true,"jetpack-related-posts":[{"id":9588,"url":"https:\/\/www.passionfruits.fr\/index.php\/produit\/croutons-a-lhuile-dolive-sachet-de-150-gr\/","url_meta":{"origin":18263,"position":0},"title":"Croutons \u00e0 l'huile d'olive sachet de 150 Gr","date":"28 octobre 2016","format":false,"excerpt":"Id\u00e9ale pour accompagner vos soupes ou vos salades. Ingr\u00e9dients : farine de bl\u00e9, huile v\u00e9g\u00e9tale, huile d'olive extra vierge 5%, sel, levure, farine de c\u00e9r\u00e9ales malt\u00e9es, lait en poudre, extrait de levure, ar\u00f4me naturel. Peut contenir des traces de graines de s\u00e9same. Valeurs nutritionnelles moyennes\u00a0 pour 100 g Energie :\u2026","rel":"","context":"Article similaire","img":{"alt_text":"","src":"https:\/\/i0.wp.com\/www.passionfruits.fr\/wp-content\/uploads\/2016\/10\/croutons-huile-olive-150g.jpg?fit=600%2C600&ssl=1&resize=350%2C200","width":350,"height":200},"classes":[]},{"id":20464,"url":"https:\/\/www.passionfruits.fr\/index.php\/produit\/the-vrac-passion-fruits-sachet-100-grs\/","url_meta":{"origin":18263,"position":1},"title":"Th\u00e9 vrac Passion Fruits Sachet 100 grs","date":"15 mai 2025","format":false,"excerpt":"Fraise, P\u00eache et Fruit de la passion","rel":"","context":"Article similaire","img":{"alt_text":"","src":"https:\/\/i2.wp.com\/www.passionfruits.fr\/wp-content\/uploads\/2025\/05\/pf.jpg?fit=600%2C600&ssl=1&resize=350%2C200","width":350,"height":200},"classes":[]},{"id":20460,"url":"https:\/\/www.passionfruits.fr\/index.php\/produit\/the-vrac-andre-claude-sachet-100-grs\/","url_meta":{"origin":18263,"position":2},"title":"Th\u00e9 vrac Andr\u00e9 Claude Sachet 100 grs","date":"15 mai 2025","format":false,"excerpt":"M\u00e9lange d' agrumes avec une pointe de Jasmin","rel":"","context":"Article similaire","img":{"alt_text":"","src":"https:\/\/i1.wp.com\/www.passionfruits.fr\/wp-content\/uploads\/2025\/05\/ac.jpg?fit=600%2C600&ssl=1&resize=350%2C200","width":350,"height":200},"classes":[]},{"id":5784,"url":"https:\/\/www.passionfruits.fr\/index.php\/produit\/marron-sous-vide-400-grs-la-barq\/","url_meta":{"origin":18263,"position":3},"title":"Marron sous vide barquette de 400g","date":"7 d\u00e9cembre 2015","format":false,"excerpt":"Les marrons sous vide accompagnent vos viandes, volailles, gibiers, l\u00e9gumes, salades... Ils servent \u00e9galement \u00e0 la pr\u00e9paration de vos soupes, farces et desserts. Ils sont aussi d\u00e9gust\u00e9s froids ou ti\u00e8des \u00e0 l'ap\u00e9ritif. Ingr\u00e9dients : 100% marrons Valeurs nutritionnelles pour 100 g Energie : 751kj\/178kcal Mati\u00e8res grasses : 1g dont satur\u00e9es\u2026","rel":"","context":"Article similaire","img":{"alt_text":"","src":"https:\/\/i0.wp.com\/www.passionfruits.fr\/wp-content\/uploads\/2015\/12\/marron1.jpg?fit=600%2C600&ssl=1&resize=350%2C200","width":350,"height":200},"classes":[]},{"id":5373,"url":"https:\/\/www.passionfruits.fr\/index.php\/produit\/haricot-coco-blanc-sec-les-500-grs\/","url_meta":{"origin":18263,"position":4},"title":"Haricot Coco Blanc Eure et Loir sachet 500g","date":"7 d\u00e9cembre 2015","format":false,"excerpt":"Ils sont la base de l\u2019un des plats fran\u00e7ais les plus connus : le fameux cassoulet ! Une saveur tr\u00e8s douce. Le haricot coco blanc est relativement peu farineux. ils peuvent \u00eatre pr\u00e9par\u00e9s de nombreuses mani\u00e8res : en salade, avec des herbes aromatiques et une bonne vinaigrette, ou m\u00eame en\u2026","rel":"","context":"Article similaire","img":{"alt_text":"","src":"https:\/\/i1.wp.com\/www.passionfruits.fr\/wp-content\/uploads\/2015\/12\/coco-blanc.jpg?fit=600%2C600&ssl=1&resize=350%2C200","width":350,"height":200},"classes":[]},{"id":18320,"url":"https:\/\/www.passionfruits.fr\/index.php\/produit\/gnocchetti-sachet-de-500-gr\/","url_meta":{"origin":18263,"position":5},"title":"Gnocchetti sachet de 500 Gr","date":"16 septembre 2021","format":false,"excerpt":"ingr\u00e9dients : PUREE DE POMMES DE TERRE 70% (EAU, FLOCONS DE POMMES DE TERRE DESHYDRATEES (POMMES DE TERRE, EMULSIFIANTS : MONO ET DIGLYCERIDES D'ACIDES GRAS, AROMES NATURELS), FARINE DE BLE TENDRE, FECULE DE POMMES DE TERRE, AMIDON, FARINE DE RIZ, SEL, EPICES, CORRECTEUR D'ACIDITE : ACIDE LACTIQUE, CONSERVATEUR : SORBATE\u2026","rel":"","context":"Article similaire","img":{"alt_text":"","src":"https:\/\/i2.wp.com\/www.passionfruits.fr\/wp-content\/uploads\/2021\/09\/gnti3.jpg?fit=600%2C600&ssl=1&resize=350%2C200","width":350,"height":200},"classes":[]}],"_links":{"self":[{"href":"https:\/\/www.passionfruits.fr\/index.php\/wp-json\/wp\/v2\/product\/18263"}],"collection":[{"href":"https:\/\/www.passionfruits.fr\/index.php\/wp-json\/wp\/v2\/product"}],"about":[{"href":"https:\/\/www.passionfruits.fr\/index.php\/wp-json\/wp\/v2\/types\/product"}],"replies":[{"embeddable":true,"href":"https:\/\/www.passionfruits.fr\/index.php\/wp-json\/wp\/v2\/comments?post=18263"}],"wp:featuredmedia":[{"embeddable":true,"href":"https:\/\/www.passionfruits.fr\/index.php\/wp-json\/wp\/v2\/media\/18264"}],"wp:attachment":[{"href":"https:\/\/www.passionfruits.fr\/index.php\/wp-json\/wp\/v2\/media?parent=18263"}],"curies":[{"name":"wp","href":"https:\/\/api.w.org\/{rel}","templated":true}]}}