{"id":18299,"date":"2021-09-16T10:03:03","date_gmt":"2021-09-16T09:03:03","guid":{"rendered":"http:\/\/www.passionfruits.fr\/?post_type=product&#038;p=18299"},"modified":"2025-02-04T10:18:49","modified_gmt":"2025-02-04T09:18:49","slug":"duo-carotte-chou-blanc-cat-1-france-barquette-400-grs","status":"publish","type":"product","link":"https:\/\/www.passionfruits.fr\/index.php\/produit\/duo-carotte-chou-blanc-cat-1-france-barquette-400-grs\/","title":{"rendered":"Duo Carotte\/Chou Blanc rap\u00e9 cat 1 France barquette 400 grs"},"content":{"rendered":"","protected":false},"excerpt":{"rendered":"","protected":false},"featured_media":18300,"comment_status":"closed","ping_status":"closed","template":"","meta":{"spay_email":"","jetpack_publicize_message":"","jetpack_is_tweetstorm":false},"jetpack_publicize_connections":[],"jetpack_sharing_enabled":true,"jetpack-related-posts":[{"id":18302,"url":"https:\/\/www.passionfruits.fr\/index.php\/produit\/duo-carotte-betterave-rappe-cat-1-france-barquette-400-grs\/","url_meta":{"origin":18299,"position":0},"title":"Duo Carotte\/Betterave rap\u00e9 cat 1 France barquette 400 grs","date":"16 septembre 2021","format":false,"excerpt":"","rel":"","context":"Article similaire","img":{"alt_text":"","src":"https:\/\/i1.wp.com\/www.passionfruits.fr\/wp-content\/uploads\/2021\/09\/ensaladaremolacha.jpg?fit=600%2C600&ssl=1&resize=350%2C200","width":350,"height":200},"classes":[]},{"id":18304,"url":"https:\/\/www.passionfruits.fr\/index.php\/produit\/duo-carotte-celeri-rave-cat-1-france-barquette-400-grs\/","url_meta":{"origin":18299,"position":1},"title":"Duo Carotte\/C\u00e8leri Rave rap\u00e9 cat 1 France barquette 400 grs","date":"16 septembre 2021","format":false,"excerpt":"","rel":"","context":"Article similaire","img":{"alt_text":"","src":"https:\/\/i0.wp.com\/www.passionfruits.fr\/wp-content\/uploads\/2021\/09\/BLOG-PHOTOS-1-1-700x400-1.jpg?fit=600%2C600&ssl=1&resize=350%2C200","width":350,"height":200},"classes":[]},{"id":18297,"url":"https:\/\/www.passionfruits.fr\/index.php\/produit\/carotte-entiere-epluchee-cat-1-france-barquette-500-grs\/","url_meta":{"origin":18299,"position":2},"title":"Carotte enti\u00e8re \u00e9pluch\u00e9e cat 1 Portugal barquette 500 grs","date":"16 septembre 2021","format":false,"excerpt":"","rel":"","context":"Article similaire","img":{"alt_text":"","src":"https:\/\/i2.wp.com\/www.passionfruits.fr\/wp-content\/uploads\/2021\/09\/unnamed.jpg?fit=600%2C600&ssl=1&resize=350%2C200","width":350,"height":200},"classes":[]},{"id":6300,"url":"https:\/\/www.passionfruits.fr\/index.php\/produit\/rapee-chou-blanc-rape-barq-150g\/","url_meta":{"origin":18299,"position":3},"title":"Chou blanc rap\u00e9 France Cat 1 la barq.150g","date":"7 d\u00e9cembre 2015","format":false,"excerpt":"L\u00e9gumes \u00e9pluch\u00e9s et coup\u00e9s, pr\u00eats \u00e0 consommer. Conditionn\u00e9 en barquette refermable \u00e0 volont\u00e9 pour garder toute sa saveur. 100% Frais, 100% Pr\u00eat, sans conservateur.","rel":"","context":"Article similaire","img":{"alt_text":"","src":"https:\/\/i0.wp.com\/www.passionfruits.fr\/wp-content\/uploads\/2015\/12\/chou-blanc1.jpg?fit=600%2C599&ssl=1&resize=350%2C200","width":350,"height":200},"classes":[]},{"id":6302,"url":"https:\/\/www.passionfruits.fr\/index.php\/produit\/rapee-chou-rouge-rape-barq-150g\/","url_meta":{"origin":18299,"position":4},"title":"Chou rouge rap\u00e9 France Cat 1 la barq.150g","date":"7 d\u00e9cembre 2015","format":false,"excerpt":"L\u00e9gumes \u00e9pluch\u00e9s et coup\u00e9s, pr\u00eats \u00e0 consommer. Conditionn\u00e9 en barquette refermable \u00e0 volont\u00e9 pour garder toute sa saveur. 100% Frais, 100% Pr\u00eat, sans conservateur.","rel":"","context":"Article similaire","img":{"alt_text":"","src":"https:\/\/i1.wp.com\/www.passionfruits.fr\/wp-content\/uploads\/2015\/12\/chou-rouge1.jpg?fit=599%2C599&ssl=1&resize=350%2C200","width":350,"height":200},"classes":[]},{"id":18232,"url":"https:\/\/www.passionfruits.fr\/index.php\/produit\/chou-rouge-chou-blanc-rapee-france-barquette-350-grs-categorie-1\/","url_meta":{"origin":18299,"position":5},"title":"Chou Rouge\/Chou Blanc Rap\u00e9e France barquette 350 grs Cat\u00e9gorie 1","date":"17 ao\u00fbt 2021","format":false,"excerpt":"L\u00e9gumes \u00e9pluch\u00e9s et coup\u00e9s, pr\u00eats \u00e0 consommer. Conditionn\u00e9 en barquette refermable \u00e0 volont\u00e9 pour garder toute sa saveur. 100% Frais, 100% Pr\u00eat, sans conservateur.","rel":"","context":"Article similaire","img":{"alt_text":"","src":"https:\/\/i0.wp.com\/www.passionfruits.fr\/wp-content\/uploads\/2021\/08\/3760032898354-1.jpg?fit=600%2C600&ssl=1&resize=350%2C200","width":350,"height":200},"classes":[]}],"_links":{"self":[{"href":"https:\/\/www.passionfruits.fr\/index.php\/wp-json\/wp\/v2\/product\/18299"}],"collection":[{"href":"https:\/\/www.passionfruits.fr\/index.php\/wp-json\/wp\/v2\/product"}],"about":[{"href":"https:\/\/www.passionfruits.fr\/index.php\/wp-json\/wp\/v2\/types\/product"}],"replies":[{"embeddable":true,"href":"https:\/\/www.passionfruits.fr\/index.php\/wp-json\/wp\/v2\/comments?post=18299"}],"wp:featuredmedia":[{"embeddable":true,"href":"https:\/\/www.passionfruits.fr\/index.php\/wp-json\/wp\/v2\/media\/18300"}],"wp:attachment":[{"href":"https:\/\/www.passionfruits.fr\/index.php\/wp-json\/wp\/v2\/media?parent=18299"}],"curies":[{"name":"wp","href":"https:\/\/api.w.org\/{rel}","templated":true}]}}