{"id":18304,"date":"2021-09-16T10:16:06","date_gmt":"2021-09-16T09:16:06","guid":{"rendered":"http:\/\/www.passionfruits.fr\/?post_type=product&#038;p=18304"},"modified":"2025-02-04T10:19:17","modified_gmt":"2025-02-04T09:19:17","slug":"duo-carotte-celeri-rave-cat-1-france-barquette-400-grs","status":"publish","type":"product","link":"https:\/\/www.passionfruits.fr\/index.php\/produit\/duo-carotte-celeri-rave-cat-1-france-barquette-400-grs\/","title":{"rendered":"Duo Carotte\/C\u00e8leri Rave rap\u00e9 cat 1 France barquette 400 grs"},"content":{"rendered":"","protected":false},"excerpt":{"rendered":"","protected":false},"featured_media":18305,"comment_status":"closed","ping_status":"closed","template":"","meta":{"spay_email":"","jetpack_publicize_message":"","jetpack_is_tweetstorm":false},"jetpack_publicize_connections":[],"jetpack_sharing_enabled":true,"jetpack-related-posts":[{"id":18299,"url":"https:\/\/www.passionfruits.fr\/index.php\/produit\/duo-carotte-chou-blanc-cat-1-france-barquette-400-grs\/","url_meta":{"origin":18304,"position":0},"title":"Duo Carotte\/Chou Blanc rap\u00e9 cat 1 France barquette 400 grs","date":"16 septembre 2021","format":false,"excerpt":"","rel":"","context":"Article similaire","img":{"alt_text":"","src":"https:\/\/i2.wp.com\/www.passionfruits.fr\/wp-content\/uploads\/2021\/09\/salade_coleslaw_legumerie_ameliprovence-2.jpg?fit=600%2C600&ssl=1&resize=350%2C200","width":350,"height":200},"classes":[]},{"id":18302,"url":"https:\/\/www.passionfruits.fr\/index.php\/produit\/duo-carotte-betterave-rappe-cat-1-france-barquette-400-grs\/","url_meta":{"origin":18304,"position":1},"title":"Duo Carotte\/Betterave rap\u00e9 cat 1 France barquette 400 grs","date":"16 septembre 2021","format":false,"excerpt":"","rel":"","context":"Article similaire","img":{"alt_text":"","src":"https:\/\/i1.wp.com\/www.passionfruits.fr\/wp-content\/uploads\/2021\/09\/ensaladaremolacha.jpg?fit=600%2C600&ssl=1&resize=350%2C200","width":350,"height":200},"classes":[]},{"id":18297,"url":"https:\/\/www.passionfruits.fr\/index.php\/produit\/carotte-entiere-epluchee-cat-1-france-barquette-500-grs\/","url_meta":{"origin":18304,"position":2},"title":"Carotte enti\u00e8re \u00e9pluch\u00e9e cat 1 Portugal barquette 500 grs","date":"16 septembre 2021","format":false,"excerpt":"","rel":"","context":"Article similaire","img":{"alt_text":"","src":"https:\/\/i2.wp.com\/www.passionfruits.fr\/wp-content\/uploads\/2021\/09\/unnamed.jpg?fit=600%2C600&ssl=1&resize=350%2C200","width":350,"height":200},"classes":[]},{"id":4951,"url":"https:\/\/www.passionfruits.fr\/index.php\/produit\/fraise-les-400-grs\/","url_meta":{"origin":18304,"position":3},"title":"Fraise ronde  France Cat 1 La Barquette de 500 grs","date":"7 d\u00e9cembre 2015","format":false,"excerpt":"","rel":"","context":"Article similaire","img":{"alt_text":"","src":"https:\/\/i0.wp.com\/www.passionfruits.fr\/wp-content\/uploads\/2015\/12\/fraise-belge.jpg?fit=600%2C600&ssl=1&resize=350%2C200","width":350,"height":200},"classes":[]},{"id":18761,"url":"https:\/\/www.passionfruits.fr\/index.php\/produit\/fraise-gariguette-promo-france-cat-1-les-2-barquettes-de-250-grs\/","url_meta":{"origin":18304,"position":4},"title":"Fraise Gariguette France Cat 1 la barquettes de 250 grs","date":"21 avril 2022","format":false,"excerpt":"\u00a0 \u00a0","rel":"","context":"Article similaire","img":{"alt_text":"","src":"https:\/\/i1.wp.com\/www.passionfruits.fr\/wp-content\/uploads\/2015\/12\/Gariguette.jpg?fit=600%2C600&ssl=1&resize=350%2C200","width":350,"height":200},"classes":[]},{"id":18295,"url":"https:\/\/www.passionfruits.fr\/index.php\/produit\/oignon-emince-cat-1-hollande-barquette-200-grs\/","url_meta":{"origin":18304,"position":5},"title":"Oignon Jaune \u00e9minc\u00e9 cat 1 France barquette 200 grs","date":"16 septembre 2021","format":false,"excerpt":"","rel":"","context":"Article similaire","img":{"alt_text":"","src":"https:\/\/i2.wp.com\/www.passionfruits.fr\/wp-content\/uploads\/2021\/09\/vend-oignon-france-1253-2385-large.jpg?fit=600%2C600&ssl=1&resize=350%2C200","width":350,"height":200},"classes":[]}],"_links":{"self":[{"href":"https:\/\/www.passionfruits.fr\/index.php\/wp-json\/wp\/v2\/product\/18304"}],"collection":[{"href":"https:\/\/www.passionfruits.fr\/index.php\/wp-json\/wp\/v2\/product"}],"about":[{"href":"https:\/\/www.passionfruits.fr\/index.php\/wp-json\/wp\/v2\/types\/product"}],"replies":[{"embeddable":true,"href":"https:\/\/www.passionfruits.fr\/index.php\/wp-json\/wp\/v2\/comments?post=18304"}],"wp:featuredmedia":[{"embeddable":true,"href":"https:\/\/www.passionfruits.fr\/index.php\/wp-json\/wp\/v2\/media\/18305"}],"wp:attachment":[{"href":"https:\/\/www.passionfruits.fr\/index.php\/wp-json\/wp\/v2\/media?parent=18304"}],"curies":[{"name":"wp","href":"https:\/\/api.w.org\/{rel}","templated":true}]}}