{"id":18310,"date":"2021-09-16T10:53:02","date_gmt":"2021-09-16T09:53:02","guid":{"rendered":"http:\/\/www.passionfruits.fr\/?post_type=product&#038;p=18310"},"modified":"2021-09-16T16:30:46","modified_gmt":"2021-09-16T15:30:46","slug":"tortellinis-au-jambon-cru-barquettes-250-gr","status":"publish","type":"product","link":"https:\/\/www.passionfruits.fr\/index.php\/produit\/tortellinis-au-jambon-cru-barquettes-250-gr\/","title":{"rendered":"TORTELLINIS AU JAMBON CRU Barquettes 250 Gr"},"content":{"rendered":"<p>Les saveurs du Clavon<\/p>\n<p><span class=\"LrzXr\">ZI des plaines, <\/span><\/p>\n<p><span class=\"LrzXr\">80 chemins des buis, <\/span><\/p>\n<p><span class=\"LrzXr\">26780 Malataverne<\/span><\/p>\n","protected":false},"excerpt":{"rendered":"<p>Ingr\u00e9dients : ingr\u00e9dients de la p\u00e2te : farine de bl\u00e9 tendre, semoule de bl\u00e9 dur, \u0153ufs (11,7% sur le produit fini), eau. ingr\u00e9dients de la farce : chapelure (farine de bl\u00e9 tendre, eau, sel) pr\u00e9paration de viande (viande de b\u0153uf, viande de porc, sel, farine de bl\u00e9 tendre, ar\u00f4mes jambon cru (3% sur le produit fini) (viande de porc, sel, \u00e9pices), huile de palme, flocons de pommes de terre, lactos\u00e9rum, sel, ar\u00f4mes, \u00e9pices et conservateur : acide sorbique. peut contenir : fruits \u00e0 coque et soja.<\/p>\n<p>valeurs nutritionnelles moyennes pour 100 grs<\/p>\n<p>Energie 1308 kj-310 kcl<\/p>\n<p>Mati\u00e8res grasses 7,3 g<\/p>\n<p>Dont acides gras satur\u00e9s 2,6 g<\/p>\n<p>Glucides 49,7 g<\/p>\n<p>Dont Sucres 1,6 g<\/p>\n<p>Prot\u00e9ines 10,5 g<\/p>\n<p>Sel 2,3 g<\/p>\n","protected":false},"featured_media":18311,"comment_status":"closed","ping_status":"closed","template":"","meta":{"spay_email":"","jetpack_publicize_message":"","jetpack_is_tweetstorm":false},"jetpack_publicize_connections":[],"jetpack_sharing_enabled":true,"jetpack-related-posts":[{"id":18317,"url":"https:\/\/www.passionfruits.fr\/index.php\/produit\/ravioli-a-la-viande-barquettes-250-gr\/","url_meta":{"origin":18310,"position":0},"title":"RAVIOLI A LA VIANDE Barquettes 250 Gr","date":"16 septembre 2021","format":false,"excerpt":"ingr\u00e9dients de la p\u00e2te : farine de bl\u00e9 tendre, semoule de bl\u00e9 dur, \u0153ufs (10,8% sur le produit fini), eau. ingr\u00e9dients de la farce : pr\u00e9paration de viande (viande de b\u0153uf (9,5% sur le produit fini), viande de porc (9,5% sur le produit fini), sel, farine de bl\u00e9 tendre, ar\u00f4mes),\u2026","rel":"","context":"Article similaire","img":{"alt_text":"","src":"https:\/\/i0.wp.com\/www.passionfruits.fr\/wp-content\/uploads\/2021\/09\/raviolis_mg_5323_copier_copier_.jpg?fit=600%2C600&ssl=1&resize=350%2C200","width":350,"height":200},"classes":[]},{"id":18315,"url":"https:\/\/www.passionfruits.fr\/index.php\/produit\/tortellinis-aux-legumes-grilles-barquettes-250-gr\/","url_meta":{"origin":18310,"position":1},"title":"TORTELLINIS AUX LEGUMES GRILLES Barquettes 250 Gr","date":"16 septembre 2021","format":false,"excerpt":".Ingr\u00e9dients : Ingr\u00e9dients de la p\u00e2te : farine de bl\u00e9 tendre, semoule de bl\u00e9 dur, \u0153ufs (11,2% sur le produit fini), eau. Ingr\u00e9dients de la garniture : Ricotta (lactos\u00e9rum, cr\u00e8me de lait), chapelure (farine de bl\u00e9 tendre, eau, sel), huile de graines de tournesol, lactos\u00e9rum, flocons de pomme de terre,\u2026","rel":"","context":"Article similaire","img":{"alt_text":"","src":"https:\/\/i1.wp.com\/www.passionfruits.fr\/wp-content\/uploads\/2021\/09\/tore4_1_1_1.jpg?fit=600%2C600&ssl=1&resize=350%2C200","width":350,"height":200},"classes":[]},{"id":18320,"url":"https:\/\/www.passionfruits.fr\/index.php\/produit\/gnocchetti-sachet-de-500-gr\/","url_meta":{"origin":18310,"position":2},"title":"Gnocchetti sachet de 500 Gr","date":"16 septembre 2021","format":false,"excerpt":"ingr\u00e9dients : PUREE DE POMMES DE TERRE 70% (EAU, FLOCONS DE POMMES DE TERRE DESHYDRATEES (POMMES DE TERRE, EMULSIFIANTS : MONO ET DIGLYCERIDES D'ACIDES GRAS, AROMES NATURELS), FARINE DE BLE TENDRE, FECULE DE POMMES DE TERRE, AMIDON, FARINE DE RIZ, SEL, EPICES, CORRECTEUR D'ACIDITE : ACIDE LACTIQUE, CONSERVATEUR : SORBATE\u2026","rel":"","context":"Article similaire","img":{"alt_text":"","src":"https:\/\/i2.wp.com\/www.passionfruits.fr\/wp-content\/uploads\/2021\/09\/gnti3.jpg?fit=600%2C600&ssl=1&resize=350%2C200","width":350,"height":200},"classes":[]},{"id":18327,"url":"https:\/\/www.passionfruits.fr\/index.php\/produit\/flutes-au-fromage-barquette-de-125-gr\/","url_meta":{"origin":18310,"position":3},"title":"Fl\u00fbtes au fromage barquette de 125 Gr","date":"16 septembre 2021","format":false,"excerpt":"Ingr\u00e9dients : Farine de bl\u00e9, beurre 23%, fromage 10%, levure, sel, lait \u00e9cr\u00e9m\u00e9 en poudre, farine de malt d'orge. Peut contenir des traces de s\u00e9same. Valeurs nutritionnelles moyennes pour 100 grs Energie 1992 kj-475 kcal Mati\u00e8res grasses 21.0 g Dont acides gras satur\u00e9s 15.0 g Glucides 58.0 g Dont sucres\u2026","rel":"","context":"Article similaire","img":{"alt_text":"","src":"https:\/\/i0.wp.com\/www.passionfruits.fr\/wp-content\/uploads\/2021\/09\/f_tes_au_fromage_2019_copier_copier_.jpg?fit=600%2C600&ssl=1&resize=350%2C200","width":350,"height":200},"classes":[]},{"id":18325,"url":"https:\/\/www.passionfruits.fr\/index.php\/produit\/gressins-sesame-lin-pavot-200g\/","url_meta":{"origin":18310,"position":4},"title":"Gressins s\u00e9same lin pavot - 200g","date":"16 septembre 2021","format":false,"excerpt":"ingr\u00e9dients : Farine de froment 67%, s\u00e9same 13%, lin 6%, pavot 6%, huile de tournesol 4%, sel 2%,levure de bi\u00e8re 1%, farine de bl\u00e9 au malt 1%. Poids net : 200g Valeurs nutritionnelles moyennes pour 100 grs Energie 1829kj-435kcal Mati\u00e8res grasses 15,00 g Dont Acides gras satur\u00e9 2,2 g Dont\u2026","rel":"","context":"Article similaire","img":{"alt_text":"","src":"https:\/\/i0.wp.com\/www.passionfruits.fr\/wp-content\/uploads\/2021\/09\/grpa1.jpg?fit=600%2C600&ssl=1&resize=350%2C200","width":350,"height":200},"classes":[]},{"id":9242,"url":"https:\/\/www.passionfruits.fr\/index.php\/produit\/melange-sambahia-barquette-150-g-environ\/","url_meta":{"origin":18310,"position":5},"title":"M\u00e9lange sambahia barquette 150 g environ","date":"20 ao\u00fbt 2016","format":false,"excerpt":"M\u00e9lange d'arachides enrob\u00e9es et de biscuits souffl\u00e9s au riz. Conditionn\u00e9 en barquette refermable \u00e0 volont\u00e9 pour garder toute sa saveur. Ingr\u00e9dients: Riz 33%, arachides 17%, farine de bl\u00e9,sucre, huile vegetales (palm, tournesol), amidon modifi\u00e9 de ma\u00efs et de tapioca, sauce soja (eau,soja,bl\u00e9,sel), sel, assaisonnement aromtis\u00e9 (maltodextrine, sel, oignon, ail, sucre,\u2026","rel":"","context":"Article similaire","img":{"alt_text":"","src":"https:\/\/i1.wp.com\/www.passionfruits.fr\/wp-content\/uploads\/2016\/08\/Melange-sambahia.jpg?fit=600%2C600&ssl=1&resize=350%2C200","width":350,"height":200},"classes":[]}],"_links":{"self":[{"href":"https:\/\/www.passionfruits.fr\/index.php\/wp-json\/wp\/v2\/product\/18310"}],"collection":[{"href":"https:\/\/www.passionfruits.fr\/index.php\/wp-json\/wp\/v2\/product"}],"about":[{"href":"https:\/\/www.passionfruits.fr\/index.php\/wp-json\/wp\/v2\/types\/product"}],"replies":[{"embeddable":true,"href":"https:\/\/www.passionfruits.fr\/index.php\/wp-json\/wp\/v2\/comments?post=18310"}],"wp:featuredmedia":[{"embeddable":true,"href":"https:\/\/www.passionfruits.fr\/index.php\/wp-json\/wp\/v2\/media\/18311"}],"wp:attachment":[{"href":"https:\/\/www.passionfruits.fr\/index.php\/wp-json\/wp\/v2\/media?parent=18310"}],"curies":[{"name":"wp","href":"https:\/\/api.w.org\/{rel}","templated":true}]}}