{"id":18741,"date":"2022-04-09T10:43:42","date_gmt":"2022-04-09T09:43:42","guid":{"rendered":"http:\/\/www.passionfruits.fr\/?post_type=product&#038;p=18741"},"modified":"2022-04-09T10:43:42","modified_gmt":"2022-04-09T09:43:42","slug":"coffret-degustation-rhum-arrange-5-b-x-5-cl","status":"publish","type":"product","link":"https:\/\/www.passionfruits.fr\/index.php\/produit\/coffret-degustation-rhum-arrange-5-b-x-5-cl\/","title":{"rendered":"Coffret D\u00e9gustation Rhum Arrang\u00e9 5 B. x 5 cl"},"content":{"rendered":"","protected":false},"excerpt":{"rendered":"<p>Coffret D\u00e9gustation Rhum Arrang\u00e9 5 B. x 5 cl<\/p>\n<p>Ananas, Mangue passion, Shrubb, Gingembre citron vert et Duo de Vanilles<\/p>\n<p>Alcool entre 17 et 34\u00a0 % selon les vari\u00e9t\u00e9es<\/p>\n<p>La consommation de boissons alcoolis\u00e9es pendant la grossesse, m\u00eame en faible quantit\u00e9, peut avoir des cons\u00e9quences graves sur la sant\u00e9 de l\u2019enfant.<\/p>\n<p>L ABUS D ALCOOL EST DANGEREUX POUR LA SANTE. A CONSOMMER AVEC MODERATION.<\/p>\n<p>LA VENTE D ALCOOL EST INTERDITE AUX MINEURS.<\/p>\n<p>L\u2019arom\u2019arrang\u00e9 249 rue de la Girardi\u00e8re\u00a0 37530 Charg\u00e9.<\/p>\n","protected":false},"featured_media":18742,"comment_status":"closed","ping_status":"closed","template":"","meta":{"spay_email":"","jetpack_publicize_message":"","jetpack_is_tweetstorm":false},"jetpack_publicize_connections":[],"jetpack_sharing_enabled":true,"jetpack-related-posts":[{"id":18745,"url":"https:\/\/www.passionfruits.fr\/index.php\/produit\/coffret-1-b-rhum-arrange-et-2-verres\/","url_meta":{"origin":18741,"position":0},"title":"Coffret 1 B. Rhum Arrang\u00e9 et 2 verres","date":"11 avril 2022","format":false,"excerpt":"Coffret 1 B. Rhum Arrang\u00e9 et 2 verres \u00a0 Alcool entre 17 et 34\u00a0 % selon les vari\u00e9t\u00e9es La consommation de boissons alcoolis\u00e9es pendant la grossesse, m\u00eame en faible quantit\u00e9, peut avoir des cons\u00e9quences graves sur la sant\u00e9 de l\u2019enfant. L ABUS D ALCOOL EST DANGEREUX POUR LA SANTE. A\u2026","rel":"","context":"Article similaire","img":{"alt_text":"","src":"https:\/\/i2.wp.com\/www.passionfruits.fr\/wp-content\/uploads\/2022\/04\/84120.jpg?fit=600%2C600&ssl=1&resize=350%2C200","width":350,"height":200},"classes":[]},{"id":19595,"url":"https:\/\/www.passionfruits.fr\/index.php\/produit\/rhum-shrubb-la-bouteille-de-70-cl\/","url_meta":{"origin":18741,"position":1},"title":"Rhum Shrubb la bouteille de 70 cl","date":"22 septembre 2023","format":false,"excerpt":"Cette recette traditionnelle des Antilles mettra un peu de soleil dans votre verre. Un rhum arrang\u00e9 aux doux parfums d\u2019oranges et de cannelle. Il peut se consommer frais ou \u00e0 temp\u00e9rature ambiante, \u00e0 l\u2019ap\u00e9ritif ou en digestif. On peut le d\u00e9guster en kir avec un vin p\u00e9tillant. Alcool 28.5 %\u2026","rel":"","context":"Article similaire","img":{"alt_text":"","src":"https:\/\/i0.wp.com\/www.passionfruits.fr\/wp-content\/uploads\/2023\/09\/84113.jpg?fit=600%2C600&ssl=1&resize=350%2C200","width":350,"height":200},"classes":[]},{"id":12184,"url":"https:\/\/www.passionfruits.fr\/index.php\/produit\/rhum-vanille-coco-la-bouteille-de-70-cl\/","url_meta":{"origin":18741,"position":2},"title":"Rhum Noix de Coco la bouteille de 70 cl","date":"15 mai 2018","format":false,"excerpt":"Un arrang\u00e9 aux saveurs des \u00eeles\u2026. \u00c0 consommer bien frais Alcool 28,5 % La consommation de boissons alcoolis\u00e9es pendant la grossesse, m\u00eame en faible quantit\u00e9, peut avoir des cons\u00e9quences graves sur la sant\u00e9 de l\u2019enfant. L ABUS D ALCOOL EST DANGEREUX POUR LA SANTE. A CONSOMMER AVEC MODERATION. LA VENTE\u2026","rel":"","context":"Article similaire","img":{"alt_text":"","src":"https:\/\/i2.wp.com\/www.passionfruits.fr\/wp-content\/uploads\/2018\/05\/vanille-coco1.jpg?fit=600%2C600&ssl=1&resize=350%2C200","width":350,"height":200},"classes":[]},{"id":19597,"url":"https:\/\/www.passionfruits.fr\/index.php\/produit\/rhum-pruneaux-la-bouteille-de-70-cl\/","url_meta":{"origin":18741,"position":3},"title":"Rhum Pruneaux la bouteille de 70 cl","date":"22 septembre 2023","format":false,"excerpt":"L\u2019arrang\u00e9 au pruneaux propose des saveurs suaves et bois\u00e9es en bouche. Alcool 28.5 % La consommation de boissons alcoolis\u00e9es pendant la grossesse, m\u00eame en faible quantit\u00e9, peut avoir des cons\u00e9quences graves sur la sant\u00e9 de l\u2019enfant. L ABUS D ALCOOL EST DANGEREUX POUR LA SANTE. A CONSOMMER AVEC MODERATION. LA\u2026","rel":"","context":"Article similaire","img":{"alt_text":"","src":"https:\/\/i2.wp.com\/www.passionfruits.fr\/wp-content\/uploads\/2023\/09\/84115.jpg?fit=600%2C600&ssl=1&resize=350%2C200","width":350,"height":200},"classes":[]},{"id":17072,"url":"https:\/\/www.passionfruits.fr\/index.php\/produit\/coffret-rhum-xo-pasador-3-x20-cl\/","url_meta":{"origin":18741,"position":4},"title":"Rhum XO (Pasador le passeur d\u2019or en fran\u00e7ais) Coffret 3 x20 cl","date":"11 d\u00e9cembre 2020","format":false,"excerpt":"EL PASADOR DE ORO (le passeur d\u2019or en fran\u00e7ais) lance son premier coffret de trois bouteilles de 20 cl d\u00e9clinant ses trois cr\u00e9ations : XO, GRAN RESERVA et 50. EL PASADOR DE ORO XO met d\u2019abord en \u00e9vidence un nez intense d\u2019\u00e9pices douces et de cr\u00e8me brul\u00e9e avant de s\u2019enrichir\u2026","rel":"","context":"Article similaire","img":{"alt_text":"","src":"https:\/\/i1.wp.com\/www.passionfruits.fr\/wp-content\/uploads\/2020\/12\/44-1.jpg?fit=300%2C300&ssl=1&resize=350%2C200","width":350,"height":200},"classes":[]},{"id":19589,"url":"https:\/\/www.passionfruits.fr\/index.php\/produit\/rhum-pina-colada-la-bouteille-de-70-cl\/","url_meta":{"origin":18741,"position":5},"title":"Rhum Pina Colada la bouteille de 70 cl","date":"22 septembre 2023","format":false,"excerpt":"Fermez les yeux, imaginez vous sur une plage de sable fin au Br\u00e9sil. \u00c0 d\u00e9guster sur un fond de Bossa nova\u2026 Alcool 22.8 % La consommation de boissons alcoolis\u00e9es pendant la grossesse, m\u00eame en faible quantit\u00e9, peut avoir des cons\u00e9quences graves sur la sant\u00e9 de l\u2019enfant. L ABUS D ALCOOL\u2026","rel":"","context":"Article similaire","img":{"alt_text":"","src":"https:\/\/i0.wp.com\/www.passionfruits.fr\/wp-content\/uploads\/2023\/09\/Pina.jpg?fit=600%2C600&ssl=1&resize=350%2C200","width":350,"height":200},"classes":[]}],"_links":{"self":[{"href":"https:\/\/www.passionfruits.fr\/index.php\/wp-json\/wp\/v2\/product\/18741"}],"collection":[{"href":"https:\/\/www.passionfruits.fr\/index.php\/wp-json\/wp\/v2\/product"}],"about":[{"href":"https:\/\/www.passionfruits.fr\/index.php\/wp-json\/wp\/v2\/types\/product"}],"replies":[{"embeddable":true,"href":"https:\/\/www.passionfruits.fr\/index.php\/wp-json\/wp\/v2\/comments?post=18741"}],"wp:featuredmedia":[{"embeddable":true,"href":"https:\/\/www.passionfruits.fr\/index.php\/wp-json\/wp\/v2\/media\/18742"}],"wp:attachment":[{"href":"https:\/\/www.passionfruits.fr\/index.php\/wp-json\/wp\/v2\/media?parent=18741"}],"curies":[{"name":"wp","href":"https:\/\/api.w.org\/{rel}","templated":true}]}}