{"id":18761,"date":"2022-04-21T09:02:30","date_gmt":"2022-04-21T08:02:30","guid":{"rendered":"http:\/\/www.passionfruits.fr\/?post_type=product&#038;p=18761"},"modified":"2026-04-02T08:46:41","modified_gmt":"2026-04-02T07:46:41","slug":"fraise-gariguette-promo-france-cat-1-les-2-barquettes-de-250-grs","status":"publish","type":"product","link":"https:\/\/www.passionfruits.fr\/index.php\/produit\/fraise-gariguette-promo-france-cat-1-les-2-barquettes-de-250-grs\/","title":{"rendered":"Fraise Gariguette France Cat 1 la barquettes de 250 grs"},"content":{"rendered":"<p>&nbsp;<\/p>\n<p>&nbsp;<\/p>\n","protected":false},"excerpt":{"rendered":"<p>&nbsp; &nbsp;<\/p>\n","protected":false},"featured_media":17765,"comment_status":"closed","ping_status":"closed","template":"","meta":{"spay_email":"","jetpack_publicize_message":"","jetpack_is_tweetstorm":false},"jetpack_publicize_connections":[],"jetpack_sharing_enabled":true,"jetpack-related-posts":[{"id":18297,"url":"https:\/\/www.passionfruits.fr\/index.php\/produit\/carotte-entiere-epluchee-cat-1-france-barquette-500-grs\/","url_meta":{"origin":18761,"position":0},"title":"Carotte enti\u00e8re \u00e9pluch\u00e9e cat 1 France barquette 500 grs","date":"16 septembre 2021","format":false,"excerpt":"","rel":"","context":"Article similaire","img":{"alt_text":"","src":"https:\/\/i2.wp.com\/www.passionfruits.fr\/wp-content\/uploads\/2021\/09\/unnamed.jpg?fit=600%2C600&ssl=1&resize=350%2C200","width":350,"height":200},"classes":[]},{"id":18299,"url":"https:\/\/www.passionfruits.fr\/index.php\/produit\/duo-carotte-chou-blanc-cat-1-france-barquette-400-grs\/","url_meta":{"origin":18761,"position":1},"title":"Duo Carotte\/Chou Blanc rap\u00e9 cat 1 France barquette 400 grs","date":"16 septembre 2021","format":false,"excerpt":"","rel":"","context":"Article similaire","img":{"alt_text":"","src":"https:\/\/i2.wp.com\/www.passionfruits.fr\/wp-content\/uploads\/2021\/09\/salade_coleslaw_legumerie_ameliprovence-2.jpg?fit=600%2C600&ssl=1&resize=350%2C200","width":350,"height":200},"classes":[]},{"id":18302,"url":"https:\/\/www.passionfruits.fr\/index.php\/produit\/duo-carotte-betterave-rappe-cat-1-france-barquette-400-grs\/","url_meta":{"origin":18761,"position":2},"title":"Duo Carotte\/Betterave rap\u00e9 cat 1 France barquette 400 grs","date":"16 septembre 2021","format":false,"excerpt":"","rel":"","context":"Article similaire","img":{"alt_text":"","src":"https:\/\/i1.wp.com\/www.passionfruits.fr\/wp-content\/uploads\/2021\/09\/ensaladaremolacha.jpg?fit=600%2C600&ssl=1&resize=350%2C200","width":350,"height":200},"classes":[]},{"id":18304,"url":"https:\/\/www.passionfruits.fr\/index.php\/produit\/duo-carotte-celeri-rave-cat-1-france-barquette-400-grs\/","url_meta":{"origin":18761,"position":3},"title":"Duo Carotte\/C\u00e8leri Rave rap\u00e9 cat 1 France barquette 400 grs","date":"16 septembre 2021","format":false,"excerpt":"","rel":"","context":"Article similaire","img":{"alt_text":"","src":"https:\/\/i0.wp.com\/www.passionfruits.fr\/wp-content\/uploads\/2021\/09\/BLOG-PHOTOS-1-1-700x400-1.jpg?fit=600%2C600&ssl=1&resize=350%2C200","width":350,"height":200},"classes":[]},{"id":18295,"url":"https:\/\/www.passionfruits.fr\/index.php\/produit\/oignon-emince-cat-1-hollande-barquette-200-grs\/","url_meta":{"origin":18761,"position":4},"title":"Oignon Jaune \u00e9minc\u00e9 cat 1 France barquette 200 grs","date":"16 septembre 2021","format":false,"excerpt":"","rel":"","context":"Article similaire","img":{"alt_text":"","src":"https:\/\/i2.wp.com\/www.passionfruits.fr\/wp-content\/uploads\/2021\/09\/vend-oignon-france-1253-2385-large.jpg?fit=600%2C600&ssl=1&resize=350%2C200","width":350,"height":200},"classes":[]},{"id":6350,"url":"https:\/\/www.passionfruits.fr\/index.php\/produit\/rapee-champignon-emince-barq-250-grs\/","url_meta":{"origin":18761,"position":5},"title":"Champignon Pologne Cat 1 \u00e9minc\u00e9 la barq 250g","date":"7 d\u00e9cembre 2015","format":false,"excerpt":"Champignon \u00e9minc\u00e9. L\u00e9gumes \u00e9pluch\u00e9s et coup\u00e9s, pr\u00eats \u00e0 consommer. Conditionn\u00e9 en barquette refermable \u00e0 volont\u00e9 pour garder toute sa saveur. 100% Frais, 100% Pr\u00eat, sans conservateur.","rel":"","context":"Article similaire","img":{"alt_text":"","src":"https:\/\/i1.wp.com\/www.passionfruits.fr\/wp-content\/uploads\/2015\/12\/champigno.jpg?fit=600%2C600&ssl=1&resize=350%2C200","width":350,"height":200},"classes":[]}],"_links":{"self":[{"href":"https:\/\/www.passionfruits.fr\/index.php\/wp-json\/wp\/v2\/product\/18761"}],"collection":[{"href":"https:\/\/www.passionfruits.fr\/index.php\/wp-json\/wp\/v2\/product"}],"about":[{"href":"https:\/\/www.passionfruits.fr\/index.php\/wp-json\/wp\/v2\/types\/product"}],"replies":[{"embeddable":true,"href":"https:\/\/www.passionfruits.fr\/index.php\/wp-json\/wp\/v2\/comments?post=18761"}],"wp:featuredmedia":[{"embeddable":true,"href":"https:\/\/www.passionfruits.fr\/index.php\/wp-json\/wp\/v2\/media\/17765"}],"wp:attachment":[{"href":"https:\/\/www.passionfruits.fr\/index.php\/wp-json\/wp\/v2\/media?parent=18761"}],"curies":[{"name":"wp","href":"https:\/\/api.w.org\/{rel}","templated":true}]}}