{"id":19322,"date":"2023-03-31T06:49:19","date_gmt":"2023-03-31T05:49:19","guid":{"rendered":"http:\/\/www.passionfruits.fr\/?post_type=product&#038;p=19322"},"modified":"2025-11-22T09:33:57","modified_gmt":"2025-11-22T08:33:57","slug":"chips-de-beauce-a-la-truffe-dete-sachet-100grs","status":"publish","type":"product","link":"https:\/\/www.passionfruits.fr\/index.php\/produit\/chips-de-beauce-a-la-truffe-dete-sachet-100grs\/","title":{"rendered":"Chips de Beauce \u00e0 la truffe d&#8217;\u00e9t\u00e9 sachet 100grs"},"content":{"rendered":"","protected":false},"excerpt":{"rendered":"<p>Belsia, c&#8217;est l&#8217;histoire de Cl\u00e9mence et Matthieu qui, par amour du bon et du terroir, d\u00e9cident de transformer les belles pommes de terre de l&#8217;exploitation familiale de Mathieu en chips. Ni une ni deux, la ferme de L\u00e9tourville au milieu de la plaine de Beauce (&#8220;Belsia&#8221; en latin), se voit \u00e9quip\u00e9e d&#8217;un atelier de transformation et lance ses premi\u00e8res chips en 2016. Et pas n&#8217;importe quelles chips : des chips de qualit\u00e9, gourmandes et qui refl\u00e8tent l&#8217;excellence et le savoir-faire du terroir local.<\/p>\n<p>Chips sont garanties :SANS GLUTEN SANS CONSERVATEURS SANS AR\u00d4MES ARTIFICIELS SANS HUILE DE PALME<\/p>\n<p>Pomme de terre, huile de tournesol, sel, truffe d&#8217;\u00e9t\u00e9 d\u00e9shydrat\u00e9e (Tuber Aestivum) 0.33%, ar\u00f4me.<\/p>\n<table class=\"table table-condensed table-hover\">\n<tbody>\n<tr>\n<td scope=\"row\">Energie<\/td>\n<td class=\"text-right\">440 \/ 1842.19<\/td>\n<td class=\"text-left\">kcal \/ kJ<\/td>\n<\/tr>\n<tr>\n<td scope=\"row\">Mati\u00e8res grasses<\/td>\n<td class=\"text-right\">28<\/td>\n<td class=\"text-left\">g<\/td>\n<\/tr>\n<tr>\n<td scope=\"row\">Acides gras satur\u00e9s<\/td>\n<td class=\"text-right\">2,6<\/td>\n<td class=\"text-left\">g<\/td>\n<\/tr>\n<tr>\n<td scope=\"row\">Glucides<\/td>\n<td class=\"text-right\">38<\/td>\n<td class=\"text-left\">g<\/td>\n<\/tr>\n<tr>\n<td scope=\"row\">Sucres<\/td>\n<td class=\"text-right\">0,6<\/td>\n<td class=\"text-left\">g<\/td>\n<\/tr>\n<tr>\n<td scope=\"row\">Prot\u00e9ines<\/td>\n<td class=\"text-right\">6,5<\/td>\n<td class=\"text-left\">g<\/td>\n<\/tr>\n<tr>\n<td scope=\"row\">Sel<\/td>\n<td class=\"text-right\">1<\/td>\n<td class=\"text-left\">g<\/td>\n<\/tr>\n<tr>\n<td scope=\"row\">Fibres<\/td>\n<td class=\"text-right\">4,3<\/td>\n<td class=\"text-left\">g<\/td>\n<\/tr>\n<\/tbody>\n<\/table>\n","protected":false},"featured_media":19323,"comment_status":"open","ping_status":"closed","template":"","meta":{"spay_email":"","jetpack_publicize_message":"","jetpack_is_tweetstorm":false},"jetpack_publicize_connections":[],"jetpack_sharing_enabled":true,"jetpack-related-posts":[{"id":10827,"url":"https:\/\/www.passionfruits.fr\/index.php\/produit\/chips-de-beauce-au-piment-d-espelette\/","url_meta":{"origin":19322,"position":0},"title":"Chips de Beauce au piment d' Espelette paquet 150g","date":"7 juillet 2017","format":false,"excerpt":"Belsia, c'est l'histoire de Cl\u00e9mence et Matthieu qui, par amour du bon et du terroir, d\u00e9cident de transformer les belles pommes de terre de l'exploitation familiale de Mathieu en chips. Ni une ni deux, la ferme de L\u00e9tourville au milieu de la plaine de Beauce (\"Belsia\" en latin), se voit\u2026","rel":"","context":"Article similaire","img":{"alt_text":"","src":"https:\/\/i0.wp.com\/www.passionfruits.fr\/wp-content\/uploads\/2017\/07\/Chips-piment.jpg?fit=600%2C600&ssl=1&resize=350%2C200","width":350,"height":200},"classes":[]},{"id":19900,"url":"https:\/\/www.passionfruits.fr\/index.php\/produit\/chips-de-beauce-nature-ondulee-sachet-150grs\/","url_meta":{"origin":19322,"position":1},"title":"Chips de Beauce Nature ondul\u00e9e sachet 150grs","date":"27 mars 2024","format":false,"excerpt":"Belsia, c\u2019est l\u2019histoire de Cl\u00e9mence et Matthieu qui, par amour du bon et du terroir, d\u00e9cident de transformer les belles pommes de terre de l\u2019exploitation familiale de Mathieu en chips. Ni une ni deux, la ferme de L\u00e9tourville au milieu de la plaine de Beauce (\u00ab\u00a0Belsia\u00a0\u00bb en latin), se voit\u2026","rel":"","context":"Article similaire","img":{"alt_text":"","src":"https:\/\/i2.wp.com\/www.passionfruits.fr\/wp-content\/uploads\/2024\/03\/528-08.jpg?fit=600%2C600&ssl=1&resize=350%2C200","width":350,"height":200},"classes":[]},{"id":13946,"url":"https:\/\/www.passionfruits.fr\/index.php\/produit\/chips-de-beauce-aux-oignons-le-paquet-150g\/","url_meta":{"origin":19322,"position":2},"title":"Chips de Beauce Aux oignons le paquet 150g","date":"16 mai 2019","format":false,"excerpt":"Belsia, c'est l'histoire de Cl\u00e9mence et Matthieu qui, par amour du bon et du terroir, d\u00e9cident de transformer les belles pommes de terre de l'exploitation familiale de Mathieu en chips. Ni une ni deux, la ferme de L\u00e9tourville au milieu de la plaine de Beauce (\"Belsia\" en latin), se voit\u2026","rel":"","context":"Article similaire","img":{"alt_text":"","src":"https:\/\/i1.wp.com\/www.passionfruits.fr\/wp-content\/uploads\/2023\/03\/Chips-Oignons.jpg?fit=600%2C600&ssl=1&resize=350%2C200","width":350,"height":200},"classes":[]},{"id":17076,"url":"https:\/\/www.passionfruits.fr\/index.php\/produit\/chips-de-beauce-au-vinaigre-le-paquet-150g\/","url_meta":{"origin":19322,"position":3},"title":"Chips de Beauce Au vinaigre le paquet 150g","date":"11 d\u00e9cembre 2020","format":false,"excerpt":"Belsia, c'est l'histoire de Cl\u00e9mence et Matthieu qui, par amour du bon et du terroir, d\u00e9cident de transformer les belles pommes de terre de l'exploitation familiale de Mathieu en chips. Ni une ni deux, la ferme de L\u00e9tourville au milieu de la plaine de Beauce (\"Belsia\" en latin), se voit\u2026","rel":"","context":"Article similaire","img":{"alt_text":"","src":"https:\/\/i1.wp.com\/www.passionfruits.fr\/wp-content\/uploads\/2023\/03\/Chips-Vinaigre.jpg?fit=600%2C600&ssl=1&resize=350%2C200","width":350,"height":200},"classes":[]},{"id":19315,"url":"https:\/\/www.passionfruits.fr\/index.php\/produit\/chips-de-beauce-ail-basilic-sachet-150grs\/","url_meta":{"origin":19322,"position":4},"title":"Chips de Beauce Ail - Basilic sachet 150grs","date":"31 mars 2023","format":false,"excerpt":"Belsia, c'est l'histoire de Cl\u00e9mence et Matthieu qui, par amour du bon et du terroir, d\u00e9cident de transformer les belles pommes de terre de l'exploitation familiale de Mathieu en chips. Ni une ni deux, la ferme de L\u00e9tourville au milieu de la plaine de Beauce (\"Belsia\" en latin), se voit\u2026","rel":"","context":"Article similaire","img":{"alt_text":"","src":"https:\/\/i2.wp.com\/www.passionfruits.fr\/wp-content\/uploads\/2023\/03\/Chips-Ail.jpg?fit=600%2C600&ssl=1&resize=350%2C200","width":350,"height":200},"classes":[]},{"id":19897,"url":"https:\/\/www.passionfruits.fr\/index.php\/produit\/chips-de-beauce-au-roquefort-sachet-150grs\/","url_meta":{"origin":19322,"position":5},"title":"Chips de Beauce Au Roquefort sachet 150grs","date":"27 mars 2024","format":false,"excerpt":"Belsia, c\u2019est l\u2019histoire de Cl\u00e9mence et Matthieu qui, par amour du bon et du terroir, d\u00e9cident de transformer les belles pommes de terre de l\u2019exploitation familiale de Mathieu en chips. Ni une ni deux, la ferme de L\u00e9tourville au milieu de la plaine de Beauce (\u00ab\u00a0Belsia\u00a0\u00bb en latin), se voit\u2026","rel":"","context":"Article similaire","img":{"alt_text":"","src":"https:\/\/i2.wp.com\/www.passionfruits.fr\/wp-content\/uploads\/2024\/03\/aa.jpg?fit=600%2C600&ssl=1&resize=350%2C200","width":350,"height":200},"classes":[]}],"_links":{"self":[{"href":"https:\/\/www.passionfruits.fr\/index.php\/wp-json\/wp\/v2\/product\/19322"}],"collection":[{"href":"https:\/\/www.passionfruits.fr\/index.php\/wp-json\/wp\/v2\/product"}],"about":[{"href":"https:\/\/www.passionfruits.fr\/index.php\/wp-json\/wp\/v2\/types\/product"}],"replies":[{"embeddable":true,"href":"https:\/\/www.passionfruits.fr\/index.php\/wp-json\/wp\/v2\/comments?post=19322"}],"wp:featuredmedia":[{"embeddable":true,"href":"https:\/\/www.passionfruits.fr\/index.php\/wp-json\/wp\/v2\/media\/19323"}],"wp:attachment":[{"href":"https:\/\/www.passionfruits.fr\/index.php\/wp-json\/wp\/v2\/media?parent=19322"}],"curies":[{"name":"wp","href":"https:\/\/api.w.org\/{rel}","templated":true}]}}