{"id":19405,"date":"2023-05-18T07:34:08","date_gmt":"2023-05-18T06:34:08","guid":{"rendered":"http:\/\/www.passionfruits.fr\/?post_type=product&#038;p=19405"},"modified":"2026-02-10T16:26:30","modified_gmt":"2026-02-10T15:26:30","slug":"l-j-mercurey-la-bouteille-75-cl-2022","status":"publish","type":"product","link":"https:\/\/www.passionfruits.fr\/index.php\/produit\/l-j-mercurey-la-bouteille-75-cl-2022\/","title":{"rendered":"L.J. Mercurey la bouteille 75 cl 2022"},"content":{"rendered":"","protected":false},"excerpt":{"rendered":"<p>La r\u00e9colte est manuelle en petite caisse afin de pr\u00e9server l&#8217;int\u00e9grit\u00e9 du fruit. Les raisins sont ensuite tri\u00e9s soigneusement \u00e0 la main puis \u00e9grapp\u00e9s. La mac\u00e9ration des raisins a lieu en cuve ouverte en bois ou en inox pendant 3 semaines \u00e0 4 semaines. Les cuves sont pig\u00e9es 2 fois par jour pendant la fermentation. L&#8217;\u00e9levage dure 18 mois environ dans les f\u00fbts de notre tonnellerie dont un tiers environ sont neufs.<\/p>\n<p>Alcool 13 % Contient des sulfites.<\/p>\n<p>Maison Louis Jadot Route de Savigny, 21200 Beaune<\/p>\n<p>La consommation de boissons alcoolis\u00e9es pendant la grossesse, m\u00eame en faible quantit\u00e9, peut avoir des cons\u00e9quences graves sur la sant\u00e9 de l\u2019enfant.<\/p>\n<p>LA VENTE D ALCOOL EST INTERDITE AUX MINEURS.<\/p>\n<p>L ABUS D ALCOOL EST DANGEREUX POUR LA SANTE. A CONSOMMER AVEC MODERATION.<\/p>\n","protected":false},"featured_media":19406,"comment_status":"closed","ping_status":"closed","template":"","meta":{"spay_email":"","jetpack_publicize_message":"","jetpack_is_tweetstorm":false},"jetpack_publicize_connections":[],"jetpack_sharing_enabled":true,"jetpack-related-posts":[{"id":14433,"url":"https:\/\/www.passionfruits.fr\/index.php\/produit\/l-j-givry-75-cl-2023\/","url_meta":{"origin":19405,"position":0},"title":"L.J. Givry 75 cl 2023","date":"25 septembre 2019","format":false,"excerpt":"La C\u00f4te Chalonnaise est situ\u00e9e dans la continuit\u00e9 de la C\u00f4te de Beaune, au Sud de Santenay. Il y a cinq appellations en C\u00f4te Chalonnaise : Aligot\u00e9 de Bouzeron, Rully, Mercurey, Givry et Montagny. Les vins de Givry sont produits autour du petit village de Givry (entre Mercurey et Montagny)\u2026","rel":"","context":"Article similaire","img":{"alt_text":"","src":"https:\/\/i2.wp.com\/www.passionfruits.fr\/wp-content\/uploads\/2019\/09\/GIVRY-ROUGE.jpg?fit=598%2C598&ssl=1&resize=350%2C200","width":350,"height":200},"classes":[]},{"id":5540,"url":"https:\/\/www.passionfruits.fr\/index.php\/produit\/porto-blanc-ramos-pinto\/","url_meta":{"origin":19405,"position":1},"title":"Porto blanc Burmester bouteille de 70 cl","date":"7 d\u00e9cembre 2015","format":false,"excerpt":"Le Porto blanc est \u00e9labor\u00e9 uniquement \u00e0 partir de raisins blancs, de plusieurs r\u00e9coltes. Vieilli en cuve inox pendant 3 ans, il acquiert la complexit\u00e9 de ses ar\u00f4mes et une remarquable fraicheur. Un Porto exotique et d\u00e9licat, id\u00e9al pour une d\u00e9gustation lors de longues et chaudes soir\u00e9es d'\u00e9t\u00e9. Alcool 19,5\u2026","rel":"","context":"Article similaire","img":{"alt_text":"","src":"https:\/\/i0.wp.com\/www.passionfruits.fr\/wp-content\/uploads\/2015\/12\/porto-burmester-white.jpg?fit=600%2C600&ssl=1&resize=350%2C200","width":350,"height":200},"classes":[]},{"id":5576,"url":"https:\/\/www.passionfruits.fr\/index.php\/produit\/domaine-du-tariquet-rose-2013\/","url_meta":{"origin":19405,"position":2},"title":"Domaine du Tariquet ros\u00e9 75 cl 2024","date":"7 d\u00e9cembre 2015","format":false,"excerpt":"35.40 \u20ac le carton de 6 bouteilles soit 5.90 \u20ac la bouteille \u00a0 Une robe grenadine, un nez intense et subtil, sur des notes d'\u00e9pices douces \u00e9voluant franchement vers un duo gourmand de framboise sauvages et de p\u00e9tales de fleurs. L'attaque en bouche est opulente, fra\u00eeche\u2026 Le fruit est gourmand,\u2026","rel":"","context":"Article similaire","img":{"alt_text":"","src":"https:\/\/i2.wp.com\/www.passionfruits.fr\/wp-content\/uploads\/2015\/12\/tariquet-rose.jpg?fit=600%2C600&ssl=1&resize=350%2C200","width":350,"height":200},"classes":[]},{"id":5588,"url":"https:\/\/www.passionfruits.fr\/index.php\/produit\/chinon-cuvee-medievale-2012\/","url_meta":{"origin":19405,"position":3},"title":"Chinon Prends Moi 75 cl 2023","date":"7 d\u00e9cembre 2015","format":false,"excerpt":"Quand le terroir se conjugue au f\u00e9minin !!! Clothilde Pain le Chinon au F\u00e9minin Issue d\u2019une lign\u00e9e de vignerons, berc\u00e9e depuis l\u2019enfance aux rythmes des vendanges et des saisons, j\u2019ai su depuis toujours que je poursuivrais la m\u00eame route que mes a\u00efeux en cultivant ce vignoble Chinonais qui m\u2019a vu\u2026","rel":"","context":"Article similaire","img":{"alt_text":"","src":"https:\/\/i1.wp.com\/www.passionfruits.fr\/wp-content\/uploads\/2015\/12\/prends-moi.jpg?fit=600%2C600&ssl=1&resize=350%2C200","width":350,"height":200},"classes":[]},{"id":5529,"url":"https:\/\/www.passionfruits.fr\/index.php\/produit\/ruinart-blanc-de-blanc\/","url_meta":{"origin":19405,"position":4},"title":"Champagne Ruinart blanc de blanc 75 cl","date":"7 d\u00e9cembre 2015","format":false,"excerpt":"Ruinart Blanc de Blancs L'embl\u00e8me du Go\u00fbt Ruinart Le c\u00e9page chardonnay est l'\u00e2me de la Maison Ruinart. Son raisin, issu principalement de la C\u00f4te des Blancs et de la Montagne de Reims, est au c\u0153ur de toutes ses cuv\u00e9es. D'une grande puissance aromatique, la cuv\u00e9e blanc de blancs est l'expression\u2026","rel":"","context":"Article similaire","img":{"alt_text":"","src":"https:\/\/i0.wp.com\/www.passionfruits.fr\/wp-content\/uploads\/2015\/12\/ruinart-blanc-de-blancs.jpg?fit=600%2C600&ssl=1&resize=350%2C200","width":350,"height":200},"classes":[]},{"id":19582,"url":"https:\/\/www.passionfruits.fr\/index.php\/produit\/saint-pourcain-blanc-reserve-speciale-75-cl\/","url_meta":{"origin":19405,"position":5},"title":"Saint Pour\u00e7ain Blanc R\u00e9serve Sp\u00e9ciale 75 cl","date":"16 septembre 2023","format":false,"excerpt":"42 \u20ac\u00a0 le carton de 6 bouteilles soit 7 \u20ac la bouteille SAINT-POUR\u00c7AIN A.O.C. Mis en bouteille \u00e0 la propri\u00e9t\u00e9 Robe jaune dor\u00e9 \u00e0 l\u00e9gers reflets verts. Le nez \u00e9l\u00e9gant exprime des nuances de fruits blancs caract\u00e9ristique du Tressallier largement pr\u00e9sent dans ce vin, et d\u2019une pointe d\u2019agrumes. La bouche\u2026","rel":"","context":"Article similaire","img":{"alt_text":"","src":"https:\/\/i2.wp.com\/www.passionfruits.fr\/wp-content\/uploads\/2023\/09\/792.jpg?fit=600%2C600&ssl=1&resize=350%2C200","width":350,"height":200},"classes":[]}],"_links":{"self":[{"href":"https:\/\/www.passionfruits.fr\/index.php\/wp-json\/wp\/v2\/product\/19405"}],"collection":[{"href":"https:\/\/www.passionfruits.fr\/index.php\/wp-json\/wp\/v2\/product"}],"about":[{"href":"https:\/\/www.passionfruits.fr\/index.php\/wp-json\/wp\/v2\/types\/product"}],"replies":[{"embeddable":true,"href":"https:\/\/www.passionfruits.fr\/index.php\/wp-json\/wp\/v2\/comments?post=19405"}],"wp:featuredmedia":[{"embeddable":true,"href":"https:\/\/www.passionfruits.fr\/index.php\/wp-json\/wp\/v2\/media\/19406"}],"wp:attachment":[{"href":"https:\/\/www.passionfruits.fr\/index.php\/wp-json\/wp\/v2\/media?parent=19405"}],"curies":[{"name":"wp","href":"https:\/\/api.w.org\/{rel}","templated":true}]}}