{"id":19595,"date":"2023-09-22T05:16:52","date_gmt":"2023-09-22T04:16:52","guid":{"rendered":"http:\/\/www.passionfruits.fr\/?post_type=product&#038;p=19595"},"modified":"2023-09-22T05:18:10","modified_gmt":"2023-09-22T04:18:10","slug":"rhum-shrubb-la-bouteille-de-70-cl","status":"publish","type":"product","link":"https:\/\/www.passionfruits.fr\/index.php\/produit\/rhum-shrubb-la-bouteille-de-70-cl\/","title":{"rendered":"Rhum Shrubb la bouteille de 70 cl"},"content":{"rendered":"","protected":false},"excerpt":{"rendered":"<p>Cette recette traditionnelle des Antilles mettra un peu de soleil dans votre verre.<br \/>\nUn rhum arrang\u00e9 aux doux parfums d\u2019oranges et de cannelle.<br \/>\nIl peut se consommer frais ou \u00e0 temp\u00e9rature ambiante, \u00e0 l\u2019ap\u00e9ritif ou en digestif.<br \/>\nOn peut le d\u00e9guster en kir avec un vin p\u00e9tillant.<\/p>\n<p>Alcool 28.5 %<\/p>\n<p>La consommation de boissons alcoolis\u00e9es pendant la grossesse, m\u00eame en faible quantit\u00e9, peut avoir des cons\u00e9quences graves sur la sant\u00e9 de l\u2019enfant.<\/p>\n<p>L ABUS D ALCOOL EST DANGEREUX POUR LA SANTE. A CONSOMMER AVEC MODERATION.<\/p>\n<p>LA VENTE D ALCOOL EST INTERDITE AUX MINEURS.<\/p>\n<p>L\u2019arom&#8217;arrang\u00e9 249 rue de la Girardi\u00e8re\u00a0 37530 Charg\u00e9.<\/p>\n","protected":false},"featured_media":19592,"comment_status":"closed","ping_status":"closed","template":"","meta":{"spay_email":"","jetpack_publicize_message":"","jetpack_is_tweetstorm":false},"jetpack_publicize_connections":[],"jetpack_sharing_enabled":true,"jetpack-related-posts":[{"id":12184,"url":"https:\/\/www.passionfruits.fr\/index.php\/produit\/rhum-vanille-coco-la-bouteille-de-70-cl\/","url_meta":{"origin":19595,"position":0},"title":"Rhum Noix de Coco la bouteille de 70 cl","date":"15 mai 2018","format":false,"excerpt":"Un arrang\u00e9 aux saveurs des \u00eeles\u2026. \u00c0 consommer bien frais Alcool 28,5 % La consommation de boissons alcoolis\u00e9es pendant la grossesse, m\u00eame en faible quantit\u00e9, peut avoir des cons\u00e9quences graves sur la sant\u00e9 de l\u2019enfant. L ABUS D ALCOOL EST DANGEREUX POUR LA SANTE. A CONSOMMER AVEC MODERATION. LA VENTE\u2026","rel":"","context":"Article similaire","img":{"alt_text":"","src":"https:\/\/i2.wp.com\/www.passionfruits.fr\/wp-content\/uploads\/2018\/05\/vanille-coco1.jpg?fit=600%2C600&ssl=1&resize=350%2C200","width":350,"height":200},"classes":[]},{"id":9572,"url":"https:\/\/www.passionfruits.fr\/index.php\/produit\/rhum-fraise-la-bouteille-70-cl\/","url_meta":{"origin":19595,"position":1},"title":"Rhum \u00e0 la Fraise - la bouteille 70 cl","date":"25 octobre 2016","format":false,"excerpt":"Avant-gardiste des beaux jours, ce punch\u00a0gourmand vous transportera aux pr\u00e9mices de la saison\u00a0estivale. A consommer frais de pr\u00e9f\u00e9rence. Alcool 22,8% La consommation de boissons alcoolis\u00e9es pendant la grossesse, m\u00eame en faible quantit\u00e9, peut avoir des cons\u00e9quences graves sur la sant\u00e9 de l\u2019enfant. L ABUS D ALCOOL EST DANGEREUX POUR LA\u2026","rel":"","context":"Article similaire","img":{"alt_text":"","src":"https:\/\/i0.wp.com\/www.passionfruits.fr\/wp-content\/uploads\/2016\/10\/Rhum-fraise.jpg?fit=387%2C580&ssl=1&resize=350%2C200","width":350,"height":200},"classes":[]},{"id":19598,"url":"https:\/\/www.passionfruits.fr\/index.php\/produit\/rhum-cbd-purple-la-bouteille-de-70-cl\/","url_meta":{"origin":19595,"position":2},"title":"Rhum CBD Purple la bouteille de 70 cl","date":"22 septembre 2023","format":false,"excerpt":"Alcool 34 % La consommation de boissons alcoolis\u00e9es pendant la grossesse, m\u00eame en faible quantit\u00e9, peut avoir des cons\u00e9quences graves sur la sant\u00e9 de l\u2019enfant. L ABUS D ALCOOL EST DANGEREUX POUR LA SANTE. A CONSOMMER AVEC MODERATION. LA VENTE D ALCOOL EST INTERDITE AUX MINEURS. L\u2019arom'arrang\u00e9 249 rue de\u2026","rel":"","context":"Article similaire","img":{"alt_text":"","src":"https:\/\/i1.wp.com\/www.passionfruits.fr\/wp-content\/uploads\/2023\/09\/84116.jpg?fit=600%2C600&ssl=1&resize=350%2C200","width":350,"height":200},"classes":[]},{"id":9574,"url":"https:\/\/www.passionfruits.fr\/index.php\/produit\/rhum-mojito-framboise-la-bouteille-70-cl\/","url_meta":{"origin":19595,"position":3},"title":"Rhum Mojito - framboise la bouteille 70 cl","date":"25 octobre 2016","format":false,"excerpt":"Avant-gardiste des beaux jours, ce punch\u00a0gourmand vous transportera aux pr\u00e9mices de la saison\u00a0estivale. Il se boit nature. Il peut \u00e9galement \u00eatre servi avec de l\u2019eau gazeuse ou du vin blanc p\u00e9tillant. \u00c0 consommer bien frais Alcool 17 % La consommation de boissons alcoolis\u00e9es pendant la grossesse, m\u00eame en faible quantit\u00e9,\u2026","rel":"","context":"Article similaire","img":{"alt_text":"","src":"https:\/\/i1.wp.com\/www.passionfruits.fr\/wp-content\/uploads\/2016\/10\/mojito-framboises.jpg?fit=387%2C580&ssl=1&resize=350%2C200","width":350,"height":200},"classes":[]},{"id":19597,"url":"https:\/\/www.passionfruits.fr\/index.php\/produit\/rhum-pruneaux-la-bouteille-de-70-cl\/","url_meta":{"origin":19595,"position":4},"title":"Rhum Pruneaux la bouteille de 70 cl","date":"22 septembre 2023","format":false,"excerpt":"L\u2019arrang\u00e9 au pruneaux propose des saveurs suaves et bois\u00e9es en bouche. Alcool 28.5 % La consommation de boissons alcoolis\u00e9es pendant la grossesse, m\u00eame en faible quantit\u00e9, peut avoir des cons\u00e9quences graves sur la sant\u00e9 de l\u2019enfant. L ABUS D ALCOOL EST DANGEREUX POUR LA SANTE. A CONSOMMER AVEC MODERATION. LA\u2026","rel":"","context":"Article similaire","img":{"alt_text":"","src":"https:\/\/i2.wp.com\/www.passionfruits.fr\/wp-content\/uploads\/2023\/09\/84115.jpg?fit=600%2C600&ssl=1&resize=350%2C200","width":350,"height":200},"classes":[]},{"id":18745,"url":"https:\/\/www.passionfruits.fr\/index.php\/produit\/coffret-1-b-rhum-arrange-et-2-verres\/","url_meta":{"origin":19595,"position":5},"title":"Coffret 1 B. Rhum Arrang\u00e9 et 2 verres","date":"11 avril 2022","format":false,"excerpt":"Coffret 1 B. Rhum Arrang\u00e9 et 2 verres \u00a0 Alcool entre 17 et 34\u00a0 % selon les vari\u00e9t\u00e9es La consommation de boissons alcoolis\u00e9es pendant la grossesse, m\u00eame en faible quantit\u00e9, peut avoir des cons\u00e9quences graves sur la sant\u00e9 de l\u2019enfant. L ABUS D ALCOOL EST DANGEREUX POUR LA SANTE. A\u2026","rel":"","context":"Article similaire","img":{"alt_text":"","src":"https:\/\/i2.wp.com\/www.passionfruits.fr\/wp-content\/uploads\/2022\/04\/84120.jpg?fit=600%2C600&ssl=1&resize=350%2C200","width":350,"height":200},"classes":[]}],"_links":{"self":[{"href":"https:\/\/www.passionfruits.fr\/index.php\/wp-json\/wp\/v2\/product\/19595"}],"collection":[{"href":"https:\/\/www.passionfruits.fr\/index.php\/wp-json\/wp\/v2\/product"}],"about":[{"href":"https:\/\/www.passionfruits.fr\/index.php\/wp-json\/wp\/v2\/types\/product"}],"replies":[{"embeddable":true,"href":"https:\/\/www.passionfruits.fr\/index.php\/wp-json\/wp\/v2\/comments?post=19595"}],"wp:featuredmedia":[{"embeddable":true,"href":"https:\/\/www.passionfruits.fr\/index.php\/wp-json\/wp\/v2\/media\/19592"}],"wp:attachment":[{"href":"https:\/\/www.passionfruits.fr\/index.php\/wp-json\/wp\/v2\/media?parent=19595"}],"curies":[{"name":"wp","href":"https:\/\/api.w.org\/{rel}","templated":true}]}}